{"id":199,"date":"2017-02-01T10:30:25","date_gmt":"2017-02-01T10:30:25","guid":{"rendered":"http:\/\/themes.quitenicestuff2.com\/chauffeurwp\/demo\/news-3-columns-copy-2\/"},"modified":"2017-02-01T10:30:25","modified_gmt":"2017-02-01T10:30:25","slug":"news-3-columns","status":"publish","type":"page","link":"https:\/\/flix.rs\/en\/news-3-columns\/","title":{"rendered":"News 3 Columns"},"content":{"rendered":"<div  class=\"wpb_row vc_row-fluid content-wrapper content-wrapper-standard clearfix\" style=\"padding-left: 0px; padding-right: 0px; \"><div class=\"col span_12\"><div class=\"wpb_column vc_column_container vc_col-sm-12\"><div class=\"vc_column-inner\"><div class=\"wpb_wrapper\">\t\n\t\t\n\t\t<!-- BEGIN .news-block-wrapper -->\n\t\t<div class=\"news-block-wrapper news-block-wrapper-3-col-listing clearfix\">\n\t\n\t\t\n\t\t\t\t\t\n\t\t\t\t\t\t\t\n\t\t\t\t<!-- BEGIN .news-block -->\n\t\t\t\t<div id=\"post-14176\" class=\"news-block post-14176 post type-post status-publish format-standard hentry category-blog\">\n\n\t\t\t\t\t\n\t\t\t\t\t<!-- BEGIN .news-content-wrapper -->\n\t\t\t\t\t<div class=\"news-content-wrapper\">\n\n\t\t\t\t\t\t<h3><a href=\"https:\/\/flix.rs\/en\/things-to-do-in-nis\/\" rel=\"bookmark\" title=\"Things to do in Ni\u0161\">Things to do in Ni\u0161<\/a><\/h3>\n\n\t\t\t\t\t\t<!-- BEGIN .news-meta -->\n\t\t\t\t\t\t<div class=\"news-meta clearfix\">\n\t\t\t\t\t\t\t<span class=\"nm-news-date\"><a href=\"https:\/\/flix.rs\/en\/things-to-do-in-nis\/\" rel=\"bookmark\" title=\"Things to do in Ni\u0161\">December 28, 2024<\/a><\/span>\n\t\t\t\t\t\t\t<span class=\"nm-news-comments\"><a href=\"https:\/\/flix.rs\/en\/things-to-do-in-nis\/#respond\">No Comments<\/a><\/span>\n\t\t\t\t\t\t<!-- END .news-meta -->\n\t\t\t\t\t\t<\/div>\n\n\t\t\t\t\t\t<!-- BEGIN .news-description -->\n\t\t\t\t\t\t<div class=\"news-description\">\n\n\t\t\t\t\t\t\t\t\t\t\t\t\t\t<p>Sorry, this entry is only available in SRB. Things to Do in Ni\u0161 Discover the Heart of Southern Serbia Nestled in the heart of Southern Serbia, Ni\u0161 is a city rich in history, culture, and natural beauty. As one of the oldest cities in Europe, Ni\u0161 offers visitors a unique blend of ancient landmarks, modern<\/p>\n\n\t\t\t\t\t\t<!-- END .news-description -->\n\t\t\t\t\t\t<\/div>\n\n\t\t\t\t\t<!-- END .news-content-wrapper -->\n\t\t\t\t\t<\/div>\n\n\t\t\t\t<!-- END .news-block -->\n\t\t\t\t<\/div>\n\t\t\t\n\t\t\t\t\t\t\n\t\t\t\t\t\n\t\t\t\t\t\t\t\n\t\t\t\t<!-- BEGIN .news-block -->\n\t\t\t\t<div id=\"post-14001\" class=\"news-block post-14001 post type-post status-publish format-standard hentry category-news\">\n\n\t\t\t\t\t\n\t\t\t\t\t<!-- BEGIN .news-content-wrapper -->\n\t\t\t\t\t<div class=\"news-content-wrapper\">\n\n\t\t\t\t\t\t<h3><a href=\"https:\/\/flix.rs\/en\/airport-transfer\/\" rel=\"bookmark\" title=\"Airport Transfer\">Airport Transfer<\/a><\/h3>\n\n\t\t\t\t\t\t<!-- BEGIN .news-meta -->\n\t\t\t\t\t\t<div class=\"news-meta clearfix\">\n\t\t\t\t\t\t\t<span class=\"nm-news-date\"><a href=\"https:\/\/flix.rs\/en\/airport-transfer\/\" rel=\"bookmark\" title=\"Airport Transfer\">April 6, 2024<\/a><\/span>\n\t\t\t\t\t\t\t<span class=\"nm-news-comments\"><a href=\"https:\/\/flix.rs\/en\/airport-transfer\/#respond\">No Comments<\/a><\/span>\n\t\t\t\t\t\t<!-- END .news-meta -->\n\t\t\t\t\t\t<\/div>\n\n\t\t\t\t\t\t<!-- BEGIN .news-description -->\n\t\t\t\t\t\t<div class=\"news-description\">\n\n\t\t\t\t\t\t\t\t\t\t\t\t\t\t<p>Sorry, this entry is only available in SRB. &nbsp; Mi smo va\u0161a destinacija za sve informacije o putovanjima i prevozu do aerodroma u Srbiji. Bez obzira da li putujete poslovno ili privatno, va\u017eno je imati pouzdan prevoz do aerodroma kako biste zapo\u010deli va\u0161e putovanje na pravi na\u010din. Na\u0161a misija je da vam pru\u017eimo sve potrebne<\/p>\n\n\t\t\t\t\t\t<!-- END .news-description -->\n\t\t\t\t\t\t<\/div>\n\n\t\t\t\t\t<!-- END .news-content-wrapper -->\n\t\t\t\t\t<\/div>\n\n\t\t\t\t<!-- END .news-block -->\n\t\t\t\t<\/div>\n\t\t\t\n\t\t\t\t\t\t\n\t\t\t\t\t\n\t\t\t\t\t\t\t\n\t\t\t\t<!-- BEGIN .news-block -->\n\t\t\t\t<div id=\"post-13618\" class=\"news-block post-13618 post type-post status-publish format-standard hentry category-blog\">\n\n\t\t\t\t\t\n\t\t\t\t\t<!-- BEGIN .news-content-wrapper -->\n\t\t\t\t\t<div class=\"news-content-wrapper\">\n\n\t\t\t\t\t\t<h3><a href=\"https:\/\/flix.rs\/en\/transfer-nis-airport-sofia\/\" rel=\"bookmark\" title=\"Transfer Nis Sofia Airport\">Transfer Nis Sofia Airport<\/a><\/h3>\n\n\t\t\t\t\t\t<!-- BEGIN .news-meta -->\n\t\t\t\t\t\t<div class=\"news-meta clearfix\">\n\t\t\t\t\t\t\t<span class=\"nm-news-date\"><a href=\"https:\/\/flix.rs\/en\/transfer-nis-airport-sofia\/\" rel=\"bookmark\" title=\"Transfer Nis Sofia Airport\">January 15, 2023<\/a><\/span>\n\t\t\t\t\t\t\t<span class=\"nm-news-comments\"><a href=\"https:\/\/flix.rs\/en\/transfer-nis-airport-sofia\/#respond\">No Comments<\/a><\/span>\n\t\t\t\t\t\t<!-- END .news-meta -->\n\t\t\t\t\t\t<\/div>\n\n\t\t\t\t\t\t<!-- BEGIN .news-description -->\n\t\t\t\t\t\t<div class=\"news-description\">\n\n\t\t\t\t\t\t\t\t\t\t\t\t\t\t<p>Transfer Nis Airport Sofia<\/p>\n\n\t\t\t\t\t\t<!-- END .news-description -->\n\t\t\t\t\t\t<\/div>\n\n\t\t\t\t\t<!-- END .news-content-wrapper -->\n\t\t\t\t\t<\/div>\n\n\t\t\t\t<!-- END .news-block -->\n\t\t\t\t<\/div>\n\t\t\t\n\t\t\t\t\t\t\n\t\t\t\t\t\n\t\t\t\t\t\t\t\n\t\t\t\t<!-- BEGIN .news-block -->\n\t\t\t\t<div id=\"post-13448\" class=\"news-block post-13448 post type-post status-publish format-standard has-post-thumbnail hentry category-blog\">\n\n\t\t\t\t\t\n\t\t\t\t\t\t<div class=\"news-block-image\">\n\t\t\t\t\t\t\t<a href=\"https:\/\/flix.rs\/en\/novi-sad-serbia\/\" rel=\"bookmark\" title=\"Novi Sad\">\n\t\t\t\t\t\t\t\t<img decoding=\"async\" src=\"https:\/\/flix.rs\/wp-content\/uploads\/2022\/10\/viber_image_2022-10-17_17-17-40-180-e1666549333610-710x410.jpg\" alt=\"Novi Sad\" \/>\t\t\t\t\t\t\t<\/a>\n\t\t\t\t\t\t<\/div>\n\n\t\t\t\t\t\n\t\t\t\t\t<!-- BEGIN .news-content-wrapper -->\n\t\t\t\t\t<div class=\"news-content-wrapper\">\n\n\t\t\t\t\t\t<h3><a href=\"https:\/\/flix.rs\/en\/novi-sad-serbia\/\" rel=\"bookmark\" title=\"Novi Sad\">Novi Sad<\/a><\/h3>\n\n\t\t\t\t\t\t<!-- BEGIN .news-meta -->\n\t\t\t\t\t\t<div class=\"news-meta clearfix\">\n\t\t\t\t\t\t\t<span class=\"nm-news-date\"><a href=\"https:\/\/flix.rs\/en\/novi-sad-serbia\/\" rel=\"bookmark\" title=\"Novi Sad\">October 23, 2022<\/a><\/span>\n\t\t\t\t\t\t\t<span class=\"nm-news-comments\"><a href=\"https:\/\/flix.rs\/en\/novi-sad-serbia\/#respond\">No Comments<\/a><\/span>\n\t\t\t\t\t\t<!-- END .news-meta -->\n\t\t\t\t\t\t<\/div>\n\n\t\t\t\t\t\t<!-- BEGIN .news-description -->\n\t\t\t\t\t\t<div class=\"news-description\">\n\n\t\t\t\t\t\t\t\t\t\t\t\t\t\t<p>Novi Sad<\/p>\n\n\t\t\t\t\t\t<!-- END .news-description -->\n\t\t\t\t\t\t<\/div>\n\n\t\t\t\t\t<!-- END .news-content-wrapper -->\n\t\t\t\t\t<\/div>\n\n\t\t\t\t<!-- END .news-block -->\n\t\t\t\t<\/div>\n\t\t\t\n\t\t\t\t\t\t\n\t\t\t\t\t\n\t\t\t\t\t\t\t\n\t\t\t\t<!-- BEGIN .news-block -->\n\t\t\t\t<div id=\"post-13436\" class=\"news-block post-13436 post type-post status-publish format-standard has-post-thumbnail hentry category-blog\">\n\n\t\t\t\t\t\n\t\t\t\t\t\t<div class=\"news-block-image\">\n\t\t\t\t\t\t\t<a href=\"https:\/\/flix.rs\/en\/kopaonik-serbia\/\" rel=\"bookmark\" title=\"Kopaonik Serbia\">\n\t\t\t\t\t\t\t\t<img decoding=\"async\" src=\"https:\/\/flix.rs\/wp-content\/uploads\/2022\/10\/viber_image_2022-03-12_07-23-09-050-e1665943613486-710x410.jpg\" alt=\"Prevoz Nis Kopaonik\" \/>\t\t\t\t\t\t\t<\/a>\n\t\t\t\t\t\t<\/div>\n\n\t\t\t\t\t\n\t\t\t\t\t<!-- BEGIN .news-content-wrapper -->\n\t\t\t\t\t<div class=\"news-content-wrapper\">\n\n\t\t\t\t\t\t<h3><a href=\"https:\/\/flix.rs\/en\/kopaonik-serbia\/\" rel=\"bookmark\" title=\"Kopaonik Serbia\">Kopaonik Serbia<\/a><\/h3>\n\n\t\t\t\t\t\t<!-- BEGIN .news-meta -->\n\t\t\t\t\t\t<div class=\"news-meta clearfix\">\n\t\t\t\t\t\t\t<span class=\"nm-news-date\"><a href=\"https:\/\/flix.rs\/en\/kopaonik-serbia\/\" rel=\"bookmark\" title=\"Kopaonik Serbia\">October 16, 2022<\/a><\/span>\n\t\t\t\t\t\t\t<span class=\"nm-news-comments\"><a href=\"https:\/\/flix.rs\/en\/kopaonik-serbia\/#respond\">No Comments<\/a><\/span>\n\t\t\t\t\t\t<!-- END .news-meta -->\n\t\t\t\t\t\t<\/div>\n\n\t\t\t\t\t\t<!-- BEGIN .news-description -->\n\t\t\t\t\t\t<div class=\"news-description\">\n\n\t\t\t\t\t\t\t\t\t\t\t\t\t\t<p>Kopaonik<\/p>\n\n\t\t\t\t\t\t<!-- END .news-description -->\n\t\t\t\t\t\t<\/div>\n\n\t\t\t\t\t<!-- END .news-content-wrapper -->\n\t\t\t\t\t<\/div>\n\n\t\t\t\t<!-- END .news-block -->\n\t\t\t\t<\/div>\n\t\t\t\n\t\t\t\t\t\t\n\t\t\t\t\t\n\t\t\t\t\t\t\t\n\t\t\t\t<!-- BEGIN .news-block -->\n\t\t\t\t<div id=\"post-13384\" class=\"news-block post-13384 post type-post status-publish format-standard has-post-thumbnail hentry category-blog\">\n\n\t\t\t\t\t\n\t\t\t\t\t\t<div class=\"news-block-image\">\n\t\t\t\t\t\t\t<a href=\"https:\/\/flix.rs\/en\/city-sofia-bulgaria\/\" rel=\"bookmark\" title=\"City of Sofia &#8211; Bulgaria\">\n\t\t\t\t\t\t\t\t<img decoding=\"async\" src=\"https:\/\/flix.rs\/wp-content\/uploads\/2022\/10\/church-2264661_1280-710x410.jpg\" alt=\"Sofia - Bulgaria\" \/>\t\t\t\t\t\t\t<\/a>\n\t\t\t\t\t\t<\/div>\n\n\t\t\t\t\t\n\t\t\t\t\t<!-- BEGIN .news-content-wrapper -->\n\t\t\t\t\t<div class=\"news-content-wrapper\">\n\n\t\t\t\t\t\t<h3><a href=\"https:\/\/flix.rs\/en\/city-sofia-bulgaria\/\" rel=\"bookmark\" title=\"City of Sofia &#8211; Bulgaria\">City of Sofia &#8211; Bulgaria<\/a><\/h3>\n\n\t\t\t\t\t\t<!-- BEGIN .news-meta -->\n\t\t\t\t\t\t<div class=\"news-meta clearfix\">\n\t\t\t\t\t\t\t<span class=\"nm-news-date\"><a href=\"https:\/\/flix.rs\/en\/city-sofia-bulgaria\/\" rel=\"bookmark\" title=\"City of Sofia &#8211; Bulgaria\">October 7, 2022<\/a><\/span>\n\t\t\t\t\t\t\t<span class=\"nm-news-comments\"><a href=\"https:\/\/flix.rs\/en\/city-sofia-bulgaria\/#respond\">No Comments<\/a><\/span>\n\t\t\t\t\t\t<!-- END .news-meta -->\n\t\t\t\t\t\t<\/div>\n\n\t\t\t\t\t\t<!-- BEGIN .news-description -->\n\t\t\t\t\t\t<div class=\"news-description\">\n\n\t\t\t\t\t\t\t\t\t\t\t\t\t\t<p>City of Sofia &#8211; Bulgaria<\/p>\n\n\t\t\t\t\t\t<!-- END .news-description -->\n\t\t\t\t\t\t<\/div>\n\n\t\t\t\t\t<!-- END .news-content-wrapper -->\n\t\t\t\t\t<\/div>\n\n\t\t\t\t<!-- END .news-block -->\n\t\t\t\t<\/div>\n\t\t\t\n\t\t\t\t\t\t\n\t\t\t\t\n\t\t<!-- END .news-block-wrapper -->\n\t\t<\/div>\n\t\t\n\t\t\n\t\t\t<div class=\"clearboth\"><\/div>\n\n\t\t\t<div class=\"pagination-wrapper pagination-margin clearfix\"><div class='wp-pagenavi' role='navigation'>\n<span class='pages'>Page 1 of 3<\/span><span aria-current='page' class='current'>1<\/span><a class=\"page larger\" title=\"Page 2\" href=\"https:\/\/flix.rs\/en\/wp-json\/wp\/v2\/pages\/199\/page\/2\/\">2<\/a><a class=\"page larger\" title=\"Page 3\" href=\"https:\/\/flix.rs\/en\/wp-json\/wp\/v2\/pages\/199\/page\/3\/\">3<\/a><a class=\"nextpostslink\" rel=\"next\" aria-label=\"Next Page\" href=\"https:\/\/flix.rs\/en\/wp-json\/wp\/v2\/pages\/199\/page\/2\/\">&raquo;<\/a>\n<\/div><\/div><div class=\"clearboth\"><\/div>\n\t\t<\/div><\/div><\/div><\/div><\/div>","protected":false},"excerpt":{"rendered":"City of Sofia - Bulgaria Sofia - Bulgaria is the capital and at the same time the largest city of the Republic of Bulgaria. The first impression that this city gives to someone coming from Serbia is that it has great similarities with Belgrade. They are similar in size, approximate number of inhabitants, in one","protected":false},"author":1,"featured_media":0,"parent":0,"menu_order":0,"comment_status":"closed","ping_status":"closed","template":"","meta":{"footnotes":""},"yoast_head":"<!-- This site is optimized with the Yoast SEO plugin v24.5 - https:\/\/yoast.com\/wordpress\/plugins\/seo\/ -->\n<title>News 3 Columns | Flix.rs<\/title>\n<meta name=\"robots\" content=\"index, follow, max-snippet:-1, max-image-preview:large, max-video-preview:-1\" \/>\n<link rel=\"canonical\" href=\"https:\/\/flix.rs\/en\/news-3-columns\/\" \/>\n<meta property=\"og:locale\" content=\"en_GB\" \/>\n<meta property=\"og:type\" content=\"article\" \/>\n<meta property=\"og:title\" content=\"News 3 Columns | Flix.rs\" \/>\n<meta property=\"og:url\" content=\"https:\/\/flix.rs\/en\/news-3-columns\/\" \/>\n<meta property=\"og:site_name\" content=\"Flix.rs\" \/>\n<meta property=\"article:publisher\" content=\"https:\/\/www.facebook.com\/prevoz.putnika.nis\" \/>\n<meta name=\"twitter:card\" content=\"summary_large_image\" \/>\n<meta name=\"twitter:site\" content=\"@Prevozputnika1\" \/>\n<script type=\"application\/ld+json\" class=\"yoast-schema-graph\">{\"@context\":\"https:\/\/schema.org\",\"@graph\":[{\"@type\":\"WebPage\",\"@id\":\"https:\/\/flix.rs\/news-3-columns\/\",\"url\":\"https:\/\/flix.rs\/news-3-columns\/\",\"name\":\"News 3 Columns | Flix.rs\",\"isPartOf\":{\"@id\":\"https:\/\/flix.rs\/#website\"},\"datePublished\":\"2017-02-01T10:30:25+00:00\",\"breadcrumb\":{\"@id\":\"https:\/\/flix.rs\/news-3-columns\/#breadcrumb\"},\"inLanguage\":\"en-GB\",\"potentialAction\":[{\"@type\":\"ReadAction\",\"target\":[\"https:\/\/flix.rs\/news-3-columns\/\"]}]},{\"@type\":\"BreadcrumbList\",\"@id\":\"https:\/\/flix.rs\/news-3-columns\/#breadcrumb\",\"itemListElement\":[{\"@type\":\"ListItem\",\"position\":1,\"name\":\"Home\",\"item\":\"https:\/\/flix.rs\/\"},{\"@type\":\"ListItem\",\"position\":2,\"name\":\"News 3 Columns\"}]},{\"@type\":\"WebSite\",\"@id\":\"https:\/\/flix.rs\/#website\",\"url\":\"https:\/\/flix.rs\/\",\"name\":\"Flix.rs\",\"description\":\"Va\u0161 prevoz do i sa aerodroma\",\"publisher\":{\"@id\":\"https:\/\/flix.rs\/#organization\"},\"potentialAction\":[{\"@type\":\"SearchAction\",\"target\":{\"@type\":\"EntryPoint\",\"urlTemplate\":\"https:\/\/flix.rs\/?s={search_term_string}\"},\"query-input\":{\"@type\":\"PropertyValueSpecification\",\"valueRequired\":true,\"valueName\":\"search_term_string\"}}],\"inLanguage\":\"en-GB\"},{\"@type\":\"Organization\",\"@id\":\"https:\/\/flix.rs\/#organization\",\"name\":\"Flix\",\"url\":\"https:\/\/flix.rs\/\",\"logo\":{\"@type\":\"ImageObject\",\"inLanguage\":\"en-GB\",\"@id\":\"https:\/\/flix.rs\/#\/schema\/logo\/image\/\",\"url\":\"https:\/\/flix.rs\/wp-content\/uploads\/2019\/12\/80805004_454427318816809_4019161238033399808_n.png\",\"contentUrl\":\"https:\/\/flix.rs\/wp-content\/uploads\/2019\/12\/80805004_454427318816809_4019161238033399808_n.png\",\"width\":120,\"height\":54,\"caption\":\"Flix\"},\"image\":{\"@id\":\"https:\/\/flix.rs\/#\/schema\/logo\/image\/\"},\"sameAs\":[\"https:\/\/www.facebook.com\/prevoz.putnika.nis\",\"https:\/\/x.com\/Prevozputnika1\"]}]}<\/script>\n<!-- \/ Yoast SEO plugin. -->","yoast_head_json":{"title":"News 3 Columns | Flix.rs","robots":{"index":"index","follow":"follow","max-snippet":"max-snippet:-1","max-image-preview":"max-image-preview:large","max-video-preview":"max-video-preview:-1"},"canonical":"https:\/\/flix.rs\/en\/news-3-columns\/","og_locale":"en_GB","og_type":"article","og_title":"News 3 Columns | Flix.rs","og_url":"https:\/\/flix.rs\/en\/news-3-columns\/","og_site_name":"Flix.rs","article_publisher":"https:\/\/www.facebook.com\/prevoz.putnika.nis","twitter_card":"summary_large_image","twitter_site":"@Prevozputnika1","schema":{"@context":"https:\/\/schema.org","@graph":[{"@type":"WebPage","@id":"https:\/\/flix.rs\/news-3-columns\/","url":"https:\/\/flix.rs\/news-3-columns\/","name":"News 3 Columns | Flix.rs","isPartOf":{"@id":"https:\/\/flix.rs\/#website"},"datePublished":"2017-02-01T10:30:25+00:00","breadcrumb":{"@id":"https:\/\/flix.rs\/news-3-columns\/#breadcrumb"},"inLanguage":"en-GB","potentialAction":[{"@type":"ReadAction","target":["https:\/\/flix.rs\/news-3-columns\/"]}]},{"@type":"BreadcrumbList","@id":"https:\/\/flix.rs\/news-3-columns\/#breadcrumb","itemListElement":[{"@type":"ListItem","position":1,"name":"Home","item":"https:\/\/flix.rs\/"},{"@type":"ListItem","position":2,"name":"News 3 Columns"}]},{"@type":"WebSite","@id":"https:\/\/flix.rs\/#website","url":"https:\/\/flix.rs\/","name":"Flix.rs","description":"Va\u0161 prevoz do i sa aerodroma","publisher":{"@id":"https:\/\/flix.rs\/#organization"},"potentialAction":[{"@type":"SearchAction","target":{"@type":"EntryPoint","urlTemplate":"https:\/\/flix.rs\/?s={search_term_string}"},"query-input":{"@type":"PropertyValueSpecification","valueRequired":true,"valueName":"search_term_string"}}],"inLanguage":"en-GB"},{"@type":"Organization","@id":"https:\/\/flix.rs\/#organization","name":"Flix","url":"https:\/\/flix.rs\/","logo":{"@type":"ImageObject","inLanguage":"en-GB","@id":"https:\/\/flix.rs\/#\/schema\/logo\/image\/","url":"https:\/\/flix.rs\/wp-content\/uploads\/2019\/12\/80805004_454427318816809_4019161238033399808_n.png","contentUrl":"https:\/\/flix.rs\/wp-content\/uploads\/2019\/12\/80805004_454427318816809_4019161238033399808_n.png","width":120,"height":54,"caption":"Flix"},"image":{"@id":"https:\/\/flix.rs\/#\/schema\/logo\/image\/"},"sameAs":["https:\/\/www.facebook.com\/prevoz.putnika.nis","https:\/\/x.com\/Prevozputnika1"]}]}},"_links":{"self":[{"href":"https:\/\/flix.rs\/en\/wp-json\/wp\/v2\/pages\/199"}],"collection":[{"href":"https:\/\/flix.rs\/en\/wp-json\/wp\/v2\/pages"}],"about":[{"href":"https:\/\/flix.rs\/en\/wp-json\/wp\/v2\/types\/page"}],"author":[{"embeddable":true,"href":"https:\/\/flix.rs\/en\/wp-json\/wp\/v2\/users\/1"}],"replies":[{"embeddable":true,"href":"https:\/\/flix.rs\/en\/wp-json\/wp\/v2\/comments?post=199"}],"version-history":[{"count":0,"href":"https:\/\/flix.rs\/en\/wp-json\/wp\/v2\/pages\/199\/revisions"}],"wp:attachment":[{"href":"https:\/\/flix.rs\/en\/wp-json\/wp\/v2\/media?parent=199"}],"curies":[{"name":"wp","href":"https:\/\/api.w.org\/{rel}","templated":true}]}}