{"id":14085,"date":"2024-04-19T18:10:52","date_gmt":"2024-04-19T17:10:52","guid":{"rendered":"https:\/\/flix.rs\/?page_id=14085"},"modified":"2024-04-19T18:33:45","modified_gmt":"2024-04-19T17:33:45","slug":"prevoz-novi-sad-subotica-prevoz-subotica-novi-sad","status":"publish","type":"page","link":"https:\/\/flix.rs\/en\/transfer-novi-sad-subotica-transfer-subotica-novi-sad\/","title":{"rendered":"Transfer: Novi Sad \u2013 Subotica | Transfer: Subotica  \u2013 Novi Sad"},"content":{"rendered":"<p class=\"qtranxs-available-languages-message qtranxs-available-languages-message-en\">Sorry, this entry is only available in <a href=\"https:\/\/flix.rs\/sr\/wp-json\/wp\/v2\/pages\/14085\" class=\"qtranxs-available-language-link qtranxs-available-language-link-sr\" title=\"SRB\">SRB<\/a>.<\/p><div  class=\"wpb_row vc_row-fluid content-wrapper content-wrapper-standard clearfix\" style=\"padding-left: 0px; padding-right: 0px; \"><div class=\"col span_12\"><div class=\"wpb_column vc_column_container vc_col-sm-12\"><div class=\"vc_column-inner\"><div class=\"wpb_wrapper\">\n\t<div class=\"wpb_text_column wpb_content_element\" >\n\t\t<div class=\"wpb_wrapper\">\n\t\t\t<p><\/p>\n\n\t\t<\/div>\n\t<\/div>\n\n\t<div class=\"wpb_text_column wpb_content_element\" >\n\t\t<div class=\"wpb_wrapper\">\n\t\t\t<h3>Prevoz Novi Sad Subotica<\/h3>\n<h3>Prevoz Subotica Novi Sad<\/h3>\n\n\t\t<\/div>\n\t<\/div>\n<\/div><\/div><\/div><\/div><\/div><div  class=\"wpb_row vc_row-fluid content-wrapper content-wrapper-standard clearfix\" style=\"padding-left: 0px; padding-right: 0px; \"><div class=\"col span_12\"><div class=\"wpb_column vc_column_container vc_col-sm-12\"><div class=\"vc_column-inner\"><div class=\"wpb_wrapper\"><h3 class=\"center-title\"><\/h3><div class=\"title-block2\"><\/div><\/div><\/div><\/div><\/div><\/div><div  class=\"wpb_row vc_row-fluid content-wrapper content-wrapper-standard clearfix\" style=\"padding-left: 0px; padding-right: 0px; \"><div class=\"col span_12\"><div class=\"wpb_column vc_column_container vc_col-sm-12\"><div class=\"vc_column-inner\"><div class=\"wpb_wrapper\">\n\t<div  class=\"wpb_single_image wpb_content_element vc_align_left\">\n\t\t\n\t\t<figure class=\"wpb_wrapper vc_figure\">\n\t\t\t<div class=\"vc_single_image-wrapper   vc_box_border_grey\"><img loading=\"lazy\" decoding=\"async\" class=\"vc_single_image-img\" src=\"https:\/\/flix.rs\/wp-content\/uploads\/2024\/04\/Subotica-Centar_II_Subotica_Serbia_-_panoramio_-wiki-scaled-e1713523341157-1200x731.jpg\" width=\"1200\" height=\"731\" alt=\"Prevoz Novi Sad Subotica\" title=\"PHOTO | Subotica Centar_II,_Subotica,_Serbia_-_panoramio_ wiki\" \/><\/div>\n\t\t<\/figure>\n\t<\/div>\n<\/div><\/div><\/div><\/div><\/div><div  class=\"wpb_row vc_row-fluid content-wrapper content-wrapper-standard clearfix\" style=\"padding-left: 0px; padding-right: 0px; \"><div class=\"col span_12\"><div class=\"wpb_column vc_column_container vc_col-sm-12\"><div class=\"vc_column-inner\"><div class=\"wpb_wrapper\">\n\t<div class=\"wpb_text_column wpb_content_element\" >\n\t\t<div class=\"wpb_wrapper\">\n\t\t\t<p><a href=\"https:\/\/flix.rs\/en\/prevoz-novi-sad-beograd-aerodrom-prevoz-aerodrom-beograd-novi-sad\/\">Prevoz\u00a0 Novi Sad Subotica<\/a>, <a href=\"https:\/\/flix.rs\/en\/aerodrom-nis-prevoz-putnika-do-aerodroma\/\">Prevoz\u00a0 <\/a><a href=\"https:\/\/flix.rs\/en\/prevoz-nis-aerodrom-budimpesta-prevoz-aerodrom-budimpesta-nis\/\">Subotica<\/a><a href=\"https:\/\/flix.rs\/en\/aerodrom-nis-prevoz-putnika-do-aerodroma\/\"> Novi Sad<\/a>.\u00a0 Obavljamo usluge\u00a0<strong>prevoza<\/strong>\u00a0od <b>Novog Sada <\/b>do <b>Subotice <\/b>i nazad. Mogu\u0107 prevoz i do\u00a0<a href=\"https:\/\/flix.rs\/en\/aerodrom-beograd-prevoz-putnika-do-aerodroma\/\"><strong>Aerodroma u Beogradu<\/strong><\/a>, gradova Vr\u0161ac, Zrenjanin, Sremska Mitrovica ili bilo koje druge destinacije. Prevoz do gradova i turusti\u010dkih cenatra u <strong>Srbiji<\/strong>\u00a0\u2013\u00a0<strong>Kopaonik<\/strong>,\u00a0<strong>Vrnja\u010dka Banja<\/strong>, Sokobanja, Srebrno Jezero, Stara Planina, <strong>Zlatibor<\/strong> \u2026 Mogu\u0107e je organizovati prevoz i od <strong>Aerodroma Konstantin Veliki u Ni\u0161u<\/strong>, aerodroma i gradova\u00a0<a href=\"https:\/\/flix.rs\/en\/aerodrom-sofija-prevoz-putnika-do-aerodroma\/\">Sofija<\/a>,\u00a0<a href=\"https:\/\/flix.rs\/en\/aerodrom-skoplje-prevoz-putnika-do-aerodroma\/\">Skoplje<\/a>, Solun, Pri\u0161tina.<\/p>\n<p>Individualni transferi do turisti\u010dkih centara u Republici Srbiji i regionu.<\/p>\n<p>Broj za informacije i zakazivanje\u00a0<a href=\"tel:+38163456515\">+38162627456<\/a><\/p>\n<p>Online zakazivanje\u00a0<a href=\"https:\/\/flix.rs\/en\/rezervacija\/\">https:\/\/flix.rs\/rezervacija\/<\/a><\/p>\n<p><strong>Prevoz<\/strong>\u00a0se mo\u017ee organizovati putni\u010dkim automobilom u ekonomskoj i biznis klasi. Tako\u0111e, mogu\u0107 je prevoz ve\u0107eg broja putnika sa ve\u0107om koli\u010dinom prtljaga, u MPV klasi kao i klasi\u010dnim\u00a0<strong>kombijem<\/strong>\u00a0koji je namenjen prevozu do 8 putnika i velike koli\u010dine prtljaga \u2013 do 12 kofera. Sva na\u0161a vozila su najnovije generacije koja garantuju da Va\u0161e putovanje bude udobno i prijatno.<\/p>\n<p>Obzirom da je\u00a0<em>FLiX<\/em>\u00a0usluga prevoza putnika definisana kao individualni prevoz, Vi odre\u0111ujete mesto i vreme polaska. Po Va\u0161oj \u017eelji, postoji i opcija da svoje tro\u0161kove prevoza podelite sa drugim putnicima.\u00a0Na na\u0161oj web stranici imate\u00a0<a href=\"https:\/\/flix.rs\/en\/specijalni-upit\/\">mogu\u0107nost<\/a>\u00a0da odaberete jednu od ruta koju na\u0161i klijenti najvi\u0161e koriste ili nam po\u0161aljete upit za bilo koju drugu destinaciju. Na\u0161i operateri \u0107e vam odgovoriti u najkra\u0107em mogu\u0107em roku.<\/p>\n<p>Na\u0161e dugogodi\u0161nje iskustvo u prevozu putnika garancija je da \u0107ete biti na krajnjem odredi\u0161tu u tra\u017eeno vreme, \u0161to, izme\u0111u ostalog, potvr\u0111uju i\u00a0<a href=\"https:\/\/flix.rs\/en\/recenzije-korisnika\/\">iskustva na\u0161ih klijenata<\/a>.<\/p>\n<p>Po izboru na\u0161ih putnika i kompanije\u00a0<a href=\"https:\/\/www.tripadvisor.com\/Attraction_Review-g295382-d20058758-Reviews-Nis_Airport_Shuttle_Taxi-Nis_Central_Serbia.html\">TripAdvisor<\/a>\u00a0\u00a0izabrani smo za najpouzdanijeg prevoznika putnika u ovom delu <a href=\"https:\/\/www.srbija.gov.rs\/\">Srbije<\/a> i regiona.<\/p>\n<p><img loading=\"lazy\" decoding=\"async\" width=\"425\" height=\"497\" class=\"alignnone size-full wp-image-13619\" src=\"https:\/\/flix.rs\/wp-content\/uploads\/2023\/01\/Trip-Advisor-Award-1.jpg\" alt=\"TripAdvisor Travelers Choice 2022\" srcset=\"https:\/\/flix.rs\/wp-content\/uploads\/2023\/01\/Trip-Advisor-Award-1.jpg 425w, https:\/\/flix.rs\/wp-content\/uploads\/2023\/01\/Trip-Advisor-Award-1-257x300.jpg 257w, https:\/\/flix.rs\/wp-content\/uploads\/2023\/01\/Trip-Advisor-Award-1-10x12.jpg 10w, https:\/\/flix.rs\/wp-content\/uploads\/2023\/01\/Trip-Advisor-Award-1-86x100.jpg 86w\" sizes=\"(max-width: 425px) 100vw, 425px\" \/><\/p>\n<p>&nbsp;<\/p>\n<p>Povezane stranice<\/p>\n<p><a href=\"https:\/\/flix.rs\/en\/prevoz-aerodrom-nis-novi-sad-prevoz-novi-sad-aerodrom-nis\/\">Prevoz Novi Sad Aerodrom Ni\u0161<\/a>\u00a0 \u00a0 \u00a0 \u00a0 \u00a0 \u00a0 \u00a0 \u00a0<a href=\"https:\/\/flix.rs\/en\/aerodrom-beograd-prevoz-putnika-do-aerodroma\/\">Prevoz Ni\u0161 Aerodrom Beograd<\/a>\u00a0 \u00a0 \u00a0 \u00a0 \u00a0 \u00a0 \u00a0<a href=\"https:\/\/flix.rs\/en\/prevoz-aerodrom-beograd-pirot-prevoz-pirot-beograd-aerodrom\/\">Prevoz Aerodrom Beograd Pirot<\/a><\/p>\n\n\t\t<\/div>\n\t<\/div>\n<\/div><\/div><\/div><\/div><\/div>","protected":false},"excerpt":{"rendered":"[:sr] Prevoz Novi Sad Subotica Prevoz Subotica Novi Sad Prevoz\u00a0 Novi Sad Subotica, Prevoz\u00a0 Subotica Novi Sad.\u00a0 Obavljamo usluge\u00a0prevoza\u00a0od Novog Sada do Subotice i nazad. Mogu\u0107 prevoz i do\u00a0Aerodroma u Beogradu, gradova Vr\u0161ac, Zrenjanin, Sremska Mitrovica ili bilo koje druge destinacije. Prevoz do gradova i turusti\u010dkih cenatra u Srbiji\u00a0\u2013\u00a0Kopaonik,\u00a0Vrnja\u010dka Banja, Sokobanja, Srebrno Jezero, Stara Planina,","protected":false},"author":3,"featured_media":14086,"parent":0,"menu_order":0,"comment_status":"closed","ping_status":"closed","template":"","meta":{"footnotes":""},"yoast_head":"<!-- This site is optimized with the Yoast SEO plugin v24.5 - https:\/\/yoast.com\/wordpress\/plugins\/seo\/ -->\n<title>Transfer: Novi Sad \u2013 Subotica | Transfer: Subotica \u2013 Novi Sad | Flix.rs<\/title>\n<meta name=\"robots\" content=\"index, follow, max-snippet:-1, max-image-preview:large, max-video-preview:-1\" \/>\n<link rel=\"canonical\" href=\"https:\/\/flix.rs\/en\/prevoz-novi-sad-subotica-prevoz-subotica-novi-sad\/\" \/>\n<meta property=\"og:locale\" content=\"en_GB\" \/>\n<meta property=\"og:type\" content=\"article\" \/>\n<meta property=\"og:title\" content=\"[:sr]Prevoz Novi Sad Subotica | Prevoz Subotica Novi Sad [:en]Transfer: Novi Sad \u2013 Subotica | Transfer: Subotica \u2013 Novi Sad[:] | Flix.rs\" \/>\n<meta property=\"og:url\" content=\"https:\/\/flix.rs\/en\/prevoz-novi-sad-subotica-prevoz-subotica-novi-sad\/\" \/>\n<meta property=\"og:site_name\" content=\"Flix.rs\" \/>\n<meta property=\"article:publisher\" content=\"https:\/\/www.facebook.com\/prevoz.putnika.nis\" \/>\n<meta property=\"article:modified_time\" content=\"2024-04-19T17:33:45+00:00\" \/>\n<meta property=\"og:image\" content=\"https:\/\/flix.rs\/wp-content\/uploads\/2024\/04\/Subotica-Centar_II_Subotica_Serbia_-_panoramio_-wiki-scaled-e1713523341157.jpg\" \/>\n\t<meta property=\"og:image:width\" content=\"1200\" \/>\n\t<meta property=\"og:image:height\" content=\"900\" \/>\n\t<meta property=\"og:image:type\" content=\"image\/jpeg\" \/>\n<meta name=\"twitter:card\" content=\"summary_large_image\" \/>\n<meta name=\"twitter:site\" content=\"@Prevozputnika1\" \/>\n<meta name=\"twitter:label1\" content=\"Estimated reading time\" \/>\n\t<meta name=\"twitter:data1\" content=\"2 minutes\" \/>\n<script type=\"application\/ld+json\" class=\"yoast-schema-graph\">{\"@context\":\"https:\/\/schema.org\",\"@graph\":[{\"@type\":\"WebPage\",\"@id\":\"https:\/\/flix.rs\/prevoz-novi-sad-subotica-prevoz-subotica-novi-sad\/\",\"url\":\"https:\/\/flix.rs\/prevoz-novi-sad-subotica-prevoz-subotica-novi-sad\/\",\"name\":\"[:sr]Prevoz Novi Sad Subotica | Prevoz Subotica Novi Sad [:en]Transfer: Novi Sad \u2013 Subotica | Transfer: Subotica \u2013 Novi Sad[:] | Flix.rs\",\"isPartOf\":{\"@id\":\"https:\/\/flix.rs\/#website\"},\"primaryImageOfPage\":{\"@id\":\"https:\/\/flix.rs\/prevoz-novi-sad-subotica-prevoz-subotica-novi-sad\/#primaryimage\"},\"image\":{\"@id\":\"https:\/\/flix.rs\/prevoz-novi-sad-subotica-prevoz-subotica-novi-sad\/#primaryimage\"},\"thumbnailUrl\":\"https:\/\/flix.rs\/wp-content\/uploads\/2024\/04\/Subotica-Centar_II_Subotica_Serbia_-_panoramio_-wiki-scaled-e1713523341157.jpg\",\"datePublished\":\"2024-04-19T17:10:52+00:00\",\"dateModified\":\"2024-04-19T17:33:45+00:00\",\"breadcrumb\":{\"@id\":\"https:\/\/flix.rs\/prevoz-novi-sad-subotica-prevoz-subotica-novi-sad\/#breadcrumb\"},\"inLanguage\":\"en-GB\",\"potentialAction\":[{\"@type\":\"ReadAction\",\"target\":[\"https:\/\/flix.rs\/prevoz-novi-sad-subotica-prevoz-subotica-novi-sad\/\"]}]},{\"@type\":\"ImageObject\",\"inLanguage\":\"en-GB\",\"@id\":\"https:\/\/flix.rs\/prevoz-novi-sad-subotica-prevoz-subotica-novi-sad\/#primaryimage\",\"url\":\"https:\/\/flix.rs\/wp-content\/uploads\/2024\/04\/Subotica-Centar_II_Subotica_Serbia_-_panoramio_-wiki-scaled-e1713523341157.jpg\",\"contentUrl\":\"https:\/\/flix.rs\/wp-content\/uploads\/2024\/04\/Subotica-Centar_II_Subotica_Serbia_-_panoramio_-wiki-scaled-e1713523341157.jpg\",\"width\":1200,\"height\":900,\"caption\":\"Prevoz Novi Sad Subotica\"},{\"@type\":\"BreadcrumbList\",\"@id\":\"https:\/\/flix.rs\/prevoz-novi-sad-subotica-prevoz-subotica-novi-sad\/#breadcrumb\",\"itemListElement\":[{\"@type\":\"ListItem\",\"position\":1,\"name\":\"Home\",\"item\":\"https:\/\/flix.rs\/\"},{\"@type\":\"ListItem\",\"position\":2,\"name\":\"Prevoz Novi Sad Subotica | Prevoz Subotica Novi Sad\"}]},{\"@type\":\"WebSite\",\"@id\":\"https:\/\/flix.rs\/#website\",\"url\":\"https:\/\/flix.rs\/\",\"name\":\"Flix.rs\",\"description\":\"Va\u0161 prevoz do i sa aerodroma\",\"publisher\":{\"@id\":\"https:\/\/flix.rs\/#organization\"},\"potentialAction\":[{\"@type\":\"SearchAction\",\"target\":{\"@type\":\"EntryPoint\",\"urlTemplate\":\"https:\/\/flix.rs\/?s={search_term_string}\"},\"query-input\":{\"@type\":\"PropertyValueSpecification\",\"valueRequired\":true,\"valueName\":\"search_term_string\"}}],\"inLanguage\":\"en-GB\"},{\"@type\":\"Organization\",\"@id\":\"https:\/\/flix.rs\/#organization\",\"name\":\"Flix\",\"url\":\"https:\/\/flix.rs\/\",\"logo\":{\"@type\":\"ImageObject\",\"inLanguage\":\"en-GB\",\"@id\":\"https:\/\/flix.rs\/#\/schema\/logo\/image\/\",\"url\":\"https:\/\/flix.rs\/wp-content\/uploads\/2019\/12\/80805004_454427318816809_4019161238033399808_n.png\",\"contentUrl\":\"https:\/\/flix.rs\/wp-content\/uploads\/2019\/12\/80805004_454427318816809_4019161238033399808_n.png\",\"width\":120,\"height\":54,\"caption\":\"Flix\"},\"image\":{\"@id\":\"https:\/\/flix.rs\/#\/schema\/logo\/image\/\"},\"sameAs\":[\"https:\/\/www.facebook.com\/prevoz.putnika.nis\",\"https:\/\/x.com\/Prevozputnika1\"]}]}<\/script>\n<!-- \/ Yoast SEO plugin. -->","yoast_head_json":{"title":"[:sr]Prevoz Novi Sad Subotica | Prevoz Subotica Novi Sad [:en]Transfer: Novi Sad \u2013 Subotica | Transfer: Subotica \u2013 Novi Sad[:] | Flix.rs","robots":{"index":"index","follow":"follow","max-snippet":"max-snippet:-1","max-image-preview":"max-image-preview:large","max-video-preview":"max-video-preview:-1"},"canonical":"https:\/\/flix.rs\/en\/prevoz-novi-sad-subotica-prevoz-subotica-novi-sad\/","og_locale":"en_GB","og_type":"article","og_title":"[:sr]Prevoz Novi Sad Subotica | Prevoz Subotica Novi Sad [:en]Transfer: Novi Sad \u2013 Subotica | Transfer: Subotica \u2013 Novi Sad[:] | Flix.rs","og_url":"https:\/\/flix.rs\/en\/prevoz-novi-sad-subotica-prevoz-subotica-novi-sad\/","og_site_name":"Flix.rs","article_publisher":"https:\/\/www.facebook.com\/prevoz.putnika.nis","article_modified_time":"2024-04-19T17:33:45+00:00","og_image":[{"width":1200,"height":900,"url":"https:\/\/flix.rs\/wp-content\/uploads\/2024\/04\/Subotica-Centar_II_Subotica_Serbia_-_panoramio_-wiki-scaled-e1713523341157.jpg","type":"image\/jpeg"}],"twitter_card":"summary_large_image","twitter_site":"@Prevozputnika1","twitter_misc":{"Estimated reading time":"2 minutes"},"schema":{"@context":"https:\/\/schema.org","@graph":[{"@type":"WebPage","@id":"https:\/\/flix.rs\/prevoz-novi-sad-subotica-prevoz-subotica-novi-sad\/","url":"https:\/\/flix.rs\/prevoz-novi-sad-subotica-prevoz-subotica-novi-sad\/","name":"[:sr]Prevoz Novi Sad Subotica | Prevoz Subotica Novi Sad [:en]Transfer: Novi Sad \u2013 Subotica | Transfer: Subotica \u2013 Novi Sad[:] | Flix.rs","isPartOf":{"@id":"https:\/\/flix.rs\/#website"},"primaryImageOfPage":{"@id":"https:\/\/flix.rs\/prevoz-novi-sad-subotica-prevoz-subotica-novi-sad\/#primaryimage"},"image":{"@id":"https:\/\/flix.rs\/prevoz-novi-sad-subotica-prevoz-subotica-novi-sad\/#primaryimage"},"thumbnailUrl":"https:\/\/flix.rs\/wp-content\/uploads\/2024\/04\/Subotica-Centar_II_Subotica_Serbia_-_panoramio_-wiki-scaled-e1713523341157.jpg","datePublished":"2024-04-19T17:10:52+00:00","dateModified":"2024-04-19T17:33:45+00:00","breadcrumb":{"@id":"https:\/\/flix.rs\/prevoz-novi-sad-subotica-prevoz-subotica-novi-sad\/#breadcrumb"},"inLanguage":"en-GB","potentialAction":[{"@type":"ReadAction","target":["https:\/\/flix.rs\/prevoz-novi-sad-subotica-prevoz-subotica-novi-sad\/"]}]},{"@type":"ImageObject","inLanguage":"en-GB","@id":"https:\/\/flix.rs\/prevoz-novi-sad-subotica-prevoz-subotica-novi-sad\/#primaryimage","url":"https:\/\/flix.rs\/wp-content\/uploads\/2024\/04\/Subotica-Centar_II_Subotica_Serbia_-_panoramio_-wiki-scaled-e1713523341157.jpg","contentUrl":"https:\/\/flix.rs\/wp-content\/uploads\/2024\/04\/Subotica-Centar_II_Subotica_Serbia_-_panoramio_-wiki-scaled-e1713523341157.jpg","width":1200,"height":900,"caption":"Prevoz Novi Sad Subotica"},{"@type":"BreadcrumbList","@id":"https:\/\/flix.rs\/prevoz-novi-sad-subotica-prevoz-subotica-novi-sad\/#breadcrumb","itemListElement":[{"@type":"ListItem","position":1,"name":"Home","item":"https:\/\/flix.rs\/"},{"@type":"ListItem","position":2,"name":"Prevoz Novi Sad Subotica | Prevoz Subotica Novi Sad"}]},{"@type":"WebSite","@id":"https:\/\/flix.rs\/#website","url":"https:\/\/flix.rs\/","name":"Flix.rs","description":"Va\u0161 prevoz do i sa aerodroma","publisher":{"@id":"https:\/\/flix.rs\/#organization"},"potentialAction":[{"@type":"SearchAction","target":{"@type":"EntryPoint","urlTemplate":"https:\/\/flix.rs\/?s={search_term_string}"},"query-input":{"@type":"PropertyValueSpecification","valueRequired":true,"valueName":"search_term_string"}}],"inLanguage":"en-GB"},{"@type":"Organization","@id":"https:\/\/flix.rs\/#organization","name":"Flix","url":"https:\/\/flix.rs\/","logo":{"@type":"ImageObject","inLanguage":"en-GB","@id":"https:\/\/flix.rs\/#\/schema\/logo\/image\/","url":"https:\/\/flix.rs\/wp-content\/uploads\/2019\/12\/80805004_454427318816809_4019161238033399808_n.png","contentUrl":"https:\/\/flix.rs\/wp-content\/uploads\/2019\/12\/80805004_454427318816809_4019161238033399808_n.png","width":120,"height":54,"caption":"Flix"},"image":{"@id":"https:\/\/flix.rs\/#\/schema\/logo\/image\/"},"sameAs":["https:\/\/www.facebook.com\/prevoz.putnika.nis","https:\/\/x.com\/Prevozputnika1"]}]}},"_links":{"self":[{"href":"https:\/\/flix.rs\/en\/wp-json\/wp\/v2\/pages\/14085"}],"collection":[{"href":"https:\/\/flix.rs\/en\/wp-json\/wp\/v2\/pages"}],"about":[{"href":"https:\/\/flix.rs\/en\/wp-json\/wp\/v2\/types\/page"}],"author":[{"embeddable":true,"href":"https:\/\/flix.rs\/en\/wp-json\/wp\/v2\/users\/3"}],"replies":[{"embeddable":true,"href":"https:\/\/flix.rs\/en\/wp-json\/wp\/v2\/comments?post=14085"}],"version-history":[{"count":5,"href":"https:\/\/flix.rs\/en\/wp-json\/wp\/v2\/pages\/14085\/revisions"}],"predecessor-version":[{"id":14091,"href":"https:\/\/flix.rs\/en\/wp-json\/wp\/v2\/pages\/14085\/revisions\/14091"}],"wp:featuredmedia":[{"embeddable":true,"href":"https:\/\/flix.rs\/en\/wp-json\/wp\/v2\/media\/14086"}],"wp:attachment":[{"href":"https:\/\/flix.rs\/en\/wp-json\/wp\/v2\/media?parent=14085"}],"curies":[{"name":"wp","href":"https:\/\/api.w.org\/{rel}","templated":true}]}}