{"id":14059,"date":"2024-04-18T20:19:21","date_gmt":"2024-04-18T19:19:21","guid":{"rendered":"https:\/\/flix.rs\/?page_id=14059"},"modified":"2024-04-19T06:54:29","modified_gmt":"2024-04-19T05:54:29","slug":"prevoz-novi-sad-beograd-aerodrom-prevoz-aerodrom-beograd-novi-sad","status":"publish","type":"page","link":"https:\/\/flix.rs\/en\/transfer-novi-sad-belgrade-airport-transfer-belgrade-airport-novi-sad\/","title":{"rendered":"Transfer: Novi Sad- Belgrade Airport &#8211; | Transfer: Belgrade Airport &#8211; Novi Sad"},"content":{"rendered":"<div  class=\"wpb_row vc_row-fluid content-wrapper content-wrapper-standard clearfix\" style=\"padding-left: 0px; padding-right: 0px; \"><div class=\"col span_12\"><div class=\"wpb_column vc_column_container vc_col-sm-12\"><div class=\"vc_column-inner\"><div class=\"wpb_wrapper\">\n\t<div class=\"wpb_text_column wpb_content_element\" >\n\t\t<div class=\"wpb_wrapper\">\n\t\t\t<p><\/p>\n\n\t\t<\/div>\n\t<\/div>\n<\/div><\/div><\/div><\/div><\/div><div  class=\"wpb_row vc_row-fluid content-wrapper content-wrapper-standard clearfix\" style=\"padding-left: 0px; padding-right: 0px; \"><div class=\"col span_12\"><div class=\"wpb_column vc_column_container vc_col-sm-12\"><div class=\"vc_column-inner\"><div class=\"wpb_wrapper\">\n\t<div class=\"wpb_text_column wpb_content_element\" >\n\t\t<div class=\"wpb_wrapper\">\n\t\t\t<h3>Transfer Novi Sad Belgrade<\/h3>\n<h3>Transfer Belgrade Novi Sad<\/h3>\n\n\t\t<\/div>\n\t<\/div>\n<\/div><\/div><\/div><\/div><\/div><div  class=\"wpb_row vc_row-fluid content-wrapper content-wrapper-standard clearfix\" style=\"padding-left: 0px; padding-right: 0px; \"><div class=\"col span_12\"><div class=\"wpb_column vc_column_container vc_col-sm-12\"><div class=\"vc_column-inner\"><div class=\"wpb_wrapper\"><h3 class=\"center-title\"><\/h3><div class=\"title-block2\"><\/div><\/div><\/div><\/div><\/div><\/div><div  class=\"wpb_row vc_row-fluid content-wrapper content-wrapper-standard clearfix\" style=\"padding-left: 0px; padding-right: 0px; \"><div class=\"col span_12\"><div class=\"wpb_column vc_column_container vc_col-sm-12\"><div class=\"vc_column-inner\"><div class=\"wpb_wrapper\">\n\t<div  class=\"wpb_single_image wpb_content_element vc_align_left\">\n\t\t\n\t\t<figure class=\"wpb_wrapper vc_figure\">\n\t\t\t<div class=\"vc_single_image-wrapper   vc_box_border_grey\"><img loading=\"lazy\" decoding=\"async\" class=\"vc_single_image-img\" src=\"https:\/\/flix.rs\/wp-content\/uploads\/2024\/04\/pexels-miguel-cuenca-19614019-res-wiki.jpg\" width=\"820\" height=\"547\" alt=\"Transfer Novi Sad Belgrade\" title=\"PHOTO | pexels-miguel-cuenca-19614019 res wiki\" \/><\/div>\n\t\t<\/figure>\n\t<\/div>\n<\/div><\/div><\/div><\/div><\/div><div  class=\"wpb_row vc_row-fluid content-wrapper content-wrapper-standard clearfix\" style=\"padding-left: 0px; padding-right: 0px; \"><div class=\"col span_12\"><div class=\"wpb_column vc_column_container vc_col-sm-12\"><div class=\"vc_column-inner\"><div class=\"wpb_wrapper\">\n\t<div class=\"wpb_text_column wpb_content_element\" >\n\t\t<div class=\"wpb_wrapper\">\n\t\t\t<p><a href=\"https:\/\/flix.rs\/en\/airport-belgrade-shuttle-transfer\/\">Transfer Novi Sad Belgrade Airport<\/a>, <a href=\"https:\/\/flix.rs\/en\/airport-nis-shuttle-transfer\/\">Transfer Belgrade Airport Novi Sad<\/a>. We provide <strong>transfer<\/strong> services from<strong> Novi Sad<\/strong> to <strong>Belgrade<\/strong> and back. <strong>Transfers<\/strong> to <strong>Budapest Airport<\/strong>, Ni\u0161, Osijek, <strong>Zagreb<\/strong>, Timisoara, <strong>Vienna<\/strong> or any other location in the <strong>Republic of Serbia<\/strong> and the region. Transfers Novi Sad-<em>Skopje<\/em>. Transportation to cities and tourist centers in Serbia &#8211; <strong>Kopaonik<\/strong>, Vrnja\u010dka Banja, Sokobanja, Srebrno Jezero, Stara Planina, <strong>Zlatibor<\/strong> and Croatia: Pula, Rijeka, Rovinj, Zadar, Split, Dubrovnik, Plitvi\u010dka Jezera .. It is possible to organize transportation from <strong>Constantine The Great Airport Nis<\/strong>, as well as the airport and the cities of Sofia, Skopje, Thessaloniki, Pristina.<\/p>\n<p>Private transfers to tourist centers in the <strong>Republic of Serbia<\/strong> and the region.<\/p>\n<p>Number for info and booking <a href=\"tel: 38163456515\">+38162627456<\/a><\/p>\n<p>Online booking\u00a0\u00a0<a href=\"https:\/\/flix.rs\/en\/booking\/\">https:\/\/flix.rs\/en\/booking\/<\/a><\/p>\n<p>We provide <em>private transfers<\/em> by sedan in economy and business class. Also, it is possible to transport a larger number of passengers with a larger amount of luggage, in the MPV class as well as a classic van, which is intended for the transportation of up to 8 passengers and a large amount of luggage &#8211; up to 12 suitcases. All our vehicles are of the latest generation, which guarantee that your trip will be comfortable and pleasant.<\/p>\n<p>Since the <strong>FLiX<\/strong> transfer services are defined as private transportation, you determine the place and time of departure. If you wish, there is also an option to share your transportation costs with other passengers. On our <a href=\"https:\/\/flix.rs\/en\/\">website<\/a>, you have the <a href=\"https:\/\/flix.rs\/en\/special-inquiry\/\">option<\/a> to choose one of the routes that our clients use the most or send us an inquiry for any other destination. Our operators will answer you as soon as possible.<\/p>\n<p>Our many years of experience in transporting passengers is a guarantee that you will be at your final destination at the requested time, which, among other things, is confirmed by the <a href=\"https:\/\/flix.rs\/en\/customer-reviews\/\">experiences<\/a> of our clients. According to the choice of our passengers and the <a href=\"https:\/\/www.tripadvisor.com\/Attraction_Review-g295382-d20058758-Reviews-Nis_Airport_Shuttle_Taxi-Nis_Central_Serbia.html\">TripAdvisor<\/a> company, we were chosen as the most reliable passenger carrier in this part of Serbia and the region.<\/p>\n<p><img loading=\"lazy\" decoding=\"async\" width=\"257\" height=\"300\" class=\"alignnone size-medium wp-image-13619\" src=\"https:\/\/flix.rs\/wp-content\/uploads\/2023\/01\/Trip-Advisor-Award-1-257x300.jpg\" alt=\"TripAdvisor Travelers Choice 2022\" srcset=\"https:\/\/flix.rs\/wp-content\/uploads\/2023\/01\/Trip-Advisor-Award-1-257x300.jpg 257w, https:\/\/flix.rs\/wp-content\/uploads\/2023\/01\/Trip-Advisor-Award-1-10x12.jpg 10w, https:\/\/flix.rs\/wp-content\/uploads\/2023\/01\/Trip-Advisor-Award-1-86x100.jpg 86w, https:\/\/flix.rs\/wp-content\/uploads\/2023\/01\/Trip-Advisor-Award-1.jpg 425w\" sizes=\"(max-width: 257px) 100vw, 257px\" \/><\/p>\n<p>The <strong>ride<\/strong> from <strong>Novi Sad<\/strong> to <strong>Belgrade<\/strong> takes you through some of the most beautiful regions of <strong>Serbia<\/strong>. The distance between these two cities is about 80 kilometers, which makes traveling by car quick and pleasant, usually taking about an hour.<\/p>\n<p>Your journey begins in Novi Sad, the cultural and educational center of <strong>Vojvodina<\/strong>, known for its <em>colorful architecture<\/em> and historical landmarks such as the Petrovaradin Fortress and Freedom Square. The city also hosts one of the biggest music festivals in Europe, the <a href=\"https:\/\/www.exitfest.org\/en\">Exit Festival<\/a>, making it a favorite for visitors of all ages.<\/p>\n<p>Leaving <strong>Novi Sad<\/strong>, the road takes you through the picturesque plains of <em>Vojvodina<\/em>, covered with fields and small villages, which offers a relaxing atmosphere and the opportunity to enjoy the peace of nature. The drive on the <em>E75 highway<\/em> is smooth and well-maintained, with several rest stops where you can stop, rest and enjoy the local cuisine.<\/p>\n<p>As you approach <strong>Belgrade<\/strong>, the landscape becomes more urban. Entering the <em>capital of Serbia<\/em>, you encounter a dynamic mix of history and modernity. <strong>Belgrade<\/strong> is known for its historical sights, lively night scene, hospitable residents and diverse cultural offer.<\/p>\n<p>Our private transfer services ensure that your <strong>trip<\/strong> from <strong>Novi Sad to Belgrade<\/strong> is as pleasant as possible, with a <em>professional driver<\/em> available to answer all your questions and make your trip unforgettable. Welcome to a trip to remember! A large number of <a href=\"https:\/\/www.un.org\/en\/\">foreign<\/a> tourists are perennial users of our services.<\/p>\n<p><img loading=\"lazy\" decoding=\"async\" class=\"alignnone wp-image-14066\" src=\"https:\/\/flix.rs\/wp-content\/uploads\/2024\/04\/Belgrade_Waterfront_12-res.jpg\" alt=\"Prevoz Novi Sad Beograd Aerodrom\" width=\"1419\" height=\"440\" srcset=\"https:\/\/flix.rs\/wp-content\/uploads\/2024\/04\/Belgrade_Waterfront_12-res.jpg 1000w, https:\/\/flix.rs\/wp-content\/uploads\/2024\/04\/Belgrade_Waterfront_12-res-300x93.jpg 300w, https:\/\/flix.rs\/wp-content\/uploads\/2024\/04\/Belgrade_Waterfront_12-res-768x238.jpg 768w, https:\/\/flix.rs\/wp-content\/uploads\/2024\/04\/Belgrade_Waterfront_12-res-18x6.jpg 18w, https:\/\/flix.rs\/wp-content\/uploads\/2024\/04\/Belgrade_Waterfront_12-res-100x31.jpg 100w\" sizes=\"(max-width: 1419px) 100vw, 1419px\" \/><\/p>\n\n\t\t<\/div>\n\t<\/div>\n<\/div><\/div><\/div><\/div><\/div>","protected":false},"excerpt":{"rendered":"[:sr] Prevoz: Novi Sad - Beograd Aerodrom Prevoz: Aerodrom Beograd - Novi Sad Prevoz Novi Sad Beograd Aerodrom, Prevoz Aerodrom Beograd Novi Sad.\u00a0 Obavljamo usluge prevoza od Novog Sada do Beograda i nazad. Mogu\u0107 prevoz i do Aerodroma\u00a0 Budimpe\u0161ta, Ni\u0161, Osijek, Zagreb, Temi\u0161var, Be\u010d\u00a0 ili bilo kog drugog grada u Republici Srbiji i regionu. Prevoz","protected":false},"author":3,"featured_media":14061,"parent":0,"menu_order":0,"comment_status":"closed","ping_status":"closed","template":"","meta":{"footnotes":""},"yoast_head":"<!-- This site is optimized with the Yoast SEO plugin v24.5 - https:\/\/yoast.com\/wordpress\/plugins\/seo\/ -->\n<title>Transfer: Novi Sad- Belgrade Airport - | Transfer: Belgrade Airport - Novi Sad  | Flix.rs<\/title>\n<meta name=\"description\" content=\"Putujte sa stilom. Prevoz od Novog Sada do Beograda i nazad. Laka i brza rezervacija. Pouzdano, sigurno, povoljno.\" \/>\n<meta name=\"robots\" content=\"index, follow, max-snippet:-1, max-image-preview:large, max-video-preview:-1\" \/>\n<link rel=\"canonical\" href=\"https:\/\/flix.rs\/en\/prevoz-novi-sad-beograd-aerodrom-prevoz-aerodrom-beograd-novi-sad\/\" \/>\n<meta property=\"og:locale\" content=\"en_GB\" \/>\n<meta property=\"og:type\" content=\"article\" \/>\n<meta property=\"og:title\" content=\"[:sr]Prevoz: Novi Sad - Beograd Aerodrom | Prevoz: Aerodrom Beograd - Novi Sad[:en]Transfer: Novi Sad- Belgrade Airport - | Transfer: Belgrade Airport - Novi Sad [:] | Flix.rs\" \/>\n<meta property=\"og:description\" content=\"Putujte sa stilom. Prevoz od Novog Sada do Beograda i nazad. Laka i brza rezervacija. Pouzdano, sigurno, povoljno.\" \/>\n<meta property=\"og:url\" content=\"https:\/\/flix.rs\/en\/prevoz-novi-sad-beograd-aerodrom-prevoz-aerodrom-beograd-novi-sad\/\" \/>\n<meta property=\"og:site_name\" content=\"Flix.rs\" \/>\n<meta property=\"article:publisher\" content=\"https:\/\/www.facebook.com\/prevoz.putnika.nis\" \/>\n<meta property=\"article:modified_time\" content=\"2024-04-19T05:54:29+00:00\" \/>\n<meta property=\"og:image\" content=\"https:\/\/flix.rs\/wp-content\/uploads\/2024\/04\/Belgrade_Nikola_Tesla_Airport_1-wiki-1-scaled-e1713462786491.jpg\" \/>\n\t<meta property=\"og:image:width\" content=\"1200\" \/>\n\t<meta property=\"og:image:height\" content=\"776\" \/>\n\t<meta property=\"og:image:type\" content=\"image\/jpeg\" \/>\n<meta name=\"twitter:card\" content=\"summary_large_image\" \/>\n<meta name=\"twitter:site\" content=\"@Prevozputnika1\" \/>\n<meta name=\"twitter:label1\" content=\"Estimated reading time\" \/>\n\t<meta name=\"twitter:data1\" content=\"8 minutes\" \/>\n<script type=\"application\/ld+json\" class=\"yoast-schema-graph\">{\"@context\":\"https:\/\/schema.org\",\"@graph\":[{\"@type\":\"WebPage\",\"@id\":\"https:\/\/flix.rs\/prevoz-novi-sad-beograd-aerodrom-prevoz-aerodrom-beograd-novi-sad\/\",\"url\":\"https:\/\/flix.rs\/prevoz-novi-sad-beograd-aerodrom-prevoz-aerodrom-beograd-novi-sad\/\",\"name\":\"[:sr]Prevoz: Novi Sad - Beograd Aerodrom | Prevoz: Aerodrom Beograd - Novi Sad[:en]Transfer: Novi Sad- Belgrade Airport - | Transfer: Belgrade Airport - Novi Sad [:] | Flix.rs\",\"isPartOf\":{\"@id\":\"https:\/\/flix.rs\/#website\"},\"primaryImageOfPage\":{\"@id\":\"https:\/\/flix.rs\/prevoz-novi-sad-beograd-aerodrom-prevoz-aerodrom-beograd-novi-sad\/#primaryimage\"},\"image\":{\"@id\":\"https:\/\/flix.rs\/prevoz-novi-sad-beograd-aerodrom-prevoz-aerodrom-beograd-novi-sad\/#primaryimage\"},\"thumbnailUrl\":\"https:\/\/flix.rs\/wp-content\/uploads\/2024\/04\/Belgrade_Nikola_Tesla_Airport_1-wiki-1-scaled-e1713462786491.jpg\",\"datePublished\":\"2024-04-18T19:19:21+00:00\",\"dateModified\":\"2024-04-19T05:54:29+00:00\",\"description\":\"Putujte sa stilom. Prevoz od Novog Sada do Beograda i nazad. Laka i brza rezervacija. Pouzdano, sigurno, povoljno.\",\"breadcrumb\":{\"@id\":\"https:\/\/flix.rs\/prevoz-novi-sad-beograd-aerodrom-prevoz-aerodrom-beograd-novi-sad\/#breadcrumb\"},\"inLanguage\":\"en-GB\",\"potentialAction\":[{\"@type\":\"ReadAction\",\"target\":[\"https:\/\/flix.rs\/prevoz-novi-sad-beograd-aerodrom-prevoz-aerodrom-beograd-novi-sad\/\"]}]},{\"@type\":\"ImageObject\",\"inLanguage\":\"en-GB\",\"@id\":\"https:\/\/flix.rs\/prevoz-novi-sad-beograd-aerodrom-prevoz-aerodrom-beograd-novi-sad\/#primaryimage\",\"url\":\"https:\/\/flix.rs\/wp-content\/uploads\/2024\/04\/Belgrade_Nikola_Tesla_Airport_1-wiki-1-scaled-e1713462786491.jpg\",\"contentUrl\":\"https:\/\/flix.rs\/wp-content\/uploads\/2024\/04\/Belgrade_Nikola_Tesla_Airport_1-wiki-1-scaled-e1713462786491.jpg\",\"width\":1200,\"height\":776,\"caption\":\"Prevoz Novi Sad Beograd Aerodrom\"},{\"@type\":\"BreadcrumbList\",\"@id\":\"https:\/\/flix.rs\/prevoz-novi-sad-beograd-aerodrom-prevoz-aerodrom-beograd-novi-sad\/#breadcrumb\",\"itemListElement\":[{\"@type\":\"ListItem\",\"position\":1,\"name\":\"Home\",\"item\":\"https:\/\/flix.rs\/\"},{\"@type\":\"ListItem\",\"position\":2,\"name\":\"Prevoz: Novi Sad &#8211; Beograd Aerodrom | Prevoz: Aerodrom Beograd &#8211; Novi Sad\"}]},{\"@type\":\"WebSite\",\"@id\":\"https:\/\/flix.rs\/#website\",\"url\":\"https:\/\/flix.rs\/\",\"name\":\"Flix.rs\",\"description\":\"Va\u0161 prevoz do i sa aerodroma\",\"publisher\":{\"@id\":\"https:\/\/flix.rs\/#organization\"},\"potentialAction\":[{\"@type\":\"SearchAction\",\"target\":{\"@type\":\"EntryPoint\",\"urlTemplate\":\"https:\/\/flix.rs\/?s={search_term_string}\"},\"query-input\":{\"@type\":\"PropertyValueSpecification\",\"valueRequired\":true,\"valueName\":\"search_term_string\"}}],\"inLanguage\":\"en-GB\"},{\"@type\":\"Organization\",\"@id\":\"https:\/\/flix.rs\/#organization\",\"name\":\"Flix\",\"url\":\"https:\/\/flix.rs\/\",\"logo\":{\"@type\":\"ImageObject\",\"inLanguage\":\"en-GB\",\"@id\":\"https:\/\/flix.rs\/#\/schema\/logo\/image\/\",\"url\":\"https:\/\/flix.rs\/wp-content\/uploads\/2019\/12\/80805004_454427318816809_4019161238033399808_n.png\",\"contentUrl\":\"https:\/\/flix.rs\/wp-content\/uploads\/2019\/12\/80805004_454427318816809_4019161238033399808_n.png\",\"width\":120,\"height\":54,\"caption\":\"Flix\"},\"image\":{\"@id\":\"https:\/\/flix.rs\/#\/schema\/logo\/image\/\"},\"sameAs\":[\"https:\/\/www.facebook.com\/prevoz.putnika.nis\",\"https:\/\/x.com\/Prevozputnika1\"]}]}<\/script>\n<!-- \/ Yoast SEO plugin. -->","yoast_head_json":{"title":"[:sr]Prevoz: Novi Sad - Beograd Aerodrom | Prevoz: Aerodrom Beograd - Novi Sad[:en]Transfer: Novi Sad- Belgrade Airport - | Transfer: Belgrade Airport - Novi Sad [:] | Flix.rs","description":"Putujte sa stilom. Prevoz od Novog Sada do Beograda i nazad. Laka i brza rezervacija. Pouzdano, sigurno, povoljno.","robots":{"index":"index","follow":"follow","max-snippet":"max-snippet:-1","max-image-preview":"max-image-preview:large","max-video-preview":"max-video-preview:-1"},"canonical":"https:\/\/flix.rs\/en\/prevoz-novi-sad-beograd-aerodrom-prevoz-aerodrom-beograd-novi-sad\/","og_locale":"en_GB","og_type":"article","og_title":"[:sr]Prevoz: Novi Sad - Beograd Aerodrom | Prevoz: Aerodrom Beograd - Novi Sad[:en]Transfer: Novi Sad- Belgrade Airport - | Transfer: Belgrade Airport - Novi Sad [:] | Flix.rs","og_description":"Putujte sa stilom. Prevoz od Novog Sada do Beograda i nazad. Laka i brza rezervacija. Pouzdano, sigurno, povoljno.","og_url":"https:\/\/flix.rs\/en\/prevoz-novi-sad-beograd-aerodrom-prevoz-aerodrom-beograd-novi-sad\/","og_site_name":"Flix.rs","article_publisher":"https:\/\/www.facebook.com\/prevoz.putnika.nis","article_modified_time":"2024-04-19T05:54:29+00:00","og_image":[{"width":1200,"height":776,"url":"https:\/\/flix.rs\/wp-content\/uploads\/2024\/04\/Belgrade_Nikola_Tesla_Airport_1-wiki-1-scaled-e1713462786491.jpg","type":"image\/jpeg"}],"twitter_card":"summary_large_image","twitter_site":"@Prevozputnika1","twitter_misc":{"Estimated reading time":"8 minutes"},"schema":{"@context":"https:\/\/schema.org","@graph":[{"@type":"WebPage","@id":"https:\/\/flix.rs\/prevoz-novi-sad-beograd-aerodrom-prevoz-aerodrom-beograd-novi-sad\/","url":"https:\/\/flix.rs\/prevoz-novi-sad-beograd-aerodrom-prevoz-aerodrom-beograd-novi-sad\/","name":"[:sr]Prevoz: Novi Sad - Beograd Aerodrom | Prevoz: Aerodrom Beograd - Novi Sad[:en]Transfer: Novi Sad- Belgrade Airport - | Transfer: Belgrade Airport - Novi Sad [:] | Flix.rs","isPartOf":{"@id":"https:\/\/flix.rs\/#website"},"primaryImageOfPage":{"@id":"https:\/\/flix.rs\/prevoz-novi-sad-beograd-aerodrom-prevoz-aerodrom-beograd-novi-sad\/#primaryimage"},"image":{"@id":"https:\/\/flix.rs\/prevoz-novi-sad-beograd-aerodrom-prevoz-aerodrom-beograd-novi-sad\/#primaryimage"},"thumbnailUrl":"https:\/\/flix.rs\/wp-content\/uploads\/2024\/04\/Belgrade_Nikola_Tesla_Airport_1-wiki-1-scaled-e1713462786491.jpg","datePublished":"2024-04-18T19:19:21+00:00","dateModified":"2024-04-19T05:54:29+00:00","description":"Putujte sa stilom. Prevoz od Novog Sada do Beograda i nazad. Laka i brza rezervacija. Pouzdano, sigurno, povoljno.","breadcrumb":{"@id":"https:\/\/flix.rs\/prevoz-novi-sad-beograd-aerodrom-prevoz-aerodrom-beograd-novi-sad\/#breadcrumb"},"inLanguage":"en-GB","potentialAction":[{"@type":"ReadAction","target":["https:\/\/flix.rs\/prevoz-novi-sad-beograd-aerodrom-prevoz-aerodrom-beograd-novi-sad\/"]}]},{"@type":"ImageObject","inLanguage":"en-GB","@id":"https:\/\/flix.rs\/prevoz-novi-sad-beograd-aerodrom-prevoz-aerodrom-beograd-novi-sad\/#primaryimage","url":"https:\/\/flix.rs\/wp-content\/uploads\/2024\/04\/Belgrade_Nikola_Tesla_Airport_1-wiki-1-scaled-e1713462786491.jpg","contentUrl":"https:\/\/flix.rs\/wp-content\/uploads\/2024\/04\/Belgrade_Nikola_Tesla_Airport_1-wiki-1-scaled-e1713462786491.jpg","width":1200,"height":776,"caption":"Prevoz Novi Sad Beograd Aerodrom"},{"@type":"BreadcrumbList","@id":"https:\/\/flix.rs\/prevoz-novi-sad-beograd-aerodrom-prevoz-aerodrom-beograd-novi-sad\/#breadcrumb","itemListElement":[{"@type":"ListItem","position":1,"name":"Home","item":"https:\/\/flix.rs\/"},{"@type":"ListItem","position":2,"name":"Prevoz: Novi Sad &#8211; Beograd Aerodrom | Prevoz: Aerodrom Beograd &#8211; Novi Sad"}]},{"@type":"WebSite","@id":"https:\/\/flix.rs\/#website","url":"https:\/\/flix.rs\/","name":"Flix.rs","description":"Va\u0161 prevoz do i sa aerodroma","publisher":{"@id":"https:\/\/flix.rs\/#organization"},"potentialAction":[{"@type":"SearchAction","target":{"@type":"EntryPoint","urlTemplate":"https:\/\/flix.rs\/?s={search_term_string}"},"query-input":{"@type":"PropertyValueSpecification","valueRequired":true,"valueName":"search_term_string"}}],"inLanguage":"en-GB"},{"@type":"Organization","@id":"https:\/\/flix.rs\/#organization","name":"Flix","url":"https:\/\/flix.rs\/","logo":{"@type":"ImageObject","inLanguage":"en-GB","@id":"https:\/\/flix.rs\/#\/schema\/logo\/image\/","url":"https:\/\/flix.rs\/wp-content\/uploads\/2019\/12\/80805004_454427318816809_4019161238033399808_n.png","contentUrl":"https:\/\/flix.rs\/wp-content\/uploads\/2019\/12\/80805004_454427318816809_4019161238033399808_n.png","width":120,"height":54,"caption":"Flix"},"image":{"@id":"https:\/\/flix.rs\/#\/schema\/logo\/image\/"},"sameAs":["https:\/\/www.facebook.com\/prevoz.putnika.nis","https:\/\/x.com\/Prevozputnika1"]}]}},"_links":{"self":[{"href":"https:\/\/flix.rs\/en\/wp-json\/wp\/v2\/pages\/14059"}],"collection":[{"href":"https:\/\/flix.rs\/en\/wp-json\/wp\/v2\/pages"}],"about":[{"href":"https:\/\/flix.rs\/en\/wp-json\/wp\/v2\/types\/page"}],"author":[{"embeddable":true,"href":"https:\/\/flix.rs\/en\/wp-json\/wp\/v2\/users\/3"}],"replies":[{"embeddable":true,"href":"https:\/\/flix.rs\/en\/wp-json\/wp\/v2\/comments?post=14059"}],"version-history":[{"count":7,"href":"https:\/\/flix.rs\/en\/wp-json\/wp\/v2\/pages\/14059\/revisions"}],"predecessor-version":[{"id":14076,"href":"https:\/\/flix.rs\/en\/wp-json\/wp\/v2\/pages\/14059\/revisions\/14076"}],"wp:featuredmedia":[{"embeddable":true,"href":"https:\/\/flix.rs\/en\/wp-json\/wp\/v2\/media\/14061"}],"wp:attachment":[{"href":"https:\/\/flix.rs\/en\/wp-json\/wp\/v2\/media?parent=14059"}],"curies":[{"name":"wp","href":"https:\/\/api.w.org\/{rel}","templated":true}]}}