{"id":13818,"date":"2023-06-08T10:00:06","date_gmt":"2023-06-08T09:00:06","guid":{"rendered":"https:\/\/flix.rs\/?page_id=13818"},"modified":"2023-06-08T11:44:24","modified_gmt":"2023-06-08T10:44:24","slug":"privatne-ture-nis-srbija","status":"publish","type":"page","link":"https:\/\/flix.rs\/en\/tailor-made-private-tours-nis-serbia\/","title":{"rendered":"Tailor made private tours Nis Serbia"},"content":{"rendered":"<div  class=\"wpb_row vc_row-fluid content-wrapper content-wrapper-standard clearfix\" style=\"padding-left: 0px; padding-right: 0px; \"><div class=\"col span_12\"><div class=\"wpb_column vc_column_container vc_col-sm-12\"><div class=\"vc_column-inner\"><div class=\"wpb_wrapper\">\n\t<div class=\"wpb_text_column wpb_content_element\" >\n\t\t<div class=\"wpb_wrapper\">\n\t\t\t<p><\/p>\n\n\t\t<\/div>\n\t<\/div>\n<\/div><\/div><\/div><\/div><\/div><div  class=\"wpb_row vc_row-fluid content-wrapper content-wrapper-standard clearfix\" style=\"padding-left: 0px; padding-right: 0px; \"><div class=\"col span_12\"><div class=\"wpb_column vc_column_container vc_col-sm-12\"><div class=\"vc_column-inner\"><div class=\"wpb_wrapper\">\n\t<div class=\"wpb_text_column wpb_content_element\" >\n\t\t<div class=\"wpb_wrapper\">\n\t\t\t<h3>Tailor made private tours Nis Serbia<\/h3>\n\n\t\t<\/div>\n\t<\/div>\n<\/div><\/div><\/div><\/div><\/div><div  class=\"wpb_row vc_row-fluid content-wrapper content-wrapper-standard clearfix\" style=\"padding-left: 0px; padding-right: 0px; \"><div class=\"col span_12\"><div class=\"wpb_column vc_column_container vc_col-sm-12\"><div class=\"vc_column-inner\"><div class=\"wpb_wrapper\"><h3 class=\"center-title\"><\/h3><div class=\"title-block2\"><\/div><\/div><\/div><\/div><\/div><\/div><div  class=\"wpb_row vc_row-fluid content-wrapper content-wrapper-standard clearfix\" style=\"padding-left: 0px; padding-right: 0px; \"><div class=\"col span_12\"><div class=\"wpb_column vc_column_container vc_col-sm-12\"><div class=\"vc_column-inner\"><div class=\"wpb_wrapper\">\n\t<div  class=\"wpb_single_image wpb_content_element vc_align_left\">\n\t\t\n\t\t<figure class=\"wpb_wrapper vc_figure\">\n\t\t\t<div class=\"vc_single_image-wrapper   vc_box_border_grey\"><img loading=\"lazy\" decoding=\"async\" class=\"vc_single_image-img\" src=\"https:\/\/flix.rs\/wp-content\/uploads\/2023\/06\/Uvac_River_and_Eagle-scaled-e1686206788766.jpg\" width=\"1280\" height=\"608\" alt=\"Tailor made private tours Nis Serbia\" title=\"PHOTO | WIKIPEDIA Sasapokimica - Own work, CC BY-SA 4.0\" \/><\/div>\n\t\t<\/figure>\n\t<\/div>\n<\/div><\/div><\/div><\/div><\/div><div  class=\"wpb_row vc_row-fluid content-wrapper content-wrapper-standard clearfix\" style=\"padding-left: 0px; padding-right: 0px; \"><div class=\"col span_12\"><div class=\"wpb_column vc_column_container vc_col-sm-12\"><div class=\"vc_column-inner\"><div class=\"wpb_wrapper\">\n\t<div class=\"wpb_text_column wpb_content_element\" >\n\t\t<div class=\"wpb_wrapper\">\n\t\t\t<p>If you know what you want and you don&#8217;t like public transport, which, we can all agree, doesn&#8217;t leave much room for comfort, you&#8217;re in the right place. If you are located in <strong>Ni\u0161<\/strong> and want to visit <strong>monasteries<\/strong> in this part of our beautiful country, mountains, spas or any other attractions, or you are located in another city and would like to get know Ni\u0161 and its surroundings, you are on the spot!<\/p>\n<p><strong>Private tours tailored to your needs.<\/strong><\/p>\n<p>Number for info and booking\u00a0<a href=\"tel: 38163456515\">+381 63 456 515<\/a><br \/>\nOnline booking\u00a0<a href=\"https:\/\/flix.rs\/en\/contact\/\">https:\/\/flix.rs\/en\/contact\/<\/a><\/p>\n<p>Your tour can be organized by passenger car in economy and <em>business<\/em> class. Also, it is possible to transport a larger number of passengers with a larger amount of luggage, in the <em>MPV<\/em> class as well as a <em>van<\/em>, which is intended for the transportation of up to 8 passengers and a large amount of luggage &#8211; up to 12 suitcases. For larger groups of passengers, there is the possibility of transportation by <a href=\"https:\/\/flix.rs\/en\/minibus-transfer-nis-van-transfer-nis\/\">minibus<\/a> with up to 20 seats, as well as buses with 50, 65 and 80 seats. All our vehicles are of the latest generation, which guarantee that your <strong>trip<\/strong> will be comfortable and pleasant.<br \/>\nYou can combine several services into one. You are located in Ni\u0161 and let&#8217;s say you are flying from <a href=\"https:\/\/flix.rs\/en\/airport-belgrade-shuttle-transfer\/\">Belgrade<\/a>, <a href=\"https:\/\/flix.rs\/en\/airport-sofija-shuttle-transfer\/\">Sofia<\/a> or <a href=\"https:\/\/flix.rs\/en\/airport-skopje-shuttle-transfer\/\">Skopje<\/a>, we can organize only for you a visit to the attractions that are on the way to your final destination that day.<\/p>\n<p><img loading=\"lazy\" decoding=\"async\" width=\"1280\" height=\"722\" class=\"alignnone size-full wp-image-13494\" src=\"https:\/\/flix.rs\/wp-content\/uploads\/2022\/11\/WP_20180404_14_11_47_Pro-scaled-e1668956362681.jpg\" alt=\"Prevoz Nis Stara Planina\" srcset=\"https:\/\/flix.rs\/wp-content\/uploads\/2022\/11\/WP_20180404_14_11_47_Pro-scaled-e1668956362681.jpg 1280w, https:\/\/flix.rs\/wp-content\/uploads\/2022\/11\/WP_20180404_14_11_47_Pro-scaled-e1668956362681-300x169.jpg 300w, https:\/\/flix.rs\/wp-content\/uploads\/2022\/11\/WP_20180404_14_11_47_Pro-scaled-e1668956362681-1024x578.jpg 1024w, https:\/\/flix.rs\/wp-content\/uploads\/2022\/11\/WP_20180404_14_11_47_Pro-scaled-e1668956362681-768x433.jpg 768w, https:\/\/flix.rs\/wp-content\/uploads\/2022\/11\/WP_20180404_14_11_47_Pro-scaled-e1668956362681-18x10.jpg 18w, https:\/\/flix.rs\/wp-content\/uploads\/2022\/11\/WP_20180404_14_11_47_Pro-scaled-e1668956362681-100x56.jpg 100w\" sizes=\"(max-width: 1280px) 100vw, 1280px\" \/><\/p>\n<p>Below are a few of our suggestions of what is interesting to <strong>see<\/strong> in <strong>Nis<\/strong>, its surroundings, as well as in <strong>Serbia<\/strong> in general.<br \/>\n<strong>One-day tour<\/strong>, tour of Ni\u0161: Bohemian quarter, known as the Kazand\u017eija alley, visit to the WWII concentration camp, the <strong>Ni\u0161 fortress<\/strong>, the unique <strong>monument \u0106ele Kula<\/strong>, the <strong>Mediana<\/strong> archaeological site, the Ni\u0161ka Spa, as well as a visit to the Si\u0107evacka and Jelashnicka gorges.<\/p>\n<p>If you are traveling to Sofia or would like to visit the eastern part of Serbia, our suggestion is to visit the <strong>Poganovo Monastery<\/strong> as well as the Special Nature Reserve &#8211; <strong>Jerma<\/strong>.<\/p>\n<p>On the way to <strong>Belgrade<\/strong> <strong>airport<\/strong>, a stopover can be a visit to the <strong>Ravanica monastery<\/strong>, where the relics of the leader of the Serbs in the battle of Kosovo in 1389 &#8211; Knez Lazar are located. Also in that area is the <strong>Manasija monastery<\/strong> &#8211; a gem of medieval Serbian real estate.<\/p>\n<p><img loading=\"lazy\" decoding=\"async\" width=\"1024\" height=\"600\" class=\"alignnone size-full wp-image-13820\" src=\"https:\/\/flix.rs\/wp-content\/uploads\/2023\/06\/\u0410\u0443\u0442\u043e\u0440-Pavle-Marjanovic-Institute-for-the-Protection-of-Cultural-Monuments-of-Serbia-CC-BY-SA-3.0.jpg\" alt=\"Tailor made tours Nis Serbia\" srcset=\"https:\/\/flix.rs\/wp-content\/uploads\/2023\/06\/\u0410\u0443\u0442\u043e\u0440-Pavle-Marjanovic-Institute-for-the-Protection-of-Cultural-Monuments-of-Serbia-CC-BY-SA-3.0.jpg 1024w, https:\/\/flix.rs\/wp-content\/uploads\/2023\/06\/\u0410\u0443\u0442\u043e\u0440-Pavle-Marjanovic-Institute-for-the-Protection-of-Cultural-Monuments-of-Serbia-CC-BY-SA-3.0-300x176.jpg 300w, https:\/\/flix.rs\/wp-content\/uploads\/2023\/06\/\u0410\u0443\u0442\u043e\u0440-Pavle-Marjanovic-Institute-for-the-Protection-of-Cultural-Monuments-of-Serbia-CC-BY-SA-3.0-768x450.jpg 768w, https:\/\/flix.rs\/wp-content\/uploads\/2023\/06\/\u0410\u0443\u0442\u043e\u0440-Pavle-Marjanovic-Institute-for-the-Protection-of-Cultural-Monuments-of-Serbia-CC-BY-SA-3.0-18x12.jpg 18w, https:\/\/flix.rs\/wp-content\/uploads\/2023\/06\/\u0410\u0443\u0442\u043e\u0440-Pavle-Marjanovic-Institute-for-the-Protection-of-Cultural-Monuments-of-Serbia-CC-BY-SA-3.0-100x59.jpg 100w\" sizes=\"(max-width: 1024px) 100vw, 1024px\" \/><\/p>\n<p>If you are flying from Skopje, a visit to the <strong>Matka canyon<\/strong> in <em>North Macedonia<\/em> is inevitable.<br \/>\nA large number of users of our services also come from<a href=\"https:\/\/european-union.europa.eu\/index_en\"> European Union countries\u00a0<\/a><\/p>\n<p><img loading=\"lazy\" decoding=\"async\" width=\"1280\" height=\"960\" class=\"alignnone size-full wp-image-13822\" src=\"https:\/\/flix.rs\/wp-content\/uploads\/2023\/06\/Canyon_Matka_13-1-scaled-e1686208208726.jpg\" alt=\"Tailor made tours Nis Serbia\" srcset=\"https:\/\/flix.rs\/wp-content\/uploads\/2023\/06\/Canyon_Matka_13-1-scaled-e1686208208726.jpg 1280w, https:\/\/flix.rs\/wp-content\/uploads\/2023\/06\/Canyon_Matka_13-1-scaled-e1686208208726-300x225.jpg 300w, https:\/\/flix.rs\/wp-content\/uploads\/2023\/06\/Canyon_Matka_13-1-scaled-e1686208208726-1024x768.jpg 1024w, https:\/\/flix.rs\/wp-content\/uploads\/2023\/06\/Canyon_Matka_13-1-scaled-e1686208208726-768x576.jpg 768w, https:\/\/flix.rs\/wp-content\/uploads\/2023\/06\/Canyon_Matka_13-1-scaled-e1686208208726-16x12.jpg 16w, https:\/\/flix.rs\/wp-content\/uploads\/2023\/06\/Canyon_Matka_13-1-scaled-e1686208208726-100x75.jpg 100w\" sizes=\"(max-width: 1280px) 100vw, 1280px\" \/><br \/>\nPossible transportation to <a href=\"https:\/\/flix.rs\/en\/airport-nis-shuttle-transfer\/\">Nis Airport<\/a>\u00a0 or to the airports in the vicinity: Belgrade, Sofia, Skopje, <a href=\"https:\/\/flix.rs\/en\/transfer-belgrade-airport-pristina-transfer-pristina-airport-nis\/\">Pristina<\/a>, <a href=\"https:\/\/flix.rs\/en\/transfer-nis-airport-thessaloniki-transfer-nis-airport-ohrid\/\">Thessaloniki<\/a>, Ohrid, <a href=\"https:\/\/flix.rs\/en\/transfer-nis-airport-plovdiv-transfer-plovdiv-airport-nis\/\">Plovdiv<\/a>, <a href=\"https:\/\/flix.rs\/en\/transfer-nis-bucharest-airport-transfer-bucharest-airport-nis\/\">Bucharest<\/a>, <a href=\"https:\/\/flix.rs\/en\/transfer-nis-srebrno-jezero-transfer-nis-airport-timisoara\/\">Timisoara<\/a>, <a href=\"https:\/\/flix.rs\/en\/transfer-nis-airport-zajecar-transfer-nis-craiova-airport\/\">Craiova<\/a>, <a href=\"https:\/\/flix.rs\/en\/transfer-nis-budapest-airport-transfer-budapest-airport-nis\/\">Budapest<\/a>, <a href=\"https:\/\/flix.rs\/en\/transfer-nis-airport-podgorica-transfer-budva-nis-airport\/\">Podgorica<\/a>, Tivat, <a href=\"https:\/\/flix.rs\/en\/transfer-nis-sarajevo-airport-transfer-sarajevo-nis-airport\/\">Sarajevo<\/a>, Dubrovnik, <a href=\"https:\/\/flix.rs\/en\/transfer-nis-zagreb-airport-transfer-zagreb-nis-airport\/\">Zagreb<\/a>, Ljubljana.<br \/>\nWe also recommend visits to <a href=\"https:\/\/flix.rs\/en\/transfer-nis-airport-kopaonik-transfer-kopaonik-nis-airport\/\">Kopaonik<\/a>, <a href=\"https:\/\/flix.rs\/en\/transfer-nis-airport-stara-planina-transfer-stara-planina-belgrade-airport\/\">Stara Planina<\/a>, <a href=\"https:\/\/flix.rs\/en\/transfer-nis-airport-zlatibor-transfer-zlatibor-nis-airport\/\">Zlatibor<\/a>, <strong>Mokra Gora<\/strong> and Me\u0107avnik, <strong>Lake Uvac<\/strong>, <a href=\"https:\/\/flix.rs\/en\/transfer-nis-airport-vrnjacka-banja-transfer-vrnjacka-banja-nis-airport\/\">Vrnja\u010dka<\/a> and <a href=\"https:\/\/flix.rs\/en\/transfer-belgrade-airport-sokobanja-transfer-sokobanja-nis-airport\/\">Sokobanja<\/a>, \u0160umadija, medieval Serbian fortresses &#8211; Smederevo, Golubac, Magli\u0107, Ram, <strong>Petrovaradin<\/strong> fortresses in <a href=\"https:\/\/flix.rs\/en\/transfer-nis-airport-novi-sad-transfer-novi-sad-nis-airport\/\">Novi Sad<\/a> and <strong>Kalemegdan<\/strong> in <a href=\"https:\/\/flix.rs\/en\/transfer-belgrade-airport-nis-transfer-nis-belgrade-airport\/\">Belgrade<\/a>.<\/p>\n<p><img loading=\"lazy\" decoding=\"async\" width=\"1200\" height=\"675\" class=\"alignnone size-full wp-image-13178\" src=\"https:\/\/flix.rs\/wp-content\/uploads\/2022\/06\/Stara-resize.jpg\" alt=\"Va\u017enost autoputeva u Srbiji i panevropski koridori\" srcset=\"https:\/\/flix.rs\/wp-content\/uploads\/2022\/06\/Stara-resize.jpg 1200w, https:\/\/flix.rs\/wp-content\/uploads\/2022\/06\/Stara-resize-300x169.jpg 300w, https:\/\/flix.rs\/wp-content\/uploads\/2022\/06\/Stara-resize-1024x576.jpg 1024w, https:\/\/flix.rs\/wp-content\/uploads\/2022\/06\/Stara-resize-768x432.jpg 768w, https:\/\/flix.rs\/wp-content\/uploads\/2022\/06\/Stara-resize-18x10.jpg 18w, https:\/\/flix.rs\/wp-content\/uploads\/2022\/06\/Stara-resize-100x56.jpg 100w\" sizes=\"(max-width: 1200px) 100vw, 1200px\" \/><\/p>\n<p>Our many years of experience in transporting passengers is a guarantee that you will be at your final destination at the requested time, which, among other things, is confirmed by the <a href=\"https:\/\/flix.rs\/en\/customer-reviews\/\">experiences of our clients<\/a>.<\/p>\n<p>According to the choice of our passengers and the <a href=\"https:\/\/www.tripadvisor.com\/Attraction_Review-g295382-d20058758-Reviews-Nis_Airport_Shuttle_Taxi-Nis_Central_Serbia.html\">TripAdvisor<\/a> company , we were chosen as the most reliable passenger carrier in this part of Serbia and the region.<\/p>\n<p><img loading=\"lazy\" decoding=\"async\" width=\"425\" height=\"497\" class=\"alignnone size-full wp-image-13619\" src=\"https:\/\/flix.rs\/wp-content\/uploads\/2023\/01\/Trip-Advisor-Award-1.jpg\" alt=\"TripAdvisor Travelers Choice 2022\" srcset=\"https:\/\/flix.rs\/wp-content\/uploads\/2023\/01\/Trip-Advisor-Award-1.jpg 425w, https:\/\/flix.rs\/wp-content\/uploads\/2023\/01\/Trip-Advisor-Award-1-257x300.jpg 257w, https:\/\/flix.rs\/wp-content\/uploads\/2023\/01\/Trip-Advisor-Award-1-10x12.jpg 10w, https:\/\/flix.rs\/wp-content\/uploads\/2023\/01\/Trip-Advisor-Award-1-86x100.jpg 86w\" sizes=\"(max-width: 425px) 100vw, 425px\" \/><\/p>\n<p>On our website, you have the <a href=\"https:\/\/flix.rs\/en\/special-inquiry\/\">option\u00a0<\/a> to choose one of the routes that our clients use the most or send us an inquiry for any other destination. Our operators will answer you as soon as possible.<\/p>\n\n\t\t<\/div>\n\t<\/div>\n<\/div><\/div><\/div><\/div><\/div>","protected":false},"excerpt":{"rendered":"[:sr] Privatne ture Nis Srbija Privatne ture planirane samo za Vas, po Va\u0161oj meri i Va\u0161im zahtevima, Ni\u0161 - Srbija. &nbsp; Ukoliko znate \u0161ta \u017eelite i ne odgovara Vam javni prevoz, koji, svi se mo\u017eemo slo\u017eiti, ne ostavlja mnogo prostora komforu, na pravom ste mestu. Bili sme\u0161teni u Ni\u0161u i \u017eeleli da obi\u0111ete manastire u","protected":false},"author":3,"featured_media":13819,"parent":0,"menu_order":0,"comment_status":"closed","ping_status":"closed","template":"","meta":{"footnotes":""},"yoast_head":"<!-- This site is optimized with the Yoast SEO plugin v24.5 - https:\/\/yoast.com\/wordpress\/plugins\/seo\/ -->\n<title>Tailor made private tours Nis Serbia<\/title>\n<meta name=\"description\" content=\"Tailor made private tours Nis - Serbia. More than 10 years in business. English speaking drivers. Easy to book. Reliable, favorable.\" \/>\n<meta name=\"robots\" content=\"index, follow, max-snippet:-1, max-image-preview:large, max-video-preview:-1\" \/>\n<link rel=\"canonical\" href=\"https:\/\/flix.rs\/en\/privatne-ture-nis-srbija\/\" \/>\n<meta property=\"og:locale\" content=\"en_GB\" \/>\n<meta property=\"og:type\" content=\"article\" \/>\n<meta property=\"og:title\" content=\"Tailor made private tours Nis Serbia\" \/>\n<meta property=\"og:description\" content=\"Tailor made private tours Nis - Serbia. More than 10 years in business. English speaking drivers. Easy to book. Reliable, favorable.\" \/>\n<meta property=\"og:url\" content=\"https:\/\/flix.rs\/en\/privatne-ture-nis-srbija\/\" \/>\n<meta property=\"og:site_name\" content=\"Flix.rs\" \/>\n<meta property=\"article:publisher\" content=\"https:\/\/www.facebook.com\/prevoz.putnika.nis\" \/>\n<meta property=\"article:modified_time\" content=\"2023-06-08T10:44:24+00:00\" \/>\n<meta property=\"og:image\" content=\"https:\/\/flix.rs\/wp-content\/uploads\/2023\/06\/Uvac_River_and_Eagle-scaled-e1686206788766.jpg\" \/>\n\t<meta property=\"og:image:width\" content=\"1280\" \/>\n\t<meta property=\"og:image:height\" content=\"608\" \/>\n\t<meta property=\"og:image:type\" content=\"image\/jpeg\" \/>\n<meta name=\"twitter:card\" content=\"summary_large_image\" \/>\n<meta name=\"twitter:site\" content=\"@Prevozputnika1\" \/>\n<meta name=\"twitter:label1\" content=\"Estimated reading time\" \/>\n\t<meta name=\"twitter:data1\" content=\"9 minutes\" \/>\n<script type=\"application\/ld+json\" class=\"yoast-schema-graph\">{\"@context\":\"https:\/\/schema.org\",\"@graph\":[{\"@type\":\"WebPage\",\"@id\":\"https:\/\/flix.rs\/privatne-ture-nis-srbija\/\",\"url\":\"https:\/\/flix.rs\/privatne-ture-nis-srbija\/\",\"name\":\"Tailor made private tours Nis Serbia\",\"isPartOf\":{\"@id\":\"https:\/\/flix.rs\/#website\"},\"primaryImageOfPage\":{\"@id\":\"https:\/\/flix.rs\/privatne-ture-nis-srbija\/#primaryimage\"},\"image\":{\"@id\":\"https:\/\/flix.rs\/privatne-ture-nis-srbija\/#primaryimage\"},\"thumbnailUrl\":\"https:\/\/flix.rs\/wp-content\/uploads\/2023\/06\/Uvac_River_and_Eagle-scaled-e1686206788766.jpg\",\"datePublished\":\"2023-06-08T09:00:06+00:00\",\"dateModified\":\"2023-06-08T10:44:24+00:00\",\"description\":\"Tailor made private tours Nis - Serbia. More than 10 years in business. English speaking drivers. Easy to book. Reliable, favorable.\",\"breadcrumb\":{\"@id\":\"https:\/\/flix.rs\/privatne-ture-nis-srbija\/#breadcrumb\"},\"inLanguage\":\"en-GB\",\"potentialAction\":[{\"@type\":\"ReadAction\",\"target\":[\"https:\/\/flix.rs\/privatne-ture-nis-srbija\/\"]}]},{\"@type\":\"ImageObject\",\"inLanguage\":\"en-GB\",\"@id\":\"https:\/\/flix.rs\/privatne-ture-nis-srbija\/#primaryimage\",\"url\":\"https:\/\/flix.rs\/wp-content\/uploads\/2023\/06\/Uvac_River_and_Eagle-scaled-e1686206788766.jpg\",\"contentUrl\":\"https:\/\/flix.rs\/wp-content\/uploads\/2023\/06\/Uvac_River_and_Eagle-scaled-e1686206788766.jpg\",\"width\":1280,\"height\":608,\"caption\":\"Tailor made private tours Nis Serbia\"},{\"@type\":\"BreadcrumbList\",\"@id\":\"https:\/\/flix.rs\/privatne-ture-nis-srbija\/#breadcrumb\",\"itemListElement\":[{\"@type\":\"ListItem\",\"position\":1,\"name\":\"Home\",\"item\":\"https:\/\/flix.rs\/\"},{\"@type\":\"ListItem\",\"position\":2,\"name\":\"Privatne ture Nis Srbija\"}]},{\"@type\":\"WebSite\",\"@id\":\"https:\/\/flix.rs\/#website\",\"url\":\"https:\/\/flix.rs\/\",\"name\":\"Flix.rs\",\"description\":\"Va\u0161 prevoz do i sa aerodroma\",\"publisher\":{\"@id\":\"https:\/\/flix.rs\/#organization\"},\"potentialAction\":[{\"@type\":\"SearchAction\",\"target\":{\"@type\":\"EntryPoint\",\"urlTemplate\":\"https:\/\/flix.rs\/?s={search_term_string}\"},\"query-input\":{\"@type\":\"PropertyValueSpecification\",\"valueRequired\":true,\"valueName\":\"search_term_string\"}}],\"inLanguage\":\"en-GB\"},{\"@type\":\"Organization\",\"@id\":\"https:\/\/flix.rs\/#organization\",\"name\":\"Flix\",\"url\":\"https:\/\/flix.rs\/\",\"logo\":{\"@type\":\"ImageObject\",\"inLanguage\":\"en-GB\",\"@id\":\"https:\/\/flix.rs\/#\/schema\/logo\/image\/\",\"url\":\"https:\/\/flix.rs\/wp-content\/uploads\/2019\/12\/80805004_454427318816809_4019161238033399808_n.png\",\"contentUrl\":\"https:\/\/flix.rs\/wp-content\/uploads\/2019\/12\/80805004_454427318816809_4019161238033399808_n.png\",\"width\":120,\"height\":54,\"caption\":\"Flix\"},\"image\":{\"@id\":\"https:\/\/flix.rs\/#\/schema\/logo\/image\/\"},\"sameAs\":[\"https:\/\/www.facebook.com\/prevoz.putnika.nis\",\"https:\/\/x.com\/Prevozputnika1\"]}]}<\/script>\n<!-- \/ Yoast SEO plugin. -->","yoast_head_json":{"title":"Tailor made private tours Nis Serbia","description":"Tailor made private tours Nis - Serbia. More than 10 years in business. English speaking drivers. Easy to book. Reliable, favorable.","robots":{"index":"index","follow":"follow","max-snippet":"max-snippet:-1","max-image-preview":"max-image-preview:large","max-video-preview":"max-video-preview:-1"},"canonical":"https:\/\/flix.rs\/en\/privatne-ture-nis-srbija\/","og_locale":"en_GB","og_type":"article","og_title":"Tailor made private tours Nis Serbia","og_description":"Tailor made private tours Nis - Serbia. More than 10 years in business. English speaking drivers. Easy to book. Reliable, favorable.","og_url":"https:\/\/flix.rs\/en\/privatne-ture-nis-srbija\/","og_site_name":"Flix.rs","article_publisher":"https:\/\/www.facebook.com\/prevoz.putnika.nis","article_modified_time":"2023-06-08T10:44:24+00:00","og_image":[{"width":1280,"height":608,"url":"https:\/\/flix.rs\/wp-content\/uploads\/2023\/06\/Uvac_River_and_Eagle-scaled-e1686206788766.jpg","type":"image\/jpeg"}],"twitter_card":"summary_large_image","twitter_site":"@Prevozputnika1","twitter_misc":{"Estimated reading time":"9 minutes"},"schema":{"@context":"https:\/\/schema.org","@graph":[{"@type":"WebPage","@id":"https:\/\/flix.rs\/privatne-ture-nis-srbija\/","url":"https:\/\/flix.rs\/privatne-ture-nis-srbija\/","name":"Tailor made private tours Nis Serbia","isPartOf":{"@id":"https:\/\/flix.rs\/#website"},"primaryImageOfPage":{"@id":"https:\/\/flix.rs\/privatne-ture-nis-srbija\/#primaryimage"},"image":{"@id":"https:\/\/flix.rs\/privatne-ture-nis-srbija\/#primaryimage"},"thumbnailUrl":"https:\/\/flix.rs\/wp-content\/uploads\/2023\/06\/Uvac_River_and_Eagle-scaled-e1686206788766.jpg","datePublished":"2023-06-08T09:00:06+00:00","dateModified":"2023-06-08T10:44:24+00:00","description":"Tailor made private tours Nis - Serbia. More than 10 years in business. English speaking drivers. Easy to book. Reliable, favorable.","breadcrumb":{"@id":"https:\/\/flix.rs\/privatne-ture-nis-srbija\/#breadcrumb"},"inLanguage":"en-GB","potentialAction":[{"@type":"ReadAction","target":["https:\/\/flix.rs\/privatne-ture-nis-srbija\/"]}]},{"@type":"ImageObject","inLanguage":"en-GB","@id":"https:\/\/flix.rs\/privatne-ture-nis-srbija\/#primaryimage","url":"https:\/\/flix.rs\/wp-content\/uploads\/2023\/06\/Uvac_River_and_Eagle-scaled-e1686206788766.jpg","contentUrl":"https:\/\/flix.rs\/wp-content\/uploads\/2023\/06\/Uvac_River_and_Eagle-scaled-e1686206788766.jpg","width":1280,"height":608,"caption":"Tailor made private tours Nis Serbia"},{"@type":"BreadcrumbList","@id":"https:\/\/flix.rs\/privatne-ture-nis-srbija\/#breadcrumb","itemListElement":[{"@type":"ListItem","position":1,"name":"Home","item":"https:\/\/flix.rs\/"},{"@type":"ListItem","position":2,"name":"Privatne ture Nis Srbija"}]},{"@type":"WebSite","@id":"https:\/\/flix.rs\/#website","url":"https:\/\/flix.rs\/","name":"Flix.rs","description":"Va\u0161 prevoz do i sa aerodroma","publisher":{"@id":"https:\/\/flix.rs\/#organization"},"potentialAction":[{"@type":"SearchAction","target":{"@type":"EntryPoint","urlTemplate":"https:\/\/flix.rs\/?s={search_term_string}"},"query-input":{"@type":"PropertyValueSpecification","valueRequired":true,"valueName":"search_term_string"}}],"inLanguage":"en-GB"},{"@type":"Organization","@id":"https:\/\/flix.rs\/#organization","name":"Flix","url":"https:\/\/flix.rs\/","logo":{"@type":"ImageObject","inLanguage":"en-GB","@id":"https:\/\/flix.rs\/#\/schema\/logo\/image\/","url":"https:\/\/flix.rs\/wp-content\/uploads\/2019\/12\/80805004_454427318816809_4019161238033399808_n.png","contentUrl":"https:\/\/flix.rs\/wp-content\/uploads\/2019\/12\/80805004_454427318816809_4019161238033399808_n.png","width":120,"height":54,"caption":"Flix"},"image":{"@id":"https:\/\/flix.rs\/#\/schema\/logo\/image\/"},"sameAs":["https:\/\/www.facebook.com\/prevoz.putnika.nis","https:\/\/x.com\/Prevozputnika1"]}]}},"_links":{"self":[{"href":"https:\/\/flix.rs\/en\/wp-json\/wp\/v2\/pages\/13818"}],"collection":[{"href":"https:\/\/flix.rs\/en\/wp-json\/wp\/v2\/pages"}],"about":[{"href":"https:\/\/flix.rs\/en\/wp-json\/wp\/v2\/types\/page"}],"author":[{"embeddable":true,"href":"https:\/\/flix.rs\/en\/wp-json\/wp\/v2\/users\/3"}],"replies":[{"embeddable":true,"href":"https:\/\/flix.rs\/en\/wp-json\/wp\/v2\/comments?post=13818"}],"version-history":[{"count":12,"href":"https:\/\/flix.rs\/en\/wp-json\/wp\/v2\/pages\/13818\/revisions"}],"predecessor-version":[{"id":13836,"href":"https:\/\/flix.rs\/en\/wp-json\/wp\/v2\/pages\/13818\/revisions\/13836"}],"wp:featuredmedia":[{"embeddable":true,"href":"https:\/\/flix.rs\/en\/wp-json\/wp\/v2\/media\/13819"}],"wp:attachment":[{"href":"https:\/\/flix.rs\/en\/wp-json\/wp\/v2\/media?parent=13818"}],"curies":[{"name":"wp","href":"https:\/\/api.w.org\/{rel}","templated":true}]}}