{"id":13791,"date":"2023-04-23T11:12:30","date_gmt":"2023-04-23T10:12:30","guid":{"rendered":"https:\/\/flix.rs\/?page_id=13791"},"modified":"2023-04-23T13:18:12","modified_gmt":"2023-04-23T12:18:12","slug":"minibus-prevoz-nis-kombi-prevoz-nis","status":"publish","type":"page","link":"https:\/\/flix.rs\/en\/minibus-transfer-nis-van-transfer-nis\/","title":{"rendered":"Minibus Transfer Nis | Van Transfer Nis"},"content":{"rendered":"<div  class=\"wpb_row vc_row-fluid content-wrapper content-wrapper-standard clearfix\" style=\"padding-left: 0px; padding-right: 0px; \"><div class=\"col span_12\"><div class=\"wpb_column vc_column_container vc_col-sm-12\"><div class=\"vc_column-inner\"><div class=\"wpb_wrapper\">\n\t<div class=\"wpb_text_column wpb_content_element\" >\n\t\t<div class=\"wpb_wrapper\">\n\t\t\t<p><\/p>\n\n\t\t<\/div>\n\t<\/div>\n<\/div><\/div><\/div><\/div><\/div><div  class=\"wpb_row vc_row-fluid content-wrapper content-wrapper-standard clearfix\" style=\"padding-left: 0px; padding-right: 0px; \"><div class=\"col span_12\"><div class=\"wpb_column vc_column_container vc_col-sm-12\"><div class=\"vc_column-inner\"><div class=\"wpb_wrapper\">\n\t<div class=\"wpb_text_column wpb_content_element\" >\n\t\t<div class=\"wpb_wrapper\">\n\t\t\t<h3>Minibus Transfer Nis<\/h3>\n<h3>Van Transfer Nis<\/h3>\n\n\t\t<\/div>\n\t<\/div>\n<\/div><\/div><\/div><\/div><\/div><div  class=\"wpb_row vc_row-fluid content-wrapper content-wrapper-standard clearfix\" style=\"padding-left: 0px; padding-right: 0px; \"><div class=\"col span_12\"><div class=\"wpb_column vc_column_container vc_col-sm-12\"><div class=\"vc_column-inner\"><div class=\"wpb_wrapper\"><h3 class=\"center-title\"><\/h3><div class=\"title-block2\"><\/div><\/div><\/div><\/div><\/div><\/div><div  class=\"wpb_row vc_row-fluid content-wrapper content-wrapper-standard clearfix\" style=\"padding-left: 0px; padding-right: 0px; \"><div class=\"col span_12\"><div class=\"wpb_column vc_column_container vc_col-sm-12\"><div class=\"vc_column-inner\"><div class=\"wpb_wrapper\">\n\t<div  class=\"wpb_single_image wpb_content_element vc_align_left\">\n\t\t\n\t\t<figure class=\"wpb_wrapper vc_figure\">\n\t\t\t<div class=\"vc_single_image-wrapper   vc_box_border_grey\"><img loading=\"lazy\" decoding=\"async\" class=\"vc_single_image-img\" src=\"https:\/\/flix.rs\/wp-content\/uploads\/2023\/04\/za-sajt-e1682242497818.png\" width=\"1280\" height=\"720\" alt=\"Minibus transfer Nis\" title=\"PHOTO | FLIX.RS\" \/><\/div>\n\t\t<\/figure>\n\t<\/div>\n<\/div><\/div><\/div><\/div><\/div><div  class=\"wpb_row vc_row-fluid content-wrapper content-wrapper-standard clearfix\" style=\"padding-left: 0px; padding-right: 0px; \"><div class=\"col span_12\"><div class=\"wpb_column vc_column_container vc_col-sm-12\"><div class=\"vc_column-inner\"><div class=\"wpb_wrapper\">\n\t<div class=\"wpb_text_column wpb_content_element\" >\n\t\t<div class=\"wpb_wrapper\">\n\t\t\t<p><strong>Ni\u0161 &#8211; Minibus Transfer. Transfers by Van and Bus<\/strong>.<br \/>\nOur <a href=\"https:\/\/flix.rs\/en\/about-us\/\">company<\/a> provides you with <strong>transfers<\/strong> that includes renting a vehicle with a driver and organizing the trip according to your needs, so that you determine the route of the trip. <em>Transfers<\/em> may be done by <strong>Minibus<\/strong> <em>20+1<\/em>, a classic Bus that can transport up to 50 passengers with their luggage, as well as an 8+1 <strong>Van<\/strong>.<br \/>\nNumber for info and booking\u00a0<a href=\"tel: 38163456515\">+381 63 456 515<\/a><br \/>\nOnline booking <a href=\"https:\/\/flix.rs\/en\/contact\/\">https:\/\/flix.rs\/en\/contact\/<\/a><\/p>\n<p>All our vehicles are newer generation, comfortable and equipped with multimedia to make your trip as pleasant as possible.<br \/>\nIn addition to the standard transportation service, we also offer the possibility of <strong>renting minibuses<\/strong>, buses or vans for city <strong>sightseeing<\/strong>, <strong>excursions<\/strong>, ski tours, shopping tours, visits to spas, mountains and other tourist attractions in <strong>Serbia<\/strong> and the region.<\/p>\n<p><strong>FLiX Transfers<\/strong> by M<strong>inibus<\/strong>, B<strong>us<\/strong> and <strong>Van<\/strong> are not a regular line service but exclusively individual transportation and refers to groups of passengers who need this type of our service and is contracted according to your needs.\u00a0 With the multi-day vehicle rental service with a driver, the client of this service is obliged to provide our driver with accommodation and food.<\/p>\n<p>Our other services:<br \/>\n<strong>Transfers<\/strong> by car or minivan to the airports of <a href=\"https:\/\/flix.rs\/en\/airport-belgrade-shuttle-transfer\/\">Belgrade<\/a>, <a href=\"https:\/\/flix.rs\/en\/airport-nis-shuttle-transfer\/\">Ni\u0161<\/a>, <a href=\"https:\/\/flix.rs\/en\/airport-sofija-shuttle-transfer\/\">Sofia<\/a>, <a href=\"https:\/\/flix.rs\/en\/airport-skopje-shuttle-transfer\/\">Skopje<\/a>, Pristina or else.<br \/>\n<strong>Transfers<\/strong> to cities and tourist centers in <em>Serbia<\/em> &#8211; <em>Kopaonik<\/em>, Vrnja\u010dka Banja, <em>Zlatibor<\/em>, Sokobanja, Srebrno Jezero, Stara Planina, <strong>Novi Sad<\/strong>, <em>Kragujevac<\/em>, Subotica&#8230;<\/p>\n<p>Individual transfers to tourist centers in the <strong>Republic of Serbia<\/strong> and the region.<\/p>\n<p><strong>Transfers <\/strong>can be organized by passenger car in economy and business class. Also, it is possible to transport a larger number of passengers with a larger amount of luggage, in the <em>MPV<\/em> class as well as a classic van, which is intended for the transportation of up to 8 passengers and a large amount of luggage &#8211; up to 12 suitcases. All our vehicles are of the latest generation, which guarantee that your trip will be comfortable and pleasant.<br \/>\nSince the <strong>FLiX<\/strong> passenger transportation service is defined as individual transportation, you determine the place and time of departure. If you wish, there is also an option to share your transportation costs with other passengers.<\/p>\n<p>On our website, you have the <a href=\"https:\/\/flix.rs\/en\/special-inquiry\/\">option\u00a0<\/a> to choose one of the routes that our clients use the most or send us an inquiry for any other destination. Our operators will answer you as soon as possible.\u00a0Our many years of experience in transporting passengers is a guarantee that you will be at your final destination at the requested time, which, among other things, is confirmed by the <a href=\"https:\/\/flix.rs\/en\/customer-reviews\/\">experiences<\/a> of our clients.<\/p>\n<p>According to the choice of our passengers and the <a href=\"https:\/\/www.tripadvisor.com\/Attraction_Review-g295382-d20058758-Reviews-Nis_Airport_Shuttle_Taxi-Nis_Central_Serbia.html\">TripAdvisor<\/a> company, we were chosen as the most reliable passenger carrier in this part of Serbia and the region.<\/p>\n<p><img loading=\"lazy\" decoding=\"async\" width=\"257\" height=\"300\" class=\"alignnone size-medium wp-image-13619\" src=\"https:\/\/flix.rs\/wp-content\/uploads\/2023\/01\/Trip-Advisor-Award-1-257x300.jpg\" alt=\"TripAdvisor Travelers Choice 2022\" srcset=\"https:\/\/flix.rs\/wp-content\/uploads\/2023\/01\/Trip-Advisor-Award-1-257x300.jpg 257w, https:\/\/flix.rs\/wp-content\/uploads\/2023\/01\/Trip-Advisor-Award-1-10x12.jpg 10w, https:\/\/flix.rs\/wp-content\/uploads\/2023\/01\/Trip-Advisor-Award-1-86x100.jpg 86w, https:\/\/flix.rs\/wp-content\/uploads\/2023\/01\/Trip-Advisor-Award-1.jpg 425w\" sizes=\"(max-width: 257px) 100vw, 257px\" \/><\/p>\n<p>A large number of our clients are tourists and business people from the countries of the <a href=\"https:\/\/european-union.europa.eu\/index_en\">European Union<\/a> and region.<\/p>\n<p><img loading=\"lazy\" decoding=\"async\" width=\"1270\" height=\"551\" class=\"alignnone size-full wp-image-13795\" src=\"https:\/\/flix.rs\/wp-content\/uploads\/2023\/04\/crop-footer-e1682251680542.jpg\" alt=\"Minibus Prevoz Nis\" srcset=\"https:\/\/flix.rs\/wp-content\/uploads\/2023\/04\/crop-footer-e1682251680542.jpg 1270w, https:\/\/flix.rs\/wp-content\/uploads\/2023\/04\/crop-footer-e1682251680542-300x130.jpg 300w, https:\/\/flix.rs\/wp-content\/uploads\/2023\/04\/crop-footer-e1682251680542-1024x444.jpg 1024w, https:\/\/flix.rs\/wp-content\/uploads\/2023\/04\/crop-footer-e1682251680542-768x333.jpg 768w, https:\/\/flix.rs\/wp-content\/uploads\/2023\/04\/crop-footer-e1682251680542-18x8.jpg 18w, https:\/\/flix.rs\/wp-content\/uploads\/2023\/04\/crop-footer-e1682251680542-100x43.jpg 100w\" sizes=\"(max-width: 1270px) 100vw, 1270px\" \/><\/p>\n\n\t\t<\/div>\n\t<\/div>\n<\/div><\/div><\/div><\/div><\/div>","protected":false},"excerpt":{"rendered":"[:sr] Minibus\u00a0 Prevoz Ni\u0161 Kombi prevoz Ni\u0161 Minibus prevoz\u00a0 Ni\u0161. Prevoz kombijem i autobusom. Na\u0161a kompanija Vam omogu\u0107uje prevoz koji podrazumeva iznajmljivanje vozila sa voza\u010dem i organizaciju putovanja prema Va\u0161im potrebama, tako da Vi odre\u0111ujete rutu putovanja. Prevoz se obavlja Minibusom 20+1, klasi\u010dnim autobusom koji mo\u017ee prevesti do 50 putnika sa njihovim prtljagom kao i","protected":false},"author":3,"featured_media":13792,"parent":0,"menu_order":0,"comment_status":"closed","ping_status":"closed","template":"","meta":{"footnotes":""},"yoast_head":"<!-- This site is optimized with the Yoast SEO plugin v24.5 - https:\/\/yoast.com\/wordpress\/plugins\/seo\/ -->\n<title>Minibus Prevoz Ni\u0161<\/title>\n<meta name=\"description\" content=\"Individualni prevoz grupa putnika minibusom, autobusom i kombijem. Najam vozila sa voza\u010dem. Pouzdano, povoljno.\" \/>\n<meta name=\"robots\" content=\"index, follow, max-snippet:-1, max-image-preview:large, max-video-preview:-1\" \/>\n<link rel=\"canonical\" href=\"https:\/\/flix.rs\/en\/minibus-prevoz-nis-kombi-prevoz-nis\/\" \/>\n<meta property=\"og:locale\" content=\"en_GB\" \/>\n<meta property=\"og:type\" content=\"article\" \/>\n<meta property=\"og:title\" content=\"Minibus Prevoz Ni\u0161\" \/>\n<meta property=\"og:description\" content=\"Individualni prevoz grupa putnika minibusom, autobusom i kombijem. Najam vozila sa voza\u010dem. Pouzdano, povoljno.\" \/>\n<meta property=\"og:url\" content=\"https:\/\/flix.rs\/en\/minibus-prevoz-nis-kombi-prevoz-nis\/\" \/>\n<meta property=\"og:site_name\" content=\"Flix.rs\" \/>\n<meta property=\"article:publisher\" content=\"https:\/\/www.facebook.com\/prevoz.putnika.nis\" \/>\n<meta property=\"article:modified_time\" content=\"2023-04-23T12:18:12+00:00\" \/>\n<meta property=\"og:image\" content=\"https:\/\/flix.rs\/wp-content\/uploads\/2023\/04\/za-sajt-e1682242497818.png\" \/>\n\t<meta property=\"og:image:width\" content=\"1280\" \/>\n\t<meta property=\"og:image:height\" content=\"720\" \/>\n\t<meta property=\"og:image:type\" content=\"image\/png\" \/>\n<meta name=\"twitter:card\" content=\"summary_large_image\" \/>\n<meta name=\"twitter:site\" content=\"@Prevozputnika1\" \/>\n<meta name=\"twitter:label1\" content=\"Estimated reading time\" \/>\n\t<meta name=\"twitter:data1\" content=\"6 minutes\" \/>\n<script type=\"application\/ld+json\" class=\"yoast-schema-graph\">{\"@context\":\"https:\/\/schema.org\",\"@graph\":[{\"@type\":\"WebPage\",\"@id\":\"https:\/\/flix.rs\/minibus-prevoz-nis-kombi-prevoz-nis\/\",\"url\":\"https:\/\/flix.rs\/minibus-prevoz-nis-kombi-prevoz-nis\/\",\"name\":\"Minibus Prevoz Ni\u0161\",\"isPartOf\":{\"@id\":\"https:\/\/flix.rs\/#website\"},\"primaryImageOfPage\":{\"@id\":\"https:\/\/flix.rs\/minibus-prevoz-nis-kombi-prevoz-nis\/#primaryimage\"},\"image\":{\"@id\":\"https:\/\/flix.rs\/minibus-prevoz-nis-kombi-prevoz-nis\/#primaryimage\"},\"thumbnailUrl\":\"https:\/\/flix.rs\/wp-content\/uploads\/2023\/04\/za-sajt-e1682242497818.png\",\"datePublished\":\"2023-04-23T10:12:30+00:00\",\"dateModified\":\"2023-04-23T12:18:12+00:00\",\"description\":\"Individualni prevoz grupa putnika minibusom, autobusom i kombijem. Najam vozila sa voza\u010dem. Pouzdano, povoljno.\",\"breadcrumb\":{\"@id\":\"https:\/\/flix.rs\/minibus-prevoz-nis-kombi-prevoz-nis\/#breadcrumb\"},\"inLanguage\":\"en-GB\",\"potentialAction\":[{\"@type\":\"ReadAction\",\"target\":[\"https:\/\/flix.rs\/minibus-prevoz-nis-kombi-prevoz-nis\/\"]}]},{\"@type\":\"ImageObject\",\"inLanguage\":\"en-GB\",\"@id\":\"https:\/\/flix.rs\/minibus-prevoz-nis-kombi-prevoz-nis\/#primaryimage\",\"url\":\"https:\/\/flix.rs\/wp-content\/uploads\/2023\/04\/za-sajt-e1682242497818.png\",\"contentUrl\":\"https:\/\/flix.rs\/wp-content\/uploads\/2023\/04\/za-sajt-e1682242497818.png\",\"width\":1280,\"height\":720,\"caption\":\"Minibus transfer Nis\"},{\"@type\":\"BreadcrumbList\",\"@id\":\"https:\/\/flix.rs\/minibus-prevoz-nis-kombi-prevoz-nis\/#breadcrumb\",\"itemListElement\":[{\"@type\":\"ListItem\",\"position\":1,\"name\":\"Home\",\"item\":\"https:\/\/flix.rs\/\"},{\"@type\":\"ListItem\",\"position\":2,\"name\":\"Minibus Prevoz Nis | Kombi Prevoz Nis\"}]},{\"@type\":\"WebSite\",\"@id\":\"https:\/\/flix.rs\/#website\",\"url\":\"https:\/\/flix.rs\/\",\"name\":\"Flix.rs\",\"description\":\"Va\u0161 prevoz do i sa aerodroma\",\"publisher\":{\"@id\":\"https:\/\/flix.rs\/#organization\"},\"potentialAction\":[{\"@type\":\"SearchAction\",\"target\":{\"@type\":\"EntryPoint\",\"urlTemplate\":\"https:\/\/flix.rs\/?s={search_term_string}\"},\"query-input\":{\"@type\":\"PropertyValueSpecification\",\"valueRequired\":true,\"valueName\":\"search_term_string\"}}],\"inLanguage\":\"en-GB\"},{\"@type\":\"Organization\",\"@id\":\"https:\/\/flix.rs\/#organization\",\"name\":\"Flix\",\"url\":\"https:\/\/flix.rs\/\",\"logo\":{\"@type\":\"ImageObject\",\"inLanguage\":\"en-GB\",\"@id\":\"https:\/\/flix.rs\/#\/schema\/logo\/image\/\",\"url\":\"https:\/\/flix.rs\/wp-content\/uploads\/2019\/12\/80805004_454427318816809_4019161238033399808_n.png\",\"contentUrl\":\"https:\/\/flix.rs\/wp-content\/uploads\/2019\/12\/80805004_454427318816809_4019161238033399808_n.png\",\"width\":120,\"height\":54,\"caption\":\"Flix\"},\"image\":{\"@id\":\"https:\/\/flix.rs\/#\/schema\/logo\/image\/\"},\"sameAs\":[\"https:\/\/www.facebook.com\/prevoz.putnika.nis\",\"https:\/\/x.com\/Prevozputnika1\"]}]}<\/script>\n<!-- \/ Yoast SEO plugin. -->","yoast_head_json":{"title":"Minibus Prevoz Ni\u0161","description":"Individualni prevoz grupa putnika minibusom, autobusom i kombijem. Najam vozila sa voza\u010dem. Pouzdano, povoljno.","robots":{"index":"index","follow":"follow","max-snippet":"max-snippet:-1","max-image-preview":"max-image-preview:large","max-video-preview":"max-video-preview:-1"},"canonical":"https:\/\/flix.rs\/en\/minibus-prevoz-nis-kombi-prevoz-nis\/","og_locale":"en_GB","og_type":"article","og_title":"Minibus Prevoz Ni\u0161","og_description":"Individualni prevoz grupa putnika minibusom, autobusom i kombijem. Najam vozila sa voza\u010dem. Pouzdano, povoljno.","og_url":"https:\/\/flix.rs\/en\/minibus-prevoz-nis-kombi-prevoz-nis\/","og_site_name":"Flix.rs","article_publisher":"https:\/\/www.facebook.com\/prevoz.putnika.nis","article_modified_time":"2023-04-23T12:18:12+00:00","og_image":[{"width":1280,"height":720,"url":"https:\/\/flix.rs\/wp-content\/uploads\/2023\/04\/za-sajt-e1682242497818.png","type":"image\/png"}],"twitter_card":"summary_large_image","twitter_site":"@Prevozputnika1","twitter_misc":{"Estimated reading time":"6 minutes"},"schema":{"@context":"https:\/\/schema.org","@graph":[{"@type":"WebPage","@id":"https:\/\/flix.rs\/minibus-prevoz-nis-kombi-prevoz-nis\/","url":"https:\/\/flix.rs\/minibus-prevoz-nis-kombi-prevoz-nis\/","name":"Minibus Prevoz Ni\u0161","isPartOf":{"@id":"https:\/\/flix.rs\/#website"},"primaryImageOfPage":{"@id":"https:\/\/flix.rs\/minibus-prevoz-nis-kombi-prevoz-nis\/#primaryimage"},"image":{"@id":"https:\/\/flix.rs\/minibus-prevoz-nis-kombi-prevoz-nis\/#primaryimage"},"thumbnailUrl":"https:\/\/flix.rs\/wp-content\/uploads\/2023\/04\/za-sajt-e1682242497818.png","datePublished":"2023-04-23T10:12:30+00:00","dateModified":"2023-04-23T12:18:12+00:00","description":"Individualni prevoz grupa putnika minibusom, autobusom i kombijem. Najam vozila sa voza\u010dem. Pouzdano, povoljno.","breadcrumb":{"@id":"https:\/\/flix.rs\/minibus-prevoz-nis-kombi-prevoz-nis\/#breadcrumb"},"inLanguage":"en-GB","potentialAction":[{"@type":"ReadAction","target":["https:\/\/flix.rs\/minibus-prevoz-nis-kombi-prevoz-nis\/"]}]},{"@type":"ImageObject","inLanguage":"en-GB","@id":"https:\/\/flix.rs\/minibus-prevoz-nis-kombi-prevoz-nis\/#primaryimage","url":"https:\/\/flix.rs\/wp-content\/uploads\/2023\/04\/za-sajt-e1682242497818.png","contentUrl":"https:\/\/flix.rs\/wp-content\/uploads\/2023\/04\/za-sajt-e1682242497818.png","width":1280,"height":720,"caption":"Minibus transfer Nis"},{"@type":"BreadcrumbList","@id":"https:\/\/flix.rs\/minibus-prevoz-nis-kombi-prevoz-nis\/#breadcrumb","itemListElement":[{"@type":"ListItem","position":1,"name":"Home","item":"https:\/\/flix.rs\/"},{"@type":"ListItem","position":2,"name":"Minibus Prevoz Nis | Kombi Prevoz Nis"}]},{"@type":"WebSite","@id":"https:\/\/flix.rs\/#website","url":"https:\/\/flix.rs\/","name":"Flix.rs","description":"Va\u0161 prevoz do i sa aerodroma","publisher":{"@id":"https:\/\/flix.rs\/#organization"},"potentialAction":[{"@type":"SearchAction","target":{"@type":"EntryPoint","urlTemplate":"https:\/\/flix.rs\/?s={search_term_string}"},"query-input":{"@type":"PropertyValueSpecification","valueRequired":true,"valueName":"search_term_string"}}],"inLanguage":"en-GB"},{"@type":"Organization","@id":"https:\/\/flix.rs\/#organization","name":"Flix","url":"https:\/\/flix.rs\/","logo":{"@type":"ImageObject","inLanguage":"en-GB","@id":"https:\/\/flix.rs\/#\/schema\/logo\/image\/","url":"https:\/\/flix.rs\/wp-content\/uploads\/2019\/12\/80805004_454427318816809_4019161238033399808_n.png","contentUrl":"https:\/\/flix.rs\/wp-content\/uploads\/2019\/12\/80805004_454427318816809_4019161238033399808_n.png","width":120,"height":54,"caption":"Flix"},"image":{"@id":"https:\/\/flix.rs\/#\/schema\/logo\/image\/"},"sameAs":["https:\/\/www.facebook.com\/prevoz.putnika.nis","https:\/\/x.com\/Prevozputnika1"]}]}},"_links":{"self":[{"href":"https:\/\/flix.rs\/en\/wp-json\/wp\/v2\/pages\/13791"}],"collection":[{"href":"https:\/\/flix.rs\/en\/wp-json\/wp\/v2\/pages"}],"about":[{"href":"https:\/\/flix.rs\/en\/wp-json\/wp\/v2\/types\/page"}],"author":[{"embeddable":true,"href":"https:\/\/flix.rs\/en\/wp-json\/wp\/v2\/users\/3"}],"replies":[{"embeddable":true,"href":"https:\/\/flix.rs\/en\/wp-json\/wp\/v2\/comments?post=13791"}],"version-history":[{"count":5,"href":"https:\/\/flix.rs\/en\/wp-json\/wp\/v2\/pages\/13791\/revisions"}],"predecessor-version":[{"id":13800,"href":"https:\/\/flix.rs\/en\/wp-json\/wp\/v2\/pages\/13791\/revisions\/13800"}],"wp:featuredmedia":[{"embeddable":true,"href":"https:\/\/flix.rs\/en\/wp-json\/wp\/v2\/media\/13792"}],"wp:attachment":[{"href":"https:\/\/flix.rs\/en\/wp-json\/wp\/v2\/media?parent=13791"}],"curies":[{"name":"wp","href":"https:\/\/api.w.org\/{rel}","templated":true}]}}