{"id":13778,"date":"2023-04-16T20:04:38","date_gmt":"2023-04-16T19:04:38","guid":{"rendered":"https:\/\/flix.rs\/?page_id=13778"},"modified":"2023-04-16T20:04:38","modified_gmt":"2023-04-16T19:04:38","slug":"prevoz-aerodrom-nis-valjevo-prevoz-zvornik-nis-aerodrom","status":"publish","type":"page","link":"https:\/\/flix.rs\/en\/transfer-nis-airport-valjevo-transfer-zvornik-nis-airport\/","title":{"rendered":"Transfer: Nis Airport &#8211; Valjevo | Transfer: Zvornik &#8211; Nis Airport"},"content":{"rendered":"<div  class=\"wpb_row vc_row-fluid content-wrapper content-wrapper-standard clearfix\" style=\"padding-left: 0px; padding-right: 0px; \"><div class=\"col span_12\"><div class=\"wpb_column vc_column_container vc_col-sm-12\"><div class=\"vc_column-inner\"><div class=\"wpb_wrapper\">\n\t<div class=\"wpb_text_column wpb_content_element\" >\n\t\t<div class=\"wpb_wrapper\">\n\t\t\t<p><\/p>\n\n\t\t<\/div>\n\t<\/div>\n<\/div><\/div><\/div><\/div><\/div><div  class=\"wpb_row vc_row-fluid content-wrapper content-wrapper-standard clearfix\" style=\"padding-left: 0px; padding-right: 0px; \"><div class=\"col span_12\"><div class=\"wpb_column vc_column_container vc_col-sm-12\"><div class=\"vc_column-inner\"><div class=\"wpb_wrapper\">\n\t<div class=\"wpb_text_column wpb_content_element\" >\n\t\t<div class=\"wpb_wrapper\">\n\t\t\t<h3>Transfer Nis Valjevo<\/h3>\n<h3>Transfer Zvornik Nis<\/h3>\n\n\t\t<\/div>\n\t<\/div>\n<\/div><\/div><\/div><\/div><\/div><div  class=\"wpb_row vc_row-fluid content-wrapper content-wrapper-standard clearfix\" style=\"padding-left: 0px; padding-right: 0px; \"><div class=\"col span_12\"><div class=\"wpb_column vc_column_container vc_col-sm-12\"><div class=\"vc_column-inner\"><div class=\"wpb_wrapper\"><h3 class=\"center-title\"><\/h3><div class=\"title-block2\"><\/div><\/div><\/div><\/div><\/div><\/div><div  class=\"wpb_row vc_row-fluid content-wrapper content-wrapper-standard clearfix\" style=\"padding-left: 0px; padding-right: 0px; \"><div class=\"col span_12\"><div class=\"wpb_column vc_column_container vc_col-sm-12\"><div class=\"vc_column-inner\"><div class=\"wpb_wrapper\">\n\t<div  class=\"wpb_single_image wpb_content_element vc_align_left\">\n\t\t\n\t\t<figure class=\"wpb_wrapper vc_figure\">\n\t\t\t<div class=\"vc_single_image-wrapper   vc_box_border_grey\"><img loading=\"lazy\" decoding=\"async\" class=\"vc_single_image-img\" src=\"https:\/\/flix.rs\/wp-content\/uploads\/2023\/04\/Valjevo-Aktron-Wikimedia-Commons-CC-BY-3.0-scaled-e1681670143439.jpg\" width=\"1280\" height=\"804\" alt=\"Prevoz Ni\u0161 Valjevo\" title=\"PHOTO | Aktron Wikimedia Commons CC BY 3.0\" \/><\/div>\n\t\t<\/figure>\n\t<\/div>\n<\/div><\/div><\/div><\/div><\/div><div  class=\"wpb_row vc_row-fluid content-wrapper content-wrapper-standard clearfix\" style=\"padding-left: 0px; padding-right: 0px; \"><div class=\"col span_12\"><div class=\"wpb_column vc_column_container vc_col-sm-12\"><div class=\"vc_column-inner\"><div class=\"wpb_wrapper\">\n\t<div class=\"wpb_text_column wpb_content_element\" >\n\t\t<div class=\"wpb_wrapper\">\n\t\t\t<p><a href=\"https:\/\/flix.rs\/en\/airport-nis-shuttle-transfer\/\">Transfer Nis Airport Valjevo<\/a>, <a href=\"https:\/\/flix.rs\/en\/airport-belgrade-shuttle-transfer\/\">Transfer Zvornik Nis Airport<\/a>. We provide <strong>transfer<\/strong> services from <strong>Ni\u0161<\/strong> to <strong>Valjevo<\/strong> and back, as well as transportation from <strong>Ni\u0161<\/strong> to <strong>Zvornik<\/strong>. Possible transfers to <strong>Belgrade Airport<\/strong>, Novi Sad, Subotica, <strong>Loznica<\/strong>, Div\u010dibare. Transfers to cities and tourist centers in Serbia &#8211; Kopaonik, Vrnja\u010dka Banja, Sokobanja, Srebrno Jezero, Stara Planina&#8230; It is possible to organize transportation from <strong>Constantine the Great Airport Ni\u0161<\/strong>, airports and cities of <a href=\"https:\/\/flix.rs\/en\/airport-sofija-shuttle-transfer\/\">Sofia<\/a>, <a href=\"https:\/\/flix.rs\/en\/airport-skopje-shuttle-transfer\/\">Skopje<\/a>, Thessaloniki, <strong>Pristina<\/strong>.<\/p>\n<p>Number for info and booking\u00a0<a href=\"tel: 38163456515\">+381 63 456 515<\/a><br \/>\nOnline booking\u00a0\u00a0<a href=\"https:\/\/flix.rs\/en\/booking\/\">https:\/\/flix.rs\/en\/booking\/<\/a><\/p>\n<p><strong>Transfer<\/strong> can be organized by passenger car in economy and business class. Also, it is possible to transport a larger number of passengers with a larger amount of luggage, in the <em>MPV<\/em> class as well as a classic <strong>v<\/strong>an, which is intended for the transportation of up to 8 passengers and a large amount of luggage &#8211; up to 12 suitcases. All our vehicles are of the latest generation, which guarantee that your trip will be comfortable and pleasant.<\/p>\n<p>Since the <em>FLiX<\/em> passenger transportation service is defined as individual transportation, you determine the place and time of departure. If you wish, there is also an option to share your transportation costs with other passengers.<\/p>\n<p>On our website, you have the <a href=\"https:\/\/flix.rs\/en\/special-inquiry\/\">option<\/a> to choose one of the routes that our clients use the most or send us an inquiry for any other destination. Our operators will answer you as soon as possible. Our many years of experience in transporting passengers is a guarantee that you will be at your final destination at the requested time, which, among other things, is confirmed by <a href=\"https:\/\/flix.rs\/en\/customer-reviews\/\">the experiences of our clients<\/a>.<\/p>\n<p>According to the choice of our passengers and the company <a href=\"https:\/\/www.tripadvisor.com\/Attraction_Review-g295382-d20058758-Reviews-Nis_Airport_Shuttle_Taxi-Nis_Central_Serbia.html\">TripAdvisor<\/a>, we were chosen as the most reliable passenger carrier in this part of Serbia and the region.<\/p>\n<p><img loading=\"lazy\" decoding=\"async\" width=\"257\" height=\"300\" class=\"alignnone size-medium wp-image-13619\" src=\"https:\/\/flix.rs\/wp-content\/uploads\/2023\/01\/Trip-Advisor-Award-1-257x300.jpg\" alt=\"TripAdvisor Travelers Choice 2022\" srcset=\"https:\/\/flix.rs\/wp-content\/uploads\/2023\/01\/Trip-Advisor-Award-1-257x300.jpg 257w, https:\/\/flix.rs\/wp-content\/uploads\/2023\/01\/Trip-Advisor-Award-1-10x12.jpg 10w, https:\/\/flix.rs\/wp-content\/uploads\/2023\/01\/Trip-Advisor-Award-1-86x100.jpg 86w, https:\/\/flix.rs\/wp-content\/uploads\/2023\/01\/Trip-Advisor-Award-1.jpg 425w\" sizes=\"(max-width: 257px) 100vw, 257px\" \/><\/p>\n<p>The ride from <strong>Constantine the Great Airport Ni\u0161<\/strong> to <strong>Valjevo<\/strong> takes about 3.5 hours and is carried out on the <strong>Ni\u0161-Belgrade<\/strong> <em>highway<\/em>, corridor E75. Near Bato\u010dina, you travel to Kragujevac on the main road reserved for the movement of motor vehicles, then you pass through Mr\u010dajevci and near <strong>\u010ca\u010dak<\/strong>, you take the <em>Milo\u0161 Veliki Highway<\/em> towards <strong>Valjevo<\/strong>. The distance from the airport of the largest city in the south of <a href=\"https:\/\/www.srbija.gov.rs\/\">Serbia<\/a> to <strong>Valjevo<\/strong> is 290 km. The journey can be prolonged during the summer season when, especially on weekends, there are huge crowds, both on the highway itself and on the ramps, as well as due to summer highway maintenance work.<br \/>\nIt takes an additional hour of <strong>travel<\/strong> time and 60 km to get to <strong>Zvornik<\/strong>.<\/p>\n\n\t\t<\/div>\n\t<\/div>\n<\/div><\/div><\/div><\/div><\/div>","protected":false},"excerpt":{"rendered":"[:sr] Prevoz Ni\u0161 Valjevo Prevoz Zvornik Ni\u0161 Prevoz\u00a0 Aerodrom Ni\u0161 Valjevo, Prevoz Zvornik Ni\u0161 Aerodrom.\u00a0 Obavljamo usluge prevoza od Ni\u0161a do Valjeva i nazad kao i prevoz Ni\u0161 - Zvornik. Mogu\u0107 prevoz i do Aerodroma u Beogradu, Novog Sada, Subotice, Loznice, Div\u010dibara. Prevoz do gradova i turusti\u010dkih cenatra u Srbiji \u2013 Kopaonik, Vrnja\u010dka Banja, Sokobanja,","protected":false},"author":3,"featured_media":13779,"parent":0,"menu_order":0,"comment_status":"closed","ping_status":"closed","template":"","meta":{"footnotes":""},"yoast_head":"<!-- This site is optimized with the Yoast SEO plugin v24.5 - https:\/\/yoast.com\/wordpress\/plugins\/seo\/ -->\n<title>Transfer Nis Valjevo<\/title>\n<meta name=\"description\" content=\"Book online your private transfer from Nis Airport to Valjevo. Transfer to Zvornik. Reliable and favorably.\" \/>\n<meta name=\"robots\" content=\"index, follow, max-snippet:-1, max-image-preview:large, max-video-preview:-1\" \/>\n<link rel=\"canonical\" href=\"https:\/\/flix.rs\/en\/prevoz-aerodrom-nis-valjevo-prevoz-zvornik-nis-aerodrom\/\" \/>\n<meta property=\"og:locale\" content=\"en_GB\" \/>\n<meta property=\"og:type\" content=\"article\" \/>\n<meta property=\"og:title\" content=\"Transfer Nis Valjevo\" \/>\n<meta property=\"og:description\" content=\"Book online your private transfer from Nis Airport to Valjevo. Transfer to Zvornik. Reliable and favorably.\" \/>\n<meta property=\"og:url\" content=\"https:\/\/flix.rs\/en\/prevoz-aerodrom-nis-valjevo-prevoz-zvornik-nis-aerodrom\/\" \/>\n<meta property=\"og:site_name\" content=\"Flix.rs\" \/>\n<meta property=\"article:publisher\" content=\"https:\/\/www.facebook.com\/prevoz.putnika.nis\" \/>\n<meta property=\"og:image\" content=\"https:\/\/flix.rs\/wp-content\/uploads\/2023\/04\/Valjevo-Aktron-Wikimedia-Commons-CC-BY-3.0-scaled-e1681670143439.jpg\" \/>\n\t<meta property=\"og:image:width\" content=\"1280\" \/>\n\t<meta property=\"og:image:height\" content=\"804\" \/>\n\t<meta property=\"og:image:type\" content=\"image\/jpeg\" \/>\n<meta name=\"twitter:card\" content=\"summary_large_image\" \/>\n<meta name=\"twitter:site\" content=\"@Prevozputnika1\" \/>\n<meta name=\"twitter:label1\" content=\"Estimated reading time\" \/>\n\t<meta name=\"twitter:data1\" content=\"5 minutes\" \/>\n<script type=\"application\/ld+json\" class=\"yoast-schema-graph\">{\"@context\":\"https:\/\/schema.org\",\"@graph\":[{\"@type\":\"WebPage\",\"@id\":\"https:\/\/flix.rs\/prevoz-aerodrom-nis-valjevo-prevoz-zvornik-nis-aerodrom\/\",\"url\":\"https:\/\/flix.rs\/prevoz-aerodrom-nis-valjevo-prevoz-zvornik-nis-aerodrom\/\",\"name\":\"Transfer Nis Valjevo\",\"isPartOf\":{\"@id\":\"https:\/\/flix.rs\/#website\"},\"primaryImageOfPage\":{\"@id\":\"https:\/\/flix.rs\/prevoz-aerodrom-nis-valjevo-prevoz-zvornik-nis-aerodrom\/#primaryimage\"},\"image\":{\"@id\":\"https:\/\/flix.rs\/prevoz-aerodrom-nis-valjevo-prevoz-zvornik-nis-aerodrom\/#primaryimage\"},\"thumbnailUrl\":\"https:\/\/flix.rs\/wp-content\/uploads\/2023\/04\/Valjevo-Aktron-Wikimedia-Commons-CC-BY-3.0-scaled-e1681670143439.jpg\",\"datePublished\":\"2023-04-16T19:04:38+00:00\",\"description\":\"Book online your private transfer from Nis Airport to Valjevo. Transfer to Zvornik. Reliable and favorably.\",\"breadcrumb\":{\"@id\":\"https:\/\/flix.rs\/prevoz-aerodrom-nis-valjevo-prevoz-zvornik-nis-aerodrom\/#breadcrumb\"},\"inLanguage\":\"en-GB\",\"potentialAction\":[{\"@type\":\"ReadAction\",\"target\":[\"https:\/\/flix.rs\/prevoz-aerodrom-nis-valjevo-prevoz-zvornik-nis-aerodrom\/\"]}]},{\"@type\":\"ImageObject\",\"inLanguage\":\"en-GB\",\"@id\":\"https:\/\/flix.rs\/prevoz-aerodrom-nis-valjevo-prevoz-zvornik-nis-aerodrom\/#primaryimage\",\"url\":\"https:\/\/flix.rs\/wp-content\/uploads\/2023\/04\/Valjevo-Aktron-Wikimedia-Commons-CC-BY-3.0-scaled-e1681670143439.jpg\",\"contentUrl\":\"https:\/\/flix.rs\/wp-content\/uploads\/2023\/04\/Valjevo-Aktron-Wikimedia-Commons-CC-BY-3.0-scaled-e1681670143439.jpg\",\"width\":1280,\"height\":804,\"caption\":\"Prevoz Ni\u0161 Valjevo\"},{\"@type\":\"BreadcrumbList\",\"@id\":\"https:\/\/flix.rs\/prevoz-aerodrom-nis-valjevo-prevoz-zvornik-nis-aerodrom\/#breadcrumb\",\"itemListElement\":[{\"@type\":\"ListItem\",\"position\":1,\"name\":\"Home\",\"item\":\"https:\/\/flix.rs\/\"},{\"@type\":\"ListItem\",\"position\":2,\"name\":\"Prevoz: Aerodrom Nis &#8211; Valjevo | Prevoz: Zvornik &#8211; Nis Aerodrom\"}]},{\"@type\":\"WebSite\",\"@id\":\"https:\/\/flix.rs\/#website\",\"url\":\"https:\/\/flix.rs\/\",\"name\":\"Flix.rs\",\"description\":\"Va\u0161 prevoz do i sa aerodroma\",\"publisher\":{\"@id\":\"https:\/\/flix.rs\/#organization\"},\"potentialAction\":[{\"@type\":\"SearchAction\",\"target\":{\"@type\":\"EntryPoint\",\"urlTemplate\":\"https:\/\/flix.rs\/?s={search_term_string}\"},\"query-input\":{\"@type\":\"PropertyValueSpecification\",\"valueRequired\":true,\"valueName\":\"search_term_string\"}}],\"inLanguage\":\"en-GB\"},{\"@type\":\"Organization\",\"@id\":\"https:\/\/flix.rs\/#organization\",\"name\":\"Flix\",\"url\":\"https:\/\/flix.rs\/\",\"logo\":{\"@type\":\"ImageObject\",\"inLanguage\":\"en-GB\",\"@id\":\"https:\/\/flix.rs\/#\/schema\/logo\/image\/\",\"url\":\"https:\/\/flix.rs\/wp-content\/uploads\/2019\/12\/80805004_454427318816809_4019161238033399808_n.png\",\"contentUrl\":\"https:\/\/flix.rs\/wp-content\/uploads\/2019\/12\/80805004_454427318816809_4019161238033399808_n.png\",\"width\":120,\"height\":54,\"caption\":\"Flix\"},\"image\":{\"@id\":\"https:\/\/flix.rs\/#\/schema\/logo\/image\/\"},\"sameAs\":[\"https:\/\/www.facebook.com\/prevoz.putnika.nis\",\"https:\/\/x.com\/Prevozputnika1\"]}]}<\/script>\n<!-- \/ Yoast SEO plugin. -->","yoast_head_json":{"title":"Transfer Nis Valjevo","description":"Book online your private transfer from Nis Airport to Valjevo. Transfer to Zvornik. Reliable and favorably.","robots":{"index":"index","follow":"follow","max-snippet":"max-snippet:-1","max-image-preview":"max-image-preview:large","max-video-preview":"max-video-preview:-1"},"canonical":"https:\/\/flix.rs\/en\/prevoz-aerodrom-nis-valjevo-prevoz-zvornik-nis-aerodrom\/","og_locale":"en_GB","og_type":"article","og_title":"Transfer Nis Valjevo","og_description":"Book online your private transfer from Nis Airport to Valjevo. Transfer to Zvornik. Reliable and favorably.","og_url":"https:\/\/flix.rs\/en\/prevoz-aerodrom-nis-valjevo-prevoz-zvornik-nis-aerodrom\/","og_site_name":"Flix.rs","article_publisher":"https:\/\/www.facebook.com\/prevoz.putnika.nis","og_image":[{"width":1280,"height":804,"url":"https:\/\/flix.rs\/wp-content\/uploads\/2023\/04\/Valjevo-Aktron-Wikimedia-Commons-CC-BY-3.0-scaled-e1681670143439.jpg","type":"image\/jpeg"}],"twitter_card":"summary_large_image","twitter_site":"@Prevozputnika1","twitter_misc":{"Estimated reading time":"5 minutes"},"schema":{"@context":"https:\/\/schema.org","@graph":[{"@type":"WebPage","@id":"https:\/\/flix.rs\/prevoz-aerodrom-nis-valjevo-prevoz-zvornik-nis-aerodrom\/","url":"https:\/\/flix.rs\/prevoz-aerodrom-nis-valjevo-prevoz-zvornik-nis-aerodrom\/","name":"Transfer Nis Valjevo","isPartOf":{"@id":"https:\/\/flix.rs\/#website"},"primaryImageOfPage":{"@id":"https:\/\/flix.rs\/prevoz-aerodrom-nis-valjevo-prevoz-zvornik-nis-aerodrom\/#primaryimage"},"image":{"@id":"https:\/\/flix.rs\/prevoz-aerodrom-nis-valjevo-prevoz-zvornik-nis-aerodrom\/#primaryimage"},"thumbnailUrl":"https:\/\/flix.rs\/wp-content\/uploads\/2023\/04\/Valjevo-Aktron-Wikimedia-Commons-CC-BY-3.0-scaled-e1681670143439.jpg","datePublished":"2023-04-16T19:04:38+00:00","description":"Book online your private transfer from Nis Airport to Valjevo. Transfer to Zvornik. Reliable and favorably.","breadcrumb":{"@id":"https:\/\/flix.rs\/prevoz-aerodrom-nis-valjevo-prevoz-zvornik-nis-aerodrom\/#breadcrumb"},"inLanguage":"en-GB","potentialAction":[{"@type":"ReadAction","target":["https:\/\/flix.rs\/prevoz-aerodrom-nis-valjevo-prevoz-zvornik-nis-aerodrom\/"]}]},{"@type":"ImageObject","inLanguage":"en-GB","@id":"https:\/\/flix.rs\/prevoz-aerodrom-nis-valjevo-prevoz-zvornik-nis-aerodrom\/#primaryimage","url":"https:\/\/flix.rs\/wp-content\/uploads\/2023\/04\/Valjevo-Aktron-Wikimedia-Commons-CC-BY-3.0-scaled-e1681670143439.jpg","contentUrl":"https:\/\/flix.rs\/wp-content\/uploads\/2023\/04\/Valjevo-Aktron-Wikimedia-Commons-CC-BY-3.0-scaled-e1681670143439.jpg","width":1280,"height":804,"caption":"Prevoz Ni\u0161 Valjevo"},{"@type":"BreadcrumbList","@id":"https:\/\/flix.rs\/prevoz-aerodrom-nis-valjevo-prevoz-zvornik-nis-aerodrom\/#breadcrumb","itemListElement":[{"@type":"ListItem","position":1,"name":"Home","item":"https:\/\/flix.rs\/"},{"@type":"ListItem","position":2,"name":"Prevoz: Aerodrom Nis &#8211; Valjevo | Prevoz: Zvornik &#8211; Nis Aerodrom"}]},{"@type":"WebSite","@id":"https:\/\/flix.rs\/#website","url":"https:\/\/flix.rs\/","name":"Flix.rs","description":"Va\u0161 prevoz do i sa aerodroma","publisher":{"@id":"https:\/\/flix.rs\/#organization"},"potentialAction":[{"@type":"SearchAction","target":{"@type":"EntryPoint","urlTemplate":"https:\/\/flix.rs\/?s={search_term_string}"},"query-input":{"@type":"PropertyValueSpecification","valueRequired":true,"valueName":"search_term_string"}}],"inLanguage":"en-GB"},{"@type":"Organization","@id":"https:\/\/flix.rs\/#organization","name":"Flix","url":"https:\/\/flix.rs\/","logo":{"@type":"ImageObject","inLanguage":"en-GB","@id":"https:\/\/flix.rs\/#\/schema\/logo\/image\/","url":"https:\/\/flix.rs\/wp-content\/uploads\/2019\/12\/80805004_454427318816809_4019161238033399808_n.png","contentUrl":"https:\/\/flix.rs\/wp-content\/uploads\/2019\/12\/80805004_454427318816809_4019161238033399808_n.png","width":120,"height":54,"caption":"Flix"},"image":{"@id":"https:\/\/flix.rs\/#\/schema\/logo\/image\/"},"sameAs":["https:\/\/www.facebook.com\/prevoz.putnika.nis","https:\/\/x.com\/Prevozputnika1"]}]}},"_links":{"self":[{"href":"https:\/\/flix.rs\/en\/wp-json\/wp\/v2\/pages\/13778"}],"collection":[{"href":"https:\/\/flix.rs\/en\/wp-json\/wp\/v2\/pages"}],"about":[{"href":"https:\/\/flix.rs\/en\/wp-json\/wp\/v2\/types\/page"}],"author":[{"embeddable":true,"href":"https:\/\/flix.rs\/en\/wp-json\/wp\/v2\/users\/3"}],"replies":[{"embeddable":true,"href":"https:\/\/flix.rs\/en\/wp-json\/wp\/v2\/comments?post=13778"}],"version-history":[{"count":1,"href":"https:\/\/flix.rs\/en\/wp-json\/wp\/v2\/pages\/13778\/revisions"}],"predecessor-version":[{"id":13780,"href":"https:\/\/flix.rs\/en\/wp-json\/wp\/v2\/pages\/13778\/revisions\/13780"}],"wp:featuredmedia":[{"embeddable":true,"href":"https:\/\/flix.rs\/en\/wp-json\/wp\/v2\/media\/13779"}],"wp:attachment":[{"href":"https:\/\/flix.rs\/en\/wp-json\/wp\/v2\/media?parent=13778"}],"curies":[{"name":"wp","href":"https:\/\/api.w.org\/{rel}","templated":true}]}}