{"id":13767,"date":"2023-04-09T08:54:14","date_gmt":"2023-04-09T07:54:14","guid":{"rendered":"https:\/\/flix.rs\/?page_id=13767"},"modified":"2023-04-09T08:54:14","modified_gmt":"2023-04-09T07:54:14","slug":"prevoz-nis-aerodrom-krusevac-prevoz-krusevac-nis-aerodrom","status":"publish","type":"page","link":"https:\/\/flix.rs\/en\/transfer-nis-airport-krusevac-transfer-krusevac-nis-airport\/","title":{"rendered":"Transfer: Nis Airport &#8211; Krusevac | Transfer: Krusevac &#8211; Nis Airport"},"content":{"rendered":"<div  class=\"wpb_row vc_row-fluid content-wrapper content-wrapper-standard clearfix\" style=\"padding-left: 0px; padding-right: 0px; \"><div class=\"col span_12\"><div class=\"wpb_column vc_column_container vc_col-sm-12\"><div class=\"vc_column-inner\"><div class=\"wpb_wrapper\">\n\t<div class=\"wpb_text_column wpb_content_element\" >\n\t\t<div class=\"wpb_wrapper\">\n\t\t\t<p><\/p>\n\n\t\t<\/div>\n\t<\/div>\n<\/div><\/div><\/div><\/div><\/div><div  class=\"wpb_row vc_row-fluid content-wrapper content-wrapper-standard clearfix\" style=\"padding-left: 0px; padding-right: 0px; \"><div class=\"col span_12\"><div class=\"wpb_column vc_column_container vc_col-sm-12\"><div class=\"vc_column-inner\"><div class=\"wpb_wrapper\">\n\t<div class=\"wpb_text_column wpb_content_element\" >\n\t\t<div class=\"wpb_wrapper\">\n\t\t\t<h3>Transfer Nis Airport Krusevac<\/h3>\n<h3>Transfer\u00a0Krusevac\u00a0Nis Airport<\/h3>\n\n\t\t<\/div>\n\t<\/div>\n<\/div><\/div><\/div><\/div><\/div><div  class=\"wpb_row vc_row-fluid content-wrapper content-wrapper-standard clearfix\" style=\"padding-left: 0px; padding-right: 0px; \"><div class=\"col span_12\"><div class=\"wpb_column vc_column_container vc_col-sm-12\"><div class=\"vc_column-inner\"><div class=\"wpb_wrapper\"><h3 class=\"center-title\"><\/h3><div class=\"title-block2\"><\/div><\/div><\/div><\/div><\/div><\/div><div  class=\"wpb_row vc_row-fluid content-wrapper content-wrapper-standard clearfix\" style=\"padding-left: 0px; padding-right: 0px; \"><div class=\"col span_12\"><div class=\"wpb_column vc_column_container vc_col-sm-12\"><div class=\"vc_column-inner\"><div class=\"wpb_wrapper\">\n\t<div  class=\"wpb_single_image wpb_content_element vc_align_left\">\n\t\t\n\t\t<figure class=\"wpb_wrapper vc_figure\">\n\t\t\t<div class=\"vc_single_image-wrapper   vc_box_border_grey\"><img loading=\"lazy\" decoding=\"async\" class=\"vc_single_image-img\" src=\"https:\/\/flix.rs\/wp-content\/uploads\/2023\/04\/Aeronis-Wikimedia.org_-scaled-e1681025255998.jpg\" width=\"1280\" height=\"960\" alt=\"Prevoz Nis Krusevac\" title=\"PHOTO | WIKIMEDIA.ORG\" \/><\/div>\n\t\t<\/figure>\n\t<\/div>\n<\/div><\/div><\/div><\/div><\/div><div  class=\"wpb_row vc_row-fluid content-wrapper content-wrapper-standard clearfix\" style=\"padding-left: 0px; padding-right: 0px; \"><div class=\"col span_12\"><div class=\"wpb_column vc_column_container vc_col-sm-12\"><div class=\"vc_column-inner\"><div class=\"wpb_wrapper\">\n\t<div class=\"wpb_text_column wpb_content_element\" >\n\t\t<div class=\"wpb_wrapper\">\n\t\t\t<p><a href=\"https:\/\/flix.rs\/en\/airport-nis-shuttle-transfer\/\">Transfer Nis Airport Kru\u0161evac<\/a>, <a href=\"https:\/\/flix.rs\/en\/airport-belgrade-shuttle-transfer\/\">Transfer Kru\u0161evac Nis Airport<\/a>. We provide <strong>transfer<\/strong> services from <strong>Ni\u0161<\/strong> to <strong>Kru\u0161evac<\/strong> and back. Possible transportation to <strong>Belgrade Airport<\/strong>, Novi Sad, Subotica, Valjevo. Transfers to cities and tourist centers in Serbia &#8211; Kopaonik, Vrnja\u010dka Banja, Sokobanja, Srebrno Jezero, Stara Planina&#8230; It is possible to organize <em>transportation<\/em> from <strong>Constantine the Great Airport in Ni\u0161,<\/strong> airports and cities of <a href=\"https:\/\/flix.rs\/en\/airport-sofija-shuttle-transfer\/\">Sofia<\/a>, <a href=\"https:\/\/flix.rs\/en\/airport-skopje-shuttle-transfer\/\">Skopje<\/a>, <strong>Thessaloniki<\/strong>, <strong>Pristina<\/strong>.<\/p>\n<p>Individual transfers to tourist centers in the <strong>Republic of Serbia<\/strong> and the region.<\/p>\n<p>Number for info and booking\u00a0<a href=\"tel: 38163456515\">+381 63 456 515<\/a><br \/>\nOnline booking\u00a0\u00a0<a href=\"https:\/\/flix.rs\/en\/booking\/\">https:\/\/flix.rs\/en\/booking\/<\/a><\/p>\n<p><strong>Transfer<\/strong> can be organized by passenger car in economy and business class. Also, it is possible to transport a larger number of passengers with a larger amount of luggage, in the <em>MPV<\/em> class as well as a classic <em>van<\/em>, which is intended for the transportation of up to 8 passengers and a large amount of luggage &#8211; up to 12 suitcases. All our vehicles are of the latest generation, which guarantee that your trip will be comfortable and pleasant.<\/p>\n<p>Since the <strong>FLiX<\/strong>\u00a0 <em>private transfer<\/em> service is defined as individual transportation, you determine the place and time of departure. If you wish, there is also an option to share your transportation costs with other passengers.<\/p>\n<p>On our website, you have the <a href=\"https:\/\/flix.rs\/en\/special-inquiry\/\">option\u00a0<\/a> to choose one of the routes that our clients use the most or send us an inquiry for any other destination. Our operators will answer you as soon as possible.\u00a0Our many years of experience in transporting passengers is a guarantee that you will be at your final destination at the requested time, which, among other things, is confirmed by the <a href=\"https:\/\/flix.rs\/en\/customer-reviews\/\">experiences of our clients<\/a>.<\/p>\n<p>According to the choice of our passengers and the <a href=\"https:\/\/www.tripadvisor.com\/Attraction_Review-g295382-d20058758-Reviews-Nis_Airport_Shuttle_Taxi-Nis_Central_Serbia.html\">TripAdvisor<\/a> company , we were chosen as the most reliable passenger carrier in this part of Serbia and the region.<\/p>\n<p><img loading=\"lazy\" decoding=\"async\" width=\"257\" height=\"300\" class=\"alignnone size-medium wp-image-13619\" src=\"https:\/\/flix.rs\/wp-content\/uploads\/2023\/01\/Trip-Advisor-Award-1-257x300.jpg\" alt=\"TripAdvisor Travelers Choice 2022\" srcset=\"https:\/\/flix.rs\/wp-content\/uploads\/2023\/01\/Trip-Advisor-Award-1-257x300.jpg 257w, https:\/\/flix.rs\/wp-content\/uploads\/2023\/01\/Trip-Advisor-Award-1-10x12.jpg 10w, https:\/\/flix.rs\/wp-content\/uploads\/2023\/01\/Trip-Advisor-Award-1-86x100.jpg 86w, https:\/\/flix.rs\/wp-content\/uploads\/2023\/01\/Trip-Advisor-Award-1.jpg 425w\" sizes=\"(max-width: 257px) 100vw, 257px\" \/><\/p>\n<p>The journey from <a href=\"https:\/\/ini.aerodromisrbije.rs\/\">Constantine The Great\u00a0 Airport in Ni\u0161<\/a>\u00a0 to <strong>Kru\u0161evac<\/strong> takes 1 hour and is carried out along the <em>E75 corridor<\/em> and main and local roads. He passes by <strong>Aleksinac<\/strong>. From the <em>Ni\u0161-Belgrade highway<\/em>, exit at the <strong>Aleksina\u010dki Rudnici<\/strong> junction, drive along regional road 158 towards <strong>Deligrad<\/strong>, where you turn left towards <strong>\u0110unis<\/strong> and <strong>Ribarska Banja<\/strong>. The distance from the airport of the largest city in the south of Serbia to Kru\u0161evac is 72 km. . The journey can be prolonged during the summer season when, especially on weekends, there are huge crowds, both on the highway itself and on the ramps, as well as due to summer highway maintenance work.<\/p>\n\n\t\t<\/div>\n\t<\/div>\n<\/div><\/div><\/div><\/div><\/div>","protected":false},"excerpt":{"rendered":"[:sr] Prevoz Aerodrom Ni\u0161 - Kru\u0161evac Prevoz Kru\u0161evac - Ni\u0161 Aerodrom Prevoz\u00a0 Ni\u0161 Aerodrom Kru\u0161evac, Prevoz Kru\u0161evac Ni\u0161 Aerodrom.\u00a0 Obavljamo usluge prevoza od Ni\u0161a do Kru\u0161evca i nazad. Mogu\u0107 prevoz i do Aerodroma\u00a0 Beograd, Novog Sada, Subotice, Valjeva. Prevoz do gradova i turusti\u010dkih cenatra u Srbiji \u2013 Kopaonik, Vrnja\u010dka Banja, Sokobanja, Srebrno Jezero, Stara Planina","protected":false},"author":3,"featured_media":13768,"parent":0,"menu_order":0,"comment_status":"closed","ping_status":"closed","template":"","meta":{"footnotes":""},"yoast_head":"<!-- This site is optimized with the Yoast SEO plugin v24.5 - https:\/\/yoast.com\/wordpress\/plugins\/seo\/ -->\n<title>Prevoz Nis Aerodrom Krusevac<\/title>\n<meta name=\"description\" content=\"Rezervi\u0161ite online Va\u0161 privatni prevoz od Aerodroma Konstantin Veliki u Ni\u0161u do Kru\u0161evca i nazad. Pouzdano, sigurno, povoljno.\" \/>\n<meta name=\"robots\" content=\"index, follow, max-snippet:-1, max-image-preview:large, max-video-preview:-1\" \/>\n<link rel=\"canonical\" href=\"https:\/\/flix.rs\/en\/prevoz-nis-aerodrom-krusevac-prevoz-krusevac-nis-aerodrom\/\" \/>\n<meta property=\"og:locale\" content=\"en_GB\" \/>\n<meta property=\"og:type\" content=\"article\" \/>\n<meta property=\"og:title\" content=\"Prevoz Nis Aerodrom Krusevac\" \/>\n<meta property=\"og:description\" content=\"Rezervi\u0161ite online Va\u0161 privatni prevoz od Aerodroma Konstantin Veliki u Ni\u0161u do Kru\u0161evca i nazad. Pouzdano, sigurno, povoljno.\" \/>\n<meta property=\"og:url\" content=\"https:\/\/flix.rs\/en\/prevoz-nis-aerodrom-krusevac-prevoz-krusevac-nis-aerodrom\/\" \/>\n<meta property=\"og:site_name\" content=\"Flix.rs\" \/>\n<meta property=\"article:publisher\" content=\"https:\/\/www.facebook.com\/prevoz.putnika.nis\" \/>\n<meta property=\"og:image\" content=\"https:\/\/flix.rs\/wp-content\/uploads\/2023\/04\/Aeronis-Wikimedia.org_-scaled-e1681025255998.jpg\" \/>\n\t<meta property=\"og:image:width\" content=\"1280\" \/>\n\t<meta property=\"og:image:height\" content=\"960\" \/>\n\t<meta property=\"og:image:type\" content=\"image\/jpeg\" \/>\n<meta name=\"twitter:card\" content=\"summary_large_image\" \/>\n<meta name=\"twitter:site\" content=\"@Prevozputnika1\" \/>\n<meta name=\"twitter:label1\" content=\"Estimated reading time\" \/>\n\t<meta name=\"twitter:data1\" content=\"5 minutes\" \/>\n<script type=\"application\/ld+json\" class=\"yoast-schema-graph\">{\"@context\":\"https:\/\/schema.org\",\"@graph\":[{\"@type\":\"WebPage\",\"@id\":\"https:\/\/flix.rs\/prevoz-nis-aerodrom-krusevac-prevoz-krusevac-nis-aerodrom\/\",\"url\":\"https:\/\/flix.rs\/prevoz-nis-aerodrom-krusevac-prevoz-krusevac-nis-aerodrom\/\",\"name\":\"Prevoz Nis Aerodrom Krusevac\",\"isPartOf\":{\"@id\":\"https:\/\/flix.rs\/#website\"},\"primaryImageOfPage\":{\"@id\":\"https:\/\/flix.rs\/prevoz-nis-aerodrom-krusevac-prevoz-krusevac-nis-aerodrom\/#primaryimage\"},\"image\":{\"@id\":\"https:\/\/flix.rs\/prevoz-nis-aerodrom-krusevac-prevoz-krusevac-nis-aerodrom\/#primaryimage\"},\"thumbnailUrl\":\"https:\/\/flix.rs\/wp-content\/uploads\/2023\/04\/Aeronis-Wikimedia.org_-scaled-e1681025255998.jpg\",\"datePublished\":\"2023-04-09T07:54:14+00:00\",\"description\":\"Rezervi\u0161ite online Va\u0161 privatni prevoz od Aerodroma Konstantin Veliki u Ni\u0161u do Kru\u0161evca i nazad. Pouzdano, sigurno, povoljno.\",\"breadcrumb\":{\"@id\":\"https:\/\/flix.rs\/prevoz-nis-aerodrom-krusevac-prevoz-krusevac-nis-aerodrom\/#breadcrumb\"},\"inLanguage\":\"en-GB\",\"potentialAction\":[{\"@type\":\"ReadAction\",\"target\":[\"https:\/\/flix.rs\/prevoz-nis-aerodrom-krusevac-prevoz-krusevac-nis-aerodrom\/\"]}]},{\"@type\":\"ImageObject\",\"inLanguage\":\"en-GB\",\"@id\":\"https:\/\/flix.rs\/prevoz-nis-aerodrom-krusevac-prevoz-krusevac-nis-aerodrom\/#primaryimage\",\"url\":\"https:\/\/flix.rs\/wp-content\/uploads\/2023\/04\/Aeronis-Wikimedia.org_-scaled-e1681025255998.jpg\",\"contentUrl\":\"https:\/\/flix.rs\/wp-content\/uploads\/2023\/04\/Aeronis-Wikimedia.org_-scaled-e1681025255998.jpg\",\"width\":1280,\"height\":960,\"caption\":\"Prevoz Nis Krusevac\"},{\"@type\":\"BreadcrumbList\",\"@id\":\"https:\/\/flix.rs\/prevoz-nis-aerodrom-krusevac-prevoz-krusevac-nis-aerodrom\/#breadcrumb\",\"itemListElement\":[{\"@type\":\"ListItem\",\"position\":1,\"name\":\"Home\",\"item\":\"https:\/\/flix.rs\/\"},{\"@type\":\"ListItem\",\"position\":2,\"name\":\"Prevoz: Nis Aerodrom &#8211; Krusevac | Prevoz: Krusevac &#8211; Nis Aerodrom\"}]},{\"@type\":\"WebSite\",\"@id\":\"https:\/\/flix.rs\/#website\",\"url\":\"https:\/\/flix.rs\/\",\"name\":\"Flix.rs\",\"description\":\"Va\u0161 prevoz do i sa aerodroma\",\"publisher\":{\"@id\":\"https:\/\/flix.rs\/#organization\"},\"potentialAction\":[{\"@type\":\"SearchAction\",\"target\":{\"@type\":\"EntryPoint\",\"urlTemplate\":\"https:\/\/flix.rs\/?s={search_term_string}\"},\"query-input\":{\"@type\":\"PropertyValueSpecification\",\"valueRequired\":true,\"valueName\":\"search_term_string\"}}],\"inLanguage\":\"en-GB\"},{\"@type\":\"Organization\",\"@id\":\"https:\/\/flix.rs\/#organization\",\"name\":\"Flix\",\"url\":\"https:\/\/flix.rs\/\",\"logo\":{\"@type\":\"ImageObject\",\"inLanguage\":\"en-GB\",\"@id\":\"https:\/\/flix.rs\/#\/schema\/logo\/image\/\",\"url\":\"https:\/\/flix.rs\/wp-content\/uploads\/2019\/12\/80805004_454427318816809_4019161238033399808_n.png\",\"contentUrl\":\"https:\/\/flix.rs\/wp-content\/uploads\/2019\/12\/80805004_454427318816809_4019161238033399808_n.png\",\"width\":120,\"height\":54,\"caption\":\"Flix\"},\"image\":{\"@id\":\"https:\/\/flix.rs\/#\/schema\/logo\/image\/\"},\"sameAs\":[\"https:\/\/www.facebook.com\/prevoz.putnika.nis\",\"https:\/\/x.com\/Prevozputnika1\"]}]}<\/script>\n<!-- \/ Yoast SEO plugin. -->","yoast_head_json":{"title":"Prevoz Nis Aerodrom Krusevac","description":"Rezervi\u0161ite online Va\u0161 privatni prevoz od Aerodroma Konstantin Veliki u Ni\u0161u do Kru\u0161evca i nazad. Pouzdano, sigurno, povoljno.","robots":{"index":"index","follow":"follow","max-snippet":"max-snippet:-1","max-image-preview":"max-image-preview:large","max-video-preview":"max-video-preview:-1"},"canonical":"https:\/\/flix.rs\/en\/prevoz-nis-aerodrom-krusevac-prevoz-krusevac-nis-aerodrom\/","og_locale":"en_GB","og_type":"article","og_title":"Prevoz Nis Aerodrom Krusevac","og_description":"Rezervi\u0161ite online Va\u0161 privatni prevoz od Aerodroma Konstantin Veliki u Ni\u0161u do Kru\u0161evca i nazad. Pouzdano, sigurno, povoljno.","og_url":"https:\/\/flix.rs\/en\/prevoz-nis-aerodrom-krusevac-prevoz-krusevac-nis-aerodrom\/","og_site_name":"Flix.rs","article_publisher":"https:\/\/www.facebook.com\/prevoz.putnika.nis","og_image":[{"width":1280,"height":960,"url":"https:\/\/flix.rs\/wp-content\/uploads\/2023\/04\/Aeronis-Wikimedia.org_-scaled-e1681025255998.jpg","type":"image\/jpeg"}],"twitter_card":"summary_large_image","twitter_site":"@Prevozputnika1","twitter_misc":{"Estimated reading time":"5 minutes"},"schema":{"@context":"https:\/\/schema.org","@graph":[{"@type":"WebPage","@id":"https:\/\/flix.rs\/prevoz-nis-aerodrom-krusevac-prevoz-krusevac-nis-aerodrom\/","url":"https:\/\/flix.rs\/prevoz-nis-aerodrom-krusevac-prevoz-krusevac-nis-aerodrom\/","name":"Prevoz Nis Aerodrom Krusevac","isPartOf":{"@id":"https:\/\/flix.rs\/#website"},"primaryImageOfPage":{"@id":"https:\/\/flix.rs\/prevoz-nis-aerodrom-krusevac-prevoz-krusevac-nis-aerodrom\/#primaryimage"},"image":{"@id":"https:\/\/flix.rs\/prevoz-nis-aerodrom-krusevac-prevoz-krusevac-nis-aerodrom\/#primaryimage"},"thumbnailUrl":"https:\/\/flix.rs\/wp-content\/uploads\/2023\/04\/Aeronis-Wikimedia.org_-scaled-e1681025255998.jpg","datePublished":"2023-04-09T07:54:14+00:00","description":"Rezervi\u0161ite online Va\u0161 privatni prevoz od Aerodroma Konstantin Veliki u Ni\u0161u do Kru\u0161evca i nazad. Pouzdano, sigurno, povoljno.","breadcrumb":{"@id":"https:\/\/flix.rs\/prevoz-nis-aerodrom-krusevac-prevoz-krusevac-nis-aerodrom\/#breadcrumb"},"inLanguage":"en-GB","potentialAction":[{"@type":"ReadAction","target":["https:\/\/flix.rs\/prevoz-nis-aerodrom-krusevac-prevoz-krusevac-nis-aerodrom\/"]}]},{"@type":"ImageObject","inLanguage":"en-GB","@id":"https:\/\/flix.rs\/prevoz-nis-aerodrom-krusevac-prevoz-krusevac-nis-aerodrom\/#primaryimage","url":"https:\/\/flix.rs\/wp-content\/uploads\/2023\/04\/Aeronis-Wikimedia.org_-scaled-e1681025255998.jpg","contentUrl":"https:\/\/flix.rs\/wp-content\/uploads\/2023\/04\/Aeronis-Wikimedia.org_-scaled-e1681025255998.jpg","width":1280,"height":960,"caption":"Prevoz Nis Krusevac"},{"@type":"BreadcrumbList","@id":"https:\/\/flix.rs\/prevoz-nis-aerodrom-krusevac-prevoz-krusevac-nis-aerodrom\/#breadcrumb","itemListElement":[{"@type":"ListItem","position":1,"name":"Home","item":"https:\/\/flix.rs\/"},{"@type":"ListItem","position":2,"name":"Prevoz: Nis Aerodrom &#8211; Krusevac | Prevoz: Krusevac &#8211; Nis Aerodrom"}]},{"@type":"WebSite","@id":"https:\/\/flix.rs\/#website","url":"https:\/\/flix.rs\/","name":"Flix.rs","description":"Va\u0161 prevoz do i sa aerodroma","publisher":{"@id":"https:\/\/flix.rs\/#organization"},"potentialAction":[{"@type":"SearchAction","target":{"@type":"EntryPoint","urlTemplate":"https:\/\/flix.rs\/?s={search_term_string}"},"query-input":{"@type":"PropertyValueSpecification","valueRequired":true,"valueName":"search_term_string"}}],"inLanguage":"en-GB"},{"@type":"Organization","@id":"https:\/\/flix.rs\/#organization","name":"Flix","url":"https:\/\/flix.rs\/","logo":{"@type":"ImageObject","inLanguage":"en-GB","@id":"https:\/\/flix.rs\/#\/schema\/logo\/image\/","url":"https:\/\/flix.rs\/wp-content\/uploads\/2019\/12\/80805004_454427318816809_4019161238033399808_n.png","contentUrl":"https:\/\/flix.rs\/wp-content\/uploads\/2019\/12\/80805004_454427318816809_4019161238033399808_n.png","width":120,"height":54,"caption":"Flix"},"image":{"@id":"https:\/\/flix.rs\/#\/schema\/logo\/image\/"},"sameAs":["https:\/\/www.facebook.com\/prevoz.putnika.nis","https:\/\/x.com\/Prevozputnika1"]}]}},"_links":{"self":[{"href":"https:\/\/flix.rs\/en\/wp-json\/wp\/v2\/pages\/13767"}],"collection":[{"href":"https:\/\/flix.rs\/en\/wp-json\/wp\/v2\/pages"}],"about":[{"href":"https:\/\/flix.rs\/en\/wp-json\/wp\/v2\/types\/page"}],"author":[{"embeddable":true,"href":"https:\/\/flix.rs\/en\/wp-json\/wp\/v2\/users\/3"}],"replies":[{"embeddable":true,"href":"https:\/\/flix.rs\/en\/wp-json\/wp\/v2\/comments?post=13767"}],"version-history":[{"count":1,"href":"https:\/\/flix.rs\/en\/wp-json\/wp\/v2\/pages\/13767\/revisions"}],"predecessor-version":[{"id":13769,"href":"https:\/\/flix.rs\/en\/wp-json\/wp\/v2\/pages\/13767\/revisions\/13769"}],"wp:featuredmedia":[{"embeddable":true,"href":"https:\/\/flix.rs\/en\/wp-json\/wp\/v2\/media\/13768"}],"wp:attachment":[{"href":"https:\/\/flix.rs\/en\/wp-json\/wp\/v2\/media?parent=13767"}],"curies":[{"name":"wp","href":"https:\/\/api.w.org\/{rel}","templated":true}]}}