{"id":13718,"date":"2023-03-04T17:03:33","date_gmt":"2023-03-04T16:03:33","guid":{"rendered":"https:\/\/flix.rs\/?page_id=13718"},"modified":"2023-03-04T17:03:33","modified_gmt":"2023-03-04T16:03:33","slug":"prevoz-aerodrom-nis-tirana-prevoz-tirana-nis-aerodrom","status":"publish","type":"page","link":"https:\/\/flix.rs\/en\/transfer-nis-airport-tirana-transfer-tirana-nis-airport\/","title":{"rendered":"Transfer: Nis Airport &#8211; Tirana | Transfer: Tirana &#8211; Nis Airport"},"content":{"rendered":"<div  class=\"wpb_row vc_row-fluid content-wrapper content-wrapper-standard clearfix\" style=\"padding-left: 0px; padding-right: 0px; \"><div class=\"col span_12\"><div class=\"wpb_column vc_column_container vc_col-sm-12\"><div class=\"vc_column-inner\"><div class=\"wpb_wrapper\">\n\t<div class=\"wpb_text_column wpb_content_element\" >\n\t\t<div class=\"wpb_wrapper\">\n\t\t\t<p><\/p>\n\n\t\t<\/div>\n\t<\/div>\n<\/div><\/div><\/div><\/div><\/div><div  class=\"wpb_row vc_row-fluid content-wrapper content-wrapper-standard clearfix\" style=\"padding-left: 0px; padding-right: 0px; \"><div class=\"col span_12\"><div class=\"wpb_column vc_column_container vc_col-sm-12\"><div class=\"vc_column-inner\"><div class=\"wpb_wrapper\">\n\t<div class=\"wpb_text_column wpb_content_element\" >\n\t\t<div class=\"wpb_wrapper\">\n\t\t\t<h3>Transfer Nis Airport &#8211; Tirana<\/h3>\n<h3>Transfer Tirana &#8211; Nis Airport<\/h3>\n\n\t\t<\/div>\n\t<\/div>\n<\/div><\/div><\/div><\/div><\/div><div  class=\"wpb_row vc_row-fluid content-wrapper content-wrapper-standard clearfix\" style=\"padding-left: 0px; padding-right: 0px; \"><div class=\"col span_12\"><div class=\"wpb_column vc_column_container vc_col-sm-12\"><div class=\"vc_column-inner\"><div class=\"wpb_wrapper\"><h3 class=\"center-title\"><\/h3><div class=\"title-block2\"><\/div><\/div><\/div><\/div><\/div><\/div><div  class=\"wpb_row vc_row-fluid content-wrapper content-wrapper-standard clearfix\" style=\"padding-left: 0px; padding-right: 0px; \"><div class=\"col span_12\"><div class=\"wpb_column vc_column_container vc_col-sm-12\"><div class=\"vc_column-inner\"><div class=\"wpb_wrapper\">\n\t<div  class=\"wpb_single_image wpb_content_element vc_align_left\">\n\t\t\n\t\t<figure class=\"wpb_wrapper vc_figure\">\n\t\t\t<div class=\"vc_single_image-wrapper   vc_box_border_grey\"><img loading=\"lazy\" decoding=\"async\" class=\"vc_single_image-img\" src=\"https:\/\/flix.rs\/wp-content\/uploads\/2023\/03\/Plaza-Tirane-Albania-By-Anila-amataj-Own-work-CC-BY-SA-4.0-scaled-e1677944375217.jpg\" width=\"1280\" height=\"854\" alt=\"Transfer Nis Tirana\" title=\"Plaza Tirane Albania By Anila amataj - Own work, CC BY-SA 4.0\" \/><\/div>\n\t\t<\/figure>\n\t<\/div>\n<\/div><\/div><\/div><\/div><\/div><div  class=\"wpb_row vc_row-fluid content-wrapper content-wrapper-standard clearfix\" style=\"padding-left: 0px; padding-right: 0px; \"><div class=\"col span_12\"><div class=\"wpb_column vc_column_container vc_col-sm-12\"><div class=\"vc_column-inner\"><div class=\"wpb_wrapper\">\n\t<div class=\"wpb_text_column wpb_content_element\" >\n\t\t<div class=\"wpb_wrapper\">\n\t\t\t<p><a href=\"https:\/\/flix.rs\/en\/airport-nis-shuttle-transfer\/\">Transfer Nis Tirana Airport<\/a>, <a href=\"https:\/\/flix.rs\/en\/airport-belgrade-shuttle-transfer\/\">Transfer Tirana Nis Airport<\/a>. We provide <strong>transfer<\/strong> services from <strong>Ni\u0161<\/strong> to <strong>Tirana<\/strong> and back. Possible transportation to the <strong>Airport in Pristina<\/strong> or any city in <strong>Kosovo<\/strong> and <strong>Metohija<\/strong>. <strong>Transfer Belgrade-Tirana<\/strong>. Transportation to cities and tourist centers in Serbia &#8211; Kopaonik, Vrnja\u010dka Banja, Sokobanja, Srebrno Jezero, Stara Planina. It is possible to organize transportation from Novi Sad, Constantine the Great Airport in Ni\u0161, the airports of the cities of <a href=\"https:\/\/flix.rs\/en\/airport-sofija-shuttle-transfer\/\">Sofia<\/a>, <a href=\"https:\/\/flix.rs\/en\/airport-skopje-shuttle-transfer\/\">Skopje<\/a>, Thessaloniki, <em>Pristina<\/em>. Transportation from Ni\u0161 to the cities of Pirot, Bela Palanka, Dimitrovgrad, Sukovo, Babu\u0161nica.<\/p>\n<p>Individual transfers to tourist centers in the Republic of Serbia and the region.<\/p>\n<p>Number for info and booking\u00a0<a href=\"tel:+38163456515\">+381 63 456 515<\/a><br \/>\nOnline booking\u00a0\u00a0<a href=\"https:\/\/flix.rs\/en\/booking\/\">https:\/\/flix.rs\/en\/booking\/<\/a><\/p>\n<p>Transfer can be organized by passenger car in economy and business class. Also, it is possible to transport a larger number of passengers with a larger amount of luggage, in the MPV class as well as a classic van, which is intended for the transportation of up to<em> 8 passengers<\/em> and a large amount of luggage &#8211; up to 12 suitcases. All our vehicles are of the latest generation, which guarantee that your trip will be comfortable and pleasant.<br \/>\nSince the <strong>FLiX<\/strong> passenger transportation service is defined as individual transportation, you determine the place and time of departure. If you wish, there is also an option to share your transportation costs with other passengers.<br \/>\nOn our website, you have the <a href=\"https:\/\/flix.rs\/en\/special-inquiry\/\">option\u00a0<\/a> to choose one of the routes that our clients use the most or send us an inquiry for any other destination. Our operators will answer you as soon as possible.<\/p>\n<p>Our many years of experience in transporting passengers is a guarantee that you will be at your final destination at the requested time, which, among other things, is confirmed by the <a href=\"https:\/\/flix.rs\/en\/customer-reviews\/\">experiences<\/a> of our clients.\u00a0\u00a0According to the choice of our passengers and the <a href=\"https:\/\/www.tripadvisor.com\/Attraction_Review-g295382-d20058758-Reviews-Nis_Airport_Shuttle_Taxi-Nis_Central_Serbia.html\">TripAdvisor<\/a> company , we were chosen as the most reliable passenger carrier in this part of Serbia and the region.<\/p>\n<p><img loading=\"lazy\" decoding=\"async\" width=\"257\" height=\"300\" class=\"alignnone size-medium wp-image-13619\" src=\"https:\/\/flix.rs\/wp-content\/uploads\/2023\/01\/Trip-Advisor-Award-1-257x300.jpg\" alt=\"TripAdvisor Travelers Choice 2022\" srcset=\"https:\/\/flix.rs\/wp-content\/uploads\/2023\/01\/Trip-Advisor-Award-1-257x300.jpg 257w, https:\/\/flix.rs\/wp-content\/uploads\/2023\/01\/Trip-Advisor-Award-1-10x12.jpg 10w, https:\/\/flix.rs\/wp-content\/uploads\/2023\/01\/Trip-Advisor-Award-1-86x100.jpg 86w, https:\/\/flix.rs\/wp-content\/uploads\/2023\/01\/Trip-Advisor-Award-1.jpg 425w\" sizes=\"(max-width: 257px) 100vw, 257px\" \/><br \/>\nThe ride from <strong>Constantine the Great Airport in Nis<\/strong> to <strong>Tirana<\/strong> takes a little over 5 hours. The distance from the airport of the largest <a href=\"https:\/\/www.ni.rs\/\">city\u00a0<\/a> in the south of Serbia to the capital of <strong>Albania<\/strong> &#8211; Tirana is 370 km. It takes less than an hour and a half to drive to the administrative crossing of <strong>Merdare<\/strong>. It takes an additional hour and a half to drive 130 km to the border with <strong>Albania<\/strong>. We arrive in <strong>Tirana<\/strong> via the <em>A-1 highway<\/em>.<\/p>\n\n\t\t<\/div>\n\t<\/div>\n<\/div><\/div><\/div><\/div><\/div>","protected":false},"excerpt":{"rendered":"[:sr] Prevoz Aerodrom Ni\u0161 - Tirana Prevoz Tirana - Ni\u0161 Aerodrom Prevoz\u00a0 Aerodrom Ni\u0161 Tirana, Prevoz Tirana Ni\u0161 Aerodrom.\u00a0 Obavljamo usluge prevoza od Ni\u0161a do Tirane i nazad. Mogu\u0107 prevoz i do Aerodroma u Pri\u0161tini ili bilo kog dugog grada na Kosovu i Metohiji. Prevoz Beograd-Tirana. Prevoz do gradova i turusti\u010dkih cenatra u Srbiji \u2013","protected":false},"author":3,"featured_media":13719,"parent":0,"menu_order":0,"comment_status":"closed","ping_status":"closed","template":"","meta":{"footnotes":""},"yoast_head":"<!-- This site is optimized with the Yoast SEO plugin v24.5 - https:\/\/yoast.com\/wordpress\/plugins\/seo\/ -->\n<title>Transfer Nis Airport Tirana<\/title>\n<meta name=\"description\" content=\"Transfer from Nis Airport to Tirana and back. Booking without credit card. Safe, reliable, favorably. No cancelation.\" \/>\n<meta name=\"robots\" content=\"index, follow, max-snippet:-1, max-image-preview:large, max-video-preview:-1\" \/>\n<link rel=\"canonical\" href=\"https:\/\/flix.rs\/en\/prevoz-aerodrom-nis-tirana-prevoz-tirana-aerodrom-nis\/\" \/>\n<meta property=\"og:locale\" content=\"en_GB\" \/>\n<meta property=\"og:type\" content=\"article\" \/>\n<meta property=\"og:title\" content=\"Transfer Nis Airport Tirana\" \/>\n<meta property=\"og:description\" content=\"Transfer from Nis Airport to Tirana and back. Booking without credit card. Safe, reliable, favorably. No cancelation.\" \/>\n<meta property=\"og:url\" content=\"https:\/\/flix.rs\/en\/prevoz-aerodrom-nis-tirana-prevoz-tirana-aerodrom-nis\/\" \/>\n<meta property=\"og:site_name\" content=\"Flix.rs\" \/>\n<meta property=\"article:publisher\" content=\"https:\/\/www.facebook.com\/prevoz.putnika.nis\" \/>\n<meta property=\"og:image\" content=\"https:\/\/flix.rs\/wp-content\/uploads\/2023\/03\/Plaza-Tirane-Albania-By-Anila-amataj-Own-work-CC-BY-SA-4.0-scaled-e1677944375217.jpg\" \/>\n\t<meta property=\"og:image:width\" content=\"1280\" \/>\n\t<meta property=\"og:image:height\" content=\"854\" \/>\n\t<meta property=\"og:image:type\" content=\"image\/jpeg\" \/>\n<meta name=\"twitter:card\" content=\"summary_large_image\" \/>\n<meta name=\"twitter:site\" content=\"@Prevozputnika1\" \/>\n<meta name=\"twitter:label1\" content=\"Estimated reading time\" \/>\n\t<meta name=\"twitter:data1\" content=\"5 minutes\" \/>\n<script type=\"application\/ld+json\" class=\"yoast-schema-graph\">{\"@context\":\"https:\/\/schema.org\",\"@graph\":[{\"@type\":\"WebPage\",\"@id\":\"https:\/\/flix.rs\/prevoz-aerodrom-nis-tirana-prevoz-tirana-aerodrom-nis\/\",\"url\":\"https:\/\/flix.rs\/prevoz-aerodrom-nis-tirana-prevoz-tirana-aerodrom-nis\/\",\"name\":\"Transfer Nis Airport Tirana\",\"isPartOf\":{\"@id\":\"https:\/\/flix.rs\/#website\"},\"primaryImageOfPage\":{\"@id\":\"https:\/\/flix.rs\/prevoz-aerodrom-nis-tirana-prevoz-tirana-aerodrom-nis\/#primaryimage\"},\"image\":{\"@id\":\"https:\/\/flix.rs\/prevoz-aerodrom-nis-tirana-prevoz-tirana-aerodrom-nis\/#primaryimage\"},\"thumbnailUrl\":\"https:\/\/flix.rs\/wp-content\/uploads\/2023\/03\/Plaza-Tirane-Albania-By-Anila-amataj-Own-work-CC-BY-SA-4.0-scaled-e1677944375217.jpg\",\"datePublished\":\"2023-03-04T16:03:33+00:00\",\"description\":\"Transfer from Nis Airport to Tirana and back. Booking without credit card. Safe, reliable, favorably. No cancelation.\",\"breadcrumb\":{\"@id\":\"https:\/\/flix.rs\/prevoz-aerodrom-nis-tirana-prevoz-tirana-aerodrom-nis\/#breadcrumb\"},\"inLanguage\":\"en-GB\",\"potentialAction\":[{\"@type\":\"ReadAction\",\"target\":[\"https:\/\/flix.rs\/prevoz-aerodrom-nis-tirana-prevoz-tirana-aerodrom-nis\/\"]}]},{\"@type\":\"ImageObject\",\"inLanguage\":\"en-GB\",\"@id\":\"https:\/\/flix.rs\/prevoz-aerodrom-nis-tirana-prevoz-tirana-aerodrom-nis\/#primaryimage\",\"url\":\"https:\/\/flix.rs\/wp-content\/uploads\/2023\/03\/Plaza-Tirane-Albania-By-Anila-amataj-Own-work-CC-BY-SA-4.0-scaled-e1677944375217.jpg\",\"contentUrl\":\"https:\/\/flix.rs\/wp-content\/uploads\/2023\/03\/Plaza-Tirane-Albania-By-Anila-amataj-Own-work-CC-BY-SA-4.0-scaled-e1677944375217.jpg\",\"width\":1280,\"height\":854,\"caption\":\"Transfer Nis Tirana\"},{\"@type\":\"BreadcrumbList\",\"@id\":\"https:\/\/flix.rs\/prevoz-aerodrom-nis-tirana-prevoz-tirana-aerodrom-nis\/#breadcrumb\",\"itemListElement\":[{\"@type\":\"ListItem\",\"position\":1,\"name\":\"Home\",\"item\":\"https:\/\/flix.rs\/\"},{\"@type\":\"ListItem\",\"position\":2,\"name\":\"Prevoz: Aerodrom Nis &#8211; Tirana | Prevoz: Tirana &#8211; Nis Aerodrom\"}]},{\"@type\":\"WebSite\",\"@id\":\"https:\/\/flix.rs\/#website\",\"url\":\"https:\/\/flix.rs\/\",\"name\":\"Flix.rs\",\"description\":\"Va\u0161 prevoz do i sa aerodroma\",\"publisher\":{\"@id\":\"https:\/\/flix.rs\/#organization\"},\"potentialAction\":[{\"@type\":\"SearchAction\",\"target\":{\"@type\":\"EntryPoint\",\"urlTemplate\":\"https:\/\/flix.rs\/?s={search_term_string}\"},\"query-input\":{\"@type\":\"PropertyValueSpecification\",\"valueRequired\":true,\"valueName\":\"search_term_string\"}}],\"inLanguage\":\"en-GB\"},{\"@type\":\"Organization\",\"@id\":\"https:\/\/flix.rs\/#organization\",\"name\":\"Flix\",\"url\":\"https:\/\/flix.rs\/\",\"logo\":{\"@type\":\"ImageObject\",\"inLanguage\":\"en-GB\",\"@id\":\"https:\/\/flix.rs\/#\/schema\/logo\/image\/\",\"url\":\"https:\/\/flix.rs\/wp-content\/uploads\/2019\/12\/80805004_454427318816809_4019161238033399808_n.png\",\"contentUrl\":\"https:\/\/flix.rs\/wp-content\/uploads\/2019\/12\/80805004_454427318816809_4019161238033399808_n.png\",\"width\":120,\"height\":54,\"caption\":\"Flix\"},\"image\":{\"@id\":\"https:\/\/flix.rs\/#\/schema\/logo\/image\/\"},\"sameAs\":[\"https:\/\/www.facebook.com\/prevoz.putnika.nis\",\"https:\/\/x.com\/Prevozputnika1\"]}]}<\/script>\n<!-- \/ Yoast SEO plugin. -->","yoast_head_json":{"title":"Transfer Nis Airport Tirana","description":"Transfer from Nis Airport to Tirana and back. Booking without credit card. Safe, reliable, favorably. No cancelation.","robots":{"index":"index","follow":"follow","max-snippet":"max-snippet:-1","max-image-preview":"max-image-preview:large","max-video-preview":"max-video-preview:-1"},"canonical":"https:\/\/flix.rs\/en\/prevoz-aerodrom-nis-tirana-prevoz-tirana-aerodrom-nis\/","og_locale":"en_GB","og_type":"article","og_title":"Transfer Nis Airport Tirana","og_description":"Transfer from Nis Airport to Tirana and back. Booking without credit card. Safe, reliable, favorably. No cancelation.","og_url":"https:\/\/flix.rs\/en\/prevoz-aerodrom-nis-tirana-prevoz-tirana-aerodrom-nis\/","og_site_name":"Flix.rs","article_publisher":"https:\/\/www.facebook.com\/prevoz.putnika.nis","og_image":[{"width":1280,"height":854,"url":"https:\/\/flix.rs\/wp-content\/uploads\/2023\/03\/Plaza-Tirane-Albania-By-Anila-amataj-Own-work-CC-BY-SA-4.0-scaled-e1677944375217.jpg","type":"image\/jpeg"}],"twitter_card":"summary_large_image","twitter_site":"@Prevozputnika1","twitter_misc":{"Estimated reading time":"5 minutes"},"schema":{"@context":"https:\/\/schema.org","@graph":[{"@type":"WebPage","@id":"https:\/\/flix.rs\/prevoz-aerodrom-nis-tirana-prevoz-tirana-aerodrom-nis\/","url":"https:\/\/flix.rs\/prevoz-aerodrom-nis-tirana-prevoz-tirana-aerodrom-nis\/","name":"Transfer Nis Airport Tirana","isPartOf":{"@id":"https:\/\/flix.rs\/#website"},"primaryImageOfPage":{"@id":"https:\/\/flix.rs\/prevoz-aerodrom-nis-tirana-prevoz-tirana-aerodrom-nis\/#primaryimage"},"image":{"@id":"https:\/\/flix.rs\/prevoz-aerodrom-nis-tirana-prevoz-tirana-aerodrom-nis\/#primaryimage"},"thumbnailUrl":"https:\/\/flix.rs\/wp-content\/uploads\/2023\/03\/Plaza-Tirane-Albania-By-Anila-amataj-Own-work-CC-BY-SA-4.0-scaled-e1677944375217.jpg","datePublished":"2023-03-04T16:03:33+00:00","description":"Transfer from Nis Airport to Tirana and back. Booking without credit card. Safe, reliable, favorably. No cancelation.","breadcrumb":{"@id":"https:\/\/flix.rs\/prevoz-aerodrom-nis-tirana-prevoz-tirana-aerodrom-nis\/#breadcrumb"},"inLanguage":"en-GB","potentialAction":[{"@type":"ReadAction","target":["https:\/\/flix.rs\/prevoz-aerodrom-nis-tirana-prevoz-tirana-aerodrom-nis\/"]}]},{"@type":"ImageObject","inLanguage":"en-GB","@id":"https:\/\/flix.rs\/prevoz-aerodrom-nis-tirana-prevoz-tirana-aerodrom-nis\/#primaryimage","url":"https:\/\/flix.rs\/wp-content\/uploads\/2023\/03\/Plaza-Tirane-Albania-By-Anila-amataj-Own-work-CC-BY-SA-4.0-scaled-e1677944375217.jpg","contentUrl":"https:\/\/flix.rs\/wp-content\/uploads\/2023\/03\/Plaza-Tirane-Albania-By-Anila-amataj-Own-work-CC-BY-SA-4.0-scaled-e1677944375217.jpg","width":1280,"height":854,"caption":"Transfer Nis Tirana"},{"@type":"BreadcrumbList","@id":"https:\/\/flix.rs\/prevoz-aerodrom-nis-tirana-prevoz-tirana-aerodrom-nis\/#breadcrumb","itemListElement":[{"@type":"ListItem","position":1,"name":"Home","item":"https:\/\/flix.rs\/"},{"@type":"ListItem","position":2,"name":"Prevoz: Aerodrom Nis &#8211; Tirana | Prevoz: Tirana &#8211; Nis Aerodrom"}]},{"@type":"WebSite","@id":"https:\/\/flix.rs\/#website","url":"https:\/\/flix.rs\/","name":"Flix.rs","description":"Va\u0161 prevoz do i sa aerodroma","publisher":{"@id":"https:\/\/flix.rs\/#organization"},"potentialAction":[{"@type":"SearchAction","target":{"@type":"EntryPoint","urlTemplate":"https:\/\/flix.rs\/?s={search_term_string}"},"query-input":{"@type":"PropertyValueSpecification","valueRequired":true,"valueName":"search_term_string"}}],"inLanguage":"en-GB"},{"@type":"Organization","@id":"https:\/\/flix.rs\/#organization","name":"Flix","url":"https:\/\/flix.rs\/","logo":{"@type":"ImageObject","inLanguage":"en-GB","@id":"https:\/\/flix.rs\/#\/schema\/logo\/image\/","url":"https:\/\/flix.rs\/wp-content\/uploads\/2019\/12\/80805004_454427318816809_4019161238033399808_n.png","contentUrl":"https:\/\/flix.rs\/wp-content\/uploads\/2019\/12\/80805004_454427318816809_4019161238033399808_n.png","width":120,"height":54,"caption":"Flix"},"image":{"@id":"https:\/\/flix.rs\/#\/schema\/logo\/image\/"},"sameAs":["https:\/\/www.facebook.com\/prevoz.putnika.nis","https:\/\/x.com\/Prevozputnika1"]}]}},"_links":{"self":[{"href":"https:\/\/flix.rs\/en\/wp-json\/wp\/v2\/pages\/13718"}],"collection":[{"href":"https:\/\/flix.rs\/en\/wp-json\/wp\/v2\/pages"}],"about":[{"href":"https:\/\/flix.rs\/en\/wp-json\/wp\/v2\/types\/page"}],"author":[{"embeddable":true,"href":"https:\/\/flix.rs\/en\/wp-json\/wp\/v2\/users\/3"}],"replies":[{"embeddable":true,"href":"https:\/\/flix.rs\/en\/wp-json\/wp\/v2\/comments?post=13718"}],"version-history":[{"count":1,"href":"https:\/\/flix.rs\/en\/wp-json\/wp\/v2\/pages\/13718\/revisions"}],"predecessor-version":[{"id":13720,"href":"https:\/\/flix.rs\/en\/wp-json\/wp\/v2\/pages\/13718\/revisions\/13720"}],"wp:featuredmedia":[{"embeddable":true,"href":"https:\/\/flix.rs\/en\/wp-json\/wp\/v2\/media\/13719"}],"wp:attachment":[{"href":"https:\/\/flix.rs\/en\/wp-json\/wp\/v2\/media?parent=13718"}],"curies":[{"name":"wp","href":"https:\/\/api.w.org\/{rel}","templated":true}]}}