{"id":13707,"date":"2023-02-24T11:24:32","date_gmt":"2023-02-24T10:24:32","guid":{"rendered":"https:\/\/flix.rs\/?page_id=13707"},"modified":"2023-02-24T11:49:52","modified_gmt":"2023-02-24T10:49:52","slug":"prevoz-aerodrom-beograd-pirot-prevoz-pirot-beograd-aerodrom","status":"publish","type":"page","link":"https:\/\/flix.rs\/en\/transfer-belgrade-airport-pirot-transfer-pirot-belgrade-airport\/","title":{"rendered":"Transfer: Belgrade Airport &#8211; Pirot | Transfer: Pirot  &#8211; Belgrade Airport"},"content":{"rendered":"<div  class=\"wpb_row vc_row-fluid content-wrapper content-wrapper-standard clearfix\" style=\"padding-left: 0px; padding-right: 0px; \"><div class=\"col span_12\"><div class=\"wpb_column vc_column_container vc_col-sm-12\"><div class=\"vc_column-inner\"><div class=\"wpb_wrapper\">\n\t<div class=\"wpb_text_column wpb_content_element\" >\n\t\t<div class=\"wpb_wrapper\">\n\t\t\t<p><\/p>\n\n\t\t<\/div>\n\t<\/div>\n<\/div><\/div><\/div><\/div><\/div><div  class=\"wpb_row vc_row-fluid content-wrapper content-wrapper-standard clearfix\" style=\"padding-left: 0px; padding-right: 0px; \"><div class=\"col span_12\"><div class=\"wpb_column vc_column_container vc_col-sm-12\"><div class=\"vc_column-inner\"><div class=\"wpb_wrapper\">\n\t<div class=\"wpb_text_column wpb_content_element\" >\n\t\t<div class=\"wpb_wrapper\">\n\t\t\t<h3>Transfer Belgrade Airport Pirot<\/h3>\n<h3>Transfer Pirot Belgrade Airport<\/h3>\n\n\t\t<\/div>\n\t<\/div>\n<\/div><\/div><\/div><\/div><\/div><div  class=\"wpb_row vc_row-fluid content-wrapper content-wrapper-standard clearfix\" style=\"padding-left: 0px; padding-right: 0px; \"><div class=\"col span_12\"><div class=\"wpb_column vc_column_container vc_col-sm-12\"><div class=\"vc_column-inner\"><div class=\"wpb_wrapper\"><h3 class=\"center-title\"><\/h3><div class=\"title-block2\"><\/div><\/div><\/div><\/div><\/div><\/div><div  class=\"wpb_row vc_row-fluid content-wrapper content-wrapper-standard clearfix\" style=\"padding-left: 0px; padding-right: 0px; \"><div class=\"col span_12\"><div class=\"wpb_column vc_column_container vc_col-sm-12\"><div class=\"vc_column-inner\"><div class=\"wpb_wrapper\">\n\t<div  class=\"wpb_single_image wpb_content_element vc_align_left\">\n\t\t\n\t\t<figure class=\"wpb_wrapper vc_figure\">\n\t\t\t<div class=\"vc_single_image-wrapper   vc_box_border_grey\"><img loading=\"lazy\" decoding=\"async\" class=\"vc_single_image-img\" src=\"https:\/\/flix.rs\/wp-content\/uploads\/2023\/02\/Pirot_-_Crveni_trg_nocu-1.jpg\" width=\"970\" height=\"546\" alt=\"Transfer Belgrade Pirot\" title=\"PHOTO | WIKIMEDIA.ORG\" \/><\/div>\n\t\t<\/figure>\n\t<\/div>\n<\/div><\/div><\/div><\/div><\/div><div  class=\"wpb_row vc_row-fluid content-wrapper content-wrapper-standard clearfix\" style=\"padding-left: 0px; padding-right: 0px; \"><div class=\"col span_12\"><div class=\"wpb_column vc_column_container vc_col-sm-12\"><div class=\"vc_column-inner\"><div class=\"wpb_wrapper\">\n\t<div class=\"wpb_text_column wpb_content_element\" >\n\t\t<div class=\"wpb_wrapper\">\n\t\t\t<p><a href=\"https:\/\/flix.rs\/en\/airport-belgrade-shuttle-transfer\/\">Transfer Belgrade Airport Pirot<\/a>, <a href=\"https:\/\/flix.rs\/en\/airport-nis-shuttle-transfer\/\">Transfer Pirot Belgrade Airport<\/a>. <strong>Transfers<\/strong> to cities and tourist centers in <strong>Serbia<\/strong> &#8211; <strong>Kopaonik<\/strong>, Vrnja\u010dka Banja, Sokobanja, Srebrno Jezero, <strong>Stara Planina<\/strong>. It is possible to organize transfer from <strong>Novi Sad<\/strong>, <strong>Constantine the Great Airport in Nis<\/strong>, the airports of the cities of <a href=\"https:\/\/flix.rs\/en\/airport-sofija-shuttle-transfer\/\">Sofia<\/a>, <a href=\"https:\/\/flix.rs\/en\/airport-skopje-shuttle-transfer\/\">Skopje<\/a>, Thessaloniki, and Pristina. Transfers from Ni\u0161 to the cities of <strong>Pirot<\/strong>, Bela Palanka, <strong>Dimitrovgrad<\/strong>, Sukovo, Babu\u0161nica.<br \/>\n<strong>Private transfers<\/strong> to tourist centers in the <strong>Republic of Serbia<\/strong> and the region<\/p>\n<p>Number for info and booking <a href=\"tel:+38163456515\">+381 63 456 515<\/a><br \/>\nOnline booking\u00a0\u00a0<a href=\"https:\/\/flix.rs\/en\/booking\/\">https:\/\/flix.rs\/en\/booking\/<\/a><\/p>\n<p><strong>Transfer<\/strong> can be organized by passenger car in economy and business class. Also, it is possible to transport a larger number of passengers with a larger amount of luggage, in the <strong>MPV<\/strong> class as well as a classic van designed to transport up to <em>8 passengers<\/em> and large amounts of luggage &#8211; up to 12 suitcases. All our vehicles are of the latest generation, which guarantee that your trip will be comfortable and pleasant.<br \/>\nConsidering that the <strong>FLiX<\/strong> passenger transportation service is defined as individual transportation, you determine the place and time of the pick-up. If you wish, there is also an option to share your transportation costs with other passengers.<br \/>\nOn our website\u00a0 you can choose one of the routes that our clients use the most or send us an <a href=\"https:\/\/flix.rs\/en\/special-inquiry\/\">inquiry<\/a> for any other destination. Our operators will answer you as quick as possible.<\/p>\n<p>Our many years of experience in transporting passengers is a guarantee that you will be at your final destination in the requested time, which, among other things, is confirmed by the <a href=\"https:\/\/flix.rs\/en\/customer-reviews\/\">experiences<\/a> of our clients.\u00a0\u00a0According to the choice of our passengers and the company <a href=\"https:\/\/vvv.tripadvisor.com\/Attraction_Reviev-g295382-d20058758-Reviews-Nis_Airport_Shuttle_Taki-Nis_Central_Serbia.html\">TripAdvisor<\/a> , we were chosen as the most reliable passenger carrier in this part of <strong>Serbia<\/strong> and the region.<\/p>\n<p><img loading=\"lazy\" decoding=\"async\" width=\"257\" height=\"300\" class=\"alignnone size-medium wp-image-13619\" src=\"https:\/\/flix.rs\/wp-content\/uploads\/2023\/01\/Trip-Advisor-Award-1-257x300.jpg\" alt=\"TripAdvisor Travelers Choice 2022\" srcset=\"https:\/\/flix.rs\/wp-content\/uploads\/2023\/01\/Trip-Advisor-Award-1-257x300.jpg 257w, https:\/\/flix.rs\/wp-content\/uploads\/2023\/01\/Trip-Advisor-Award-1-10x12.jpg 10w, https:\/\/flix.rs\/wp-content\/uploads\/2023\/01\/Trip-Advisor-Award-1-86x100.jpg 86w, https:\/\/flix.rs\/wp-content\/uploads\/2023\/01\/Trip-Advisor-Award-1.jpg 425w\" sizes=\"(max-width: 257px) 100vw, 257px\" \/><\/p>\n<p>The ride from <strong>Nikola Tesla Airport<\/strong>\u00a0 <strong>Belgrade<\/strong> to <strong>Pirot<\/strong> takes about 3 hours and 15 minutes. <em>The distance<\/em> between the airport of the Serbian capital and Pirot is 320 km. The trip may take longer than planned during the summer season when, especially on weekends, there are huge crowds, both on the highway itself and at the toll stations located along the <em>Belgrade-Nis-Dimitrovgrad Highway<\/em>. A large number of our clients who work at the\u00a0 factory <a href=\"https:\/\/www.michelin.com\/en\/\">Michelin<\/a> in Pirot often use our transfer services.<\/p>\n\n\t\t<\/div>\n\t<\/div>\n<\/div><\/div><\/div><\/div><\/div>","protected":false},"excerpt":{"rendered":"[:sr] Prevoz Aerodrom Beograd Pirot Prevoz Pirot Beograd\u00a0Aerodrom Prevoz\u00a0 Aerodrom Beograd Pirot, Prevoz Pirot\u00a0 Beograd Aerodrom.\u00a0 Prevoz do gradova i turusti\u010dkih cenatra u Srbiji \u2013 Kopaonik, Vrnja\u010dka Banja, Sokobanja, Srebrno Jezero, Stara Planina. Mogu\u0107e je organizovati prevoz i od Novog Sada, Aerodroma Konstantin Veliki u Ni\u0161u, aerodroma i gradova Sofija, Skoplje, Solun, Pri\u0161tina. Prevoz od","protected":false},"author":3,"featured_media":13709,"parent":0,"menu_order":0,"comment_status":"closed","ping_status":"closed","template":"","meta":{"footnotes":""},"yoast_head":"<!-- This site is optimized with the Yoast SEO plugin v24.5 - https:\/\/yoast.com\/wordpress\/plugins\/seo\/ -->\n<title>Transfer Belgrade Airport Pirot<\/title>\n<meta name=\"description\" content=\"Transfer from Belgrade Airport to Nis and Pirot and vice versa. Easy booking, no cancelation. Safe &amp; reliable.\" \/>\n<meta name=\"robots\" content=\"index, follow, max-snippet:-1, max-image-preview:large, max-video-preview:-1\" \/>\n<link rel=\"canonical\" href=\"https:\/\/flix.rs\/en\/prevoz-aerodrom-beograd-pirot-prevoz-pirot-beograd-aerodrom\/\" \/>\n<meta property=\"og:locale\" content=\"en_GB\" \/>\n<meta property=\"og:type\" content=\"article\" \/>\n<meta property=\"og:title\" content=\"Transfer Belgrade Airport Pirot\" \/>\n<meta property=\"og:description\" content=\"Transfer from Belgrade Airport to Nis and Pirot and vice versa. Easy booking, no cancelation. Safe &amp; reliable.\" \/>\n<meta property=\"og:url\" content=\"https:\/\/flix.rs\/en\/prevoz-aerodrom-beograd-pirot-prevoz-pirot-beograd-aerodrom\/\" \/>\n<meta property=\"og:site_name\" content=\"Flix.rs\" \/>\n<meta property=\"article:publisher\" content=\"https:\/\/www.facebook.com\/prevoz.putnika.nis\" \/>\n<meta property=\"article:modified_time\" content=\"2023-02-24T10:49:52+00:00\" \/>\n<meta property=\"og:image\" content=\"https:\/\/flix.rs\/wp-content\/uploads\/2023\/02\/Pirot_-_Crveni_trg_nocu-1.jpg\" \/>\n\t<meta property=\"og:image:width\" content=\"970\" \/>\n\t<meta property=\"og:image:height\" content=\"546\" \/>\n\t<meta property=\"og:image:type\" content=\"image\/jpeg\" \/>\n<meta name=\"twitter:card\" content=\"summary_large_image\" \/>\n<meta name=\"twitter:site\" content=\"@Prevozputnika1\" \/>\n<meta name=\"twitter:label1\" content=\"Estimated reading time\" \/>\n\t<meta name=\"twitter:data1\" content=\"5 minutes\" \/>\n<script type=\"application\/ld+json\" class=\"yoast-schema-graph\">{\"@context\":\"https:\/\/schema.org\",\"@graph\":[{\"@type\":\"WebPage\",\"@id\":\"https:\/\/flix.rs\/prevoz-aerodrom-beograd-pirot-prevoz-pirot-beograd-aerodrom\/\",\"url\":\"https:\/\/flix.rs\/prevoz-aerodrom-beograd-pirot-prevoz-pirot-beograd-aerodrom\/\",\"name\":\"Transfer Belgrade Airport Pirot\",\"isPartOf\":{\"@id\":\"https:\/\/flix.rs\/#website\"},\"primaryImageOfPage\":{\"@id\":\"https:\/\/flix.rs\/prevoz-aerodrom-beograd-pirot-prevoz-pirot-beograd-aerodrom\/#primaryimage\"},\"image\":{\"@id\":\"https:\/\/flix.rs\/prevoz-aerodrom-beograd-pirot-prevoz-pirot-beograd-aerodrom\/#primaryimage\"},\"thumbnailUrl\":\"https:\/\/flix.rs\/wp-content\/uploads\/2023\/02\/Pirot_-_Crveni_trg_nocu-1.jpg\",\"datePublished\":\"2023-02-24T10:24:32+00:00\",\"dateModified\":\"2023-02-24T10:49:52+00:00\",\"description\":\"Transfer from Belgrade Airport to Nis and Pirot and vice versa. Easy booking, no cancelation. Safe & reliable.\",\"breadcrumb\":{\"@id\":\"https:\/\/flix.rs\/prevoz-aerodrom-beograd-pirot-prevoz-pirot-beograd-aerodrom\/#breadcrumb\"},\"inLanguage\":\"en-GB\",\"potentialAction\":[{\"@type\":\"ReadAction\",\"target\":[\"https:\/\/flix.rs\/prevoz-aerodrom-beograd-pirot-prevoz-pirot-beograd-aerodrom\/\"]}]},{\"@type\":\"ImageObject\",\"inLanguage\":\"en-GB\",\"@id\":\"https:\/\/flix.rs\/prevoz-aerodrom-beograd-pirot-prevoz-pirot-beograd-aerodrom\/#primaryimage\",\"url\":\"https:\/\/flix.rs\/wp-content\/uploads\/2023\/02\/Pirot_-_Crveni_trg_nocu-1.jpg\",\"contentUrl\":\"https:\/\/flix.rs\/wp-content\/uploads\/2023\/02\/Pirot_-_Crveni_trg_nocu-1.jpg\",\"width\":970,\"height\":546,\"caption\":\"Transfer Belgrade Pirot\"},{\"@type\":\"BreadcrumbList\",\"@id\":\"https:\/\/flix.rs\/prevoz-aerodrom-beograd-pirot-prevoz-pirot-beograd-aerodrom\/#breadcrumb\",\"itemListElement\":[{\"@type\":\"ListItem\",\"position\":1,\"name\":\"Home\",\"item\":\"https:\/\/flix.rs\/\"},{\"@type\":\"ListItem\",\"position\":2,\"name\":\"Prevoz: Aerodrom Beograd &#8211; Pirot | Prevoz: Pirot &#8211; Beograd Aerodrom\"}]},{\"@type\":\"WebSite\",\"@id\":\"https:\/\/flix.rs\/#website\",\"url\":\"https:\/\/flix.rs\/\",\"name\":\"Flix.rs\",\"description\":\"Va\u0161 prevoz do i sa aerodroma\",\"publisher\":{\"@id\":\"https:\/\/flix.rs\/#organization\"},\"potentialAction\":[{\"@type\":\"SearchAction\",\"target\":{\"@type\":\"EntryPoint\",\"urlTemplate\":\"https:\/\/flix.rs\/?s={search_term_string}\"},\"query-input\":{\"@type\":\"PropertyValueSpecification\",\"valueRequired\":true,\"valueName\":\"search_term_string\"}}],\"inLanguage\":\"en-GB\"},{\"@type\":\"Organization\",\"@id\":\"https:\/\/flix.rs\/#organization\",\"name\":\"Flix\",\"url\":\"https:\/\/flix.rs\/\",\"logo\":{\"@type\":\"ImageObject\",\"inLanguage\":\"en-GB\",\"@id\":\"https:\/\/flix.rs\/#\/schema\/logo\/image\/\",\"url\":\"https:\/\/flix.rs\/wp-content\/uploads\/2019\/12\/80805004_454427318816809_4019161238033399808_n.png\",\"contentUrl\":\"https:\/\/flix.rs\/wp-content\/uploads\/2019\/12\/80805004_454427318816809_4019161238033399808_n.png\",\"width\":120,\"height\":54,\"caption\":\"Flix\"},\"image\":{\"@id\":\"https:\/\/flix.rs\/#\/schema\/logo\/image\/\"},\"sameAs\":[\"https:\/\/www.facebook.com\/prevoz.putnika.nis\",\"https:\/\/x.com\/Prevozputnika1\"]}]}<\/script>\n<!-- \/ Yoast SEO plugin. -->","yoast_head_json":{"title":"Transfer Belgrade Airport Pirot","description":"Transfer from Belgrade Airport to Nis and Pirot and vice versa. Easy booking, no cancelation. Safe & reliable.","robots":{"index":"index","follow":"follow","max-snippet":"max-snippet:-1","max-image-preview":"max-image-preview:large","max-video-preview":"max-video-preview:-1"},"canonical":"https:\/\/flix.rs\/en\/prevoz-aerodrom-beograd-pirot-prevoz-pirot-beograd-aerodrom\/","og_locale":"en_GB","og_type":"article","og_title":"Transfer Belgrade Airport Pirot","og_description":"Transfer from Belgrade Airport to Nis and Pirot and vice versa. Easy booking, no cancelation. Safe & reliable.","og_url":"https:\/\/flix.rs\/en\/prevoz-aerodrom-beograd-pirot-prevoz-pirot-beograd-aerodrom\/","og_site_name":"Flix.rs","article_publisher":"https:\/\/www.facebook.com\/prevoz.putnika.nis","article_modified_time":"2023-02-24T10:49:52+00:00","og_image":[{"width":970,"height":546,"url":"https:\/\/flix.rs\/wp-content\/uploads\/2023\/02\/Pirot_-_Crveni_trg_nocu-1.jpg","type":"image\/jpeg"}],"twitter_card":"summary_large_image","twitter_site":"@Prevozputnika1","twitter_misc":{"Estimated reading time":"5 minutes"},"schema":{"@context":"https:\/\/schema.org","@graph":[{"@type":"WebPage","@id":"https:\/\/flix.rs\/prevoz-aerodrom-beograd-pirot-prevoz-pirot-beograd-aerodrom\/","url":"https:\/\/flix.rs\/prevoz-aerodrom-beograd-pirot-prevoz-pirot-beograd-aerodrom\/","name":"Transfer Belgrade Airport Pirot","isPartOf":{"@id":"https:\/\/flix.rs\/#website"},"primaryImageOfPage":{"@id":"https:\/\/flix.rs\/prevoz-aerodrom-beograd-pirot-prevoz-pirot-beograd-aerodrom\/#primaryimage"},"image":{"@id":"https:\/\/flix.rs\/prevoz-aerodrom-beograd-pirot-prevoz-pirot-beograd-aerodrom\/#primaryimage"},"thumbnailUrl":"https:\/\/flix.rs\/wp-content\/uploads\/2023\/02\/Pirot_-_Crveni_trg_nocu-1.jpg","datePublished":"2023-02-24T10:24:32+00:00","dateModified":"2023-02-24T10:49:52+00:00","description":"Transfer from Belgrade Airport to Nis and Pirot and vice versa. Easy booking, no cancelation. Safe & reliable.","breadcrumb":{"@id":"https:\/\/flix.rs\/prevoz-aerodrom-beograd-pirot-prevoz-pirot-beograd-aerodrom\/#breadcrumb"},"inLanguage":"en-GB","potentialAction":[{"@type":"ReadAction","target":["https:\/\/flix.rs\/prevoz-aerodrom-beograd-pirot-prevoz-pirot-beograd-aerodrom\/"]}]},{"@type":"ImageObject","inLanguage":"en-GB","@id":"https:\/\/flix.rs\/prevoz-aerodrom-beograd-pirot-prevoz-pirot-beograd-aerodrom\/#primaryimage","url":"https:\/\/flix.rs\/wp-content\/uploads\/2023\/02\/Pirot_-_Crveni_trg_nocu-1.jpg","contentUrl":"https:\/\/flix.rs\/wp-content\/uploads\/2023\/02\/Pirot_-_Crveni_trg_nocu-1.jpg","width":970,"height":546,"caption":"Transfer Belgrade Pirot"},{"@type":"BreadcrumbList","@id":"https:\/\/flix.rs\/prevoz-aerodrom-beograd-pirot-prevoz-pirot-beograd-aerodrom\/#breadcrumb","itemListElement":[{"@type":"ListItem","position":1,"name":"Home","item":"https:\/\/flix.rs\/"},{"@type":"ListItem","position":2,"name":"Prevoz: Aerodrom Beograd &#8211; Pirot | Prevoz: Pirot &#8211; Beograd Aerodrom"}]},{"@type":"WebSite","@id":"https:\/\/flix.rs\/#website","url":"https:\/\/flix.rs\/","name":"Flix.rs","description":"Va\u0161 prevoz do i sa aerodroma","publisher":{"@id":"https:\/\/flix.rs\/#organization"},"potentialAction":[{"@type":"SearchAction","target":{"@type":"EntryPoint","urlTemplate":"https:\/\/flix.rs\/?s={search_term_string}"},"query-input":{"@type":"PropertyValueSpecification","valueRequired":true,"valueName":"search_term_string"}}],"inLanguage":"en-GB"},{"@type":"Organization","@id":"https:\/\/flix.rs\/#organization","name":"Flix","url":"https:\/\/flix.rs\/","logo":{"@type":"ImageObject","inLanguage":"en-GB","@id":"https:\/\/flix.rs\/#\/schema\/logo\/image\/","url":"https:\/\/flix.rs\/wp-content\/uploads\/2019\/12\/80805004_454427318816809_4019161238033399808_n.png","contentUrl":"https:\/\/flix.rs\/wp-content\/uploads\/2019\/12\/80805004_454427318816809_4019161238033399808_n.png","width":120,"height":54,"caption":"Flix"},"image":{"@id":"https:\/\/flix.rs\/#\/schema\/logo\/image\/"},"sameAs":["https:\/\/www.facebook.com\/prevoz.putnika.nis","https:\/\/x.com\/Prevozputnika1"]}]}},"_links":{"self":[{"href":"https:\/\/flix.rs\/en\/wp-json\/wp\/v2\/pages\/13707"}],"collection":[{"href":"https:\/\/flix.rs\/en\/wp-json\/wp\/v2\/pages"}],"about":[{"href":"https:\/\/flix.rs\/en\/wp-json\/wp\/v2\/types\/page"}],"author":[{"embeddable":true,"href":"https:\/\/flix.rs\/en\/wp-json\/wp\/v2\/users\/3"}],"replies":[{"embeddable":true,"href":"https:\/\/flix.rs\/en\/wp-json\/wp\/v2\/comments?post=13707"}],"version-history":[{"count":3,"href":"https:\/\/flix.rs\/en\/wp-json\/wp\/v2\/pages\/13707\/revisions"}],"predecessor-version":[{"id":13712,"href":"https:\/\/flix.rs\/en\/wp-json\/wp\/v2\/pages\/13707\/revisions\/13712"}],"wp:featuredmedia":[{"embeddable":true,"href":"https:\/\/flix.rs\/en\/wp-json\/wp\/v2\/media\/13709"}],"wp:attachment":[{"href":"https:\/\/flix.rs\/en\/wp-json\/wp\/v2\/media?parent=13707"}],"curies":[{"name":"wp","href":"https:\/\/api.w.org\/{rel}","templated":true}]}}