{"id":13685,"date":"2023-02-18T19:10:59","date_gmt":"2023-02-18T18:10:59","guid":{"rendered":"https:\/\/flix.rs\/?page_id=13685"},"modified":"2023-04-16T17:50:42","modified_gmt":"2023-04-16T16:50:42","slug":"prevoz-nis-aerodrom-bukurest-prevoz-aerodrom-bukurest-nis","status":"publish","type":"page","link":"https:\/\/flix.rs\/en\/transfer-nis-bucharest-airport-transfer-bucharest-airport-nis\/","title":{"rendered":"Transfer: Nis &#8211; Bucharest Airport | Transfer: Bucharest Airport -Nis"},"content":{"rendered":"<div  class=\"wpb_row vc_row-fluid content-wrapper content-wrapper-standard clearfix\" style=\"padding-left: 0px; padding-right: 0px; \"><div class=\"col span_12\"><div class=\"wpb_column vc_column_container vc_col-sm-12\"><div class=\"vc_column-inner\"><div class=\"wpb_wrapper\">\n\t<div class=\"wpb_text_column wpb_content_element\" >\n\t\t<div class=\"wpb_wrapper\">\n\t\t\t<p><\/p>\n\n\t\t<\/div>\n\t<\/div>\n<\/div><\/div><\/div><\/div><\/div><div  class=\"wpb_row vc_row-fluid content-wrapper content-wrapper-standard clearfix\" style=\"padding-left: 0px; padding-right: 0px; \"><div class=\"col span_12\"><div class=\"wpb_column vc_column_container vc_col-sm-12\"><div class=\"vc_column-inner\"><div class=\"wpb_wrapper\">\n\t<div class=\"wpb_text_column wpb_content_element\" >\n\t\t<div class=\"wpb_wrapper\">\n\t\t\t<h3>Transfer Nis Bucharest Airport<\/h3>\n<h3>Transfer Bucharest Airport\u00a0Nis<\/h3>\n\n\t\t<\/div>\n\t<\/div>\n<\/div><\/div><\/div><\/div><\/div><div  class=\"wpb_row vc_row-fluid content-wrapper content-wrapper-standard clearfix\" style=\"padding-left: 0px; padding-right: 0px; \"><div class=\"col span_12\"><div class=\"wpb_column vc_column_container vc_col-sm-12\"><div class=\"vc_column-inner\"><div class=\"wpb_wrapper\"><h3 class=\"center-title\"><\/h3><div class=\"title-block2\"><\/div><\/div><\/div><\/div><\/div><\/div><div  class=\"wpb_row vc_row-fluid content-wrapper content-wrapper-standard clearfix\" style=\"padding-left: 0px; padding-right: 0px; \"><div class=\"col span_12\"><div class=\"wpb_column vc_column_container vc_col-sm-12\"><div class=\"vc_column-inner\"><div class=\"wpb_wrapper\">\n\t<div  class=\"wpb_single_image wpb_content_element vc_align_left\">\n\t\t\n\t\t<figure class=\"wpb_wrapper vc_figure\">\n\t\t\t<div class=\"vc_single_image-wrapper   vc_box_border_grey\"><img loading=\"lazy\" decoding=\"async\" class=\"vc_single_image-img\" src=\"https:\/\/flix.rs\/wp-content\/uploads\/2023\/02\/peoples-house-g1486c1f31_1280.jpg\" width=\"1280\" height=\"905\" alt=\"Transfer Nis Bucharest\" title=\"PHOTO | PIXABAY.COM\" \/><\/div>\n\t\t<\/figure>\n\t<\/div>\n<\/div><\/div><\/div><\/div><\/div><div  class=\"wpb_row vc_row-fluid content-wrapper content-wrapper-standard clearfix\" style=\"padding-left: 0px; padding-right: 0px; \"><div class=\"col span_12\"><div class=\"wpb_column vc_column_container vc_col-sm-12\"><div class=\"vc_column-inner\"><div class=\"wpb_wrapper\">\n\t<div class=\"wpb_text_column wpb_content_element\" >\n\t\t<div class=\"wpb_wrapper\">\n\t\t\t<p><a href=\"https:\/\/flix.rs\/en\/airport-nis-shuttle-transfer\/\">Transfer Nis <\/a><a href=\"https:\/\/flix.rs\/en\/airport-nis-shuttle-transfer\/\">Airport <\/a><a href=\"https:\/\/flix.rs\/en\/airport-nis-shuttle-transfer\/\">Bucharest<\/a>, <a href=\"https:\/\/flix.rs\/en\/airport-belgrade-shuttle-transfer\/\">Transfer Bucharest Airport Nis<\/a>. Transfers to cities and tourist centers in Serbia &#8211; <strong>Kopaonik<\/strong>, <strong>Vrnja\u010dka Banja<\/strong>, Sokobanja, Srebrno Jezero, Stara Planina. It is possible to organize transportation to <strong>Novi Sad<\/strong> and <strong>Belgrade<\/strong> from the <strong>airports<\/strong> of <strong>Nis<\/strong>, <strong>Sofia<\/strong>, <strong>Skopje<\/strong>, <strong>Thessaloniki<\/strong>, <strong>Pristina<\/strong>. Transportation from <em>Ni\u0161<\/em> to the cities of Knja\u017eevac, Zaje\u010dar, Vidin, Craiova, <strong>Brasov<\/strong>, <strong>Constanta<\/strong> or any other destination in <strong>Romania<\/strong>.<\/p>\n<p>Private transfers to tourist centers in the <strong>Republic of Serbia<\/strong> and the region<br \/>\nNumber for info and booking\u00a0<a href=\"tel:+38163456515\">+381 63 456 515<\/a><br \/>\nOnline booking\u00a0\u00a0<a href=\"https:\/\/flix.rs\/en\/booking\/\">https:\/\/flix.rs\/en\/booking\/<\/a><\/p>\n<p>Transfers can be organized by passenger car in economy and business class. Also, it is possible to transport a larger number of passengers with a larger amount of luggage, in the <em>MPV<\/em> class as well as a classic van, which is intended for the transportation of up to 8 passengers and a large amount of luggage &#8211; up to 12 suitcases. All our vehicles are of the latest generation, which guarantee that your trip will be comfortable and pleasant.<br \/>\nSince the <strong>FLiX<\/strong> passenger transportation service is defined as individual transportation, you determine the place and time of departure. If you wish, there is also an option to share your transportation costs with other passengers.<br \/>\nOn our website, you have the <a href=\"https:\/\/flix.rs\/en\/special-inquiry\/\">option\u00a0<\/a> to choose one of the routes that our clients use the most or send us an inquiry for any other destination. Our operators will answer you as soon as possible.<\/p>\n<p>Our many years of experience in transporting passengers is a guarantee that you will be at your final destination at the requested time, which, among other things, is confirmed by the <a href=\"https:\/\/flix.rs\/en\/customer-reviews\/\">experiences<\/a> of our clients.<\/p>\n<p>According to the choice of our passengers and the <a href=\"https:\/\/www.tripadvisor.com\/Attraction_Review-g295382-d20058758-Reviews-Nis_Airport_Shuttle_Taxi-Nis_Central_Serbia.html\">TripAdvisor<\/a> company , we were chosen as the most reliable passenger carrier in this part of Serbia and the region.<\/p>\n<p>The ride from <strong>Constantine the Great Airport in Nis<\/strong> to Bucharest takes almost seven hours. The distance between Nis and airport of the capital of Romania is 480 km. The journey can be prolonged during the summer season when, especially on weekends, there are huge crowds, both on the highway itself and at the border crossings between the Republic of Serbia and the Republic of <a href=\"https:\/\/www.gov.ro\/en\">Romania<\/a>.<\/p>\n\n\t\t<\/div>\n\t<\/div>\n<\/div><\/div><\/div><\/div><\/div>","protected":false},"excerpt":{"rendered":"[:sr] Prevoz: Ni\u0161 Aerdrom Bukure\u0161t Prevoz: Bukure\u0161t Ni\u0161 Aerdrom Prevoz\u00a0 Aerodrom Ni\u0161 Bukure\u0161t, Prevoz Aerodrom Bukure\u0161t Ni\u0161.\u00a0 Prevoz do gradova i turusti\u010dkih cenatra u Srbiji \u2013 Kopaonik, Vrnja\u010dka Banja, Sokobanja, Srebrno Jezero, Stara Planina. Mogu\u0107e je organizovati prevoz i do Novog Sada i Beograda sa aerodroma Ni\u0161, Sofija, Skoplje, Solun, Pri\u0161tina. Prevoz od Ni\u0161a do","protected":false},"author":3,"featured_media":13687,"parent":0,"menu_order":0,"comment_status":"closed","ping_status":"closed","template":"","meta":{"footnotes":""},"yoast_head":"<!-- This site is optimized with the Yoast SEO plugin v24.5 - https:\/\/yoast.com\/wordpress\/plugins\/seo\/ -->\n<title>Transfer Nis Bucharest Airport<\/title>\n<meta name=\"description\" content=\"Private transfer from Nis to Bucarest Airport and vice versa. Easy booking. Reliable, safe and comfortable.\" \/>\n<meta name=\"robots\" content=\"index, follow, max-snippet:-1, max-image-preview:large, max-video-preview:-1\" \/>\n<link rel=\"canonical\" href=\"https:\/\/flix.rs\/en\/prevoz-nis-aerodrom-bukurest-prevoz-bukurest-aerodrom-nis\/\" \/>\n<meta property=\"og:locale\" content=\"en_GB\" \/>\n<meta property=\"og:type\" content=\"article\" \/>\n<meta property=\"og:title\" content=\"Transfer Nis Bucharest Airport\" \/>\n<meta property=\"og:description\" content=\"Private transfer from Nis to Bucarest Airport and vice versa. Easy booking. Reliable, safe and comfortable.\" \/>\n<meta property=\"og:url\" content=\"https:\/\/flix.rs\/en\/prevoz-nis-aerodrom-bukurest-prevoz-bukurest-aerodrom-nis\/\" \/>\n<meta property=\"og:site_name\" content=\"Flix.rs\" \/>\n<meta property=\"article:publisher\" content=\"https:\/\/www.facebook.com\/prevoz.putnika.nis\" \/>\n<meta property=\"article:modified_time\" content=\"2023-04-16T16:50:42+00:00\" \/>\n<meta property=\"og:image\" content=\"https:\/\/flix.rs\/wp-content\/uploads\/2023\/02\/peoples-house-g1486c1f31_1280.jpg\" \/>\n\t<meta property=\"og:image:width\" content=\"1280\" \/>\n\t<meta property=\"og:image:height\" content=\"905\" \/>\n\t<meta property=\"og:image:type\" content=\"image\/jpeg\" \/>\n<meta name=\"twitter:card\" content=\"summary_large_image\" \/>\n<meta name=\"twitter:site\" content=\"@Prevozputnika1\" \/>\n<meta name=\"twitter:label1\" content=\"Estimated reading time\" \/>\n\t<meta name=\"twitter:data1\" content=\"5 minutes\" \/>\n<script type=\"application\/ld+json\" class=\"yoast-schema-graph\">{\"@context\":\"https:\/\/schema.org\",\"@graph\":[{\"@type\":\"WebPage\",\"@id\":\"https:\/\/flix.rs\/prevoz-nis-aerodrom-bukurest-prevoz-bukurest-aerodrom-nis\/\",\"url\":\"https:\/\/flix.rs\/prevoz-nis-aerodrom-bukurest-prevoz-bukurest-aerodrom-nis\/\",\"name\":\"Transfer Nis Bucharest Airport\",\"isPartOf\":{\"@id\":\"https:\/\/flix.rs\/#website\"},\"primaryImageOfPage\":{\"@id\":\"https:\/\/flix.rs\/prevoz-nis-aerodrom-bukurest-prevoz-bukurest-aerodrom-nis\/#primaryimage\"},\"image\":{\"@id\":\"https:\/\/flix.rs\/prevoz-nis-aerodrom-bukurest-prevoz-bukurest-aerodrom-nis\/#primaryimage\"},\"thumbnailUrl\":\"https:\/\/flix.rs\/wp-content\/uploads\/2023\/02\/peoples-house-g1486c1f31_1280.jpg\",\"datePublished\":\"2023-02-18T18:10:59+00:00\",\"dateModified\":\"2023-04-16T16:50:42+00:00\",\"description\":\"Private transfer from Nis to Bucarest Airport and vice versa. Easy booking. Reliable, safe and comfortable.\",\"breadcrumb\":{\"@id\":\"https:\/\/flix.rs\/prevoz-nis-aerodrom-bukurest-prevoz-bukurest-aerodrom-nis\/#breadcrumb\"},\"inLanguage\":\"en-GB\",\"potentialAction\":[{\"@type\":\"ReadAction\",\"target\":[\"https:\/\/flix.rs\/prevoz-nis-aerodrom-bukurest-prevoz-bukurest-aerodrom-nis\/\"]}]},{\"@type\":\"ImageObject\",\"inLanguage\":\"en-GB\",\"@id\":\"https:\/\/flix.rs\/prevoz-nis-aerodrom-bukurest-prevoz-bukurest-aerodrom-nis\/#primaryimage\",\"url\":\"https:\/\/flix.rs\/wp-content\/uploads\/2023\/02\/peoples-house-g1486c1f31_1280.jpg\",\"contentUrl\":\"https:\/\/flix.rs\/wp-content\/uploads\/2023\/02\/peoples-house-g1486c1f31_1280.jpg\",\"width\":1280,\"height\":905,\"caption\":\"Transfer Nis Bucharest\"},{\"@type\":\"BreadcrumbList\",\"@id\":\"https:\/\/flix.rs\/prevoz-nis-aerodrom-bukurest-prevoz-bukurest-aerodrom-nis\/#breadcrumb\",\"itemListElement\":[{\"@type\":\"ListItem\",\"position\":1,\"name\":\"Home\",\"item\":\"https:\/\/flix.rs\/\"},{\"@type\":\"ListItem\",\"position\":2,\"name\":\"Prevoz: Nis &#8211; Aerodrom Bukurest | Prevoz: Aerodrom Bukurest &#8211; Nis\"}]},{\"@type\":\"WebSite\",\"@id\":\"https:\/\/flix.rs\/#website\",\"url\":\"https:\/\/flix.rs\/\",\"name\":\"Flix.rs\",\"description\":\"Va\u0161 prevoz do i sa aerodroma\",\"publisher\":{\"@id\":\"https:\/\/flix.rs\/#organization\"},\"potentialAction\":[{\"@type\":\"SearchAction\",\"target\":{\"@type\":\"EntryPoint\",\"urlTemplate\":\"https:\/\/flix.rs\/?s={search_term_string}\"},\"query-input\":{\"@type\":\"PropertyValueSpecification\",\"valueRequired\":true,\"valueName\":\"search_term_string\"}}],\"inLanguage\":\"en-GB\"},{\"@type\":\"Organization\",\"@id\":\"https:\/\/flix.rs\/#organization\",\"name\":\"Flix\",\"url\":\"https:\/\/flix.rs\/\",\"logo\":{\"@type\":\"ImageObject\",\"inLanguage\":\"en-GB\",\"@id\":\"https:\/\/flix.rs\/#\/schema\/logo\/image\/\",\"url\":\"https:\/\/flix.rs\/wp-content\/uploads\/2019\/12\/80805004_454427318816809_4019161238033399808_n.png\",\"contentUrl\":\"https:\/\/flix.rs\/wp-content\/uploads\/2019\/12\/80805004_454427318816809_4019161238033399808_n.png\",\"width\":120,\"height\":54,\"caption\":\"Flix\"},\"image\":{\"@id\":\"https:\/\/flix.rs\/#\/schema\/logo\/image\/\"},\"sameAs\":[\"https:\/\/www.facebook.com\/prevoz.putnika.nis\",\"https:\/\/x.com\/Prevozputnika1\"]}]}<\/script>\n<!-- \/ Yoast SEO plugin. -->","yoast_head_json":{"title":"Transfer Nis Bucharest Airport","description":"Private transfer from Nis to Bucarest Airport and vice versa. Easy booking. Reliable, safe and comfortable.","robots":{"index":"index","follow":"follow","max-snippet":"max-snippet:-1","max-image-preview":"max-image-preview:large","max-video-preview":"max-video-preview:-1"},"canonical":"https:\/\/flix.rs\/en\/prevoz-nis-aerodrom-bukurest-prevoz-bukurest-aerodrom-nis\/","og_locale":"en_GB","og_type":"article","og_title":"Transfer Nis Bucharest Airport","og_description":"Private transfer from Nis to Bucarest Airport and vice versa. Easy booking. Reliable, safe and comfortable.","og_url":"https:\/\/flix.rs\/en\/prevoz-nis-aerodrom-bukurest-prevoz-bukurest-aerodrom-nis\/","og_site_name":"Flix.rs","article_publisher":"https:\/\/www.facebook.com\/prevoz.putnika.nis","article_modified_time":"2023-04-16T16:50:42+00:00","og_image":[{"width":1280,"height":905,"url":"https:\/\/flix.rs\/wp-content\/uploads\/2023\/02\/peoples-house-g1486c1f31_1280.jpg","type":"image\/jpeg"}],"twitter_card":"summary_large_image","twitter_site":"@Prevozputnika1","twitter_misc":{"Estimated reading time":"5 minutes"},"schema":{"@context":"https:\/\/schema.org","@graph":[{"@type":"WebPage","@id":"https:\/\/flix.rs\/prevoz-nis-aerodrom-bukurest-prevoz-bukurest-aerodrom-nis\/","url":"https:\/\/flix.rs\/prevoz-nis-aerodrom-bukurest-prevoz-bukurest-aerodrom-nis\/","name":"Transfer Nis Bucharest Airport","isPartOf":{"@id":"https:\/\/flix.rs\/#website"},"primaryImageOfPage":{"@id":"https:\/\/flix.rs\/prevoz-nis-aerodrom-bukurest-prevoz-bukurest-aerodrom-nis\/#primaryimage"},"image":{"@id":"https:\/\/flix.rs\/prevoz-nis-aerodrom-bukurest-prevoz-bukurest-aerodrom-nis\/#primaryimage"},"thumbnailUrl":"https:\/\/flix.rs\/wp-content\/uploads\/2023\/02\/peoples-house-g1486c1f31_1280.jpg","datePublished":"2023-02-18T18:10:59+00:00","dateModified":"2023-04-16T16:50:42+00:00","description":"Private transfer from Nis to Bucarest Airport and vice versa. Easy booking. Reliable, safe and comfortable.","breadcrumb":{"@id":"https:\/\/flix.rs\/prevoz-nis-aerodrom-bukurest-prevoz-bukurest-aerodrom-nis\/#breadcrumb"},"inLanguage":"en-GB","potentialAction":[{"@type":"ReadAction","target":["https:\/\/flix.rs\/prevoz-nis-aerodrom-bukurest-prevoz-bukurest-aerodrom-nis\/"]}]},{"@type":"ImageObject","inLanguage":"en-GB","@id":"https:\/\/flix.rs\/prevoz-nis-aerodrom-bukurest-prevoz-bukurest-aerodrom-nis\/#primaryimage","url":"https:\/\/flix.rs\/wp-content\/uploads\/2023\/02\/peoples-house-g1486c1f31_1280.jpg","contentUrl":"https:\/\/flix.rs\/wp-content\/uploads\/2023\/02\/peoples-house-g1486c1f31_1280.jpg","width":1280,"height":905,"caption":"Transfer Nis Bucharest"},{"@type":"BreadcrumbList","@id":"https:\/\/flix.rs\/prevoz-nis-aerodrom-bukurest-prevoz-bukurest-aerodrom-nis\/#breadcrumb","itemListElement":[{"@type":"ListItem","position":1,"name":"Home","item":"https:\/\/flix.rs\/"},{"@type":"ListItem","position":2,"name":"Prevoz: Nis &#8211; Aerodrom Bukurest | Prevoz: Aerodrom Bukurest &#8211; Nis"}]},{"@type":"WebSite","@id":"https:\/\/flix.rs\/#website","url":"https:\/\/flix.rs\/","name":"Flix.rs","description":"Va\u0161 prevoz do i sa aerodroma","publisher":{"@id":"https:\/\/flix.rs\/#organization"},"potentialAction":[{"@type":"SearchAction","target":{"@type":"EntryPoint","urlTemplate":"https:\/\/flix.rs\/?s={search_term_string}"},"query-input":{"@type":"PropertyValueSpecification","valueRequired":true,"valueName":"search_term_string"}}],"inLanguage":"en-GB"},{"@type":"Organization","@id":"https:\/\/flix.rs\/#organization","name":"Flix","url":"https:\/\/flix.rs\/","logo":{"@type":"ImageObject","inLanguage":"en-GB","@id":"https:\/\/flix.rs\/#\/schema\/logo\/image\/","url":"https:\/\/flix.rs\/wp-content\/uploads\/2019\/12\/80805004_454427318816809_4019161238033399808_n.png","contentUrl":"https:\/\/flix.rs\/wp-content\/uploads\/2019\/12\/80805004_454427318816809_4019161238033399808_n.png","width":120,"height":54,"caption":"Flix"},"image":{"@id":"https:\/\/flix.rs\/#\/schema\/logo\/image\/"},"sameAs":["https:\/\/www.facebook.com\/prevoz.putnika.nis","https:\/\/x.com\/Prevozputnika1"]}]}},"_links":{"self":[{"href":"https:\/\/flix.rs\/en\/wp-json\/wp\/v2\/pages\/13685"}],"collection":[{"href":"https:\/\/flix.rs\/en\/wp-json\/wp\/v2\/pages"}],"about":[{"href":"https:\/\/flix.rs\/en\/wp-json\/wp\/v2\/types\/page"}],"author":[{"embeddable":true,"href":"https:\/\/flix.rs\/en\/wp-json\/wp\/v2\/users\/3"}],"replies":[{"embeddable":true,"href":"https:\/\/flix.rs\/en\/wp-json\/wp\/v2\/comments?post=13685"}],"version-history":[{"count":3,"href":"https:\/\/flix.rs\/en\/wp-json\/wp\/v2\/pages\/13685\/revisions"}],"predecessor-version":[{"id":13777,"href":"https:\/\/flix.rs\/en\/wp-json\/wp\/v2\/pages\/13685\/revisions\/13777"}],"wp:featuredmedia":[{"embeddable":true,"href":"https:\/\/flix.rs\/en\/wp-json\/wp\/v2\/media\/13687"}],"wp:attachment":[{"href":"https:\/\/flix.rs\/en\/wp-json\/wp\/v2\/media?parent=13685"}],"curies":[{"name":"wp","href":"https:\/\/api.w.org\/{rel}","templated":true}]}}