{"id":13677,"date":"2023-02-12T16:36:38","date_gmt":"2023-02-12T15:36:38","guid":{"rendered":"https:\/\/flix.rs\/?page_id=13677"},"modified":"2025-05-29T07:32:25","modified_gmt":"2025-05-29T06:32:25","slug":"prevoz-nis-aerodrom-budimpesta-prevoz-aerodrom-budimpesta-nis","status":"publish","type":"page","link":"https:\/\/flix.rs\/en\/transfer-nis-budapest-airport-transfer-budapest-airport-nis\/","title":{"rendered":"Transfer: Nis &#8211; Budapest Airport | Transfer: Nis &#8211; Budapest  Airport"},"content":{"rendered":"<div  class=\"wpb_row vc_row-fluid content-wrapper content-wrapper-standard clearfix\" style=\"padding-left: 0px; padding-right: 0px; \"><div class=\"col span_12\"><div class=\"wpb_column vc_column_container vc_col-sm-12\"><div class=\"vc_column-inner\"><div class=\"wpb_wrapper\">\n\t<div class=\"wpb_text_column wpb_content_element\" >\n\t\t<div class=\"wpb_wrapper\">\n\t\t\t<p><\/p>\n\n\t\t<\/div>\n\t<\/div>\n<\/div><\/div><\/div><\/div><\/div><div  class=\"wpb_row vc_row-fluid content-wrapper content-wrapper-standard clearfix\" style=\"padding-left: 0px; padding-right: 0px; \"><div class=\"col span_12\"><div class=\"wpb_column vc_column_container vc_col-sm-12\"><div class=\"vc_column-inner\"><div class=\"wpb_wrapper\">\n\t<div class=\"wpb_text_column wpb_content_element\" >\n\t\t<div class=\"wpb_wrapper\">\n\t\t\t<h3>Transfer: Nis &#8211; Budapest Airport<\/h3>\n<h3>Transfer: Budapest Airport &#8211; Nis<\/h3>\n\n\t\t<\/div>\n\t<\/div>\n<\/div><\/div><\/div><\/div><\/div><div  class=\"wpb_row vc_row-fluid content-wrapper content-wrapper-standard clearfix\" style=\"padding-left: 0px; padding-right: 0px; \"><div class=\"col span_12\"><div class=\"wpb_column vc_column_container vc_col-sm-12\"><div class=\"vc_column-inner\"><div class=\"wpb_wrapper\"><h3 class=\"center-title\"><\/h3><div class=\"title-block2\"><\/div><\/div><\/div><\/div><\/div><\/div><div  class=\"wpb_row vc_row-fluid content-wrapper content-wrapper-standard clearfix\" style=\"padding-left: 0px; padding-right: 0px; \"><div class=\"col span_12\"><div class=\"wpb_column vc_column_container vc_col-sm-12\"><div class=\"vc_column-inner\"><div class=\"wpb_wrapper\">\n\t<div  class=\"wpb_single_image wpb_content_element vc_align_left\">\n\t\t\n\t\t<figure class=\"wpb_wrapper vc_figure\">\n\t\t\t<div class=\"vc_single_image-wrapper   vc_box_border_grey\"><img loading=\"lazy\" decoding=\"async\" class=\"vc_single_image-img\" src=\"https:\/\/flix.rs\/wp-content\/uploads\/2023\/02\/budapest.jpg\" width=\"1280\" height=\"715\" alt=\"Transfer Nis Budapest\" title=\"PHOTO | PIXABAY.COM\" \/><\/div>\n\t\t<\/figure>\n\t<\/div>\n<\/div><\/div><\/div><\/div><\/div><div  class=\"wpb_row vc_row-fluid content-wrapper content-wrapper-standard clearfix\" style=\"padding-left: 0px; padding-right: 0px; \"><div class=\"col span_12\"><div class=\"wpb_column vc_column_container vc_col-sm-12\"><div class=\"vc_column-inner\"><div class=\"wpb_wrapper\">\n\t<div class=\"wpb_text_column wpb_content_element\" >\n\t\t<div class=\"wpb_wrapper\">\n\t\t\t<p><a href=\"https:\/\/flix.rs\/en\/airport-nis-shuttle-transfer\/\">Transfer Nis Airport Budapest<\/a>, <a href=\"https:\/\/flix.rs\/en\/airport-belgrade-shuttle-transfer\/\">Transfer Budapest Nis Airport<\/a>. <strong>Transfers<\/strong> to cities and tourist centers in Serbia &#8211; <strong>Kopaonik<\/strong>, <strong>Vrnja\u010dka Banja<\/strong>, Sokobanja, Srebrno Jezero, Stara Planina.. It is possible to organize transportation to <strong>Novi Sad<\/strong> and <strong>Belgrade<\/strong> from the airports of <strong>Nis<\/strong>, Sofia, <strong>Skopje<\/strong>, <strong>Thessaloniki<\/strong>, <strong>Pristina<\/strong>. Transfers from Ni\u0161 to the cities of <strong>Novi Sad<\/strong>, <strong>Subotica<\/strong>, Zrenjanin, Kikinda, <strong>Vr\u0161ac<\/strong>, Ba\u010dka Topola, Apatin, Sombor, Sremska Mitrovica, <em>In\u0111ija<\/em>.<\/p>\n<p>Individual transfers to tourist centers in the Republic of Serbia and the region.<\/p>\n<p>Number for info and booking\u00a0<a href=\"tel:+38163456515\">+381 63 456 515<\/a><br \/>\nOnline booking\u00a0\u00a0<a href=\"https:\/\/flix.rs\/en\/booking\/\">https:\/\/flix.rs\/en\/booking\/<\/a><\/p>\n<p><strong>Transfers<\/strong> can be organized by passenger car in economy and business class. Also, it is possible to transport a larger number of passengers with a larger amount of luggage, in the MPV class as well as a classic van, which is intended for the transportation of up to 8 passengers and a<em> large amount of luggage<\/em> &#8211; up to 12 suitcases. All our vehicles are of the latest generation, which guarantee that your trip will be comfortable and pleasant.<\/p>\n<p>Since the FLiX passenger transfers service is defined as individual transportation, you determine the place and time of departure. If you wish, there is also an option to share your transportation costs with other passengers.<\/p>\n<p>On our website, you have the <a href=\"https:\/\/flix.rs\/en\/special-inquiry\/\">option<\/a> to choose one of the routes that our clients use the most or send us an inquiry for any other destination. Our operators will answer you as soon as possible.\u00a0Our many years of experience in transporting passengers is a guarantee that you will be at your final destination at the requested time, which, among other things, is confirmed by the <a href=\"https:\/\/flix.rs\/en\/customer-reviews\/\">experiences<\/a> of our clients.<\/p>\n<p>According to the choice of our passengers and the company <a href=\"https:\/\/www.tripadvisor.com\/Attraction_Review-g295382-d20058758-Reviews-Nis_Airport_Shuttle_Taxi-Nis_Central_Serbia.html\">TripAdvisor<\/a>, we were chosen as the most reliable passenger carrier in this part of Serbia and the region.<\/p>\n<p><img loading=\"lazy\" decoding=\"async\" width=\"257\" height=\"300\" class=\"alignnone size-medium wp-image-13619\" src=\"https:\/\/flix.rs\/wp-content\/uploads\/2023\/01\/Trip-Advisor-Award-1-257x300.jpg\" alt=\"TripAdvisor Travelers Choice 2022\" srcset=\"https:\/\/flix.rs\/wp-content\/uploads\/2023\/01\/Trip-Advisor-Award-1-257x300.jpg 257w, https:\/\/flix.rs\/wp-content\/uploads\/2023\/01\/Trip-Advisor-Award-1-10x12.jpg 10w, https:\/\/flix.rs\/wp-content\/uploads\/2023\/01\/Trip-Advisor-Award-1-86x100.jpg 86w, https:\/\/flix.rs\/wp-content\/uploads\/2023\/01\/Trip-Advisor-Award-1.jpg 425w\" sizes=\"(max-width: 257px) 100vw, 257px\" \/><\/p>\n<p>The ride from<strong> Constantine the Great Airport in Ni\u0161<\/strong> to <strong>Budapest \u00a0<\/strong>takes almost six hours. The distance between the airport of the capital of <strong>Hungary<\/strong> and Ni\u0161 is 610 km. The trip can be prolonged during the summer season when, especially on weekends, there are huge crowds, both on the highway itself and at the Serbian-Hungarian border crossings <strong>Horgo\u0161<\/strong> and <strong>Kelebija<\/strong>.<\/p>\n\n\t\t<\/div>\n\t<\/div>\n<\/div><\/div><\/div><\/div><\/div>","protected":false},"excerpt":{"rendered":"[:sr] Prevoz Ni\u0161 Aerodrom Budimpe\u0161ta Prevoz Budimpe\u0161ta Aerodrom Ni\u0161 Prevoz\u00a0 Aerodrom Ni\u0161 Budimpe\u0161ta, Prevoz Aerodrom Budimpe\u0161ta Ni\u0161.\u00a0 Prevoz do gradova i turusti\u010dkih cenatra u Srbiji \u2013 Kopaonik, Vrnja\u010dka Banja, Sokobanja, Srebrno Jezero, Stara Planina. Mogu\u0107e je organizovati prevoz i do Novog Sada i Beograda sa aerodroma Ni\u0161, Sofija, Skoplje, Solun, Pri\u0161tina. Prevoz od Ni\u0161a do","protected":false},"author":3,"featured_media":13678,"parent":0,"menu_order":0,"comment_status":"closed","ping_status":"closed","template":"","meta":{"footnotes":""},"yoast_head":"<!-- This site is optimized with the Yoast SEO plugin v24.5 - https:\/\/yoast.com\/wordpress\/plugins\/seo\/ -->\n<title>Transfer Nis Budapest Airport<\/title>\n<meta name=\"description\" content=\"Private transfer from Nis to Budapest Airport and back. Easy to book. Reliable, safe and comfortable. +381 63 456 515\" \/>\n<meta name=\"robots\" content=\"index, follow, max-snippet:-1, max-image-preview:large, max-video-preview:-1\" \/>\n<link rel=\"canonical\" href=\"https:\/\/flix.rs\/en\/prevoz-nis-aerodrom-budimpesta-prevoz-aerodrom-budimpesta-nis\/\" \/>\n<meta property=\"og:locale\" content=\"en_GB\" \/>\n<meta property=\"og:type\" content=\"article\" \/>\n<meta property=\"og:title\" content=\"Transfer Nis Budapest Airport\" \/>\n<meta property=\"og:description\" content=\"Private transfer from Nis to Budapest Airport and back. Easy to book. Reliable, safe and comfortable. +381 63 456 515\" \/>\n<meta property=\"og:url\" content=\"https:\/\/flix.rs\/en\/prevoz-nis-aerodrom-budimpesta-prevoz-aerodrom-budimpesta-nis\/\" \/>\n<meta property=\"og:site_name\" content=\"Flix.rs\" \/>\n<meta property=\"article:publisher\" content=\"https:\/\/www.facebook.com\/prevoz.putnika.nis\" \/>\n<meta property=\"article:modified_time\" content=\"2025-05-29T06:32:25+00:00\" \/>\n<meta property=\"og:image\" content=\"https:\/\/flix.rs\/wp-content\/uploads\/2023\/02\/budapest.jpg\" \/>\n\t<meta property=\"og:image:width\" content=\"1280\" \/>\n\t<meta property=\"og:image:height\" content=\"715\" \/>\n\t<meta property=\"og:image:type\" content=\"image\/jpeg\" \/>\n<meta name=\"twitter:card\" content=\"summary_large_image\" \/>\n<meta name=\"twitter:site\" content=\"@Prevozputnika1\" \/>\n<meta name=\"twitter:label1\" content=\"Estimated reading time\" \/>\n\t<meta name=\"twitter:data1\" content=\"5 minutes\" \/>\n<script type=\"application\/ld+json\" class=\"yoast-schema-graph\">{\"@context\":\"https:\/\/schema.org\",\"@graph\":[{\"@type\":\"WebPage\",\"@id\":\"https:\/\/flix.rs\/prevoz-nis-aerodrom-budimpesta-prevoz-aerodrom-budimpesta-nis\/\",\"url\":\"https:\/\/flix.rs\/prevoz-nis-aerodrom-budimpesta-prevoz-aerodrom-budimpesta-nis\/\",\"name\":\"Transfer Nis Budapest Airport\",\"isPartOf\":{\"@id\":\"https:\/\/flix.rs\/#website\"},\"primaryImageOfPage\":{\"@id\":\"https:\/\/flix.rs\/prevoz-nis-aerodrom-budimpesta-prevoz-aerodrom-budimpesta-nis\/#primaryimage\"},\"image\":{\"@id\":\"https:\/\/flix.rs\/prevoz-nis-aerodrom-budimpesta-prevoz-aerodrom-budimpesta-nis\/#primaryimage\"},\"thumbnailUrl\":\"https:\/\/flix.rs\/wp-content\/uploads\/2023\/02\/budapest.jpg\",\"datePublished\":\"2023-02-12T15:36:38+00:00\",\"dateModified\":\"2025-05-29T06:32:25+00:00\",\"description\":\"Private transfer from Nis to Budapest Airport and back. Easy to book. Reliable, safe and comfortable. +381 63 456 515\",\"breadcrumb\":{\"@id\":\"https:\/\/flix.rs\/prevoz-nis-aerodrom-budimpesta-prevoz-aerodrom-budimpesta-nis\/#breadcrumb\"},\"inLanguage\":\"en-GB\",\"potentialAction\":[{\"@type\":\"ReadAction\",\"target\":[\"https:\/\/flix.rs\/prevoz-nis-aerodrom-budimpesta-prevoz-aerodrom-budimpesta-nis\/\"]}]},{\"@type\":\"ImageObject\",\"inLanguage\":\"en-GB\",\"@id\":\"https:\/\/flix.rs\/prevoz-nis-aerodrom-budimpesta-prevoz-aerodrom-budimpesta-nis\/#primaryimage\",\"url\":\"https:\/\/flix.rs\/wp-content\/uploads\/2023\/02\/budapest.jpg\",\"contentUrl\":\"https:\/\/flix.rs\/wp-content\/uploads\/2023\/02\/budapest.jpg\",\"width\":1280,\"height\":715,\"caption\":\"Transfer Nis Budapest\"},{\"@type\":\"BreadcrumbList\",\"@id\":\"https:\/\/flix.rs\/prevoz-nis-aerodrom-budimpesta-prevoz-aerodrom-budimpesta-nis\/#breadcrumb\",\"itemListElement\":[{\"@type\":\"ListItem\",\"position\":1,\"name\":\"Home\",\"item\":\"https:\/\/flix.rs\/\"},{\"@type\":\"ListItem\",\"position\":2,\"name\":\"Prevoz: Nis &#8211; Aerodrom Budimpesta | Prevoz: Aerodrom Budimpesta &#8211; Nis\"}]},{\"@type\":\"WebSite\",\"@id\":\"https:\/\/flix.rs\/#website\",\"url\":\"https:\/\/flix.rs\/\",\"name\":\"Flix.rs\",\"description\":\"Va\u0161 prevoz do i sa aerodroma\",\"publisher\":{\"@id\":\"https:\/\/flix.rs\/#organization\"},\"potentialAction\":[{\"@type\":\"SearchAction\",\"target\":{\"@type\":\"EntryPoint\",\"urlTemplate\":\"https:\/\/flix.rs\/?s={search_term_string}\"},\"query-input\":{\"@type\":\"PropertyValueSpecification\",\"valueRequired\":true,\"valueName\":\"search_term_string\"}}],\"inLanguage\":\"en-GB\"},{\"@type\":\"Organization\",\"@id\":\"https:\/\/flix.rs\/#organization\",\"name\":\"Flix\",\"url\":\"https:\/\/flix.rs\/\",\"logo\":{\"@type\":\"ImageObject\",\"inLanguage\":\"en-GB\",\"@id\":\"https:\/\/flix.rs\/#\/schema\/logo\/image\/\",\"url\":\"https:\/\/flix.rs\/wp-content\/uploads\/2019\/12\/80805004_454427318816809_4019161238033399808_n.png\",\"contentUrl\":\"https:\/\/flix.rs\/wp-content\/uploads\/2019\/12\/80805004_454427318816809_4019161238033399808_n.png\",\"width\":120,\"height\":54,\"caption\":\"Flix\"},\"image\":{\"@id\":\"https:\/\/flix.rs\/#\/schema\/logo\/image\/\"},\"sameAs\":[\"https:\/\/www.facebook.com\/prevoz.putnika.nis\",\"https:\/\/x.com\/Prevozputnika1\"]}]}<\/script>\n<!-- \/ Yoast SEO plugin. -->","yoast_head_json":{"title":"Transfer Nis Budapest Airport","description":"Private transfer from Nis to Budapest Airport and back. Easy to book. Reliable, safe and comfortable. +381 63 456 515","robots":{"index":"index","follow":"follow","max-snippet":"max-snippet:-1","max-image-preview":"max-image-preview:large","max-video-preview":"max-video-preview:-1"},"canonical":"https:\/\/flix.rs\/en\/prevoz-nis-aerodrom-budimpesta-prevoz-aerodrom-budimpesta-nis\/","og_locale":"en_GB","og_type":"article","og_title":"Transfer Nis Budapest Airport","og_description":"Private transfer from Nis to Budapest Airport and back. Easy to book. Reliable, safe and comfortable. +381 63 456 515","og_url":"https:\/\/flix.rs\/en\/prevoz-nis-aerodrom-budimpesta-prevoz-aerodrom-budimpesta-nis\/","og_site_name":"Flix.rs","article_publisher":"https:\/\/www.facebook.com\/prevoz.putnika.nis","article_modified_time":"2025-05-29T06:32:25+00:00","og_image":[{"width":1280,"height":715,"url":"https:\/\/flix.rs\/wp-content\/uploads\/2023\/02\/budapest.jpg","type":"image\/jpeg"}],"twitter_card":"summary_large_image","twitter_site":"@Prevozputnika1","twitter_misc":{"Estimated reading time":"5 minutes"},"schema":{"@context":"https:\/\/schema.org","@graph":[{"@type":"WebPage","@id":"https:\/\/flix.rs\/prevoz-nis-aerodrom-budimpesta-prevoz-aerodrom-budimpesta-nis\/","url":"https:\/\/flix.rs\/prevoz-nis-aerodrom-budimpesta-prevoz-aerodrom-budimpesta-nis\/","name":"Transfer Nis Budapest Airport","isPartOf":{"@id":"https:\/\/flix.rs\/#website"},"primaryImageOfPage":{"@id":"https:\/\/flix.rs\/prevoz-nis-aerodrom-budimpesta-prevoz-aerodrom-budimpesta-nis\/#primaryimage"},"image":{"@id":"https:\/\/flix.rs\/prevoz-nis-aerodrom-budimpesta-prevoz-aerodrom-budimpesta-nis\/#primaryimage"},"thumbnailUrl":"https:\/\/flix.rs\/wp-content\/uploads\/2023\/02\/budapest.jpg","datePublished":"2023-02-12T15:36:38+00:00","dateModified":"2025-05-29T06:32:25+00:00","description":"Private transfer from Nis to Budapest Airport and back. Easy to book. Reliable, safe and comfortable. +381 63 456 515","breadcrumb":{"@id":"https:\/\/flix.rs\/prevoz-nis-aerodrom-budimpesta-prevoz-aerodrom-budimpesta-nis\/#breadcrumb"},"inLanguage":"en-GB","potentialAction":[{"@type":"ReadAction","target":["https:\/\/flix.rs\/prevoz-nis-aerodrom-budimpesta-prevoz-aerodrom-budimpesta-nis\/"]}]},{"@type":"ImageObject","inLanguage":"en-GB","@id":"https:\/\/flix.rs\/prevoz-nis-aerodrom-budimpesta-prevoz-aerodrom-budimpesta-nis\/#primaryimage","url":"https:\/\/flix.rs\/wp-content\/uploads\/2023\/02\/budapest.jpg","contentUrl":"https:\/\/flix.rs\/wp-content\/uploads\/2023\/02\/budapest.jpg","width":1280,"height":715,"caption":"Transfer Nis Budapest"},{"@type":"BreadcrumbList","@id":"https:\/\/flix.rs\/prevoz-nis-aerodrom-budimpesta-prevoz-aerodrom-budimpesta-nis\/#breadcrumb","itemListElement":[{"@type":"ListItem","position":1,"name":"Home","item":"https:\/\/flix.rs\/"},{"@type":"ListItem","position":2,"name":"Prevoz: Nis &#8211; Aerodrom Budimpesta | Prevoz: Aerodrom Budimpesta &#8211; Nis"}]},{"@type":"WebSite","@id":"https:\/\/flix.rs\/#website","url":"https:\/\/flix.rs\/","name":"Flix.rs","description":"Va\u0161 prevoz do i sa aerodroma","publisher":{"@id":"https:\/\/flix.rs\/#organization"},"potentialAction":[{"@type":"SearchAction","target":{"@type":"EntryPoint","urlTemplate":"https:\/\/flix.rs\/?s={search_term_string}"},"query-input":{"@type":"PropertyValueSpecification","valueRequired":true,"valueName":"search_term_string"}}],"inLanguage":"en-GB"},{"@type":"Organization","@id":"https:\/\/flix.rs\/#organization","name":"Flix","url":"https:\/\/flix.rs\/","logo":{"@type":"ImageObject","inLanguage":"en-GB","@id":"https:\/\/flix.rs\/#\/schema\/logo\/image\/","url":"https:\/\/flix.rs\/wp-content\/uploads\/2019\/12\/80805004_454427318816809_4019161238033399808_n.png","contentUrl":"https:\/\/flix.rs\/wp-content\/uploads\/2019\/12\/80805004_454427318816809_4019161238033399808_n.png","width":120,"height":54,"caption":"Flix"},"image":{"@id":"https:\/\/flix.rs\/#\/schema\/logo\/image\/"},"sameAs":["https:\/\/www.facebook.com\/prevoz.putnika.nis","https:\/\/x.com\/Prevozputnika1"]}]}},"_links":{"self":[{"href":"https:\/\/flix.rs\/en\/wp-json\/wp\/v2\/pages\/13677"}],"collection":[{"href":"https:\/\/flix.rs\/en\/wp-json\/wp\/v2\/pages"}],"about":[{"href":"https:\/\/flix.rs\/en\/wp-json\/wp\/v2\/types\/page"}],"author":[{"embeddable":true,"href":"https:\/\/flix.rs\/en\/wp-json\/wp\/v2\/users\/3"}],"replies":[{"embeddable":true,"href":"https:\/\/flix.rs\/en\/wp-json\/wp\/v2\/comments?post=13677"}],"version-history":[{"count":4,"href":"https:\/\/flix.rs\/en\/wp-json\/wp\/v2\/pages\/13677\/revisions"}],"predecessor-version":[{"id":14214,"href":"https:\/\/flix.rs\/en\/wp-json\/wp\/v2\/pages\/13677\/revisions\/14214"}],"wp:featuredmedia":[{"embeddable":true,"href":"https:\/\/flix.rs\/en\/wp-json\/wp\/v2\/media\/13678"}],"wp:attachment":[{"href":"https:\/\/flix.rs\/en\/wp-json\/wp\/v2\/media?parent=13677"}],"curies":[{"name":"wp","href":"https:\/\/api.w.org\/{rel}","templated":true}]}}