{"id":13663,"date":"2023-02-06T01:05:57","date_gmt":"2023-02-06T00:05:57","guid":{"rendered":"https:\/\/flix.rs\/?page_id=13663"},"modified":"2023-02-06T01:05:57","modified_gmt":"2023-02-06T00:05:57","slug":"prevoz-aerodrom-nis-plovdiv-prevoz-plovdiv-aerodrom-nis","status":"publish","type":"page","link":"https:\/\/flix.rs\/en\/transfer-nis-airport-plovdiv-transfer-plovdiv-airport-nis\/","title":{"rendered":"Transfer: Nis Airport &#8211; Plovdiv  | Transfer: Plovdiv Airport &#8211; Nis"},"content":{"rendered":"<div  class=\"wpb_row vc_row-fluid content-wrapper content-wrapper-standard clearfix\" style=\"padding-left: 0px; padding-right: 0px; \"><div class=\"col span_12\"><div class=\"wpb_column vc_column_container vc_col-sm-12\"><div class=\"vc_column-inner\"><div class=\"wpb_wrapper\">\n\t<div class=\"wpb_text_column wpb_content_element\" >\n\t\t<div class=\"wpb_wrapper\">\n\t\t\t<p><\/p>\n\n\t\t<\/div>\n\t<\/div>\n<\/div><\/div><\/div><\/div><\/div><div  class=\"wpb_row vc_row-fluid content-wrapper content-wrapper-standard clearfix\" style=\"padding-left: 0px; padding-right: 0px; \"><div class=\"col span_12\"><div class=\"wpb_column vc_column_container vc_col-sm-12\"><div class=\"vc_column-inner\"><div class=\"wpb_wrapper\">\n\t<div class=\"wpb_text_column wpb_content_element\" >\n\t\t<div class=\"wpb_wrapper\">\n\t\t\t<h3>Transfer Nis Airport Plovdiv<\/h3>\n<h3>Transfer Plovdiv Airport Nis<\/h3>\n\n\t\t<\/div>\n\t<\/div>\n<\/div><\/div><\/div><\/div><\/div><div  class=\"wpb_row vc_row-fluid content-wrapper content-wrapper-standard clearfix\" style=\"padding-left: 0px; padding-right: 0px; \"><div class=\"col span_12\"><div class=\"wpb_column vc_column_container vc_col-sm-12\"><div class=\"vc_column-inner\"><div class=\"wpb_wrapper\"><h3 class=\"center-title\"><\/h3><div class=\"title-block2\"><\/div><\/div><\/div><\/div><\/div><\/div><div  class=\"wpb_row vc_row-fluid content-wrapper content-wrapper-standard clearfix\" style=\"padding-left: 0px; padding-right: 0px; \"><div class=\"col span_12\"><div class=\"wpb_column vc_column_container vc_col-sm-12\"><div class=\"vc_column-inner\"><div class=\"wpb_wrapper\">\n\t<div  class=\"wpb_single_image wpb_content_element vc_align_left\">\n\t\t\n\t\t<figure class=\"wpb_wrapper vc_figure\">\n\t\t\t<div class=\"vc_single_image-wrapper   vc_box_border_grey\"><img loading=\"lazy\" decoding=\"async\" class=\"vc_single_image-img\" src=\"https:\/\/flix.rs\/wp-content\/uploads\/2023\/02\/plovdiv-ge3e96d954_1280.jpg\" width=\"1280\" height=\"721\" alt=\"Prevoz Nis Plovdiv\" title=\"PHOTO | PIXABAY.COM\" \/><\/div>\n\t\t<\/figure>\n\t<\/div>\n<\/div><\/div><\/div><\/div><\/div><div  class=\"wpb_row vc_row-fluid content-wrapper content-wrapper-standard clearfix\" style=\"padding-left: 0px; padding-right: 0px; \"><div class=\"col span_12\"><div class=\"wpb_column vc_column_container vc_col-sm-12\"><div class=\"vc_column-inner\"><div class=\"wpb_wrapper\">\n\t<div class=\"wpb_text_column wpb_content_element\" >\n\t\t<div class=\"wpb_wrapper\">\n\t\t\t<p><a href=\"https:\/\/flix.rs\/en\/airport-nis-shuttle-transfer\/\">Transfer Airport Nis Plovdiv<\/a>, <a href=\"https:\/\/flix.rs\/en\/transfer-belgrade-airport-nis-transfer-nis-belgrade-airport\/\">Transfer Airport Plovdiv Nis<\/a>. Transportation to cities and tourist centers in <strong>Bulgaria<\/strong> &#8211; <strong>Bansko<\/strong>, <strong>Borovets<\/strong>, <strong>Varna<\/strong>, <strong>Burgas<\/strong>, etc. It is possible to organize <strong>transfers<\/strong> from Novi Sad and Belgrade to the airports of <strong>Nis<\/strong>, <strong>Sofia<\/strong>, <strong>Skopje<\/strong>, <strong>Thessaloniki<\/strong>, <strong>Pristina<\/strong>, as well as the cities of Aleksinac, Pirot, Dimitrovrad, Leskovac, Vranje, Vlasotince, Surdulica, Grdelica, Bujanovac, Vladi\u010din Han, Pre\u0161evo, Prokuplje, Brus, Sokobanja, Knja\u017eevac, etc.<br \/>\nIndividual transfers to tourist centers in the Republic of Serbia and the region<\/p>\n<p>Number for info and booking\u00a0<a href=\"tel:+38163456515\">+381 63 456 515<\/a><br \/>\nOnline booking\u00a0\u00a0<a href=\"https:\/\/flix.rs\/en\/booking\/\">https:\/\/flix.rs\/en\/booking\/<\/a><\/p>\n<p><strong>Transfer<\/strong> can be organized by passenger car in economy and business class. It is also possible to transport a larger number of passengers with a larger amount of luggage, in the MPV class as well as a classic <strong>van<\/strong>, which is intended for the transportation of up to 8 passengers and a large amount of luggage &#8211; up to 12 suitcases. All our vehicles are of the latest generation, which guarantee that your trip will be comfortable and pleasant.<br \/>\nSince the FLiX passenger transportation service is defined as individual transportation, you determine the place and time of departure. If you wish, there is also an option to share your transportation costs with other passengers.<\/p>\n<p>On our website, you have the <a href=\"https:\/\/flix.rs\/en\/special-inquiry\/\">option<\/a>\u00a0 to choose one of the routes that our clients use the most or send us an inquiry for any other destination. Our operators will answer you as soon as possible.<\/p>\n<p>Our many years of experience in transporting passengers is a guarantee that you will be at your final destination at the requested time, which, among other things, is confirmed by the experiences of our <a href=\"https:\/\/flix.rs\/en\/customer-reviews\/\">clients<\/a>.<\/p>\n<p>According to the choice of our passengers and the company <a href=\"https:\/\/www.tripadvisor.com\/Attraction_Review-g295382-d20058758-Reviews-Nis_Airport_Shuttle_Taxi-Nis_Central_Serbia.html\">TripAdvisor\u00a0<\/a> we were chosen as the most reliable passenger carrier in this part of Serbia and the region.<\/p>\n<p><img loading=\"lazy\" decoding=\"async\" width=\"257\" height=\"300\" class=\"alignnone size-medium wp-image-13619\" src=\"https:\/\/flix.rs\/wp-content\/uploads\/2023\/01\/Trip-Advisor-Award-1-257x300.jpg\" alt=\"TripAdvisor Travelers Choice 2022\" srcset=\"https:\/\/flix.rs\/wp-content\/uploads\/2023\/01\/Trip-Advisor-Award-1-257x300.jpg 257w, https:\/\/flix.rs\/wp-content\/uploads\/2023\/01\/Trip-Advisor-Award-1-10x12.jpg 10w, https:\/\/flix.rs\/wp-content\/uploads\/2023\/01\/Trip-Advisor-Award-1-86x100.jpg 86w, https:\/\/flix.rs\/wp-content\/uploads\/2023\/01\/Trip-Advisor-Award-1.jpg 425w\" sizes=\"(max-width: 257px) 100vw, 257px\" \/><\/p>\n<p>The journey from <strong>Constantine the Great Airport in Ni\u0161<\/strong> to <strong>Plovdiv<\/strong> takes almost five hours. During that time, 340 km are covered. The trip can be extended during the summer season when, especially on weekends, there are huge crowds, both on the highway itself and at the <strong>Serbian-Bulgarian border crossing Gradina<\/strong>, i.e. <strong>Kalotina<\/strong>. In <a href=\"https:\/\/www.gov.bg\/\">Bulgaria<\/a>, the section of the <strong>Sofia &#8211; Kalotina highway<\/strong> has not yet been completed.<\/p>\n\n\t\t<\/div>\n\t<\/div>\n<\/div><\/div><\/div><\/div><\/div>","protected":false},"excerpt":{"rendered":"[:sr] Prevoz Aerodrom Ni\u0161 Plovdiv Prevoz Plovdiv Aerodrom Ni\u0161 Prevoz \u00a0Aerodrom Ni\u0161 Plovdiv, Prevoz Aerodrom Plovdiv Ni\u0161. \u00a0Prevoz do gradova i turusti\u010dkih cenatra u Bugarskoj -\u00a0 Bansko, Borovec, Varna, Burgas. Mogu\u0107e je organizovati prevoz i od Novog Sada i Beograda do aerodroma Ni\u0161, Sofija, Skoplje, Solun, Pri\u0161tina, kao i gradova Aleksinac, Pirot, Dimitrovrad, Leskovac, Vranje,","protected":false},"author":3,"featured_media":13664,"parent":0,"menu_order":0,"comment_status":"closed","ping_status":"closed","template":"","meta":{"footnotes":""},"yoast_head":"<!-- This site is optimized with the Yoast SEO plugin v24.5 - https:\/\/yoast.com\/wordpress\/plugins\/seo\/ -->\n<title>Transfer Nis Airport Plovdiv<\/title>\n<meta name=\"description\" content=\"Private transfer from Nis to Plovdiv and vice versa. Reliable, safe, comfortable. Number for booking +381 63 456 515 or email info@flix.rs\" \/>\n<meta name=\"robots\" content=\"index, follow, max-snippet:-1, max-image-preview:large, max-video-preview:-1\" \/>\n<link rel=\"canonical\" href=\"https:\/\/flix.rs\/en\/prevoz-aerodrom-nis-plovdiv-prevoz-plovdiv-aerodrom-nis\/\" \/>\n<meta property=\"og:locale\" content=\"en_GB\" \/>\n<meta property=\"og:type\" content=\"article\" \/>\n<meta property=\"og:title\" content=\"Transfer Nis Airport Plovdiv\" \/>\n<meta property=\"og:description\" content=\"Private transfer from Nis to Plovdiv and vice versa. Reliable, safe, comfortable. Number for booking +381 63 456 515 or email info@flix.rs\" \/>\n<meta property=\"og:url\" content=\"https:\/\/flix.rs\/en\/prevoz-aerodrom-nis-plovdiv-prevoz-plovdiv-aerodrom-nis\/\" \/>\n<meta property=\"og:site_name\" content=\"Flix.rs\" \/>\n<meta property=\"article:publisher\" content=\"https:\/\/www.facebook.com\/prevoz.putnika.nis\" \/>\n<meta property=\"og:image\" content=\"https:\/\/flix.rs\/wp-content\/uploads\/2023\/02\/plovdiv-ge3e96d954_1280.jpg\" \/>\n\t<meta property=\"og:image:width\" content=\"1280\" \/>\n\t<meta property=\"og:image:height\" content=\"721\" \/>\n\t<meta property=\"og:image:type\" content=\"image\/jpeg\" \/>\n<meta name=\"twitter:card\" content=\"summary_large_image\" \/>\n<meta name=\"twitter:site\" content=\"@Prevozputnika1\" \/>\n<meta name=\"twitter:label1\" content=\"Estimated reading time\" \/>\n\t<meta name=\"twitter:data1\" content=\"5 minutes\" \/>\n<script type=\"application\/ld+json\" class=\"yoast-schema-graph\">{\"@context\":\"https:\/\/schema.org\",\"@graph\":[{\"@type\":\"WebPage\",\"@id\":\"https:\/\/flix.rs\/prevoz-aerodrom-nis-plovdiv-prevoz-plovdiv-aerodrom-nis\/\",\"url\":\"https:\/\/flix.rs\/prevoz-aerodrom-nis-plovdiv-prevoz-plovdiv-aerodrom-nis\/\",\"name\":\"Transfer Nis Airport Plovdiv\",\"isPartOf\":{\"@id\":\"https:\/\/flix.rs\/#website\"},\"primaryImageOfPage\":{\"@id\":\"https:\/\/flix.rs\/prevoz-aerodrom-nis-plovdiv-prevoz-plovdiv-aerodrom-nis\/#primaryimage\"},\"image\":{\"@id\":\"https:\/\/flix.rs\/prevoz-aerodrom-nis-plovdiv-prevoz-plovdiv-aerodrom-nis\/#primaryimage\"},\"thumbnailUrl\":\"https:\/\/flix.rs\/wp-content\/uploads\/2023\/02\/plovdiv-ge3e96d954_1280.jpg\",\"datePublished\":\"2023-02-06T00:05:57+00:00\",\"description\":\"Private transfer from Nis to Plovdiv and vice versa. Reliable, safe, comfortable. Number for booking +381 63 456 515 or email info@flix.rs\",\"breadcrumb\":{\"@id\":\"https:\/\/flix.rs\/prevoz-aerodrom-nis-plovdiv-prevoz-plovdiv-aerodrom-nis\/#breadcrumb\"},\"inLanguage\":\"en-GB\",\"potentialAction\":[{\"@type\":\"ReadAction\",\"target\":[\"https:\/\/flix.rs\/prevoz-aerodrom-nis-plovdiv-prevoz-plovdiv-aerodrom-nis\/\"]}]},{\"@type\":\"ImageObject\",\"inLanguage\":\"en-GB\",\"@id\":\"https:\/\/flix.rs\/prevoz-aerodrom-nis-plovdiv-prevoz-plovdiv-aerodrom-nis\/#primaryimage\",\"url\":\"https:\/\/flix.rs\/wp-content\/uploads\/2023\/02\/plovdiv-ge3e96d954_1280.jpg\",\"contentUrl\":\"https:\/\/flix.rs\/wp-content\/uploads\/2023\/02\/plovdiv-ge3e96d954_1280.jpg\",\"width\":1280,\"height\":721,\"caption\":\"Prevoz Nis Plovdiv\"},{\"@type\":\"BreadcrumbList\",\"@id\":\"https:\/\/flix.rs\/prevoz-aerodrom-nis-plovdiv-prevoz-plovdiv-aerodrom-nis\/#breadcrumb\",\"itemListElement\":[{\"@type\":\"ListItem\",\"position\":1,\"name\":\"Home\",\"item\":\"https:\/\/flix.rs\/\"},{\"@type\":\"ListItem\",\"position\":2,\"name\":\"Prevoz: Aerodrom Nis &#8211; Plovdiv | Prevoz: Plovdiv Aerodrom &#8211; Nis\"}]},{\"@type\":\"WebSite\",\"@id\":\"https:\/\/flix.rs\/#website\",\"url\":\"https:\/\/flix.rs\/\",\"name\":\"Flix.rs\",\"description\":\"Va\u0161 prevoz do i sa aerodroma\",\"publisher\":{\"@id\":\"https:\/\/flix.rs\/#organization\"},\"potentialAction\":[{\"@type\":\"SearchAction\",\"target\":{\"@type\":\"EntryPoint\",\"urlTemplate\":\"https:\/\/flix.rs\/?s={search_term_string}\"},\"query-input\":{\"@type\":\"PropertyValueSpecification\",\"valueRequired\":true,\"valueName\":\"search_term_string\"}}],\"inLanguage\":\"en-GB\"},{\"@type\":\"Organization\",\"@id\":\"https:\/\/flix.rs\/#organization\",\"name\":\"Flix\",\"url\":\"https:\/\/flix.rs\/\",\"logo\":{\"@type\":\"ImageObject\",\"inLanguage\":\"en-GB\",\"@id\":\"https:\/\/flix.rs\/#\/schema\/logo\/image\/\",\"url\":\"https:\/\/flix.rs\/wp-content\/uploads\/2019\/12\/80805004_454427318816809_4019161238033399808_n.png\",\"contentUrl\":\"https:\/\/flix.rs\/wp-content\/uploads\/2019\/12\/80805004_454427318816809_4019161238033399808_n.png\",\"width\":120,\"height\":54,\"caption\":\"Flix\"},\"image\":{\"@id\":\"https:\/\/flix.rs\/#\/schema\/logo\/image\/\"},\"sameAs\":[\"https:\/\/www.facebook.com\/prevoz.putnika.nis\",\"https:\/\/x.com\/Prevozputnika1\"]}]}<\/script>\n<!-- \/ Yoast SEO plugin. -->","yoast_head_json":{"title":"Transfer Nis Airport Plovdiv","description":"Private transfer from Nis to Plovdiv and vice versa. Reliable, safe, comfortable. Number for booking +381 63 456 515 or email info@flix.rs","robots":{"index":"index","follow":"follow","max-snippet":"max-snippet:-1","max-image-preview":"max-image-preview:large","max-video-preview":"max-video-preview:-1"},"canonical":"https:\/\/flix.rs\/en\/prevoz-aerodrom-nis-plovdiv-prevoz-plovdiv-aerodrom-nis\/","og_locale":"en_GB","og_type":"article","og_title":"Transfer Nis Airport Plovdiv","og_description":"Private transfer from Nis to Plovdiv and vice versa. Reliable, safe, comfortable. Number for booking +381 63 456 515 or email info@flix.rs","og_url":"https:\/\/flix.rs\/en\/prevoz-aerodrom-nis-plovdiv-prevoz-plovdiv-aerodrom-nis\/","og_site_name":"Flix.rs","article_publisher":"https:\/\/www.facebook.com\/prevoz.putnika.nis","og_image":[{"width":1280,"height":721,"url":"https:\/\/flix.rs\/wp-content\/uploads\/2023\/02\/plovdiv-ge3e96d954_1280.jpg","type":"image\/jpeg"}],"twitter_card":"summary_large_image","twitter_site":"@Prevozputnika1","twitter_misc":{"Estimated reading time":"5 minutes"},"schema":{"@context":"https:\/\/schema.org","@graph":[{"@type":"WebPage","@id":"https:\/\/flix.rs\/prevoz-aerodrom-nis-plovdiv-prevoz-plovdiv-aerodrom-nis\/","url":"https:\/\/flix.rs\/prevoz-aerodrom-nis-plovdiv-prevoz-plovdiv-aerodrom-nis\/","name":"Transfer Nis Airport Plovdiv","isPartOf":{"@id":"https:\/\/flix.rs\/#website"},"primaryImageOfPage":{"@id":"https:\/\/flix.rs\/prevoz-aerodrom-nis-plovdiv-prevoz-plovdiv-aerodrom-nis\/#primaryimage"},"image":{"@id":"https:\/\/flix.rs\/prevoz-aerodrom-nis-plovdiv-prevoz-plovdiv-aerodrom-nis\/#primaryimage"},"thumbnailUrl":"https:\/\/flix.rs\/wp-content\/uploads\/2023\/02\/plovdiv-ge3e96d954_1280.jpg","datePublished":"2023-02-06T00:05:57+00:00","description":"Private transfer from Nis to Plovdiv and vice versa. Reliable, safe, comfortable. Number for booking +381 63 456 515 or email info@flix.rs","breadcrumb":{"@id":"https:\/\/flix.rs\/prevoz-aerodrom-nis-plovdiv-prevoz-plovdiv-aerodrom-nis\/#breadcrumb"},"inLanguage":"en-GB","potentialAction":[{"@type":"ReadAction","target":["https:\/\/flix.rs\/prevoz-aerodrom-nis-plovdiv-prevoz-plovdiv-aerodrom-nis\/"]}]},{"@type":"ImageObject","inLanguage":"en-GB","@id":"https:\/\/flix.rs\/prevoz-aerodrom-nis-plovdiv-prevoz-plovdiv-aerodrom-nis\/#primaryimage","url":"https:\/\/flix.rs\/wp-content\/uploads\/2023\/02\/plovdiv-ge3e96d954_1280.jpg","contentUrl":"https:\/\/flix.rs\/wp-content\/uploads\/2023\/02\/plovdiv-ge3e96d954_1280.jpg","width":1280,"height":721,"caption":"Prevoz Nis Plovdiv"},{"@type":"BreadcrumbList","@id":"https:\/\/flix.rs\/prevoz-aerodrom-nis-plovdiv-prevoz-plovdiv-aerodrom-nis\/#breadcrumb","itemListElement":[{"@type":"ListItem","position":1,"name":"Home","item":"https:\/\/flix.rs\/"},{"@type":"ListItem","position":2,"name":"Prevoz: Aerodrom Nis &#8211; Plovdiv | Prevoz: Plovdiv Aerodrom &#8211; Nis"}]},{"@type":"WebSite","@id":"https:\/\/flix.rs\/#website","url":"https:\/\/flix.rs\/","name":"Flix.rs","description":"Va\u0161 prevoz do i sa aerodroma","publisher":{"@id":"https:\/\/flix.rs\/#organization"},"potentialAction":[{"@type":"SearchAction","target":{"@type":"EntryPoint","urlTemplate":"https:\/\/flix.rs\/?s={search_term_string}"},"query-input":{"@type":"PropertyValueSpecification","valueRequired":true,"valueName":"search_term_string"}}],"inLanguage":"en-GB"},{"@type":"Organization","@id":"https:\/\/flix.rs\/#organization","name":"Flix","url":"https:\/\/flix.rs\/","logo":{"@type":"ImageObject","inLanguage":"en-GB","@id":"https:\/\/flix.rs\/#\/schema\/logo\/image\/","url":"https:\/\/flix.rs\/wp-content\/uploads\/2019\/12\/80805004_454427318816809_4019161238033399808_n.png","contentUrl":"https:\/\/flix.rs\/wp-content\/uploads\/2019\/12\/80805004_454427318816809_4019161238033399808_n.png","width":120,"height":54,"caption":"Flix"},"image":{"@id":"https:\/\/flix.rs\/#\/schema\/logo\/image\/"},"sameAs":["https:\/\/www.facebook.com\/prevoz.putnika.nis","https:\/\/x.com\/Prevozputnika1"]}]}},"_links":{"self":[{"href":"https:\/\/flix.rs\/en\/wp-json\/wp\/v2\/pages\/13663"}],"collection":[{"href":"https:\/\/flix.rs\/en\/wp-json\/wp\/v2\/pages"}],"about":[{"href":"https:\/\/flix.rs\/en\/wp-json\/wp\/v2\/types\/page"}],"author":[{"embeddable":true,"href":"https:\/\/flix.rs\/en\/wp-json\/wp\/v2\/users\/3"}],"replies":[{"embeddable":true,"href":"https:\/\/flix.rs\/en\/wp-json\/wp\/v2\/comments?post=13663"}],"version-history":[{"count":1,"href":"https:\/\/flix.rs\/en\/wp-json\/wp\/v2\/pages\/13663\/revisions"}],"predecessor-version":[{"id":13665,"href":"https:\/\/flix.rs\/en\/wp-json\/wp\/v2\/pages\/13663\/revisions\/13665"}],"wp:featuredmedia":[{"embeddable":true,"href":"https:\/\/flix.rs\/en\/wp-json\/wp\/v2\/media\/13664"}],"wp:attachment":[{"href":"https:\/\/flix.rs\/en\/wp-json\/wp\/v2\/media?parent=13663"}],"curies":[{"name":"wp","href":"https:\/\/api.w.org\/{rel}","templated":true}]}}