{"id":13636,"date":"2023-01-29T20:02:27","date_gmt":"2023-01-29T19:02:27","guid":{"rendered":"https:\/\/flix.rs\/?page_id=13636"},"modified":"2023-01-29T20:04:46","modified_gmt":"2023-01-29T19:04:46","slug":"prevoz-aerodrom-nis-novi-pazar-prevoz-kosovska-mitrovica-aerodrom-nis","status":"publish","type":"page","link":"https:\/\/flix.rs\/en\/transfer-nis-airport-novi-pazar-transfer-kosovska-mitrovica-nis-airport\/","title":{"rendered":"Transfer: Nis Airport &#8211; Novi Pazar | Transfer: Kosovska Mitrovica- Nis Airport"},"content":{"rendered":"<div  class=\"wpb_row vc_row-fluid content-wrapper content-wrapper-standard clearfix\" style=\"padding-left: 0px; padding-right: 0px; \"><div class=\"col span_12\"><div class=\"wpb_column vc_column_container vc_col-sm-12\"><div class=\"vc_column-inner\"><div class=\"wpb_wrapper\">\n\t<div class=\"wpb_text_column wpb_content_element\" >\n\t\t<div class=\"wpb_wrapper\">\n\t\t\t<p><\/p>\n\n\t\t<\/div>\n\t<\/div>\n<\/div><\/div><\/div><\/div><\/div><div  class=\"wpb_row vc_row-fluid content-wrapper content-wrapper-standard clearfix\" style=\"padding-left: 0px; padding-right: 0px; \"><div class=\"col span_12\"><div class=\"wpb_column vc_column_container vc_col-sm-12\"><div class=\"vc_column-inner\"><div class=\"wpb_wrapper\">\n\t<div class=\"wpb_text_column wpb_content_element\" >\n\t\t<div class=\"wpb_wrapper\">\n\t\t\t<h3>Transfer Nis Airport Novi Pazar<\/h3>\n<h3>Transfer\u00a0 Kosovska Mitrovica Nis Airport<\/h3>\n\n\t\t<\/div>\n\t<\/div>\n<\/div><\/div><\/div><\/div><\/div><div  class=\"wpb_row vc_row-fluid content-wrapper content-wrapper-standard clearfix\" style=\"padding-left: 0px; padding-right: 0px; \"><div class=\"col span_12\"><div class=\"wpb_column vc_column_container vc_col-sm-12\"><div class=\"vc_column-inner\"><div class=\"wpb_wrapper\"><h3 class=\"center-title\"><\/h3><div class=\"title-block2\"><\/div><\/div><\/div><\/div><\/div><\/div><div  class=\"wpb_row vc_row-fluid content-wrapper content-wrapper-standard clearfix\" style=\"padding-left: 0px; padding-right: 0px; \"><div class=\"col span_12\"><div class=\"wpb_column vc_column_container vc_col-sm-12\"><div class=\"vc_column-inner\"><div class=\"wpb_wrapper\">\n\t<div  class=\"wpb_single_image wpb_content_element vc_align_left\">\n\t\t\n\t\t<figure class=\"wpb_wrapper vc_figure\">\n\t\t\t<div class=\"vc_single_image-wrapper   vc_box_border_grey\"><img loading=\"lazy\" decoding=\"async\" class=\"vc_single_image-img\" src=\"https:\/\/flix.rs\/wp-content\/uploads\/2023\/01\/Manastir-Sopocani-By-Radmilo-Djurovic-Own-work-CC-BY-SA-4.0-e1675017444426.jpg\" width=\"1280\" height=\"854\" alt=\"Prevoz Nis Novi Pazar\" title=\"PHOTO | WIKIPEDIA Manastir Sopo\u0107ani By Radmilo Djurovic - Own work, CC BY-SA 4.0\" \/><\/div>\n\t\t<\/figure>\n\t<\/div>\n<\/div><\/div><\/div><\/div><\/div><div  class=\"wpb_row vc_row-fluid content-wrapper content-wrapper-standard clearfix\" style=\"padding-left: 0px; padding-right: 0px; \"><div class=\"col span_12\"><div class=\"wpb_column vc_column_container vc_col-sm-12\"><div class=\"vc_column-inner\"><div class=\"wpb_wrapper\">\n\t<div class=\"wpb_text_column wpb_content_element\" >\n\t\t<div class=\"wpb_wrapper\">\n\t\t\t<p><a href=\"https:\/\/flix.rs\/en\/airport-nis-shuttle-transfer\/\">Transfer Nis Airport Novi Pazar<\/a>, <a href=\"https:\/\/flix.rs\/en\/booking\/\">Transfer Kosovska Mitrovica Nis Airport<\/a>. It is possible to organize transfers from <strong>Novi Sad<\/strong> and <strong>Belgrade<\/strong> to the airports of <strong>Nis<\/strong>, <strong>Sofia<\/strong>, <strong>Skopje<\/strong>, <strong>Thessaloniki<\/strong>, <strong>Pristina<\/strong>, as well as the cities of Aleksinac, Pirot, Dimitrovrad, Leskovac, Vranje, Vlasotince, Surdulica, Grdelica, Bujanovac, <strong>Blace<\/strong>, Vladi\u010din Han, Pre\u0161evo, Prokuplje, <strong>Brus<\/strong>, Sokobanja, <strong>Knja\u017eevac<\/strong>, etc.<\/p>\n<p>Private transfers to tourist centers in the <strong>Republic of Serbia<\/strong> and the region.<\/p>\n<p>Number for info and booking\u00a0<a href=\"tel:+38163456515\">+381 63 456 515<\/a><br \/>\nOnline booking\u00a0\u00a0<a href=\"https:\/\/flix.rs\/en\/booking\/\">https:\/\/flix.rs\/en\/booking\/<\/a><\/p>\n<p>Transfers can be organized by passenger car in economy and business class. Also, it is possible to transport a larger number of passengers with a larger amount of luggage, in the <strong>MPV<\/strong> class as well as a classic <strong>van<\/strong>, which is intended for the transportation of up to 8 passengers and a large amount of luggage &#8211; up to 12 suitcases. All our vehicles are of the latest generation, which guarantee that your trip will be comfortable and pleasant.<\/p>\n<p>Since the <strong>FLiX<\/strong> passenger transportation service is defined as individual transportation, you determine the place and time of departure. If you wish, there is also an option to share your transportation costs with other passengers.<\/p>\n<p><strong>Travel<\/strong><\/p>\n<p>Transfer from <strong>Konstantin Veliki Airport in Ni\u0161 to Novi Pazar<\/strong> takes three and a half hours, even though it is only 170 km to the administrative center of the <strong>Ra\u0161ka<\/strong> region &#8211; <strong>Novi Pazar<\/strong>. The reason for such a relatively long journey considering the <em>distance<\/em> from <strong>Ni\u0161<\/strong> is that we are always moving on main and regional roads. We pass through the following cities and towns: Mero\u0161ina, Prokuplje, Beloljin, <strong>Blace<\/strong>, <strong>Brus<\/strong>, where we continue towards <strong>Kopaonik<\/strong> mountain and continue towards <strong>Jo\u0161ani\u010dka Banja<\/strong>.\u00a0Also, there is a possibility of transfer via \u017dupski <strong>Aleksandrovac<\/strong>.<\/p>\n<p>After crossing the southern side of <strong>Kopaonik<\/strong>, and crossing the bridge over the river <em>Ibar<\/em>, we continue to <strong>Ra\u0161ka<\/strong>, before which there is the possibility of turning towards <strong>Kosovo and Metohija<\/strong>, the a<em>dministrative crossing<\/em> of <strong>Jarinje<\/strong> and going to <strong>Kosovska Mitrovica<\/strong>.<\/p>\n<p><strong>Novi Pazar<\/strong><\/p>\n<p>The largest city in this part of the <strong>Republic of Serbia<\/strong> can be reached relatively quickly from <strong>Ra\u0161ka<\/strong>. The city is known for its oriental outline, which was left there by centuries of <a href=\"https:\/\/www.turkiye.gov.tr\/\">Turkish<\/a> rule. It is known for its dynamic life, heavy traffic, a significant number of historical and religious sites, such as <strong>Arab Mosque<\/strong>, <strong>Altun Alem Mosque<\/strong>, Hammam as well as <strong>Sopo\u0107ani Monastery<\/strong>, <strong>Stari Ras Fortress<\/strong>, Petrova Crkva, <strong>\u0110ur\u0111evi Stupovi<\/strong> Monastery, etc.<\/p>\n<p>It also houses the <strong>Faculty of Islamic Studies<\/strong>, the only one in Serbia.<\/p>\n\n\t\t<\/div>\n\t<\/div>\n<\/div><\/div><\/div><\/div><\/div>","protected":false},"excerpt":{"rendered":"[:sr] Prevoz Aerodrom Ni\u0161 Novi Pazar Prevoz Kosovska Mitrovica Aerodrom Ni\u0161 Prevoz \u00a0Aerodrom Ni\u0161 Novi Pazar, Prevoz Kosovska Mitrovica Aerodrom Ni\u0161. Mogu\u0107e je organizovati prevoz i od Novog Sada i Beograda do aerodroma Ni\u0161, Sofija, Skoplje, Solun, Pri\u0161tina, kao i gradova Aleksinac, Pirot, Dimitrovrad, Leskovac, Vranje, Vlasotince, Surdulica, Grdelica, Bujanovac,\u00a0 Blace, Vladi\u010din Han, Pre\u0161evo, Prokuplje,","protected":false},"author":3,"featured_media":13637,"parent":0,"menu_order":0,"comment_status":"closed","ping_status":"closed","template":"","meta":{"footnotes":""},"yoast_head":"<!-- This site is optimized with the Yoast SEO plugin v24.5 - https:\/\/yoast.com\/wordpress\/plugins\/seo\/ -->\n<title>Prevoz Nis Aerodrom Novi Pazar<\/title>\n<meta name=\"description\" content=\"Prevoz od Aerodroma Nis do Novog Pazara i nazad. Takodje moguc prevoz do Kosovske Mitrovice. Udobno i pouzdano. +381 63 456 515\" \/>\n<meta name=\"robots\" content=\"index, follow, max-snippet:-1, max-image-preview:large, max-video-preview:-1\" \/>\n<link rel=\"canonical\" href=\"https:\/\/flix.rs\/en\/prevoz-aerodrom-nis-novi-pazar-prevoz-kosovska-mitrovica-aerodrom-nis\/\" \/>\n<meta property=\"og:locale\" content=\"en_GB\" \/>\n<meta property=\"og:type\" content=\"article\" \/>\n<meta property=\"og:title\" content=\"Prevoz Nis Aerodrom Novi Pazar\" \/>\n<meta property=\"og:description\" content=\"Prevoz od Aerodroma Nis do Novog Pazara i nazad. Takodje moguc prevoz do Kosovske Mitrovice. Udobno i pouzdano. +381 63 456 515\" \/>\n<meta property=\"og:url\" content=\"https:\/\/flix.rs\/en\/prevoz-aerodrom-nis-novi-pazar-prevoz-kosovska-mitrovica-aerodrom-nis\/\" \/>\n<meta property=\"og:site_name\" content=\"Flix.rs\" \/>\n<meta property=\"article:publisher\" content=\"https:\/\/www.facebook.com\/prevoz.putnika.nis\" \/>\n<meta property=\"article:modified_time\" content=\"2023-01-29T19:04:46+00:00\" \/>\n<meta property=\"og:image\" content=\"https:\/\/flix.rs\/wp-content\/uploads\/2023\/01\/Manastir-Sopocani-By-Radmilo-Djurovic-Own-work-CC-BY-SA-4.0-e1675017444426.jpg\" \/>\n\t<meta property=\"og:image:width\" content=\"1280\" \/>\n\t<meta property=\"og:image:height\" content=\"854\" \/>\n\t<meta property=\"og:image:type\" content=\"image\/jpeg\" \/>\n<meta name=\"twitter:card\" content=\"summary_large_image\" \/>\n<meta name=\"twitter:site\" content=\"@Prevozputnika1\" \/>\n<meta name=\"twitter:label1\" content=\"Estimated reading time\" \/>\n\t<meta name=\"twitter:data1\" content=\"5 minutes\" \/>\n<script type=\"application\/ld+json\" class=\"yoast-schema-graph\">{\"@context\":\"https:\/\/schema.org\",\"@graph\":[{\"@type\":\"WebPage\",\"@id\":\"https:\/\/flix.rs\/prevoz-aerodrom-nis-novi-pazar-prevoz-kosovska-mitrovica-aerodrom-nis\/\",\"url\":\"https:\/\/flix.rs\/prevoz-aerodrom-nis-novi-pazar-prevoz-kosovska-mitrovica-aerodrom-nis\/\",\"name\":\"Prevoz Nis Aerodrom Novi Pazar\",\"isPartOf\":{\"@id\":\"https:\/\/flix.rs\/#website\"},\"primaryImageOfPage\":{\"@id\":\"https:\/\/flix.rs\/prevoz-aerodrom-nis-novi-pazar-prevoz-kosovska-mitrovica-aerodrom-nis\/#primaryimage\"},\"image\":{\"@id\":\"https:\/\/flix.rs\/prevoz-aerodrom-nis-novi-pazar-prevoz-kosovska-mitrovica-aerodrom-nis\/#primaryimage\"},\"thumbnailUrl\":\"https:\/\/flix.rs\/wp-content\/uploads\/2023\/01\/Manastir-Sopocani-By-Radmilo-Djurovic-Own-work-CC-BY-SA-4.0-e1675017444426.jpg\",\"datePublished\":\"2023-01-29T19:02:27+00:00\",\"dateModified\":\"2023-01-29T19:04:46+00:00\",\"description\":\"Prevoz od Aerodroma Nis do Novog Pazara i nazad. Takodje moguc prevoz do Kosovske Mitrovice. Udobno i pouzdano. +381 63 456 515\",\"breadcrumb\":{\"@id\":\"https:\/\/flix.rs\/prevoz-aerodrom-nis-novi-pazar-prevoz-kosovska-mitrovica-aerodrom-nis\/#breadcrumb\"},\"inLanguage\":\"en-GB\",\"potentialAction\":[{\"@type\":\"ReadAction\",\"target\":[\"https:\/\/flix.rs\/prevoz-aerodrom-nis-novi-pazar-prevoz-kosovska-mitrovica-aerodrom-nis\/\"]}]},{\"@type\":\"ImageObject\",\"inLanguage\":\"en-GB\",\"@id\":\"https:\/\/flix.rs\/prevoz-aerodrom-nis-novi-pazar-prevoz-kosovska-mitrovica-aerodrom-nis\/#primaryimage\",\"url\":\"https:\/\/flix.rs\/wp-content\/uploads\/2023\/01\/Manastir-Sopocani-By-Radmilo-Djurovic-Own-work-CC-BY-SA-4.0-e1675017444426.jpg\",\"contentUrl\":\"https:\/\/flix.rs\/wp-content\/uploads\/2023\/01\/Manastir-Sopocani-By-Radmilo-Djurovic-Own-work-CC-BY-SA-4.0-e1675017444426.jpg\",\"width\":1280,\"height\":854,\"caption\":\"Prevoz Nis Novi Pazar\"},{\"@type\":\"BreadcrumbList\",\"@id\":\"https:\/\/flix.rs\/prevoz-aerodrom-nis-novi-pazar-prevoz-kosovska-mitrovica-aerodrom-nis\/#breadcrumb\",\"itemListElement\":[{\"@type\":\"ListItem\",\"position\":1,\"name\":\"Home\",\"item\":\"https:\/\/flix.rs\/\"},{\"@type\":\"ListItem\",\"position\":2,\"name\":\"Prevoz: Aerodrom Nis &#8211; Novi Pazar | Prevoz: Kosovska Mitrovica &#8211; Aerodrom Nis\"}]},{\"@type\":\"WebSite\",\"@id\":\"https:\/\/flix.rs\/#website\",\"url\":\"https:\/\/flix.rs\/\",\"name\":\"Flix.rs\",\"description\":\"Va\u0161 prevoz do i sa aerodroma\",\"publisher\":{\"@id\":\"https:\/\/flix.rs\/#organization\"},\"potentialAction\":[{\"@type\":\"SearchAction\",\"target\":{\"@type\":\"EntryPoint\",\"urlTemplate\":\"https:\/\/flix.rs\/?s={search_term_string}\"},\"query-input\":{\"@type\":\"PropertyValueSpecification\",\"valueRequired\":true,\"valueName\":\"search_term_string\"}}],\"inLanguage\":\"en-GB\"},{\"@type\":\"Organization\",\"@id\":\"https:\/\/flix.rs\/#organization\",\"name\":\"Flix\",\"url\":\"https:\/\/flix.rs\/\",\"logo\":{\"@type\":\"ImageObject\",\"inLanguage\":\"en-GB\",\"@id\":\"https:\/\/flix.rs\/#\/schema\/logo\/image\/\",\"url\":\"https:\/\/flix.rs\/wp-content\/uploads\/2019\/12\/80805004_454427318816809_4019161238033399808_n.png\",\"contentUrl\":\"https:\/\/flix.rs\/wp-content\/uploads\/2019\/12\/80805004_454427318816809_4019161238033399808_n.png\",\"width\":120,\"height\":54,\"caption\":\"Flix\"},\"image\":{\"@id\":\"https:\/\/flix.rs\/#\/schema\/logo\/image\/\"},\"sameAs\":[\"https:\/\/www.facebook.com\/prevoz.putnika.nis\",\"https:\/\/x.com\/Prevozputnika1\"]}]}<\/script>\n<!-- \/ Yoast SEO plugin. -->","yoast_head_json":{"title":"Prevoz Nis Aerodrom Novi Pazar","description":"Prevoz od Aerodroma Nis do Novog Pazara i nazad. Takodje moguc prevoz do Kosovske Mitrovice. Udobno i pouzdano. +381 63 456 515","robots":{"index":"index","follow":"follow","max-snippet":"max-snippet:-1","max-image-preview":"max-image-preview:large","max-video-preview":"max-video-preview:-1"},"canonical":"https:\/\/flix.rs\/en\/prevoz-aerodrom-nis-novi-pazar-prevoz-kosovska-mitrovica-aerodrom-nis\/","og_locale":"en_GB","og_type":"article","og_title":"Prevoz Nis Aerodrom Novi Pazar","og_description":"Prevoz od Aerodroma Nis do Novog Pazara i nazad. Takodje moguc prevoz do Kosovske Mitrovice. Udobno i pouzdano. +381 63 456 515","og_url":"https:\/\/flix.rs\/en\/prevoz-aerodrom-nis-novi-pazar-prevoz-kosovska-mitrovica-aerodrom-nis\/","og_site_name":"Flix.rs","article_publisher":"https:\/\/www.facebook.com\/prevoz.putnika.nis","article_modified_time":"2023-01-29T19:04:46+00:00","og_image":[{"width":1280,"height":854,"url":"https:\/\/flix.rs\/wp-content\/uploads\/2023\/01\/Manastir-Sopocani-By-Radmilo-Djurovic-Own-work-CC-BY-SA-4.0-e1675017444426.jpg","type":"image\/jpeg"}],"twitter_card":"summary_large_image","twitter_site":"@Prevozputnika1","twitter_misc":{"Estimated reading time":"5 minutes"},"schema":{"@context":"https:\/\/schema.org","@graph":[{"@type":"WebPage","@id":"https:\/\/flix.rs\/prevoz-aerodrom-nis-novi-pazar-prevoz-kosovska-mitrovica-aerodrom-nis\/","url":"https:\/\/flix.rs\/prevoz-aerodrom-nis-novi-pazar-prevoz-kosovska-mitrovica-aerodrom-nis\/","name":"Prevoz Nis Aerodrom Novi Pazar","isPartOf":{"@id":"https:\/\/flix.rs\/#website"},"primaryImageOfPage":{"@id":"https:\/\/flix.rs\/prevoz-aerodrom-nis-novi-pazar-prevoz-kosovska-mitrovica-aerodrom-nis\/#primaryimage"},"image":{"@id":"https:\/\/flix.rs\/prevoz-aerodrom-nis-novi-pazar-prevoz-kosovska-mitrovica-aerodrom-nis\/#primaryimage"},"thumbnailUrl":"https:\/\/flix.rs\/wp-content\/uploads\/2023\/01\/Manastir-Sopocani-By-Radmilo-Djurovic-Own-work-CC-BY-SA-4.0-e1675017444426.jpg","datePublished":"2023-01-29T19:02:27+00:00","dateModified":"2023-01-29T19:04:46+00:00","description":"Prevoz od Aerodroma Nis do Novog Pazara i nazad. Takodje moguc prevoz do Kosovske Mitrovice. Udobno i pouzdano. +381 63 456 515","breadcrumb":{"@id":"https:\/\/flix.rs\/prevoz-aerodrom-nis-novi-pazar-prevoz-kosovska-mitrovica-aerodrom-nis\/#breadcrumb"},"inLanguage":"en-GB","potentialAction":[{"@type":"ReadAction","target":["https:\/\/flix.rs\/prevoz-aerodrom-nis-novi-pazar-prevoz-kosovska-mitrovica-aerodrom-nis\/"]}]},{"@type":"ImageObject","inLanguage":"en-GB","@id":"https:\/\/flix.rs\/prevoz-aerodrom-nis-novi-pazar-prevoz-kosovska-mitrovica-aerodrom-nis\/#primaryimage","url":"https:\/\/flix.rs\/wp-content\/uploads\/2023\/01\/Manastir-Sopocani-By-Radmilo-Djurovic-Own-work-CC-BY-SA-4.0-e1675017444426.jpg","contentUrl":"https:\/\/flix.rs\/wp-content\/uploads\/2023\/01\/Manastir-Sopocani-By-Radmilo-Djurovic-Own-work-CC-BY-SA-4.0-e1675017444426.jpg","width":1280,"height":854,"caption":"Prevoz Nis Novi Pazar"},{"@type":"BreadcrumbList","@id":"https:\/\/flix.rs\/prevoz-aerodrom-nis-novi-pazar-prevoz-kosovska-mitrovica-aerodrom-nis\/#breadcrumb","itemListElement":[{"@type":"ListItem","position":1,"name":"Home","item":"https:\/\/flix.rs\/"},{"@type":"ListItem","position":2,"name":"Prevoz: Aerodrom Nis &#8211; Novi Pazar | Prevoz: Kosovska Mitrovica &#8211; Aerodrom Nis"}]},{"@type":"WebSite","@id":"https:\/\/flix.rs\/#website","url":"https:\/\/flix.rs\/","name":"Flix.rs","description":"Va\u0161 prevoz do i sa aerodroma","publisher":{"@id":"https:\/\/flix.rs\/#organization"},"potentialAction":[{"@type":"SearchAction","target":{"@type":"EntryPoint","urlTemplate":"https:\/\/flix.rs\/?s={search_term_string}"},"query-input":{"@type":"PropertyValueSpecification","valueRequired":true,"valueName":"search_term_string"}}],"inLanguage":"en-GB"},{"@type":"Organization","@id":"https:\/\/flix.rs\/#organization","name":"Flix","url":"https:\/\/flix.rs\/","logo":{"@type":"ImageObject","inLanguage":"en-GB","@id":"https:\/\/flix.rs\/#\/schema\/logo\/image\/","url":"https:\/\/flix.rs\/wp-content\/uploads\/2019\/12\/80805004_454427318816809_4019161238033399808_n.png","contentUrl":"https:\/\/flix.rs\/wp-content\/uploads\/2019\/12\/80805004_454427318816809_4019161238033399808_n.png","width":120,"height":54,"caption":"Flix"},"image":{"@id":"https:\/\/flix.rs\/#\/schema\/logo\/image\/"},"sameAs":["https:\/\/www.facebook.com\/prevoz.putnika.nis","https:\/\/x.com\/Prevozputnika1"]}]}},"_links":{"self":[{"href":"https:\/\/flix.rs\/en\/wp-json\/wp\/v2\/pages\/13636"}],"collection":[{"href":"https:\/\/flix.rs\/en\/wp-json\/wp\/v2\/pages"}],"about":[{"href":"https:\/\/flix.rs\/en\/wp-json\/wp\/v2\/types\/page"}],"author":[{"embeddable":true,"href":"https:\/\/flix.rs\/en\/wp-json\/wp\/v2\/users\/3"}],"replies":[{"embeddable":true,"href":"https:\/\/flix.rs\/en\/wp-json\/wp\/v2\/comments?post=13636"}],"version-history":[{"count":3,"href":"https:\/\/flix.rs\/en\/wp-json\/wp\/v2\/pages\/13636\/revisions"}],"predecessor-version":[{"id":13640,"href":"https:\/\/flix.rs\/en\/wp-json\/wp\/v2\/pages\/13636\/revisions\/13640"}],"wp:featuredmedia":[{"embeddable":true,"href":"https:\/\/flix.rs\/en\/wp-json\/wp\/v2\/media\/13637"}],"wp:attachment":[{"href":"https:\/\/flix.rs\/en\/wp-json\/wp\/v2\/media?parent=13636"}],"curies":[{"name":"wp","href":"https:\/\/api.w.org\/{rel}","templated":true}]}}