{"id":13630,"date":"2023-01-22T11:10:09","date_gmt":"2023-01-22T10:10:09","guid":{"rendered":"https:\/\/flix.rs\/?page_id=13630"},"modified":"2023-01-22T11:11:51","modified_gmt":"2023-01-22T10:11:51","slug":"prevoz-aerodrom-beograd-sokobanja-prevoz-sokobanja-aerodrom-nis","status":"publish","type":"page","link":"https:\/\/flix.rs\/en\/transfer-belgrade-airport-sokobanja-transfer-sokobanja-nis-airport\/","title":{"rendered":"Transfer: Belgrade Airport &#8211; Sokobanja | Transfer: Sokobanja &#8211; Nis Airport"},"content":{"rendered":"<div  class=\"wpb_row vc_row-fluid content-wrapper content-wrapper-standard clearfix\" style=\"padding-left: 0px; padding-right: 0px; \"><div class=\"col span_12\"><div class=\"wpb_column vc_column_container vc_col-sm-12\"><div class=\"vc_column-inner\"><div class=\"wpb_wrapper\">\n\t<div class=\"wpb_text_column wpb_content_element\" >\n\t\t<div class=\"wpb_wrapper\">\n\t\t\t<p><\/p>\n\n\t\t<\/div>\n\t<\/div>\n<\/div><\/div><\/div><\/div><\/div><div  class=\"wpb_row vc_row-fluid content-wrapper content-wrapper-standard clearfix\" style=\"padding-left: 0px; padding-right: 0px; \"><div class=\"col span_12\"><div class=\"wpb_column vc_column_container vc_col-sm-12\"><div class=\"vc_column-inner\"><div class=\"wpb_wrapper\">\n\t<div class=\"wpb_text_column wpb_content_element\" >\n\t\t<div class=\"wpb_wrapper\">\n\t\t\t<h3>Transfer Belgrade Airport Sokobanja<\/h3>\n<h3>Transfer Sokobanja Nis Airport<\/h3>\n\n\t\t<\/div>\n\t<\/div>\n<\/div><\/div><\/div><\/div><\/div><div  class=\"wpb_row vc_row-fluid content-wrapper content-wrapper-standard clearfix\" style=\"padding-left: 0px; padding-right: 0px; \"><div class=\"col span_12\"><div class=\"wpb_column vc_column_container vc_col-sm-12\"><div class=\"vc_column-inner\"><div class=\"wpb_wrapper\"><h3 class=\"center-title\"><\/h3><div class=\"title-block2\"><\/div><\/div><\/div><\/div><\/div><\/div><div  class=\"wpb_row vc_row-fluid content-wrapper content-wrapper-standard clearfix\" style=\"padding-left: 0px; padding-right: 0px; \"><div class=\"col span_12\"><div class=\"wpb_column vc_column_container vc_col-sm-12\"><div class=\"vc_column-inner\"><div class=\"wpb_wrapper\">\n\t<div  class=\"wpb_single_image wpb_content_element vc_align_left\">\n\t\t\n\t\t<figure class=\"wpb_wrapper vc_figure\">\n\t\t\t<div class=\"vc_single_image-wrapper   vc_box_border_grey\"><img loading=\"lazy\" decoding=\"async\" class=\"vc_single_image-img\" src=\"https:\/\/flix.rs\/wp-content\/uploads\/2023\/01\/Sokograd-\u0410\u0443\u0442\u043e\u0440-Sasha-SB-\u0421\u043e\u043f\u0441\u0442\u0432\u0435\u043d\u043e-\u0434\u0435\u043b\u043e-CC-BY-SA-3.0-scaled-e1674381269455.jpg\" width=\"1280\" height=\"960\" alt=\"Prevoz Beograd Sokobanja\" title=\"PHOTO | WIKIPEDIA Sokograd \u0410\u0443\u0442\u043e\u0440 Sasha SB - \u0421\u043e\u043f\u0441\u0442\u0432\u0435\u043d\u043e \u0434\u0435\u043b\u043e, CC BY-SA 3.0\" \/><\/div>\n\t\t<\/figure>\n\t<\/div>\n<\/div><\/div><\/div><\/div><\/div><div  class=\"wpb_row vc_row-fluid content-wrapper content-wrapper-standard clearfix\" style=\"padding-left: 0px; padding-right: 0px; \"><div class=\"col span_12\"><div class=\"wpb_column vc_column_container vc_col-sm-12\"><div class=\"vc_column-inner\"><div class=\"wpb_wrapper\">\n\t<div class=\"wpb_text_column wpb_content_element\" >\n\t\t<div class=\"wpb_wrapper\">\n\t\t\t<p><a href=\"https:\/\/flix.rs\/en\/airport-belgrade-shuttle-transfer\/\">Transfer Belgrade Airport Sokobanja<\/a>,<a href=\"https:\/\/flix.rs\/en\/airport-nis-shuttle-transfer\/\"> Transfer Sokobanja Airport Nis<\/a>. It is also possible to organize transfers from <strong>Novi Sad<\/strong> to the <strong>airports<\/strong> of <strong>Nis<\/strong>, <strong>Sofia<\/strong>, <strong>Skopje<\/strong>, <strong>Thessaloniki<\/strong>, <strong>Pristina<\/strong>, as well as the cities of Aleksinac, Pirot, Dimitrovrad, Leskovac, Vranje, Vlasotince, Surdulica, Grdelica, Bujanovac, Vladi\u010din Han, Pre\u0161evo, etc.<\/p>\n<p>Private transfers to tourist centers in the <strong>Republic of Serbi<\/strong>a and the region.<\/p>\n<p>Number for info and booking\u00a0<a href=\"tel:+38163456515\">+381 63 456 515<\/a><br \/>\nOnline booking\u00a0\u00a0<a href=\"https:\/\/flix.rs\/en\/booking\/\">https:\/\/flix.rs\/en\/booking\/<\/a><\/p>\n<p>Transfers can be organized by passenger car in economy and business class. Also, it is possible to transport a larger number of passengers with a larger amount of luggage, in the MPV class as well as in van, which is intended for the transportation of up to 8 passengers and a large amount of luggage &#8211; up to 12 suitcases. All our vehicles are of the latest generation, which guarantee that your trip will be comfortable and pleasant.<br \/>\nSince the <strong>FLiX<\/strong> transfers service is defined as individual, you determine the place and time of departure. If you wish, there is also an option to share your transportation costs with other passengers.<\/p>\n<p><strong>Travel<\/strong><br \/>\nTransportation from <strong>Nikola Tesla Airport in Belgrade<\/strong> to <strong>Sokobanja<\/strong> takes exactly two and a half hours. The total number of kilometers to one of the most visited spas in the <strong>Republic of Serbia<\/strong> is 240. All the time we are traveling along the <strong>Belgrade-Nis highway<\/strong>, which lies on the <em>E-75 corridor<\/em>. We exit the highway at the <strong>Aleksinac<\/strong> toll station, pass through this small town and <strong>Lake Bovan<\/strong>. In 30 minutes we are in <strong>Sokobanja<\/strong>.<\/p>\n<p><strong>Sokobanja<\/strong><br \/>\nThis tourist and health gem of southeastern Serbia is located at an altitude of about 400m. The <strong>Moravica River<\/strong> passes through it. The number of trails and locations you can see in <strong>Sokobanja<\/strong> is incredible. Due to the surrounding mountains and forests, it is often called an oasis of oxygen. <strong>Ozren<\/strong>, <strong>Rtanj<\/strong>, Bukovik are just a few. For those who enjoy fishing, there are Lake Bovan and Lake <strong>Vrmdza<\/strong>.<br \/>\nThere are also a large number of picnic spots: Bori\u0107i, the source of the Moravica River, \u0160opur hidden in the forests of Ozren, Lepterija, \u010cuka 2, O\u010dno and Kalinovica picnic spots. A large number of tourists also visit the old town called Sokograd. There are also O\u0161tra \u010cuka, Vrmd\u017ea village, Banjica park, Ripaljka waterfall.<br \/>\nFor the past ten years, the mystical <strong>Rtanj mountain<\/strong> has been an unavoidable destination for both foreign and domestic mountaineers. In 2019, the <a href=\"https:\/\/www.srbija.gov.rs\/\">Republic of Serbia<\/a> declared this mountain a special nature reserve.<\/p>\n\n\t\t<\/div>\n\t<\/div>\n<\/div><\/div><\/div><\/div><\/div>","protected":false},"excerpt":{"rendered":"[:sr] Prevoz Aerodrom Beograd Sokobanja Prevoz\u00a0Sokobanja Nis Aerodrom Prevoz \u00a0Aerodrom Beograd Sokobanja, Prevoz Sokobanja Aerodrom Ni\u0161. Mogu\u0107e je organizovati prevoz i od Novog Sada do aerodroma Ni\u0161, Sofija, Skoplje, Solun, Pri\u0161tina, kao i gradova Aleksinac, Pirot, Dimitrovrad, Leskovac, Vranje, Vlasotince, Surdulica, Grdelica, Bujanovac, Vladi\u010din Han, Pre\u0161evo, itd. Individualni transferi do turisti\u010dkih centara u Republici Srbiji","protected":false},"author":3,"featured_media":13631,"parent":0,"menu_order":0,"comment_status":"closed","ping_status":"closed","template":"","meta":{"footnotes":""},"yoast_head":"<!-- This site is optimized with the Yoast SEO plugin v24.5 - https:\/\/yoast.com\/wordpress\/plugins\/seo\/ -->\n<title>Prevoz Beograd Sokobanja<\/title>\n<meta name=\"description\" content=\"Individualni prevoz od aerodroma Beograd do Sokobanje i nazad. Pouzdano, povoljno, udobno. Broj za rezervacije +381 63 456 515\" \/>\n<meta name=\"robots\" content=\"index, follow, max-snippet:-1, max-image-preview:large, max-video-preview:-1\" \/>\n<link rel=\"canonical\" href=\"https:\/\/flix.rs\/en\/prevoz-aerodrom-beograd-sokobanja-prevoz-sokobanja-aerodrom-nis\/\" \/>\n<meta property=\"og:locale\" content=\"en_GB\" \/>\n<meta property=\"og:type\" content=\"article\" \/>\n<meta property=\"og:title\" content=\"Prevoz Beograd Sokobanja\" \/>\n<meta property=\"og:description\" content=\"Individualni prevoz od aerodroma Beograd do Sokobanje i nazad. Pouzdano, povoljno, udobno. Broj za rezervacije +381 63 456 515\" \/>\n<meta property=\"og:url\" content=\"https:\/\/flix.rs\/en\/prevoz-aerodrom-beograd-sokobanja-prevoz-sokobanja-aerodrom-nis\/\" \/>\n<meta property=\"og:site_name\" content=\"Flix.rs\" \/>\n<meta property=\"article:publisher\" content=\"https:\/\/www.facebook.com\/prevoz.putnika.nis\" \/>\n<meta property=\"article:modified_time\" content=\"2023-01-22T10:11:51+00:00\" \/>\n<meta property=\"og:image\" content=\"https:\/\/flix.rs\/wp-content\/uploads\/2023\/01\/Sokograd-\u0410\u0443\u0442\u043e\u0440-Sasha-SB-\u0421\u043e\u043f\u0441\u0442\u0432\u0435\u043d\u043e-\u0434\u0435\u043b\u043e-CC-BY-SA-3.0-scaled-e1674381269455.jpg\" \/>\n\t<meta property=\"og:image:width\" content=\"1280\" \/>\n\t<meta property=\"og:image:height\" content=\"960\" \/>\n\t<meta property=\"og:image:type\" content=\"image\/jpeg\" \/>\n<meta name=\"twitter:card\" content=\"summary_large_image\" \/>\n<meta name=\"twitter:site\" content=\"@Prevozputnika1\" \/>\n<meta name=\"twitter:label1\" content=\"Estimated reading time\" \/>\n\t<meta name=\"twitter:data1\" content=\"5 minutes\" \/>\n<script type=\"application\/ld+json\" class=\"yoast-schema-graph\">{\"@context\":\"https:\/\/schema.org\",\"@graph\":[{\"@type\":\"WebPage\",\"@id\":\"https:\/\/flix.rs\/prevoz-aerodrom-beograd-sokobanja-prevoz-sokobanja-aerodrom-nis\/\",\"url\":\"https:\/\/flix.rs\/prevoz-aerodrom-beograd-sokobanja-prevoz-sokobanja-aerodrom-nis\/\",\"name\":\"Prevoz Beograd Sokobanja\",\"isPartOf\":{\"@id\":\"https:\/\/flix.rs\/#website\"},\"primaryImageOfPage\":{\"@id\":\"https:\/\/flix.rs\/prevoz-aerodrom-beograd-sokobanja-prevoz-sokobanja-aerodrom-nis\/#primaryimage\"},\"image\":{\"@id\":\"https:\/\/flix.rs\/prevoz-aerodrom-beograd-sokobanja-prevoz-sokobanja-aerodrom-nis\/#primaryimage\"},\"thumbnailUrl\":\"https:\/\/flix.rs\/wp-content\/uploads\/2023\/01\/Sokograd-\u0410\u0443\u0442\u043e\u0440-Sasha-SB-\u0421\u043e\u043f\u0441\u0442\u0432\u0435\u043d\u043e-\u0434\u0435\u043b\u043e-CC-BY-SA-3.0-scaled-e1674381269455.jpg\",\"datePublished\":\"2023-01-22T10:10:09+00:00\",\"dateModified\":\"2023-01-22T10:11:51+00:00\",\"description\":\"Individualni prevoz od aerodroma Beograd do Sokobanje i nazad. Pouzdano, povoljno, udobno. Broj za rezervacije +381 63 456 515\",\"breadcrumb\":{\"@id\":\"https:\/\/flix.rs\/prevoz-aerodrom-beograd-sokobanja-prevoz-sokobanja-aerodrom-nis\/#breadcrumb\"},\"inLanguage\":\"en-GB\",\"potentialAction\":[{\"@type\":\"ReadAction\",\"target\":[\"https:\/\/flix.rs\/prevoz-aerodrom-beograd-sokobanja-prevoz-sokobanja-aerodrom-nis\/\"]}]},{\"@type\":\"ImageObject\",\"inLanguage\":\"en-GB\",\"@id\":\"https:\/\/flix.rs\/prevoz-aerodrom-beograd-sokobanja-prevoz-sokobanja-aerodrom-nis\/#primaryimage\",\"url\":\"https:\/\/flix.rs\/wp-content\/uploads\/2023\/01\/Sokograd-\u0410\u0443\u0442\u043e\u0440-Sasha-SB-\u0421\u043e\u043f\u0441\u0442\u0432\u0435\u043d\u043e-\u0434\u0435\u043b\u043e-CC-BY-SA-3.0-scaled-e1674381269455.jpg\",\"contentUrl\":\"https:\/\/flix.rs\/wp-content\/uploads\/2023\/01\/Sokograd-\u0410\u0443\u0442\u043e\u0440-Sasha-SB-\u0421\u043e\u043f\u0441\u0442\u0432\u0435\u043d\u043e-\u0434\u0435\u043b\u043e-CC-BY-SA-3.0-scaled-e1674381269455.jpg\",\"width\":1280,\"height\":960,\"caption\":\"Prevoz Beograd Sokobanja\"},{\"@type\":\"BreadcrumbList\",\"@id\":\"https:\/\/flix.rs\/prevoz-aerodrom-beograd-sokobanja-prevoz-sokobanja-aerodrom-nis\/#breadcrumb\",\"itemListElement\":[{\"@type\":\"ListItem\",\"position\":1,\"name\":\"Home\",\"item\":\"https:\/\/flix.rs\/\"},{\"@type\":\"ListItem\",\"position\":2,\"name\":\"Prevoz: Aerodrom Beograd-Sokobanja | Prevoz: Sokobanja- Aerodrom Nis\"}]},{\"@type\":\"WebSite\",\"@id\":\"https:\/\/flix.rs\/#website\",\"url\":\"https:\/\/flix.rs\/\",\"name\":\"Flix.rs\",\"description\":\"Va\u0161 prevoz do i sa aerodroma\",\"publisher\":{\"@id\":\"https:\/\/flix.rs\/#organization\"},\"potentialAction\":[{\"@type\":\"SearchAction\",\"target\":{\"@type\":\"EntryPoint\",\"urlTemplate\":\"https:\/\/flix.rs\/?s={search_term_string}\"},\"query-input\":{\"@type\":\"PropertyValueSpecification\",\"valueRequired\":true,\"valueName\":\"search_term_string\"}}],\"inLanguage\":\"en-GB\"},{\"@type\":\"Organization\",\"@id\":\"https:\/\/flix.rs\/#organization\",\"name\":\"Flix\",\"url\":\"https:\/\/flix.rs\/\",\"logo\":{\"@type\":\"ImageObject\",\"inLanguage\":\"en-GB\",\"@id\":\"https:\/\/flix.rs\/#\/schema\/logo\/image\/\",\"url\":\"https:\/\/flix.rs\/wp-content\/uploads\/2019\/12\/80805004_454427318816809_4019161238033399808_n.png\",\"contentUrl\":\"https:\/\/flix.rs\/wp-content\/uploads\/2019\/12\/80805004_454427318816809_4019161238033399808_n.png\",\"width\":120,\"height\":54,\"caption\":\"Flix\"},\"image\":{\"@id\":\"https:\/\/flix.rs\/#\/schema\/logo\/image\/\"},\"sameAs\":[\"https:\/\/www.facebook.com\/prevoz.putnika.nis\",\"https:\/\/x.com\/Prevozputnika1\"]}]}<\/script>\n<!-- \/ Yoast SEO plugin. -->","yoast_head_json":{"title":"Prevoz Beograd Sokobanja","description":"Individualni prevoz od aerodroma Beograd do Sokobanje i nazad. Pouzdano, povoljno, udobno. Broj za rezervacije +381 63 456 515","robots":{"index":"index","follow":"follow","max-snippet":"max-snippet:-1","max-image-preview":"max-image-preview:large","max-video-preview":"max-video-preview:-1"},"canonical":"https:\/\/flix.rs\/en\/prevoz-aerodrom-beograd-sokobanja-prevoz-sokobanja-aerodrom-nis\/","og_locale":"en_GB","og_type":"article","og_title":"Prevoz Beograd Sokobanja","og_description":"Individualni prevoz od aerodroma Beograd do Sokobanje i nazad. Pouzdano, povoljno, udobno. Broj za rezervacije +381 63 456 515","og_url":"https:\/\/flix.rs\/en\/prevoz-aerodrom-beograd-sokobanja-prevoz-sokobanja-aerodrom-nis\/","og_site_name":"Flix.rs","article_publisher":"https:\/\/www.facebook.com\/prevoz.putnika.nis","article_modified_time":"2023-01-22T10:11:51+00:00","og_image":[{"width":1280,"height":960,"url":"https:\/\/flix.rs\/wp-content\/uploads\/2023\/01\/Sokograd-\u0410\u0443\u0442\u043e\u0440-Sasha-SB-\u0421\u043e\u043f\u0441\u0442\u0432\u0435\u043d\u043e-\u0434\u0435\u043b\u043e-CC-BY-SA-3.0-scaled-e1674381269455.jpg","type":"image\/jpeg"}],"twitter_card":"summary_large_image","twitter_site":"@Prevozputnika1","twitter_misc":{"Estimated reading time":"5 minutes"},"schema":{"@context":"https:\/\/schema.org","@graph":[{"@type":"WebPage","@id":"https:\/\/flix.rs\/prevoz-aerodrom-beograd-sokobanja-prevoz-sokobanja-aerodrom-nis\/","url":"https:\/\/flix.rs\/prevoz-aerodrom-beograd-sokobanja-prevoz-sokobanja-aerodrom-nis\/","name":"Prevoz Beograd Sokobanja","isPartOf":{"@id":"https:\/\/flix.rs\/#website"},"primaryImageOfPage":{"@id":"https:\/\/flix.rs\/prevoz-aerodrom-beograd-sokobanja-prevoz-sokobanja-aerodrom-nis\/#primaryimage"},"image":{"@id":"https:\/\/flix.rs\/prevoz-aerodrom-beograd-sokobanja-prevoz-sokobanja-aerodrom-nis\/#primaryimage"},"thumbnailUrl":"https:\/\/flix.rs\/wp-content\/uploads\/2023\/01\/Sokograd-\u0410\u0443\u0442\u043e\u0440-Sasha-SB-\u0421\u043e\u043f\u0441\u0442\u0432\u0435\u043d\u043e-\u0434\u0435\u043b\u043e-CC-BY-SA-3.0-scaled-e1674381269455.jpg","datePublished":"2023-01-22T10:10:09+00:00","dateModified":"2023-01-22T10:11:51+00:00","description":"Individualni prevoz od aerodroma Beograd do Sokobanje i nazad. Pouzdano, povoljno, udobno. Broj za rezervacije +381 63 456 515","breadcrumb":{"@id":"https:\/\/flix.rs\/prevoz-aerodrom-beograd-sokobanja-prevoz-sokobanja-aerodrom-nis\/#breadcrumb"},"inLanguage":"en-GB","potentialAction":[{"@type":"ReadAction","target":["https:\/\/flix.rs\/prevoz-aerodrom-beograd-sokobanja-prevoz-sokobanja-aerodrom-nis\/"]}]},{"@type":"ImageObject","inLanguage":"en-GB","@id":"https:\/\/flix.rs\/prevoz-aerodrom-beograd-sokobanja-prevoz-sokobanja-aerodrom-nis\/#primaryimage","url":"https:\/\/flix.rs\/wp-content\/uploads\/2023\/01\/Sokograd-\u0410\u0443\u0442\u043e\u0440-Sasha-SB-\u0421\u043e\u043f\u0441\u0442\u0432\u0435\u043d\u043e-\u0434\u0435\u043b\u043e-CC-BY-SA-3.0-scaled-e1674381269455.jpg","contentUrl":"https:\/\/flix.rs\/wp-content\/uploads\/2023\/01\/Sokograd-\u0410\u0443\u0442\u043e\u0440-Sasha-SB-\u0421\u043e\u043f\u0441\u0442\u0432\u0435\u043d\u043e-\u0434\u0435\u043b\u043e-CC-BY-SA-3.0-scaled-e1674381269455.jpg","width":1280,"height":960,"caption":"Prevoz Beograd Sokobanja"},{"@type":"BreadcrumbList","@id":"https:\/\/flix.rs\/prevoz-aerodrom-beograd-sokobanja-prevoz-sokobanja-aerodrom-nis\/#breadcrumb","itemListElement":[{"@type":"ListItem","position":1,"name":"Home","item":"https:\/\/flix.rs\/"},{"@type":"ListItem","position":2,"name":"Prevoz: Aerodrom Beograd-Sokobanja | Prevoz: Sokobanja- Aerodrom Nis"}]},{"@type":"WebSite","@id":"https:\/\/flix.rs\/#website","url":"https:\/\/flix.rs\/","name":"Flix.rs","description":"Va\u0161 prevoz do i sa aerodroma","publisher":{"@id":"https:\/\/flix.rs\/#organization"},"potentialAction":[{"@type":"SearchAction","target":{"@type":"EntryPoint","urlTemplate":"https:\/\/flix.rs\/?s={search_term_string}"},"query-input":{"@type":"PropertyValueSpecification","valueRequired":true,"valueName":"search_term_string"}}],"inLanguage":"en-GB"},{"@type":"Organization","@id":"https:\/\/flix.rs\/#organization","name":"Flix","url":"https:\/\/flix.rs\/","logo":{"@type":"ImageObject","inLanguage":"en-GB","@id":"https:\/\/flix.rs\/#\/schema\/logo\/image\/","url":"https:\/\/flix.rs\/wp-content\/uploads\/2019\/12\/80805004_454427318816809_4019161238033399808_n.png","contentUrl":"https:\/\/flix.rs\/wp-content\/uploads\/2019\/12\/80805004_454427318816809_4019161238033399808_n.png","width":120,"height":54,"caption":"Flix"},"image":{"@id":"https:\/\/flix.rs\/#\/schema\/logo\/image\/"},"sameAs":["https:\/\/www.facebook.com\/prevoz.putnika.nis","https:\/\/x.com\/Prevozputnika1"]}]}},"_links":{"self":[{"href":"https:\/\/flix.rs\/en\/wp-json\/wp\/v2\/pages\/13630"}],"collection":[{"href":"https:\/\/flix.rs\/en\/wp-json\/wp\/v2\/pages"}],"about":[{"href":"https:\/\/flix.rs\/en\/wp-json\/wp\/v2\/types\/page"}],"author":[{"embeddable":true,"href":"https:\/\/flix.rs\/en\/wp-json\/wp\/v2\/users\/3"}],"replies":[{"embeddable":true,"href":"https:\/\/flix.rs\/en\/wp-json\/wp\/v2\/comments?post=13630"}],"version-history":[{"count":2,"href":"https:\/\/flix.rs\/en\/wp-json\/wp\/v2\/pages\/13630\/revisions"}],"predecessor-version":[{"id":13633,"href":"https:\/\/flix.rs\/en\/wp-json\/wp\/v2\/pages\/13630\/revisions\/13633"}],"wp:featuredmedia":[{"embeddable":true,"href":"https:\/\/flix.rs\/en\/wp-json\/wp\/v2\/media\/13631"}],"wp:attachment":[{"href":"https:\/\/flix.rs\/en\/wp-json\/wp\/v2\/media?parent=13630"}],"curies":[{"name":"wp","href":"https:\/\/api.w.org\/{rel}","templated":true}]}}