{"id":13562,"date":"2023-01-01T13:17:53","date_gmt":"2023-01-01T12:17:53","guid":{"rendered":"https:\/\/flix.rs\/?page_id=13562"},"modified":"2023-01-01T13:17:53","modified_gmt":"2023-01-01T12:17:53","slug":"prevoz-kragujevac-nis-aerodrom-prevoz-nis-aerodrom-kraljevo","status":"publish","type":"page","link":"https:\/\/flix.rs\/en\/transfer-kragujevac-nis-airport-transfer-nis-airport-kraljevo\/","title":{"rendered":"Transfer: Kragujevac &#8211; Nis Airport | Transfer: Nis Airport  &#8211; Kraljevo"},"content":{"rendered":"<div  class=\"wpb_row vc_row-fluid content-wrapper content-wrapper-standard clearfix\" style=\"padding-left: 0px; padding-right: 0px; \"><div class=\"col span_12\"><div class=\"wpb_column vc_column_container vc_col-sm-12\"><div class=\"vc_column-inner\"><div class=\"wpb_wrapper\">\n\t<div class=\"wpb_text_column wpb_content_element\" >\n\t\t<div class=\"wpb_wrapper\">\n\t\t\t<p><\/p>\n\n\t\t<\/div>\n\t<\/div>\n<\/div><\/div><\/div><\/div><\/div><div  class=\"wpb_row vc_row-fluid content-wrapper content-wrapper-standard clearfix\" style=\"padding-left: 0px; padding-right: 0px; \"><div class=\"col span_12\"><div class=\"wpb_column vc_column_container vc_col-sm-12\"><div class=\"vc_column-inner\"><div class=\"wpb_wrapper\">\n\t<div class=\"wpb_text_column wpb_content_element\" >\n\t\t<div class=\"wpb_wrapper\">\n\t\t\t<h3>Transfer: Kragujevac Nis Airport<\/h3>\n<h3>Transfer: Nis Airport Kraljevo<\/h3>\n\n\t\t<\/div>\n\t<\/div>\n<\/div><\/div><\/div><\/div><\/div><div  class=\"wpb_row vc_row-fluid content-wrapper content-wrapper-standard clearfix\" style=\"padding-left: 0px; padding-right: 0px; \"><div class=\"col span_12\"><div class=\"wpb_column vc_column_container vc_col-sm-12\"><div class=\"vc_column-inner\"><div class=\"wpb_wrapper\"><h3 class=\"center-title\"><\/h3><div class=\"title-block2\"><\/div><\/div><\/div><\/div><\/div><\/div><div  class=\"wpb_row vc_row-fluid content-wrapper content-wrapper-standard clearfix\" style=\"padding-left: 0px; padding-right: 0px; \"><div class=\"col span_12\"><div class=\"wpb_column vc_column_container vc_col-sm-12\"><div class=\"vc_column-inner\"><div class=\"wpb_wrapper\">\n\t<div  class=\"wpb_single_image wpb_content_element vc_align_left\">\n\t\t\n\t\t<figure class=\"wpb_wrapper vc_figure\">\n\t\t\t<div class=\"vc_single_image-wrapper   vc_box_border_grey\"><img loading=\"lazy\" decoding=\"async\" class=\"vc_single_image-img\" src=\"https:\/\/flix.rs\/wp-content\/uploads\/2023\/01\/kragujevac-2863433-scaled-e1672574432291-1280x930.jpg\" width=\"1280\" height=\"930\" alt=\"Prevoz Kragujevac Nis Aerodrom\" title=\"Image by Elvedin Semsovic from Pixabay\" \/><\/div>\n\t\t<\/figure>\n\t<\/div>\n<\/div><\/div><\/div><\/div><\/div><div  class=\"wpb_row vc_row-fluid content-wrapper content-wrapper-standard clearfix\" style=\"padding-left: 0px; padding-right: 0px; \"><div class=\"col span_12\"><div class=\"wpb_column vc_column_container vc_col-sm-12\"><div class=\"vc_column-inner\"><div class=\"wpb_wrapper\">\n\t<div class=\"wpb_text_column wpb_content_element\" >\n\t\t<div class=\"wpb_wrapper\">\n\t\t\t<p><a href=\"https:\/\/flix.rs\/en\/airport-nis-shuttle-transfer\/\">Transfer Kragujevac Nis Airport<\/a>, <a href=\"https:\/\/flix.rs\/en\/transfer-belgrade-airport-nis-transfer-nis-belgrade-airport\/\">Transfer Nis Airport Kraljevo<\/a>. Possible transportation to the airports of <strong>Skopje<\/strong>, <strong>Sofia<\/strong>, <strong>Pristina<\/strong>, <strong>Thessaloniki<\/strong>, the cities of Aleksinac, <strong>Prokuplje<\/strong>, Pirot, Dimitrovrad, <strong>Leskovac<\/strong>, Vranje, Bujanovac, <strong>Pre\u0161evo<\/strong>&#8230;<\/p>\n<p>It is possible to organize private transfers to any destination in Serbia and the region.<\/p>\n<p>Number for info and booking\u00a0<a href=\"tel:+38163456515\">+381 63 456 515<\/a><\/p>\n<p>Online booking\u00a0\u00a0<a href=\"https:\/\/flix.rs\/en\/booking\/\">https:\/\/flix.rs\/en\/booking\/<\/a><\/p>\n<p><strong>Kragujevac<\/strong>, the central and largest city of <strong>\u0160umadija<\/strong>, is well connected with the rest of Serbia. With that, the journey to the airport in Ni\u0161 is covered along its entire route &#8211; the <em>section Kragujevac-Bato\u010dina<\/em> and <em>Bato\u010dina-Ni\u0161<\/em>. The only part that isn&#8217;t a highway in full profile is 5 km located on the Gornja Bato\u010dina section &#8211; the entrance to the<strong> Belgrade-Ni\u0161 highway<\/strong>. A large number of business people who work at the <a href=\"https:\/\/www.fiat.com\/\">Fiat<\/a> company use the <strong>Nis airport Constantine The Great<\/strong> as a starting point for their onward journeys.<\/p>\n<p><strong>Travel<\/strong><\/p>\n<p>The distance from Kragujevac to the airport in Nis is 140 km. It takes 1 hour and 45 minutes for that trip. We are moving towards <strong>Bato\u010dina<\/strong> on the road for motor vehicles marked IB-24. Bato\u010dina can be reached in 30 minutes, where there is also a connection to the highway at the \u0160umadija gate tavern. It takes an additional 75 minutes to get to Ni\u0161 by normal driving. If the transfer is made during the summer season, it is recommended to leave earlier than planned due to frequent delays and highway reconstruction works.<\/p>\n<p>On the way to Ni\u0161, we pass the towns of <strong>Jagodina<\/strong>, \u0106uprija, Para\u0107in, Aleksinac. <strong>Constantine the Great Airport<\/strong> in Nis is located in the immediate vicinity of the Nis-Sever Toll Station, so we do not need to enter the city itself.<\/p>\n<p><strong>Ni\u0161-Kraljevo<\/strong><\/p>\n<p>To <strong>travel from Ni\u0161 to Kraljevo<\/strong>, which is 140 km from the largest city in central Serbia &#8211; Ni\u0161, it takes almost two and a half hours to drive, considering that most of the journey is on regional roads. On that way, we move along the Ni\u0161-Belgrade highway, where we turn off from this corridor at Aleksinacki Rudniki, we pass through Kru\u0161evac, near Trstenik and <strong>Vrnja\u010dka Banja<\/strong>.<\/p>\n<p>Halfway from Kraljevo to Mr\u010dajevci, there is the new <strong>Morava airport<\/strong>, from which you can fly to <strong>Istanbul<\/strong> in Turkey in the off-season, as well as to Thessaloniki in Greece, <strong>Vienna<\/strong> in Austria and <strong>Tivat<\/strong> in Montenegro.<\/p>\n\n\t\t<\/div>\n\t<\/div>\n<\/div><\/div><\/div><\/div><\/div>","protected":false},"excerpt":{"rendered":"[:sr] Prevoz: Kragujevac - Nis Aerodrom Prevoz: Nis - Aerodrom Kraljevo Prevoz\u00a0 Kragujevac Nis Aerodrom, Prevoz Nis Aerodrom Kraljevo. Mogu\u0107 prevoz i do aerodroma Skoplje, Sofija, Pri\u0161tina, Solun, gradova Aleksinac, Prokuplje, Pirot, Dimitrovrad, Leskovac, Vranje, Bujanovac, Pre\u0161evo ... Mogu\u0107e organizovati individualni prevoz do bilo koje destinacije u Srbiji i regionu. Broj za informacije i zakazivanje\u00a0+381","protected":false},"author":3,"featured_media":13565,"parent":0,"menu_order":0,"comment_status":"closed","ping_status":"closed","template":"","meta":{"footnotes":""},"yoast_head":"<!-- This site is optimized with the Yoast SEO plugin v24.5 - https:\/\/yoast.com\/wordpress\/plugins\/seo\/ -->\n<title>Prevoz Kragujevac Nis Aerodrom<\/title>\n<meta name=\"description\" content=\"Individualni prevoz od Kragujevca do Aerodroma u Nisu i nazad. Prevoz od Aerodroma Nis do Kraljeva. Povoljno, pouzdano, udobno +381 63 456 515\" \/>\n<meta name=\"robots\" content=\"index, follow, max-snippet:-1, max-image-preview:large, max-video-preview:-1\" \/>\n<link rel=\"canonical\" href=\"https:\/\/flix.rs\/en\/prevoz-kragujevac-nis-aerodrom-prevoz-nis-aerodrom-kraljevo\/\" \/>\n<meta property=\"og:locale\" content=\"en_GB\" \/>\n<meta property=\"og:type\" content=\"article\" \/>\n<meta property=\"og:title\" content=\"Prevoz Kragujevac Nis Aerodrom\" \/>\n<meta property=\"og:description\" content=\"Individualni prevoz od Kragujevca do Aerodroma u Nisu i nazad. Prevoz od Aerodroma Nis do Kraljeva. Povoljno, pouzdano, udobno +381 63 456 515\" \/>\n<meta property=\"og:url\" content=\"https:\/\/flix.rs\/en\/prevoz-kragujevac-nis-aerodrom-prevoz-nis-aerodrom-kraljevo\/\" \/>\n<meta property=\"og:site_name\" content=\"Flix.rs\" \/>\n<meta property=\"article:publisher\" content=\"https:\/\/www.facebook.com\/prevoz.putnika.nis\" \/>\n<meta property=\"og:image\" content=\"https:\/\/flix.rs\/wp-content\/uploads\/2023\/01\/kragujevac-2863433-scaled-e1672574432291.jpg\" \/>\n\t<meta property=\"og:image:width\" content=\"1280\" \/>\n\t<meta property=\"og:image:height\" content=\"960\" \/>\n\t<meta property=\"og:image:type\" content=\"image\/jpeg\" \/>\n<meta name=\"twitter:card\" content=\"summary_large_image\" \/>\n<meta name=\"twitter:site\" content=\"@Prevozputnika1\" \/>\n<meta name=\"twitter:label1\" content=\"Estimated reading time\" \/>\n\t<meta name=\"twitter:data1\" content=\"5 minutes\" \/>\n<script type=\"application\/ld+json\" class=\"yoast-schema-graph\">{\"@context\":\"https:\/\/schema.org\",\"@graph\":[{\"@type\":\"WebPage\",\"@id\":\"https:\/\/flix.rs\/prevoz-kragujevac-nis-aerodrom-prevoz-nis-aerodrom-kraljevo\/\",\"url\":\"https:\/\/flix.rs\/prevoz-kragujevac-nis-aerodrom-prevoz-nis-aerodrom-kraljevo\/\",\"name\":\"Prevoz Kragujevac Nis Aerodrom\",\"isPartOf\":{\"@id\":\"https:\/\/flix.rs\/#website\"},\"primaryImageOfPage\":{\"@id\":\"https:\/\/flix.rs\/prevoz-kragujevac-nis-aerodrom-prevoz-nis-aerodrom-kraljevo\/#primaryimage\"},\"image\":{\"@id\":\"https:\/\/flix.rs\/prevoz-kragujevac-nis-aerodrom-prevoz-nis-aerodrom-kraljevo\/#primaryimage\"},\"thumbnailUrl\":\"https:\/\/flix.rs\/wp-content\/uploads\/2023\/01\/kragujevac-2863433-scaled-e1672574432291.jpg\",\"datePublished\":\"2023-01-01T12:17:53+00:00\",\"description\":\"Individualni prevoz od Kragujevca do Aerodroma u Nisu i nazad. Prevoz od Aerodroma Nis do Kraljeva. Povoljno, pouzdano, udobno +381 63 456 515\",\"breadcrumb\":{\"@id\":\"https:\/\/flix.rs\/prevoz-kragujevac-nis-aerodrom-prevoz-nis-aerodrom-kraljevo\/#breadcrumb\"},\"inLanguage\":\"en-GB\",\"potentialAction\":[{\"@type\":\"ReadAction\",\"target\":[\"https:\/\/flix.rs\/prevoz-kragujevac-nis-aerodrom-prevoz-nis-aerodrom-kraljevo\/\"]}]},{\"@type\":\"ImageObject\",\"inLanguage\":\"en-GB\",\"@id\":\"https:\/\/flix.rs\/prevoz-kragujevac-nis-aerodrom-prevoz-nis-aerodrom-kraljevo\/#primaryimage\",\"url\":\"https:\/\/flix.rs\/wp-content\/uploads\/2023\/01\/kragujevac-2863433-scaled-e1672574432291.jpg\",\"contentUrl\":\"https:\/\/flix.rs\/wp-content\/uploads\/2023\/01\/kragujevac-2863433-scaled-e1672574432291.jpg\",\"width\":1280,\"height\":960,\"caption\":\"Prevoz Kragujevac Nis Aerodrom\"},{\"@type\":\"BreadcrumbList\",\"@id\":\"https:\/\/flix.rs\/prevoz-kragujevac-nis-aerodrom-prevoz-nis-aerodrom-kraljevo\/#breadcrumb\",\"itemListElement\":[{\"@type\":\"ListItem\",\"position\":1,\"name\":\"Home\",\"item\":\"https:\/\/flix.rs\/\"},{\"@type\":\"ListItem\",\"position\":2,\"name\":\"Prevoz: Kragujevac &#8211; Nis Aerodrom| Prevoz: Nis &#8211; Aerodrom Kraljevo\"}]},{\"@type\":\"WebSite\",\"@id\":\"https:\/\/flix.rs\/#website\",\"url\":\"https:\/\/flix.rs\/\",\"name\":\"Flix.rs\",\"description\":\"Va\u0161 prevoz do i sa aerodroma\",\"publisher\":{\"@id\":\"https:\/\/flix.rs\/#organization\"},\"potentialAction\":[{\"@type\":\"SearchAction\",\"target\":{\"@type\":\"EntryPoint\",\"urlTemplate\":\"https:\/\/flix.rs\/?s={search_term_string}\"},\"query-input\":{\"@type\":\"PropertyValueSpecification\",\"valueRequired\":true,\"valueName\":\"search_term_string\"}}],\"inLanguage\":\"en-GB\"},{\"@type\":\"Organization\",\"@id\":\"https:\/\/flix.rs\/#organization\",\"name\":\"Flix\",\"url\":\"https:\/\/flix.rs\/\",\"logo\":{\"@type\":\"ImageObject\",\"inLanguage\":\"en-GB\",\"@id\":\"https:\/\/flix.rs\/#\/schema\/logo\/image\/\",\"url\":\"https:\/\/flix.rs\/wp-content\/uploads\/2019\/12\/80805004_454427318816809_4019161238033399808_n.png\",\"contentUrl\":\"https:\/\/flix.rs\/wp-content\/uploads\/2019\/12\/80805004_454427318816809_4019161238033399808_n.png\",\"width\":120,\"height\":54,\"caption\":\"Flix\"},\"image\":{\"@id\":\"https:\/\/flix.rs\/#\/schema\/logo\/image\/\"},\"sameAs\":[\"https:\/\/www.facebook.com\/prevoz.putnika.nis\",\"https:\/\/x.com\/Prevozputnika1\"]}]}<\/script>\n<!-- \/ Yoast SEO plugin. -->","yoast_head_json":{"title":"Prevoz Kragujevac Nis Aerodrom","description":"Individualni prevoz od Kragujevca do Aerodroma u Nisu i nazad. Prevoz od Aerodroma Nis do Kraljeva. Povoljno, pouzdano, udobno +381 63 456 515","robots":{"index":"index","follow":"follow","max-snippet":"max-snippet:-1","max-image-preview":"max-image-preview:large","max-video-preview":"max-video-preview:-1"},"canonical":"https:\/\/flix.rs\/en\/prevoz-kragujevac-nis-aerodrom-prevoz-nis-aerodrom-kraljevo\/","og_locale":"en_GB","og_type":"article","og_title":"Prevoz Kragujevac Nis Aerodrom","og_description":"Individualni prevoz od Kragujevca do Aerodroma u Nisu i nazad. Prevoz od Aerodroma Nis do Kraljeva. Povoljno, pouzdano, udobno +381 63 456 515","og_url":"https:\/\/flix.rs\/en\/prevoz-kragujevac-nis-aerodrom-prevoz-nis-aerodrom-kraljevo\/","og_site_name":"Flix.rs","article_publisher":"https:\/\/www.facebook.com\/prevoz.putnika.nis","og_image":[{"width":1280,"height":960,"url":"https:\/\/flix.rs\/wp-content\/uploads\/2023\/01\/kragujevac-2863433-scaled-e1672574432291.jpg","type":"image\/jpeg"}],"twitter_card":"summary_large_image","twitter_site":"@Prevozputnika1","twitter_misc":{"Estimated reading time":"5 minutes"},"schema":{"@context":"https:\/\/schema.org","@graph":[{"@type":"WebPage","@id":"https:\/\/flix.rs\/prevoz-kragujevac-nis-aerodrom-prevoz-nis-aerodrom-kraljevo\/","url":"https:\/\/flix.rs\/prevoz-kragujevac-nis-aerodrom-prevoz-nis-aerodrom-kraljevo\/","name":"Prevoz Kragujevac Nis Aerodrom","isPartOf":{"@id":"https:\/\/flix.rs\/#website"},"primaryImageOfPage":{"@id":"https:\/\/flix.rs\/prevoz-kragujevac-nis-aerodrom-prevoz-nis-aerodrom-kraljevo\/#primaryimage"},"image":{"@id":"https:\/\/flix.rs\/prevoz-kragujevac-nis-aerodrom-prevoz-nis-aerodrom-kraljevo\/#primaryimage"},"thumbnailUrl":"https:\/\/flix.rs\/wp-content\/uploads\/2023\/01\/kragujevac-2863433-scaled-e1672574432291.jpg","datePublished":"2023-01-01T12:17:53+00:00","description":"Individualni prevoz od Kragujevca do Aerodroma u Nisu i nazad. Prevoz od Aerodroma Nis do Kraljeva. Povoljno, pouzdano, udobno +381 63 456 515","breadcrumb":{"@id":"https:\/\/flix.rs\/prevoz-kragujevac-nis-aerodrom-prevoz-nis-aerodrom-kraljevo\/#breadcrumb"},"inLanguage":"en-GB","potentialAction":[{"@type":"ReadAction","target":["https:\/\/flix.rs\/prevoz-kragujevac-nis-aerodrom-prevoz-nis-aerodrom-kraljevo\/"]}]},{"@type":"ImageObject","inLanguage":"en-GB","@id":"https:\/\/flix.rs\/prevoz-kragujevac-nis-aerodrom-prevoz-nis-aerodrom-kraljevo\/#primaryimage","url":"https:\/\/flix.rs\/wp-content\/uploads\/2023\/01\/kragujevac-2863433-scaled-e1672574432291.jpg","contentUrl":"https:\/\/flix.rs\/wp-content\/uploads\/2023\/01\/kragujevac-2863433-scaled-e1672574432291.jpg","width":1280,"height":960,"caption":"Prevoz Kragujevac Nis Aerodrom"},{"@type":"BreadcrumbList","@id":"https:\/\/flix.rs\/prevoz-kragujevac-nis-aerodrom-prevoz-nis-aerodrom-kraljevo\/#breadcrumb","itemListElement":[{"@type":"ListItem","position":1,"name":"Home","item":"https:\/\/flix.rs\/"},{"@type":"ListItem","position":2,"name":"Prevoz: Kragujevac &#8211; Nis Aerodrom| Prevoz: Nis &#8211; Aerodrom Kraljevo"}]},{"@type":"WebSite","@id":"https:\/\/flix.rs\/#website","url":"https:\/\/flix.rs\/","name":"Flix.rs","description":"Va\u0161 prevoz do i sa aerodroma","publisher":{"@id":"https:\/\/flix.rs\/#organization"},"potentialAction":[{"@type":"SearchAction","target":{"@type":"EntryPoint","urlTemplate":"https:\/\/flix.rs\/?s={search_term_string}"},"query-input":{"@type":"PropertyValueSpecification","valueRequired":true,"valueName":"search_term_string"}}],"inLanguage":"en-GB"},{"@type":"Organization","@id":"https:\/\/flix.rs\/#organization","name":"Flix","url":"https:\/\/flix.rs\/","logo":{"@type":"ImageObject","inLanguage":"en-GB","@id":"https:\/\/flix.rs\/#\/schema\/logo\/image\/","url":"https:\/\/flix.rs\/wp-content\/uploads\/2019\/12\/80805004_454427318816809_4019161238033399808_n.png","contentUrl":"https:\/\/flix.rs\/wp-content\/uploads\/2019\/12\/80805004_454427318816809_4019161238033399808_n.png","width":120,"height":54,"caption":"Flix"},"image":{"@id":"https:\/\/flix.rs\/#\/schema\/logo\/image\/"},"sameAs":["https:\/\/www.facebook.com\/prevoz.putnika.nis","https:\/\/x.com\/Prevozputnika1"]}]}},"_links":{"self":[{"href":"https:\/\/flix.rs\/en\/wp-json\/wp\/v2\/pages\/13562"}],"collection":[{"href":"https:\/\/flix.rs\/en\/wp-json\/wp\/v2\/pages"}],"about":[{"href":"https:\/\/flix.rs\/en\/wp-json\/wp\/v2\/types\/page"}],"author":[{"embeddable":true,"href":"https:\/\/flix.rs\/en\/wp-json\/wp\/v2\/users\/3"}],"replies":[{"embeddable":true,"href":"https:\/\/flix.rs\/en\/wp-json\/wp\/v2\/comments?post=13562"}],"version-history":[{"count":1,"href":"https:\/\/flix.rs\/en\/wp-json\/wp\/v2\/pages\/13562\/revisions"}],"predecessor-version":[{"id":13566,"href":"https:\/\/flix.rs\/en\/wp-json\/wp\/v2\/pages\/13562\/revisions\/13566"}],"wp:featuredmedia":[{"embeddable":true,"href":"https:\/\/flix.rs\/en\/wp-json\/wp\/v2\/media\/13565"}],"wp:attachment":[{"href":"https:\/\/flix.rs\/en\/wp-json\/wp\/v2\/media?parent=13562"}],"curies":[{"name":"wp","href":"https:\/\/api.w.org\/{rel}","templated":true}]}}