{"id":13551,"date":"2022-12-25T10:17:35","date_gmt":"2022-12-25T09:17:35","guid":{"rendered":"https:\/\/flix.rs\/?page_id=13551"},"modified":"2022-12-25T10:23:04","modified_gmt":"2022-12-25T09:23:04","slug":"prevoz-nis-srebrno-jezero-prevoz-nis-aerodrom-temisvar","status":"publish","type":"page","link":"https:\/\/flix.rs\/en\/transfer-nis-srebrno-jezero-transfer-nis-airport-timisoara\/","title":{"rendered":"Transfer: Nis &#8211; Srebrno Jezero | Transfer: Nis &#8211; Airport Timisoara"},"content":{"rendered":"<div  class=\"wpb_row vc_row-fluid content-wrapper content-wrapper-standard clearfix\" style=\"padding-left: 0px; padding-right: 0px; \"><div class=\"col span_12\"><div class=\"wpb_column vc_column_container vc_col-sm-12\"><div class=\"vc_column-inner\"><div class=\"wpb_wrapper\">\n\t<div class=\"wpb_text_column wpb_content_element\" >\n\t\t<div class=\"wpb_wrapper\">\n\t\t\t<p><\/p>\n\n\t\t<\/div>\n\t<\/div>\n<\/div><\/div><\/div><\/div><\/div><div  class=\"wpb_row vc_row-fluid content-wrapper content-wrapper-standard clearfix\" style=\"padding-left: 0px; padding-right: 0px; \"><div class=\"col span_12\"><div class=\"wpb_column vc_column_container vc_col-sm-12\"><div class=\"vc_column-inner\"><div class=\"wpb_wrapper\">\n\t<div class=\"wpb_text_column wpb_content_element\" >\n\t\t<div class=\"wpb_wrapper\">\n\t\t\t<h3>Transfer Nis Srebrno Jezero<\/h3>\n<h3>Transfer Nis Airport Timisoara<\/h3>\n\n\t\t<\/div>\n\t<\/div>\n<\/div><\/div><\/div><\/div><\/div><div  class=\"wpb_row vc_row-fluid content-wrapper content-wrapper-standard clearfix\" style=\"padding-left: 0px; padding-right: 0px; \"><div class=\"col span_12\"><div class=\"wpb_column vc_column_container vc_col-sm-12\"><div class=\"vc_column-inner\"><div class=\"wpb_wrapper\"><h3 class=\"center-title\"><\/h3><div class=\"title-block2\"><\/div><\/div><\/div><\/div><\/div><\/div><div  class=\"wpb_row vc_row-fluid content-wrapper content-wrapper-standard clearfix\" style=\"padding-left: 0px; padding-right: 0px; \"><div class=\"col span_12\"><div class=\"wpb_column vc_column_container vc_col-sm-12\"><div class=\"vc_column-inner\"><div class=\"wpb_wrapper\">\n\t<div  class=\"wpb_single_image wpb_content_element vc_align_left\">\n\t\t\n\t\t<figure class=\"wpb_wrapper vc_figure\">\n\t\t\t<div class=\"vc_single_image-wrapper   vc_box_border_grey\"><img loading=\"lazy\" decoding=\"async\" class=\"vc_single_image-img\" src=\"https:\/\/flix.rs\/wp-content\/uploads\/2022\/12\/Timisoara-scaled-e1671958619680.jpg\" width=\"1280\" height=\"862\" alt=\"Transfer Nis Airport Timisoara\" title=\"PHOTO | PIXABAY.COM\" \/><\/div>\n\t\t<\/figure>\n\t<\/div>\n<\/div><\/div><\/div><\/div><\/div><div  class=\"wpb_row vc_row-fluid content-wrapper content-wrapper-standard clearfix\" style=\"padding-left: 0px; padding-right: 0px; \"><div class=\"col span_12\"><div class=\"wpb_column vc_column_container vc_col-sm-12\"><div class=\"vc_column-inner\"><div class=\"wpb_wrapper\">\n\t<div class=\"wpb_text_column wpb_content_element\" >\n\t\t<div class=\"wpb_wrapper\">\n\t\t\t<p><a href=\"https:\/\/flix.rs\/en\/transfer-belgrade-airport-nis-transfer-nis-belgrade-airport\/\">Transfer Nis &#8211; Srebrno Jezero<\/a>, <a href=\"https:\/\/flix.rs\/en\/airport-nis-shuttle-transfer\/\">Transfer Nis &#8211; Timisoara Airport<\/a>. It is possible to organize transfers also to cities <strong>Po\u017earevac<\/strong>, <strong>Smederevo<\/strong>, Tvr\u0111ava <strong>Golubac<\/strong>, <strong>Ram<\/strong>, Bela Vrkva, <strong>Vr\u0161ac<\/strong>. Possible private transfer to any destination in Serbia and the region.<\/p>\n<p>Number for info and booking\u00a0<a href=\"tel:+38163456515\">+381 63 456 515<\/a><\/p>\n<p>Online booking\u00a0\u00a0<a href=\"https:\/\/flix.rs\/en\/booking\/\">https:\/\/flix.rs\/en\/booking\/<\/a><\/p>\n<p><strong>Travel<\/strong><\/p>\n<p>Whether you are starting from your home address, hotel, bus station, train station or from <strong>Constantine the Great airport in Ni\u0161<\/strong>, we can reach the <em>Ni\u0161-Belgrade highway<\/em> in just a few minutes. On the way to <strong>Srebrno Jezero<\/strong>, we pass the following places: Aleksinac, Ra\u017eanj, <strong>Pojate<\/strong>, Para\u0107in, \u0106uprija, <strong>Jagodina<\/strong>, <strong>Bato\u010dina<\/strong>, Lapovo, Markovac, <strong>Velika Plana<\/strong>, Krnjevo, Mihajlovac. From this highway, internationally defined as A1, we exit at the <strong>Pozarevac<\/strong> interchange. It takes us about two hours of moderate driving to reach this point. It takes an additional 45 minutes to drive to the final destination &#8211; <strong>Srebrno Jezero<\/strong>. We leave Po\u017earevac on our right and continue along regional road 33 to Srebrno Jezero, which is a total of 225 kilometers from Ni\u0161.<\/p>\n<p><strong>Srebrno Jezero<\/strong><\/p>\n<p>It belongs to the category of artificial lakes and is located on the site of the former branch of the <strong>Danube<\/strong>. It is a well-known and highly visited tourist destination in <em>Serbia<\/em>. In addition to fishermen, who always like to come to Srebrno Jezero, a large number of tourist attractions that are in the immediate vicinity also make this location an excellent base for visiting <strong>Ram Fortress<\/strong>, <strong>Lepenski Vir<\/strong>, <strong>Golubac Fortress<\/strong>&#8230;<\/p>\n<p><strong>Timisoara Airport<\/strong><\/p>\n<p>The journey from <strong>Nis to Timisoara airport<\/strong>, under normal circumstances, without stoppages on the road or at the border crossing, takes a full 5 hours on average. We follow the E-75 corridor, more precisely the <em>Ni\u0161-Belgrade highway<\/em>, until the turn for <strong>Smederevo<\/strong>. We pass by the capital of the Serbian medieval state &#8211; Smederevo, cross the <strong>Danube<\/strong> over the Kovinsko Bridge and continue through Vojvodina.<\/p>\n<p>We continue past the White Church and continue to the <em>Vatin border crossing<\/em>, from where, after entering the <a href=\"https:\/\/www.gov.ro\/en\">Kingdom of Romania<\/a>, we have 75 km to the airport and about an hour and a half drive. In order to get to this international airport, it is necessary to go through the city itself, so in certain parts of the day it is possible to lose a lot of time in traffic jams.<br \/>\nFrom this airport it is possible to fly to many European cities, including London, Frankfurt, Munich, Berlin, Barcelona, Milan, Madrid, Bucharest, Rome, etc.<\/p>\n\n\t\t<\/div>\n\t<\/div>\n<\/div><\/div><\/div><\/div><\/div>","protected":false},"excerpt":{"rendered":"[:sr] Prevoz\u00a0 Nis - Srebrno Jezero Prevoz\u00a0 Nis - Aerodrom Temisvar Prevoz\u00a0 Nis - Srebrno Jezero, Prevoz\u00a0 Nis - Aerodrom Temisvar. Mogu\u0107e je organizovati prevoz i do gradova Po\u017earevac, Smederevo, Tvr\u0111ave Golubac, Ram, Bela Crkva, Vr\u0161ac Mogu\u0107 privatni transfer do bilo koje destinacije u Srbiji i regionu Broj za informacije i zakazivanje\u00a0+381 63 456 515","protected":false},"author":3,"featured_media":13557,"parent":0,"menu_order":0,"comment_status":"closed","ping_status":"closed","template":"","meta":{"footnotes":""},"yoast_head":"<!-- This site is optimized with the Yoast SEO plugin v24.5 - https:\/\/yoast.com\/wordpress\/plugins\/seo\/ -->\n<title>Prevoz Nis - Srebrno Jezero<\/title>\n<meta name=\"description\" content=\"Prevoz od Nisa do Srebrnog Jezera. Moguci izleti do tvrdjava Ram, Golubac, transfer do aerodroma u Temisvaru +381 63 456 515\" \/>\n<meta name=\"robots\" content=\"index, follow, max-snippet:-1, max-image-preview:large, max-video-preview:-1\" \/>\n<link rel=\"canonical\" href=\"https:\/\/flix.rs\/en\/prevoz-nis-srebrno-jezero-prevoz-nis-aerodrom-temisvar\/\" \/>\n<meta property=\"og:locale\" content=\"en_GB\" \/>\n<meta property=\"og:type\" content=\"article\" \/>\n<meta property=\"og:title\" content=\"Prevoz Nis - Srebrno Jezero\" \/>\n<meta property=\"og:description\" content=\"Prevoz od Nisa do Srebrnog Jezera. Moguci izleti do tvrdjava Ram, Golubac, transfer do aerodroma u Temisvaru +381 63 456 515\" \/>\n<meta property=\"og:url\" content=\"https:\/\/flix.rs\/en\/prevoz-nis-srebrno-jezero-prevoz-nis-aerodrom-temisvar\/\" \/>\n<meta property=\"og:site_name\" content=\"Flix.rs\" \/>\n<meta property=\"article:publisher\" content=\"https:\/\/www.facebook.com\/prevoz.putnika.nis\" \/>\n<meta property=\"article:modified_time\" content=\"2022-12-25T09:23:04+00:00\" \/>\n<meta property=\"og:image\" content=\"https:\/\/flix.rs\/wp-content\/uploads\/2022\/12\/srebrno-jezero-1819369-scaled.jpg\" \/>\n\t<meta property=\"og:image:width\" content=\"2560\" \/>\n\t<meta property=\"og:image:height\" content=\"1920\" \/>\n\t<meta property=\"og:image:type\" content=\"image\/jpeg\" \/>\n<meta name=\"twitter:card\" content=\"summary_large_image\" \/>\n<meta name=\"twitter:site\" content=\"@Prevozputnika1\" \/>\n<meta name=\"twitter:label1\" content=\"Estimated reading time\" \/>\n\t<meta name=\"twitter:data1\" content=\"5 minutes\" \/>\n<script type=\"application\/ld+json\" class=\"yoast-schema-graph\">{\"@context\":\"https:\/\/schema.org\",\"@graph\":[{\"@type\":\"WebPage\",\"@id\":\"https:\/\/flix.rs\/prevoz-nis-srebrno-jezero-prevoz-nis-aerodrom-temisvar\/\",\"url\":\"https:\/\/flix.rs\/prevoz-nis-srebrno-jezero-prevoz-nis-aerodrom-temisvar\/\",\"name\":\"Prevoz Nis - Srebrno Jezero\",\"isPartOf\":{\"@id\":\"https:\/\/flix.rs\/#website\"},\"primaryImageOfPage\":{\"@id\":\"https:\/\/flix.rs\/prevoz-nis-srebrno-jezero-prevoz-nis-aerodrom-temisvar\/#primaryimage\"},\"image\":{\"@id\":\"https:\/\/flix.rs\/prevoz-nis-srebrno-jezero-prevoz-nis-aerodrom-temisvar\/#primaryimage\"},\"thumbnailUrl\":\"https:\/\/flix.rs\/wp-content\/uploads\/2022\/12\/srebrno-jezero-1819369-scaled.jpg\",\"datePublished\":\"2022-12-25T09:17:35+00:00\",\"dateModified\":\"2022-12-25T09:23:04+00:00\",\"description\":\"Prevoz od Nisa do Srebrnog Jezera. Moguci izleti do tvrdjava Ram, Golubac, transfer do aerodroma u Temisvaru +381 63 456 515\",\"breadcrumb\":{\"@id\":\"https:\/\/flix.rs\/prevoz-nis-srebrno-jezero-prevoz-nis-aerodrom-temisvar\/#breadcrumb\"},\"inLanguage\":\"en-GB\",\"potentialAction\":[{\"@type\":\"ReadAction\",\"target\":[\"https:\/\/flix.rs\/prevoz-nis-srebrno-jezero-prevoz-nis-aerodrom-temisvar\/\"]}]},{\"@type\":\"ImageObject\",\"inLanguage\":\"en-GB\",\"@id\":\"https:\/\/flix.rs\/prevoz-nis-srebrno-jezero-prevoz-nis-aerodrom-temisvar\/#primaryimage\",\"url\":\"https:\/\/flix.rs\/wp-content\/uploads\/2022\/12\/srebrno-jezero-1819369-scaled.jpg\",\"contentUrl\":\"https:\/\/flix.rs\/wp-content\/uploads\/2022\/12\/srebrno-jezero-1819369-scaled.jpg\",\"width\":2560,\"height\":1920,\"caption\":\"Prevoz Nis Srebrno Jezero\"},{\"@type\":\"BreadcrumbList\",\"@id\":\"https:\/\/flix.rs\/prevoz-nis-srebrno-jezero-prevoz-nis-aerodrom-temisvar\/#breadcrumb\",\"itemListElement\":[{\"@type\":\"ListItem\",\"position\":1,\"name\":\"Home\",\"item\":\"https:\/\/flix.rs\/\"},{\"@type\":\"ListItem\",\"position\":2,\"name\":\"Prevoz: Nis &#8211; Srebrno Jezero | Prevoz: Nis &#8211; Aerodrom Temisvar\"}]},{\"@type\":\"WebSite\",\"@id\":\"https:\/\/flix.rs\/#website\",\"url\":\"https:\/\/flix.rs\/\",\"name\":\"Flix.rs\",\"description\":\"Va\u0161 prevoz do i sa aerodroma\",\"publisher\":{\"@id\":\"https:\/\/flix.rs\/#organization\"},\"potentialAction\":[{\"@type\":\"SearchAction\",\"target\":{\"@type\":\"EntryPoint\",\"urlTemplate\":\"https:\/\/flix.rs\/?s={search_term_string}\"},\"query-input\":{\"@type\":\"PropertyValueSpecification\",\"valueRequired\":true,\"valueName\":\"search_term_string\"}}],\"inLanguage\":\"en-GB\"},{\"@type\":\"Organization\",\"@id\":\"https:\/\/flix.rs\/#organization\",\"name\":\"Flix\",\"url\":\"https:\/\/flix.rs\/\",\"logo\":{\"@type\":\"ImageObject\",\"inLanguage\":\"en-GB\",\"@id\":\"https:\/\/flix.rs\/#\/schema\/logo\/image\/\",\"url\":\"https:\/\/flix.rs\/wp-content\/uploads\/2019\/12\/80805004_454427318816809_4019161238033399808_n.png\",\"contentUrl\":\"https:\/\/flix.rs\/wp-content\/uploads\/2019\/12\/80805004_454427318816809_4019161238033399808_n.png\",\"width\":120,\"height\":54,\"caption\":\"Flix\"},\"image\":{\"@id\":\"https:\/\/flix.rs\/#\/schema\/logo\/image\/\"},\"sameAs\":[\"https:\/\/www.facebook.com\/prevoz.putnika.nis\",\"https:\/\/x.com\/Prevozputnika1\"]}]}<\/script>\n<!-- \/ Yoast SEO plugin. -->","yoast_head_json":{"title":"Prevoz Nis - Srebrno Jezero","description":"Prevoz od Nisa do Srebrnog Jezera. Moguci izleti do tvrdjava Ram, Golubac, transfer do aerodroma u Temisvaru +381 63 456 515","robots":{"index":"index","follow":"follow","max-snippet":"max-snippet:-1","max-image-preview":"max-image-preview:large","max-video-preview":"max-video-preview:-1"},"canonical":"https:\/\/flix.rs\/en\/prevoz-nis-srebrno-jezero-prevoz-nis-aerodrom-temisvar\/","og_locale":"en_GB","og_type":"article","og_title":"Prevoz Nis - Srebrno Jezero","og_description":"Prevoz od Nisa do Srebrnog Jezera. Moguci izleti do tvrdjava Ram, Golubac, transfer do aerodroma u Temisvaru +381 63 456 515","og_url":"https:\/\/flix.rs\/en\/prevoz-nis-srebrno-jezero-prevoz-nis-aerodrom-temisvar\/","og_site_name":"Flix.rs","article_publisher":"https:\/\/www.facebook.com\/prevoz.putnika.nis","article_modified_time":"2022-12-25T09:23:04+00:00","og_image":[{"width":2560,"height":1920,"url":"https:\/\/flix.rs\/wp-content\/uploads\/2022\/12\/srebrno-jezero-1819369-scaled.jpg","type":"image\/jpeg"}],"twitter_card":"summary_large_image","twitter_site":"@Prevozputnika1","twitter_misc":{"Estimated reading time":"5 minutes"},"schema":{"@context":"https:\/\/schema.org","@graph":[{"@type":"WebPage","@id":"https:\/\/flix.rs\/prevoz-nis-srebrno-jezero-prevoz-nis-aerodrom-temisvar\/","url":"https:\/\/flix.rs\/prevoz-nis-srebrno-jezero-prevoz-nis-aerodrom-temisvar\/","name":"Prevoz Nis - Srebrno Jezero","isPartOf":{"@id":"https:\/\/flix.rs\/#website"},"primaryImageOfPage":{"@id":"https:\/\/flix.rs\/prevoz-nis-srebrno-jezero-prevoz-nis-aerodrom-temisvar\/#primaryimage"},"image":{"@id":"https:\/\/flix.rs\/prevoz-nis-srebrno-jezero-prevoz-nis-aerodrom-temisvar\/#primaryimage"},"thumbnailUrl":"https:\/\/flix.rs\/wp-content\/uploads\/2022\/12\/srebrno-jezero-1819369-scaled.jpg","datePublished":"2022-12-25T09:17:35+00:00","dateModified":"2022-12-25T09:23:04+00:00","description":"Prevoz od Nisa do Srebrnog Jezera. Moguci izleti do tvrdjava Ram, Golubac, transfer do aerodroma u Temisvaru +381 63 456 515","breadcrumb":{"@id":"https:\/\/flix.rs\/prevoz-nis-srebrno-jezero-prevoz-nis-aerodrom-temisvar\/#breadcrumb"},"inLanguage":"en-GB","potentialAction":[{"@type":"ReadAction","target":["https:\/\/flix.rs\/prevoz-nis-srebrno-jezero-prevoz-nis-aerodrom-temisvar\/"]}]},{"@type":"ImageObject","inLanguage":"en-GB","@id":"https:\/\/flix.rs\/prevoz-nis-srebrno-jezero-prevoz-nis-aerodrom-temisvar\/#primaryimage","url":"https:\/\/flix.rs\/wp-content\/uploads\/2022\/12\/srebrno-jezero-1819369-scaled.jpg","contentUrl":"https:\/\/flix.rs\/wp-content\/uploads\/2022\/12\/srebrno-jezero-1819369-scaled.jpg","width":2560,"height":1920,"caption":"Prevoz Nis Srebrno Jezero"},{"@type":"BreadcrumbList","@id":"https:\/\/flix.rs\/prevoz-nis-srebrno-jezero-prevoz-nis-aerodrom-temisvar\/#breadcrumb","itemListElement":[{"@type":"ListItem","position":1,"name":"Home","item":"https:\/\/flix.rs\/"},{"@type":"ListItem","position":2,"name":"Prevoz: Nis &#8211; Srebrno Jezero | Prevoz: Nis &#8211; Aerodrom Temisvar"}]},{"@type":"WebSite","@id":"https:\/\/flix.rs\/#website","url":"https:\/\/flix.rs\/","name":"Flix.rs","description":"Va\u0161 prevoz do i sa aerodroma","publisher":{"@id":"https:\/\/flix.rs\/#organization"},"potentialAction":[{"@type":"SearchAction","target":{"@type":"EntryPoint","urlTemplate":"https:\/\/flix.rs\/?s={search_term_string}"},"query-input":{"@type":"PropertyValueSpecification","valueRequired":true,"valueName":"search_term_string"}}],"inLanguage":"en-GB"},{"@type":"Organization","@id":"https:\/\/flix.rs\/#organization","name":"Flix","url":"https:\/\/flix.rs\/","logo":{"@type":"ImageObject","inLanguage":"en-GB","@id":"https:\/\/flix.rs\/#\/schema\/logo\/image\/","url":"https:\/\/flix.rs\/wp-content\/uploads\/2019\/12\/80805004_454427318816809_4019161238033399808_n.png","contentUrl":"https:\/\/flix.rs\/wp-content\/uploads\/2019\/12\/80805004_454427318816809_4019161238033399808_n.png","width":120,"height":54,"caption":"Flix"},"image":{"@id":"https:\/\/flix.rs\/#\/schema\/logo\/image\/"},"sameAs":["https:\/\/www.facebook.com\/prevoz.putnika.nis","https:\/\/x.com\/Prevozputnika1"]}]}},"_links":{"self":[{"href":"https:\/\/flix.rs\/en\/wp-json\/wp\/v2\/pages\/13551"}],"collection":[{"href":"https:\/\/flix.rs\/en\/wp-json\/wp\/v2\/pages"}],"about":[{"href":"https:\/\/flix.rs\/en\/wp-json\/wp\/v2\/types\/page"}],"author":[{"embeddable":true,"href":"https:\/\/flix.rs\/en\/wp-json\/wp\/v2\/users\/3"}],"replies":[{"embeddable":true,"href":"https:\/\/flix.rs\/en\/wp-json\/wp\/v2\/comments?post=13551"}],"version-history":[{"count":5,"href":"https:\/\/flix.rs\/en\/wp-json\/wp\/v2\/pages\/13551\/revisions"}],"predecessor-version":[{"id":13559,"href":"https:\/\/flix.rs\/en\/wp-json\/wp\/v2\/pages\/13551\/revisions\/13559"}],"wp:featuredmedia":[{"embeddable":true,"href":"https:\/\/flix.rs\/en\/wp-json\/wp\/v2\/media\/13557"}],"wp:attachment":[{"href":"https:\/\/flix.rs\/en\/wp-json\/wp\/v2\/media?parent=13551"}],"curies":[{"name":"wp","href":"https:\/\/api.w.org\/{rel}","templated":true}]}}