{"id":13536,"date":"2022-12-18T11:37:02","date_gmt":"2022-12-18T10:37:02","guid":{"rendered":"https:\/\/flix.rs\/?page_id=13536"},"modified":"2022-12-18T11:37:02","modified_gmt":"2022-12-18T10:37:02","slug":"prevoz-aerodrom-nis-solun-prevoz-nis-aerodrom-ohrid","status":"publish","type":"page","link":"https:\/\/flix.rs\/en\/transfer-nis-airport-thessaloniki-transfer-nis-airport-ohrid\/","title":{"rendered":"Transfer: Nis Airport &#8211; Thessaloniki| Transfer: Nis Airport  &#8211; Ohrid"},"content":{"rendered":"<div  class=\"wpb_row vc_row-fluid content-wrapper content-wrapper-standard clearfix\" style=\"padding-left: 0px; padding-right: 0px; \"><div class=\"col span_12\"><div class=\"wpb_column vc_column_container vc_col-sm-12\"><div class=\"vc_column-inner\"><div class=\"wpb_wrapper\">\n\t<div class=\"wpb_text_column wpb_content_element\" >\n\t\t<div class=\"wpb_wrapper\">\n\t\t\t<p><\/p>\n\n\t\t<\/div>\n\t<\/div>\n<\/div><\/div><\/div><\/div><\/div><div  class=\"wpb_row vc_row-fluid content-wrapper content-wrapper-standard clearfix\" style=\"padding-left: 0px; padding-right: 0px; \"><div class=\"col span_12\"><div class=\"wpb_column vc_column_container vc_col-sm-12\"><div class=\"vc_column-inner\"><div class=\"wpb_wrapper\">\n\t<div class=\"wpb_text_column wpb_content_element\" >\n\t\t<div class=\"wpb_wrapper\">\n\t\t\t<h3>Transfer: Nis Airport Thessaloniki<\/h3>\n<h3>Transfer: Nis Airport Ohrid<\/h3>\n\n\t\t<\/div>\n\t<\/div>\n<\/div><\/div><\/div><\/div><\/div><div  class=\"wpb_row vc_row-fluid content-wrapper content-wrapper-standard clearfix\" style=\"padding-left: 0px; padding-right: 0px; \"><div class=\"col span_12\"><div class=\"wpb_column vc_column_container vc_col-sm-12\"><div class=\"vc_column-inner\"><div class=\"wpb_wrapper\"><h3 class=\"center-title\"><\/h3><div class=\"title-block2\"><\/div><\/div><\/div><\/div><\/div><\/div><div  class=\"wpb_row vc_row-fluid content-wrapper content-wrapper-standard clearfix\" style=\"padding-left: 0px; padding-right: 0px; \"><div class=\"col span_12\"><div class=\"wpb_column vc_column_container vc_col-sm-12\"><div class=\"vc_column-inner\"><div class=\"wpb_wrapper\">\n\t<div  class=\"wpb_single_image wpb_content_element vc_align_left\">\n\t\t\n\t\t<figure class=\"wpb_wrapper vc_figure\">\n\t\t\t<div class=\"vc_single_image-wrapper   vc_box_border_grey\"><img loading=\"lazy\" decoding=\"async\" class=\"vc_single_image-img\" src=\"https:\/\/flix.rs\/wp-content\/uploads\/2022\/12\/greece-g711cccb9a_1280.jpg\" width=\"1280\" height=\"853\" alt=\"Prevoz Nis Solun\" title=\"PHOTO | PIXABAY\" \/><\/div>\n\t\t<\/figure>\n\t<\/div>\n<\/div><\/div><\/div><\/div><\/div><div  class=\"wpb_row vc_row-fluid content-wrapper content-wrapper-standard clearfix\" style=\"padding-left: 0px; padding-right: 0px; \"><div class=\"col span_12\"><div class=\"wpb_column vc_column_container vc_col-sm-12\"><div class=\"vc_column-inner\"><div class=\"wpb_wrapper\">\n\t<div class=\"wpb_text_column wpb_content_element\" >\n\t\t<div class=\"wpb_wrapper\">\n\t\t\t<p><a href=\"https:\/\/flix.rs\/en\/airport-nis-shuttle-transfer\/\">Transfer Nis Airport &#8211; Thessaloniki<\/a> , <a href=\"https:\/\/flix.rs\/en\/airport-nis-shuttle-transfer\/\">Transfer Nis Airport &#8211; Ohrid<\/a>. Transfers to <strong>Vranje<\/strong>, <strong>Skopje<\/strong>, <strong>Bitola<\/strong>, \u0110ev\u0111elija, <strong>Evzoni<\/strong>, <strong>Halkidiki<\/strong> is possible<br \/>\nWe can organize transportation just for you, also from Ni\u0161 to or any other destination in Serbia and the region.<\/p>\n<p>Number for info and booking\u00a0<a href=\"tel:+38163456515\">+381 63 456 515<\/a><\/p>\n<p>Online booking\u00a0\u00a0<a href=\"https:\/\/flix.rs\/en\/booking\/\">https:\/\/flix.rs\/en\/booking\/<\/a><\/p>\n<p><strong>Travel<\/strong><br \/>\nThe ride from Ni\u0161, either from the <strong>airport<\/strong> or another location in <strong>Ni\u0161<\/strong>, begins by exiting one of the four toll booths surrounding Ni\u0161 &#8211; Mal\u010da, Ni\u0161-East, Ni\u0161-North or Ni\u0161-South onto the <strong>Ni\u0161-Skopje highway<\/strong>, along the <em>E-75 corridor<\/em> . On the way, passing by the towns of <strong>Leskovac<\/strong>, Vlasotince, Grdelica, Vladi\u010din Han, <strong>Vranje<\/strong>, <strong>Bujanovac<\/strong>, Pre\u0161evo, in a little more than an hour and a half you will reach the <strong>border crossing Pre\u0161evo<\/strong>. During the summer season and holidays, the stay at this border crossing can be several hours.<\/p>\n<p><strong>North Macedonia<\/strong><br \/>\nShortly after crossing the border and entering the Republic of North Macedonia, according to the habit and desire of most travelers, we stop at the <a href=\"https:\/\/www.lukoil.com\/\">LukOil<\/a> gas station, which is located immediately after the turn for Kumanovo. It is also possible to pay in foreign currency, and there you can exchange money for Macedonian denars.<br \/>\nIf you are traveling to <strong>Skopje<\/strong>, it takes twenty minutes to drive from the turn off the main road to the city. <strong>The international airport in Skopje<\/strong> is located right next to the highway. The drive from Ni\u0161 to this airport takes exactly two hours, if there are no layovers.<\/p>\n<p><strong>Bitola, Ohrid<\/strong><br \/>\nEntering the municipality of Negotino, we get off the highway that runs through North Macedonia from the border with Serbia to the border with Greece, more precisely from Tabanovca to Gevgelia. It takes an hour and a half to drive to <strong>Bitola<\/strong> and cover less than 100 km. It takes another hour to get to <strong>Ohrid<\/strong> for a distance of 70 km. The ride between Ni\u0161 and Ohrid takes 5 hours on average; it is necessary to cross almost 400 km.<\/p>\n<p><strong>Greece<\/strong><br \/>\nIt takes three and a half hours of continuous driving from <em>Ni\u0161 to the Gevgelija<\/em> border crossing and covers 330 km. The entire length of this trip is a highway. After crossing this border crossing, which sometimes takes 5-6 hours during the summer season, and most often on weekends, we enter <strong>Greece<\/strong> by crossing the <strong>Evzoni border crossing<\/strong>.<br \/>\nIt takes us less than an hour to get to <strong>Thessaloniki<\/strong>. To get to <strong>Macedonia Airport<\/strong>, it is necessary to travel 430 km from Ni\u0161 or 5 hours of continuous driving.<br \/>\nTransportation is possible to the tourist centers of this region such as <strong>Haklidiki<\/strong>, <strong>Asprovalta<\/strong>, <strong>Thassos<\/strong>, etc..<\/p>\n\n\t\t<\/div>\n\t<\/div>\n<\/div><\/div><\/div><\/div><\/div>","protected":false},"excerpt":{"rendered":"[:sr] Prevoz Nis Aerodrom Solun Prevoz Nis Aerodrom Ohrid Prevoz\u00a0 Nis \u2013 Aerodrom Solun, Prevoz\u00a0 Aerodrom Nis - Ohrid, . Mogu\u0107 je prevoz do Vranja, Skoplja, Bitolja, \u0110ev\u0111elije, Evzoni, Halkidikija Prevoz mo\u017eemo organizovati samo za Vas tako\u0111e iz Ni\u0161a do ili bilo koje druge destinacije u Srbiji i regionu.\u2026 Broj za informacije i zakazivanje\u00a0+381 63","protected":false},"author":3,"featured_media":13537,"parent":0,"menu_order":0,"comment_status":"closed","ping_status":"closed","template":"","meta":{"footnotes":""},"yoast_head":"<!-- This site is optimized with the Yoast SEO plugin v24.5 - https:\/\/yoast.com\/wordpress\/plugins\/seo\/ -->\n<title>Prevoz Aerodrom Nis Solun<\/title>\n<meta name=\"description\" content=\"Individualni prevoz od Aerodroma u Nisu do Soluna i nazad. Bez otkazivanja, pouzdano i sigurno. +381 63 456 515\" \/>\n<meta name=\"robots\" content=\"index, follow, max-snippet:-1, max-image-preview:large, max-video-preview:-1\" \/>\n<link rel=\"canonical\" href=\"https:\/\/flix.rs\/en\/prevoz-aerodrom-nis-solun-prevoz-nis-aerodrom-ohrid\/\" \/>\n<meta property=\"og:locale\" content=\"en_GB\" \/>\n<meta property=\"og:type\" content=\"article\" \/>\n<meta property=\"og:title\" content=\"Prevoz Aerodrom Nis Solun\" \/>\n<meta property=\"og:description\" content=\"Individualni prevoz od Aerodroma u Nisu do Soluna i nazad. Bez otkazivanja, pouzdano i sigurno. +381 63 456 515\" \/>\n<meta property=\"og:url\" content=\"https:\/\/flix.rs\/en\/prevoz-aerodrom-nis-solun-prevoz-nis-aerodrom-ohrid\/\" \/>\n<meta property=\"og:site_name\" content=\"Flix.rs\" \/>\n<meta property=\"article:publisher\" content=\"https:\/\/www.facebook.com\/prevoz.putnika.nis\" \/>\n<meta property=\"og:image\" content=\"https:\/\/flix.rs\/wp-content\/uploads\/2022\/12\/greece-g711cccb9a_1280.jpg\" \/>\n\t<meta property=\"og:image:width\" content=\"1280\" \/>\n\t<meta property=\"og:image:height\" content=\"853\" \/>\n\t<meta property=\"og:image:type\" content=\"image\/jpeg\" \/>\n<meta name=\"twitter:card\" content=\"summary_large_image\" \/>\n<meta name=\"twitter:site\" content=\"@Prevozputnika1\" \/>\n<meta name=\"twitter:label1\" content=\"Estimated reading time\" \/>\n\t<meta name=\"twitter:data1\" content=\"5 minutes\" \/>\n<script type=\"application\/ld+json\" class=\"yoast-schema-graph\">{\"@context\":\"https:\/\/schema.org\",\"@graph\":[{\"@type\":\"WebPage\",\"@id\":\"https:\/\/flix.rs\/prevoz-aerodrom-nis-solun-prevoz-nis-aerodrom-ohrid\/\",\"url\":\"https:\/\/flix.rs\/prevoz-aerodrom-nis-solun-prevoz-nis-aerodrom-ohrid\/\",\"name\":\"Prevoz Aerodrom Nis Solun\",\"isPartOf\":{\"@id\":\"https:\/\/flix.rs\/#website\"},\"primaryImageOfPage\":{\"@id\":\"https:\/\/flix.rs\/prevoz-aerodrom-nis-solun-prevoz-nis-aerodrom-ohrid\/#primaryimage\"},\"image\":{\"@id\":\"https:\/\/flix.rs\/prevoz-aerodrom-nis-solun-prevoz-nis-aerodrom-ohrid\/#primaryimage\"},\"thumbnailUrl\":\"https:\/\/flix.rs\/wp-content\/uploads\/2022\/12\/greece-g711cccb9a_1280.jpg\",\"datePublished\":\"2022-12-18T10:37:02+00:00\",\"description\":\"Individualni prevoz od Aerodroma u Nisu do Soluna i nazad. Bez otkazivanja, pouzdano i sigurno. +381 63 456 515\",\"breadcrumb\":{\"@id\":\"https:\/\/flix.rs\/prevoz-aerodrom-nis-solun-prevoz-nis-aerodrom-ohrid\/#breadcrumb\"},\"inLanguage\":\"en-GB\",\"potentialAction\":[{\"@type\":\"ReadAction\",\"target\":[\"https:\/\/flix.rs\/prevoz-aerodrom-nis-solun-prevoz-nis-aerodrom-ohrid\/\"]}]},{\"@type\":\"ImageObject\",\"inLanguage\":\"en-GB\",\"@id\":\"https:\/\/flix.rs\/prevoz-aerodrom-nis-solun-prevoz-nis-aerodrom-ohrid\/#primaryimage\",\"url\":\"https:\/\/flix.rs\/wp-content\/uploads\/2022\/12\/greece-g711cccb9a_1280.jpg\",\"contentUrl\":\"https:\/\/flix.rs\/wp-content\/uploads\/2022\/12\/greece-g711cccb9a_1280.jpg\",\"width\":1280,\"height\":853,\"caption\":\"Prevoz Nis Solun\"},{\"@type\":\"BreadcrumbList\",\"@id\":\"https:\/\/flix.rs\/prevoz-aerodrom-nis-solun-prevoz-nis-aerodrom-ohrid\/#breadcrumb\",\"itemListElement\":[{\"@type\":\"ListItem\",\"position\":1,\"name\":\"Home\",\"item\":\"https:\/\/flix.rs\/\"},{\"@type\":\"ListItem\",\"position\":2,\"name\":\"Prevoz: Aerodrom Nis &#8211; Solun | Prevoz: Nis Aerodrom &#8211; Ohrid\"}]},{\"@type\":\"WebSite\",\"@id\":\"https:\/\/flix.rs\/#website\",\"url\":\"https:\/\/flix.rs\/\",\"name\":\"Flix.rs\",\"description\":\"Va\u0161 prevoz do i sa aerodroma\",\"publisher\":{\"@id\":\"https:\/\/flix.rs\/#organization\"},\"potentialAction\":[{\"@type\":\"SearchAction\",\"target\":{\"@type\":\"EntryPoint\",\"urlTemplate\":\"https:\/\/flix.rs\/?s={search_term_string}\"},\"query-input\":{\"@type\":\"PropertyValueSpecification\",\"valueRequired\":true,\"valueName\":\"search_term_string\"}}],\"inLanguage\":\"en-GB\"},{\"@type\":\"Organization\",\"@id\":\"https:\/\/flix.rs\/#organization\",\"name\":\"Flix\",\"url\":\"https:\/\/flix.rs\/\",\"logo\":{\"@type\":\"ImageObject\",\"inLanguage\":\"en-GB\",\"@id\":\"https:\/\/flix.rs\/#\/schema\/logo\/image\/\",\"url\":\"https:\/\/flix.rs\/wp-content\/uploads\/2019\/12\/80805004_454427318816809_4019161238033399808_n.png\",\"contentUrl\":\"https:\/\/flix.rs\/wp-content\/uploads\/2019\/12\/80805004_454427318816809_4019161238033399808_n.png\",\"width\":120,\"height\":54,\"caption\":\"Flix\"},\"image\":{\"@id\":\"https:\/\/flix.rs\/#\/schema\/logo\/image\/\"},\"sameAs\":[\"https:\/\/www.facebook.com\/prevoz.putnika.nis\",\"https:\/\/x.com\/Prevozputnika1\"]}]}<\/script>\n<!-- \/ Yoast SEO plugin. -->","yoast_head_json":{"title":"Prevoz Aerodrom Nis Solun","description":"Individualni prevoz od Aerodroma u Nisu do Soluna i nazad. Bez otkazivanja, pouzdano i sigurno. +381 63 456 515","robots":{"index":"index","follow":"follow","max-snippet":"max-snippet:-1","max-image-preview":"max-image-preview:large","max-video-preview":"max-video-preview:-1"},"canonical":"https:\/\/flix.rs\/en\/prevoz-aerodrom-nis-solun-prevoz-nis-aerodrom-ohrid\/","og_locale":"en_GB","og_type":"article","og_title":"Prevoz Aerodrom Nis Solun","og_description":"Individualni prevoz od Aerodroma u Nisu do Soluna i nazad. Bez otkazivanja, pouzdano i sigurno. +381 63 456 515","og_url":"https:\/\/flix.rs\/en\/prevoz-aerodrom-nis-solun-prevoz-nis-aerodrom-ohrid\/","og_site_name":"Flix.rs","article_publisher":"https:\/\/www.facebook.com\/prevoz.putnika.nis","og_image":[{"width":1280,"height":853,"url":"https:\/\/flix.rs\/wp-content\/uploads\/2022\/12\/greece-g711cccb9a_1280.jpg","type":"image\/jpeg"}],"twitter_card":"summary_large_image","twitter_site":"@Prevozputnika1","twitter_misc":{"Estimated reading time":"5 minutes"},"schema":{"@context":"https:\/\/schema.org","@graph":[{"@type":"WebPage","@id":"https:\/\/flix.rs\/prevoz-aerodrom-nis-solun-prevoz-nis-aerodrom-ohrid\/","url":"https:\/\/flix.rs\/prevoz-aerodrom-nis-solun-prevoz-nis-aerodrom-ohrid\/","name":"Prevoz Aerodrom Nis Solun","isPartOf":{"@id":"https:\/\/flix.rs\/#website"},"primaryImageOfPage":{"@id":"https:\/\/flix.rs\/prevoz-aerodrom-nis-solun-prevoz-nis-aerodrom-ohrid\/#primaryimage"},"image":{"@id":"https:\/\/flix.rs\/prevoz-aerodrom-nis-solun-prevoz-nis-aerodrom-ohrid\/#primaryimage"},"thumbnailUrl":"https:\/\/flix.rs\/wp-content\/uploads\/2022\/12\/greece-g711cccb9a_1280.jpg","datePublished":"2022-12-18T10:37:02+00:00","description":"Individualni prevoz od Aerodroma u Nisu do Soluna i nazad. Bez otkazivanja, pouzdano i sigurno. +381 63 456 515","breadcrumb":{"@id":"https:\/\/flix.rs\/prevoz-aerodrom-nis-solun-prevoz-nis-aerodrom-ohrid\/#breadcrumb"},"inLanguage":"en-GB","potentialAction":[{"@type":"ReadAction","target":["https:\/\/flix.rs\/prevoz-aerodrom-nis-solun-prevoz-nis-aerodrom-ohrid\/"]}]},{"@type":"ImageObject","inLanguage":"en-GB","@id":"https:\/\/flix.rs\/prevoz-aerodrom-nis-solun-prevoz-nis-aerodrom-ohrid\/#primaryimage","url":"https:\/\/flix.rs\/wp-content\/uploads\/2022\/12\/greece-g711cccb9a_1280.jpg","contentUrl":"https:\/\/flix.rs\/wp-content\/uploads\/2022\/12\/greece-g711cccb9a_1280.jpg","width":1280,"height":853,"caption":"Prevoz Nis Solun"},{"@type":"BreadcrumbList","@id":"https:\/\/flix.rs\/prevoz-aerodrom-nis-solun-prevoz-nis-aerodrom-ohrid\/#breadcrumb","itemListElement":[{"@type":"ListItem","position":1,"name":"Home","item":"https:\/\/flix.rs\/"},{"@type":"ListItem","position":2,"name":"Prevoz: Aerodrom Nis &#8211; Solun | Prevoz: Nis Aerodrom &#8211; Ohrid"}]},{"@type":"WebSite","@id":"https:\/\/flix.rs\/#website","url":"https:\/\/flix.rs\/","name":"Flix.rs","description":"Va\u0161 prevoz do i sa aerodroma","publisher":{"@id":"https:\/\/flix.rs\/#organization"},"potentialAction":[{"@type":"SearchAction","target":{"@type":"EntryPoint","urlTemplate":"https:\/\/flix.rs\/?s={search_term_string}"},"query-input":{"@type":"PropertyValueSpecification","valueRequired":true,"valueName":"search_term_string"}}],"inLanguage":"en-GB"},{"@type":"Organization","@id":"https:\/\/flix.rs\/#organization","name":"Flix","url":"https:\/\/flix.rs\/","logo":{"@type":"ImageObject","inLanguage":"en-GB","@id":"https:\/\/flix.rs\/#\/schema\/logo\/image\/","url":"https:\/\/flix.rs\/wp-content\/uploads\/2019\/12\/80805004_454427318816809_4019161238033399808_n.png","contentUrl":"https:\/\/flix.rs\/wp-content\/uploads\/2019\/12\/80805004_454427318816809_4019161238033399808_n.png","width":120,"height":54,"caption":"Flix"},"image":{"@id":"https:\/\/flix.rs\/#\/schema\/logo\/image\/"},"sameAs":["https:\/\/www.facebook.com\/prevoz.putnika.nis","https:\/\/x.com\/Prevozputnika1"]}]}},"_links":{"self":[{"href":"https:\/\/flix.rs\/en\/wp-json\/wp\/v2\/pages\/13536"}],"collection":[{"href":"https:\/\/flix.rs\/en\/wp-json\/wp\/v2\/pages"}],"about":[{"href":"https:\/\/flix.rs\/en\/wp-json\/wp\/v2\/types\/page"}],"author":[{"embeddable":true,"href":"https:\/\/flix.rs\/en\/wp-json\/wp\/v2\/users\/3"}],"replies":[{"embeddable":true,"href":"https:\/\/flix.rs\/en\/wp-json\/wp\/v2\/comments?post=13536"}],"version-history":[{"count":1,"href":"https:\/\/flix.rs\/en\/wp-json\/wp\/v2\/pages\/13536\/revisions"}],"predecessor-version":[{"id":13538,"href":"https:\/\/flix.rs\/en\/wp-json\/wp\/v2\/pages\/13536\/revisions\/13538"}],"wp:featuredmedia":[{"embeddable":true,"href":"https:\/\/flix.rs\/en\/wp-json\/wp\/v2\/media\/13537"}],"wp:attachment":[{"href":"https:\/\/flix.rs\/en\/wp-json\/wp\/v2\/media?parent=13536"}],"curies":[{"name":"wp","href":"https:\/\/api.w.org\/{rel}","templated":true}]}}