{"id":13522,"date":"2022-12-10T19:26:45","date_gmt":"2022-12-10T18:26:45","guid":{"rendered":"https:\/\/flix.rs\/?page_id=13522"},"modified":"2022-12-10T19:26:45","modified_gmt":"2022-12-10T18:26:45","slug":"prevoz-aerodrom-nis-zajecar-prevoz-nis-aerodrom-krajova","status":"publish","type":"page","link":"https:\/\/flix.rs\/en\/transfer-nis-airport-zajecar-transfer-nis-craiova-airport\/","title":{"rendered":"Transfer: Nis Airport &#8211; Zajecar | Transfer: Nis &#8211; Airport Craiova"},"content":{"rendered":"<div  class=\"wpb_row vc_row-fluid content-wrapper content-wrapper-standard clearfix\" style=\"padding-left: 0px; padding-right: 0px; \"><div class=\"col span_12\"><div class=\"wpb_column vc_column_container vc_col-sm-12\"><div class=\"vc_column-inner\"><div class=\"wpb_wrapper\">\n\t<div class=\"wpb_text_column wpb_content_element\" >\n\t\t<div class=\"wpb_wrapper\">\n\t\t\t<p><\/p>\n\n\t\t<\/div>\n\t<\/div>\n<\/div><\/div><\/div><\/div><\/div><div  class=\"wpb_row vc_row-fluid content-wrapper content-wrapper-standard clearfix\" style=\"padding-left: 0px; padding-right: 0px; \"><div class=\"col span_12\"><div class=\"wpb_column vc_column_container vc_col-sm-12\"><div class=\"vc_column-inner\"><div class=\"wpb_wrapper\">\n\t<div class=\"wpb_text_column wpb_content_element\" >\n\t\t<div class=\"wpb_wrapper\">\n\t\t\t<h3>Transfer: Nis Airport Zajecar<\/h3>\n<h3>Transfer: Nis Craiova Airport<\/h3>\n\n\t\t<\/div>\n\t<\/div>\n<\/div><\/div><\/div><\/div><\/div><div  class=\"wpb_row vc_row-fluid content-wrapper content-wrapper-standard clearfix\" style=\"padding-left: 0px; padding-right: 0px; \"><div class=\"col span_12\"><div class=\"wpb_column vc_column_container vc_col-sm-12\"><div class=\"vc_column-inner\"><div class=\"wpb_wrapper\"><h3 class=\"center-title\"><\/h3><div class=\"title-block2\"><\/div><\/div><\/div><\/div><\/div><\/div><div  class=\"wpb_row vc_row-fluid content-wrapper content-wrapper-standard clearfix\" style=\"padding-left: 0px; padding-right: 0px; \"><div class=\"col span_12\"><div class=\"wpb_column vc_column_container vc_col-sm-12\"><div class=\"vc_column-inner\"><div class=\"wpb_wrapper\">\n\t<div  class=\"wpb_single_image wpb_content_element vc_align_left\">\n\t\t\n\t\t<figure class=\"wpb_wrapper vc_figure\">\n\t\t\t<div class=\"vc_single_image-wrapper   vc_box_border_grey\"><img loading=\"lazy\" decoding=\"async\" class=\"vc_single_image-img\" src=\"https:\/\/flix.rs\/wp-content\/uploads\/2022\/12\/Craiov-Centrul-\u0410\u0443\u0442\u043e\u0440-Mvelam-\u0421\u043e\u043f\u0441\u0442\u0432\u0435\u043d\u043e-\u0434\u0435\u043b\u043e-CC-BY-SA-3.0-e1670696476719.jpg\" width=\"1280\" height=\"809\" alt=\"Transfer Nis Craiova Airport\" title=\"Craiov-Centrul \u0410\u0443\u0442\u043e\u0440 Mvelam - \u0421\u043e\u043f\u0441\u0442\u0432\u0435\u043d\u043e \u0434\u0435\u043b\u043e, CC BY-SA 3.0\" \/><\/div>\n\t\t<\/figure>\n\t<\/div>\n<\/div><\/div><\/div><\/div><\/div><div  class=\"wpb_row vc_row-fluid content-wrapper content-wrapper-standard clearfix\" style=\"padding-left: 0px; padding-right: 0px; \"><div class=\"col span_12\"><div class=\"wpb_column vc_column_container vc_col-sm-12\"><div class=\"vc_column-inner\"><div class=\"wpb_wrapper\">\n\t<div class=\"wpb_text_column wpb_content_element\" >\n\t\t<div class=\"wpb_wrapper\">\n\t\t\t<p><a href=\"https:\/\/flix.rs\/en\/airport-nis-shuttle-transfer\/\">Transfer Nis Airport &#8211; Zajecar<\/a>, <a href=\"https:\/\/flix.rs\/en\/airport-nis-shuttle-transfer\/\">Transfer Nis &#8211; Craiova Airport<\/a>. Transportation is also possible to <strong>Knja\u017eevac<\/strong>, <strong>Bor<\/strong>, Negotin, <strong>Kladovo<\/strong>, <strong>Vidin<\/strong><\/p>\n<p>We can organize a transfer just for you also from Ni\u0161 to <strong>Majdanpek<\/strong>, <strong>Djerdap<\/strong> National Park, <strong>Kladovo<\/strong>, or any surge destination in Serbia and the region.<\/p>\n<p>Number for info and booking\u00a0<a href=\"tel:+38163456515\">+381 63 456 515<\/a><\/p>\n<p>Online booking\u00a0\u00a0<a href=\"https:\/\/flix.rs\/en\/booking\/\">https:\/\/flix.rs\/en\/booking\/<\/a><\/p>\n<p><strong>Travel<\/strong><\/p>\n<p>Whether you are traveling from Constantine The Great Airport Ni\u0161 or from the city itself, the shortest and fastest way to travel to Zaje\u010dar and eastern Serbia is by regional road E-771, which is reached by turning off at the Mal\u010da interchange from the <strong>Ni\u0161-Sofia<\/strong> highway, which lies on the corridor E-80.<\/p>\n<p><strong>Svrljig<\/strong> is reached after less than half an hour&#8217;s drive, through which we pass along its entire length, continuing towards <strong>Knja\u017eevac<\/strong> and <strong>Zaje\u010dar<\/strong>. We begin a gentle ascent towards Mount <strong>Tresibaba<\/strong>, whose highest peak is less than 800 meters above sea level. During the winter months, it is not rare to encounter fog and snow drifts and debris when crossing this mountain. Icy is also common, so winter equipment is also needed.<\/p>\n<p><strong>Where we pass next<\/strong><\/p>\n<p>With the Tresibaba serpentines, we descend towards Knja\u017eevac. A cute place with a soul. We continue to Zaje\u010dar, which is exactly <em>100 kilometers from Ni\u0161<\/em> and requires an additional half hour&#8217;s drive from Knja\u017eevac. Zaje\u010dar &#8211; famous for the legendary Gitariada and the beer factory that is owned by<a href=\"https:\/\/www.coca-cola.com\/\"> Coca Cola<\/a> and the Dutch beer factory Heineken has a nice tourist offer.<\/p>\n<p><strong>Zajecar<\/strong><\/p>\n<p>City of beer, city, guitar, city of Rock sound. The first Guitar <strong>Festival<\/strong> was held back in 1966, named <strong>Gitarijada<\/strong>, while the first beer in Zaje\u010dar was made in 1875. However, perhaps the biggest brand of this city is Felix Romuliana &#8211; an archaeological site, the place where the palace of the emperor Gaius Valerius of Rome was located.<\/p>\n<p><strong>Road to Romania and Bulgaria<\/strong><\/p>\n<p>From Zaje\u010dar, we go east towards the Vr\u0161ka \u010cuka border crossing, where we enter the <strong>Republic of Bulgaria<\/strong>, continue towards the town of <strong>Vidin<\/strong>, cross the newly built bridge over the <strong>Danube River<\/strong> and enter <strong>Romania<\/strong>, from where the airport in <strong>Craiova<\/strong> is located 90 kilometers away.<\/p>\n<p>The total time needed to travel from Ni\u0161 to this airport is about 4 hours and 250 km of travel on regional roads. During the summer season, travel time is slightly longer due to delays at border crossings.<\/p>\n\n\t\t<\/div>\n\t<\/div>\n<\/div><\/div><\/div><\/div><\/div>","protected":false},"excerpt":{"rendered":"[:sr] Prevoz Aerodrom Nis Zajecar Prevoz Nis Aerodrom Krajova Prevoz\u00a0 Aerodrom Nis - Zajecar, Prevoz\u00a0 Nis \u2013 Aerodrom Krajova. Mogu\u0107 je prevoz i do Knja\u017eevca, Bora, Negotina, Kladova, Vidina Transfer mo\u017eemo organizovati samo za Vas tako\u0111e iz Ni\u0161a do Majdanpeka, Nacionalnog parka \u0110erdap, Kladova, ili bilo koje surge destinacije u Srbiji i regionu.\u2026 Broj za","protected":false},"author":3,"featured_media":13524,"parent":0,"menu_order":0,"comment_status":"closed","ping_status":"closed","template":"","meta":{"footnotes":""},"yoast_head":"<!-- This site is optimized with the Yoast SEO plugin v24.5 - https:\/\/yoast.com\/wordpress\/plugins\/seo\/ -->\n<title>Transfer Nis Airport Craiova<\/title>\n<meta name=\"description\" content=\"We provide private transfer from Nis to Craiova Airport. Possible transfer to Zajecar and Vidin. Reliable, comfortable +381 63 456 515\" \/>\n<meta name=\"robots\" content=\"index, follow, max-snippet:-1, max-image-preview:large, max-video-preview:-1\" \/>\n<link rel=\"canonical\" href=\"https:\/\/flix.rs\/en\/prevoz-aerodrom-nis-zajecar-prevoz-nis-aerodrom-krajova\/\" \/>\n<meta property=\"og:locale\" content=\"en_GB\" \/>\n<meta property=\"og:type\" content=\"article\" \/>\n<meta property=\"og:title\" content=\"Transfer Nis Airport Craiova\" \/>\n<meta property=\"og:description\" content=\"We provide private transfer from Nis to Craiova Airport. Possible transfer to Zajecar and Vidin. Reliable, comfortable +381 63 456 515\" \/>\n<meta property=\"og:url\" content=\"https:\/\/flix.rs\/en\/prevoz-aerodrom-nis-zajecar-prevoz-nis-aerodrom-krajova\/\" \/>\n<meta property=\"og:site_name\" content=\"Flix.rs\" \/>\n<meta property=\"article:publisher\" content=\"https:\/\/www.facebook.com\/prevoz.putnika.nis\" \/>\n<meta property=\"og:image\" content=\"https:\/\/flix.rs\/wp-content\/uploads\/2022\/12\/Craiov-Centrul-\u0410\u0443\u0442\u043e\u0440-Mvelam-\u0421\u043e\u043f\u0441\u0442\u0432\u0435\u043d\u043e-\u0434\u0435\u043b\u043e-CC-BY-SA-3.0-e1670696476719.jpg\" \/>\n\t<meta property=\"og:image:width\" content=\"1280\" \/>\n\t<meta property=\"og:image:height\" content=\"809\" \/>\n\t<meta property=\"og:image:type\" content=\"image\/jpeg\" \/>\n<meta name=\"twitter:card\" content=\"summary_large_image\" \/>\n<meta name=\"twitter:site\" content=\"@Prevozputnika1\" \/>\n<meta name=\"twitter:label1\" content=\"Estimated reading time\" \/>\n\t<meta name=\"twitter:data1\" content=\"4 minutes\" \/>\n<script type=\"application\/ld+json\" class=\"yoast-schema-graph\">{\"@context\":\"https:\/\/schema.org\",\"@graph\":[{\"@type\":\"WebPage\",\"@id\":\"https:\/\/flix.rs\/prevoz-aerodrom-nis-zajecar-prevoz-nis-aerodrom-krajova\/\",\"url\":\"https:\/\/flix.rs\/prevoz-aerodrom-nis-zajecar-prevoz-nis-aerodrom-krajova\/\",\"name\":\"Transfer Nis Airport Craiova\",\"isPartOf\":{\"@id\":\"https:\/\/flix.rs\/#website\"},\"primaryImageOfPage\":{\"@id\":\"https:\/\/flix.rs\/prevoz-aerodrom-nis-zajecar-prevoz-nis-aerodrom-krajova\/#primaryimage\"},\"image\":{\"@id\":\"https:\/\/flix.rs\/prevoz-aerodrom-nis-zajecar-prevoz-nis-aerodrom-krajova\/#primaryimage\"},\"thumbnailUrl\":\"https:\/\/flix.rs\/wp-content\/uploads\/2022\/12\/Craiov-Centrul-\u0410\u0443\u0442\u043e\u0440-Mvelam-\u0421\u043e\u043f\u0441\u0442\u0432\u0435\u043d\u043e-\u0434\u0435\u043b\u043e-CC-BY-SA-3.0-e1670696476719.jpg\",\"datePublished\":\"2022-12-10T18:26:45+00:00\",\"description\":\"We provide private transfer from Nis to Craiova Airport. Possible transfer to Zajecar and Vidin. Reliable, comfortable +381 63 456 515\",\"breadcrumb\":{\"@id\":\"https:\/\/flix.rs\/prevoz-aerodrom-nis-zajecar-prevoz-nis-aerodrom-krajova\/#breadcrumb\"},\"inLanguage\":\"en-GB\",\"potentialAction\":[{\"@type\":\"ReadAction\",\"target\":[\"https:\/\/flix.rs\/prevoz-aerodrom-nis-zajecar-prevoz-nis-aerodrom-krajova\/\"]}]},{\"@type\":\"ImageObject\",\"inLanguage\":\"en-GB\",\"@id\":\"https:\/\/flix.rs\/prevoz-aerodrom-nis-zajecar-prevoz-nis-aerodrom-krajova\/#primaryimage\",\"url\":\"https:\/\/flix.rs\/wp-content\/uploads\/2022\/12\/Craiov-Centrul-\u0410\u0443\u0442\u043e\u0440-Mvelam-\u0421\u043e\u043f\u0441\u0442\u0432\u0435\u043d\u043e-\u0434\u0435\u043b\u043e-CC-BY-SA-3.0-e1670696476719.jpg\",\"contentUrl\":\"https:\/\/flix.rs\/wp-content\/uploads\/2022\/12\/Craiov-Centrul-\u0410\u0443\u0442\u043e\u0440-Mvelam-\u0421\u043e\u043f\u0441\u0442\u0432\u0435\u043d\u043e-\u0434\u0435\u043b\u043e-CC-BY-SA-3.0-e1670696476719.jpg\",\"width\":1280,\"height\":809,\"caption\":\"Transfer Nis Craiova Airport\"},{\"@type\":\"BreadcrumbList\",\"@id\":\"https:\/\/flix.rs\/prevoz-aerodrom-nis-zajecar-prevoz-nis-aerodrom-krajova\/#breadcrumb\",\"itemListElement\":[{\"@type\":\"ListItem\",\"position\":1,\"name\":\"Home\",\"item\":\"https:\/\/flix.rs\/\"},{\"@type\":\"ListItem\",\"position\":2,\"name\":\"Prevoz: Aerodrom Nis &#8211; Zajecar | Prevoz: Nis &#8211; Aerodrom Krajova\"}]},{\"@type\":\"WebSite\",\"@id\":\"https:\/\/flix.rs\/#website\",\"url\":\"https:\/\/flix.rs\/\",\"name\":\"Flix.rs\",\"description\":\"Va\u0161 prevoz do i sa aerodroma\",\"publisher\":{\"@id\":\"https:\/\/flix.rs\/#organization\"},\"potentialAction\":[{\"@type\":\"SearchAction\",\"target\":{\"@type\":\"EntryPoint\",\"urlTemplate\":\"https:\/\/flix.rs\/?s={search_term_string}\"},\"query-input\":{\"@type\":\"PropertyValueSpecification\",\"valueRequired\":true,\"valueName\":\"search_term_string\"}}],\"inLanguage\":\"en-GB\"},{\"@type\":\"Organization\",\"@id\":\"https:\/\/flix.rs\/#organization\",\"name\":\"Flix\",\"url\":\"https:\/\/flix.rs\/\",\"logo\":{\"@type\":\"ImageObject\",\"inLanguage\":\"en-GB\",\"@id\":\"https:\/\/flix.rs\/#\/schema\/logo\/image\/\",\"url\":\"https:\/\/flix.rs\/wp-content\/uploads\/2019\/12\/80805004_454427318816809_4019161238033399808_n.png\",\"contentUrl\":\"https:\/\/flix.rs\/wp-content\/uploads\/2019\/12\/80805004_454427318816809_4019161238033399808_n.png\",\"width\":120,\"height\":54,\"caption\":\"Flix\"},\"image\":{\"@id\":\"https:\/\/flix.rs\/#\/schema\/logo\/image\/\"},\"sameAs\":[\"https:\/\/www.facebook.com\/prevoz.putnika.nis\",\"https:\/\/x.com\/Prevozputnika1\"]}]}<\/script>\n<!-- \/ Yoast SEO plugin. -->","yoast_head_json":{"title":"Transfer Nis Airport Craiova","description":"We provide private transfer from Nis to Craiova Airport. Possible transfer to Zajecar and Vidin. Reliable, comfortable +381 63 456 515","robots":{"index":"index","follow":"follow","max-snippet":"max-snippet:-1","max-image-preview":"max-image-preview:large","max-video-preview":"max-video-preview:-1"},"canonical":"https:\/\/flix.rs\/en\/prevoz-aerodrom-nis-zajecar-prevoz-nis-aerodrom-krajova\/","og_locale":"en_GB","og_type":"article","og_title":"Transfer Nis Airport Craiova","og_description":"We provide private transfer from Nis to Craiova Airport. Possible transfer to Zajecar and Vidin. Reliable, comfortable +381 63 456 515","og_url":"https:\/\/flix.rs\/en\/prevoz-aerodrom-nis-zajecar-prevoz-nis-aerodrom-krajova\/","og_site_name":"Flix.rs","article_publisher":"https:\/\/www.facebook.com\/prevoz.putnika.nis","og_image":[{"width":1280,"height":809,"url":"https:\/\/flix.rs\/wp-content\/uploads\/2022\/12\/Craiov-Centrul-\u0410\u0443\u0442\u043e\u0440-Mvelam-\u0421\u043e\u043f\u0441\u0442\u0432\u0435\u043d\u043e-\u0434\u0435\u043b\u043e-CC-BY-SA-3.0-e1670696476719.jpg","type":"image\/jpeg"}],"twitter_card":"summary_large_image","twitter_site":"@Prevozputnika1","twitter_misc":{"Estimated reading time":"4 minutes"},"schema":{"@context":"https:\/\/schema.org","@graph":[{"@type":"WebPage","@id":"https:\/\/flix.rs\/prevoz-aerodrom-nis-zajecar-prevoz-nis-aerodrom-krajova\/","url":"https:\/\/flix.rs\/prevoz-aerodrom-nis-zajecar-prevoz-nis-aerodrom-krajova\/","name":"Transfer Nis Airport Craiova","isPartOf":{"@id":"https:\/\/flix.rs\/#website"},"primaryImageOfPage":{"@id":"https:\/\/flix.rs\/prevoz-aerodrom-nis-zajecar-prevoz-nis-aerodrom-krajova\/#primaryimage"},"image":{"@id":"https:\/\/flix.rs\/prevoz-aerodrom-nis-zajecar-prevoz-nis-aerodrom-krajova\/#primaryimage"},"thumbnailUrl":"https:\/\/flix.rs\/wp-content\/uploads\/2022\/12\/Craiov-Centrul-\u0410\u0443\u0442\u043e\u0440-Mvelam-\u0421\u043e\u043f\u0441\u0442\u0432\u0435\u043d\u043e-\u0434\u0435\u043b\u043e-CC-BY-SA-3.0-e1670696476719.jpg","datePublished":"2022-12-10T18:26:45+00:00","description":"We provide private transfer from Nis to Craiova Airport. Possible transfer to Zajecar and Vidin. Reliable, comfortable +381 63 456 515","breadcrumb":{"@id":"https:\/\/flix.rs\/prevoz-aerodrom-nis-zajecar-prevoz-nis-aerodrom-krajova\/#breadcrumb"},"inLanguage":"en-GB","potentialAction":[{"@type":"ReadAction","target":["https:\/\/flix.rs\/prevoz-aerodrom-nis-zajecar-prevoz-nis-aerodrom-krajova\/"]}]},{"@type":"ImageObject","inLanguage":"en-GB","@id":"https:\/\/flix.rs\/prevoz-aerodrom-nis-zajecar-prevoz-nis-aerodrom-krajova\/#primaryimage","url":"https:\/\/flix.rs\/wp-content\/uploads\/2022\/12\/Craiov-Centrul-\u0410\u0443\u0442\u043e\u0440-Mvelam-\u0421\u043e\u043f\u0441\u0442\u0432\u0435\u043d\u043e-\u0434\u0435\u043b\u043e-CC-BY-SA-3.0-e1670696476719.jpg","contentUrl":"https:\/\/flix.rs\/wp-content\/uploads\/2022\/12\/Craiov-Centrul-\u0410\u0443\u0442\u043e\u0440-Mvelam-\u0421\u043e\u043f\u0441\u0442\u0432\u0435\u043d\u043e-\u0434\u0435\u043b\u043e-CC-BY-SA-3.0-e1670696476719.jpg","width":1280,"height":809,"caption":"Transfer Nis Craiova Airport"},{"@type":"BreadcrumbList","@id":"https:\/\/flix.rs\/prevoz-aerodrom-nis-zajecar-prevoz-nis-aerodrom-krajova\/#breadcrumb","itemListElement":[{"@type":"ListItem","position":1,"name":"Home","item":"https:\/\/flix.rs\/"},{"@type":"ListItem","position":2,"name":"Prevoz: Aerodrom Nis &#8211; Zajecar | Prevoz: Nis &#8211; Aerodrom Krajova"}]},{"@type":"WebSite","@id":"https:\/\/flix.rs\/#website","url":"https:\/\/flix.rs\/","name":"Flix.rs","description":"Va\u0161 prevoz do i sa aerodroma","publisher":{"@id":"https:\/\/flix.rs\/#organization"},"potentialAction":[{"@type":"SearchAction","target":{"@type":"EntryPoint","urlTemplate":"https:\/\/flix.rs\/?s={search_term_string}"},"query-input":{"@type":"PropertyValueSpecification","valueRequired":true,"valueName":"search_term_string"}}],"inLanguage":"en-GB"},{"@type":"Organization","@id":"https:\/\/flix.rs\/#organization","name":"Flix","url":"https:\/\/flix.rs\/","logo":{"@type":"ImageObject","inLanguage":"en-GB","@id":"https:\/\/flix.rs\/#\/schema\/logo\/image\/","url":"https:\/\/flix.rs\/wp-content\/uploads\/2019\/12\/80805004_454427318816809_4019161238033399808_n.png","contentUrl":"https:\/\/flix.rs\/wp-content\/uploads\/2019\/12\/80805004_454427318816809_4019161238033399808_n.png","width":120,"height":54,"caption":"Flix"},"image":{"@id":"https:\/\/flix.rs\/#\/schema\/logo\/image\/"},"sameAs":["https:\/\/www.facebook.com\/prevoz.putnika.nis","https:\/\/x.com\/Prevozputnika1"]}]}},"_links":{"self":[{"href":"https:\/\/flix.rs\/en\/wp-json\/wp\/v2\/pages\/13522"}],"collection":[{"href":"https:\/\/flix.rs\/en\/wp-json\/wp\/v2\/pages"}],"about":[{"href":"https:\/\/flix.rs\/en\/wp-json\/wp\/v2\/types\/page"}],"author":[{"embeddable":true,"href":"https:\/\/flix.rs\/en\/wp-json\/wp\/v2\/users\/3"}],"replies":[{"embeddable":true,"href":"https:\/\/flix.rs\/en\/wp-json\/wp\/v2\/comments?post=13522"}],"version-history":[{"count":1,"href":"https:\/\/flix.rs\/en\/wp-json\/wp\/v2\/pages\/13522\/revisions"}],"predecessor-version":[{"id":13525,"href":"https:\/\/flix.rs\/en\/wp-json\/wp\/v2\/pages\/13522\/revisions\/13525"}],"wp:featuredmedia":[{"embeddable":true,"href":"https:\/\/flix.rs\/en\/wp-json\/wp\/v2\/media\/13524"}],"wp:attachment":[{"href":"https:\/\/flix.rs\/en\/wp-json\/wp\/v2\/media?parent=13522"}],"curies":[{"name":"wp","href":"https:\/\/api.w.org\/{rel}","templated":true}]}}