{"id":13518,"date":"2022-12-04T13:27:54","date_gmt":"2022-12-04T12:27:54","guid":{"rendered":"https:\/\/flix.rs\/?page_id=13518"},"modified":"2023-04-10T19:35:51","modified_gmt":"2023-04-10T18:35:51","slug":"prevoz-aerodrom-nis-zlatibor-prevoz-zlatibor-aerodrom-nis","status":"publish","type":"page","link":"https:\/\/flix.rs\/en\/transfer-nis-airport-zlatibor-transfer-zlatibor-nis-airport\/","title":{"rendered":"Transfer: Nis Airport &#8211; Zlatibor  | Transfer: Zlatibor  &#8211; Nis Airport"},"content":{"rendered":"<div  class=\"wpb_row vc_row-fluid content-wrapper content-wrapper-standard clearfix\" style=\"padding-left: 0px; padding-right: 0px; \"><div class=\"col span_12\"><div class=\"wpb_column vc_column_container vc_col-sm-12\"><div class=\"vc_column-inner\"><div class=\"wpb_wrapper\">\n\t<div class=\"wpb_text_column wpb_content_element\" >\n\t\t<div class=\"wpb_wrapper\">\n\t\t\t<p><\/p>\n\n\t\t<\/div>\n\t<\/div>\n<\/div><\/div><\/div><\/div><\/div><div  class=\"wpb_row vc_row-fluid content-wrapper content-wrapper-standard clearfix\" style=\"padding-left: 0px; padding-right: 0px; \"><div class=\"col span_12\"><div class=\"wpb_column vc_column_container vc_col-sm-12\"><div class=\"vc_column-inner\"><div class=\"wpb_wrapper\">\n\t<div class=\"wpb_text_column wpb_content_element\" >\n\t\t<div class=\"wpb_wrapper\">\n\t\t\t<h3>Transfer : Nis Airport &#8211; Zlatibor<\/h3>\n<h3>Transfer : Zlatibor &#8211; Nis Airport<\/h3>\n\n\t\t<\/div>\n\t<\/div>\n<\/div><\/div><\/div><\/div><\/div><div  class=\"wpb_row vc_row-fluid content-wrapper content-wrapper-standard clearfix\" style=\"padding-left: 0px; padding-right: 0px; \"><div class=\"col span_12\"><div class=\"wpb_column vc_column_container vc_col-sm-12\"><div class=\"vc_column-inner\"><div class=\"wpb_wrapper\"><h3 class=\"center-title\"><\/h3><div class=\"title-block2\"><\/div><\/div><\/div><\/div><\/div><\/div><div  class=\"wpb_row vc_row-fluid content-wrapper content-wrapper-standard clearfix\" style=\"padding-left: 0px; padding-right: 0px; \"><div class=\"col span_12\"><div class=\"wpb_column vc_column_container vc_col-sm-12\"><div class=\"vc_column-inner\"><div class=\"wpb_wrapper\">\n\t<div  class=\"wpb_single_image wpb_content_element vc_align_left\">\n\t\t\n\t\t<figure class=\"wpb_wrapper vc_figure\">\n\t\t\t<div class=\"vc_single_image-wrapper   vc_box_border_grey\"><img loading=\"lazy\" decoding=\"async\" class=\"vc_single_image-img\" src=\"https:\/\/flix.rs\/wp-content\/uploads\/2022\/12\/-Petkovic-Boris-\u0421\u043e\u043f\u0441\u0442\u0432\u0435\u043d\u043e-\u0434\u0435\u043b\u043e-CC-BY-SA-4.0-scaled-e1670155061679.jpg\" width=\"1280\" height=\"849\" alt=\"Prevoz Nis Zlatibor\" title=\"\u0410\u0443\u0442\u043e\u0440 Petkovic Boris - \u0421\u043e\u043f\u0441\u0442\u0432\u0435\u043d\u043e \u0434\u0435\u043b\u043e, CC BY-SA 4.0\" \/><\/div>\n\t\t<\/figure>\n\t<\/div>\n<\/div><\/div><\/div><\/div><\/div><div  class=\"wpb_row vc_row-fluid content-wrapper content-wrapper-standard clearfix\" style=\"padding-left: 0px; padding-right: 0px; \"><div class=\"col span_12\"><div class=\"wpb_column vc_column_container vc_col-sm-12\"><div class=\"vc_column-inner\"><div class=\"wpb_wrapper\">\n\t<div class=\"wpb_text_column wpb_content_element\" >\n\t\t<div class=\"wpb_wrapper\">\n\t\t\t<p><a href=\"https:\/\/flix.rs\/en\/airport-nis-shuttle-transfer\/\">Transfer Nis Airport &#8211; Zlatibor<\/a>, <a href=\"https:\/\/flix.rs\/en\/airport-belgrade-shuttle-transfer\/\">Transfer\u00a0 Zlatibor &#8211; Nis Airport<\/a>. We also provide <strong>transfer Nis-Uzice<\/strong> and transfers to other destinations in <strong>Serbia<\/strong> and abroad.<\/p>\n<p>Possible transfers to the cities of <strong>Kru\u0161evac<\/strong>, Trstenik, <strong>Kragujevac<\/strong>, <strong>Vrnja\u010dka Banja<\/strong>, <strong>\u010ca\u010dak<\/strong>, Po\u017eega, <strong>U\u017eice<\/strong>, Arilje&#8230;<\/p>\n<p>Number for info and booking <a href=\"tel:+38163456515\">+381 63 456 515<\/a><\/p>\n<p>Online booking\u00a0 <a href=\"https:\/\/flix.rs\/en\/booking\/\">https:\/\/flix.rs\/en\/booking\/<\/a><\/p>\n<p><strong>Travel<\/strong><\/p>\n<p>After leaving the airport in Nis, we take the <strong>Nis-Belgrade highway<\/strong>, along the <em>E-75 corridor<\/em>. After an easy drive of less than an hour and a half, we exit the highway at the <strong>Bato\u010dina<\/strong> exit and continue towards <strong>Kragujevac<\/strong>, which we arrive in twenty minutes after the exit. The road takes us through the city itself. We continue further, cross Gru\u017eansko Lake and continue towards Mr\u010dajevci and \u010ca\u010dak. We always like to stop in Mr\u010dajevci for a break and, if desired, stop by and eat one of the best roasts you&#8217;ve ever tasted in your life.<\/p>\n<p><strong>Where we pass next<\/strong><\/p>\n<p>We go around \u010ca\u010dak and continue towards the Ov\u010darsko-Kablarska Gorge, in the area known as the Serbian Holy Mountain, where there are a large number of monasteries. This attractive section leads us to Po\u017eega and the turns to Arilje and Ivanjica. We continue further towards <strong>U\u017eice<\/strong>. We pass through Kosjeri\u0107 and soon we are in U\u017eice.<\/p>\n<p>From this beautiful town begins a gentle climb towards <strong>Zlatibor<\/strong>. We pass through the village of Ma\u010dkat, known for a large number of households that sell home-made meat and milk products. The flavors are amazing. We arrive at the area of the municipality of <strong>\u010cajetina<\/strong>, which is also the administrative center of this mountainous part of Serbia.<\/p>\n<p><strong>Zlatibor<\/strong><\/p>\n<p>Zlatibor, one of the most important tourist centers in Serbia, is a frequent choice for vacation both in the winter and summer months. The tourist center is a nature park, with an average altitude of about 950 meters. It abounds with a large offer of accommodation. A huge number of hotels and private accommodation guarantee that you will find accommodation that suits you.<\/p>\n<p><strong>Tornik<\/strong> &#8211; a ski center for winter sports fans who are not looking for adrenaline. It is the choice of a large number of tourists who are fans of nature walks. The main attraction is the newly built largest panoramic gondola in the world.<\/p>\n<p>Among the tourist attractions, Stopi\u0107a Cave, Etno Village Sirogojno, Adventure Park, Waterfall in Gostilje, etc. are worth mentioning.<\/p>\n<p>A large number of <a href=\"https:\/\/european-union.europa.eu\/\">EU citizens<\/a> who visit Serbia often come to rest and relax on the Zlatibor mountain.<\/p>\n\n\t\t<\/div>\n\t<\/div>\n<\/div><\/div><\/div><\/div><\/div>","protected":false},"excerpt":{"rendered":"[:sr] Prevoz: Aerodrom Nis - Zlatibor Prevoz: Zlatibor - Aerodrom Nis Prevoz\u00a0 Aerodrom Nis - Zlatibor, Prevoz Zlatibor - Aerodrom Nis. Tako\u0111e vr\u0161imo prevoz Ni\u0161 - U\u017eice kao i transfere do drugih destinacija u Srbiji i inostranstvu. Mogu\u0107 \u00a0prevoz do gradova Kru\u0161evac, Trstenik, Kragujevac, Vrnja\u010dka Banja, \u010ca\u010dak, Po\u017eega, U\u017eice, Arilje \u2026 Broj za informacije i","protected":false},"author":3,"featured_media":13519,"parent":0,"menu_order":0,"comment_status":"closed","ping_status":"closed","template":"","meta":{"footnotes":""},"yoast_head":"<!-- This site is optimized with the Yoast SEO plugin v24.5 - https:\/\/yoast.com\/wordpress\/plugins\/seo\/ -->\n<title>Prevoz Aerodrom Nis Zlatibor<\/title>\n<meta name=\"description\" content=\"Prevoz od Aerodroma Nis do Zlatibora i nazad. Udobno, povoljno, sigurno. +381 63 456 515\" \/>\n<meta name=\"robots\" content=\"index, follow, max-snippet:-1, max-image-preview:large, max-video-preview:-1\" \/>\n<link rel=\"canonical\" href=\"https:\/\/flix.rs\/en\/prevoz-aerodrom-nis-zlatibor-prevoz-zlatibor-aerodrom-nis\/\" \/>\n<meta property=\"og:locale\" content=\"en_GB\" \/>\n<meta property=\"og:type\" content=\"article\" \/>\n<meta property=\"og:title\" content=\"Prevoz Aerodrom Nis Zlatibor\" \/>\n<meta property=\"og:description\" content=\"Prevoz od Aerodroma Nis do Zlatibora i nazad. Udobno, povoljno, sigurno. +381 63 456 515\" \/>\n<meta property=\"og:url\" content=\"https:\/\/flix.rs\/en\/prevoz-aerodrom-nis-zlatibor-prevoz-zlatibor-aerodrom-nis\/\" \/>\n<meta property=\"og:site_name\" content=\"Flix.rs\" \/>\n<meta property=\"article:publisher\" content=\"https:\/\/www.facebook.com\/prevoz.putnika.nis\" \/>\n<meta property=\"article:modified_time\" content=\"2023-04-10T18:35:51+00:00\" \/>\n<meta property=\"og:image\" content=\"https:\/\/flix.rs\/wp-content\/uploads\/2022\/12\/-Petkovic-Boris-\u0421\u043e\u043f\u0441\u0442\u0432\u0435\u043d\u043e-\u0434\u0435\u043b\u043e-CC-BY-SA-4.0-scaled-e1670155061679.jpg\" \/>\n\t<meta property=\"og:image:width\" content=\"1280\" \/>\n\t<meta property=\"og:image:height\" content=\"849\" \/>\n\t<meta property=\"og:image:type\" content=\"image\/jpeg\" \/>\n<meta name=\"twitter:card\" content=\"summary_large_image\" \/>\n<meta name=\"twitter:site\" content=\"@Prevozputnika1\" \/>\n<meta name=\"twitter:label1\" content=\"Estimated reading time\" \/>\n\t<meta name=\"twitter:data1\" content=\"5 minutes\" \/>\n<script type=\"application\/ld+json\" class=\"yoast-schema-graph\">{\"@context\":\"https:\/\/schema.org\",\"@graph\":[{\"@type\":\"WebPage\",\"@id\":\"https:\/\/flix.rs\/prevoz-aerodrom-nis-zlatibor-prevoz-zlatibor-aerodrom-nis\/\",\"url\":\"https:\/\/flix.rs\/prevoz-aerodrom-nis-zlatibor-prevoz-zlatibor-aerodrom-nis\/\",\"name\":\"Prevoz Aerodrom Nis Zlatibor\",\"isPartOf\":{\"@id\":\"https:\/\/flix.rs\/#website\"},\"primaryImageOfPage\":{\"@id\":\"https:\/\/flix.rs\/prevoz-aerodrom-nis-zlatibor-prevoz-zlatibor-aerodrom-nis\/#primaryimage\"},\"image\":{\"@id\":\"https:\/\/flix.rs\/prevoz-aerodrom-nis-zlatibor-prevoz-zlatibor-aerodrom-nis\/#primaryimage\"},\"thumbnailUrl\":\"https:\/\/flix.rs\/wp-content\/uploads\/2022\/12\/-Petkovic-Boris-\u0421\u043e\u043f\u0441\u0442\u0432\u0435\u043d\u043e-\u0434\u0435\u043b\u043e-CC-BY-SA-4.0-scaled-e1670155061679.jpg\",\"datePublished\":\"2022-12-04T12:27:54+00:00\",\"dateModified\":\"2023-04-10T18:35:51+00:00\",\"description\":\"Prevoz od Aerodroma Nis do Zlatibora i nazad. Udobno, povoljno, sigurno. +381 63 456 515\",\"breadcrumb\":{\"@id\":\"https:\/\/flix.rs\/prevoz-aerodrom-nis-zlatibor-prevoz-zlatibor-aerodrom-nis\/#breadcrumb\"},\"inLanguage\":\"en-GB\",\"potentialAction\":[{\"@type\":\"ReadAction\",\"target\":[\"https:\/\/flix.rs\/prevoz-aerodrom-nis-zlatibor-prevoz-zlatibor-aerodrom-nis\/\"]}]},{\"@type\":\"ImageObject\",\"inLanguage\":\"en-GB\",\"@id\":\"https:\/\/flix.rs\/prevoz-aerodrom-nis-zlatibor-prevoz-zlatibor-aerodrom-nis\/#primaryimage\",\"url\":\"https:\/\/flix.rs\/wp-content\/uploads\/2022\/12\/-Petkovic-Boris-\u0421\u043e\u043f\u0441\u0442\u0432\u0435\u043d\u043e-\u0434\u0435\u043b\u043e-CC-BY-SA-4.0-scaled-e1670155061679.jpg\",\"contentUrl\":\"https:\/\/flix.rs\/wp-content\/uploads\/2022\/12\/-Petkovic-Boris-\u0421\u043e\u043f\u0441\u0442\u0432\u0435\u043d\u043e-\u0434\u0435\u043b\u043e-CC-BY-SA-4.0-scaled-e1670155061679.jpg\",\"width\":1280,\"height\":849,\"caption\":\"Prevoz Nis Zlatibor\"},{\"@type\":\"BreadcrumbList\",\"@id\":\"https:\/\/flix.rs\/prevoz-aerodrom-nis-zlatibor-prevoz-zlatibor-aerodrom-nis\/#breadcrumb\",\"itemListElement\":[{\"@type\":\"ListItem\",\"position\":1,\"name\":\"Home\",\"item\":\"https:\/\/flix.rs\/\"},{\"@type\":\"ListItem\",\"position\":2,\"name\":\"Prevoz: Aerodrom Nis &#8211; Zlatibor | Prevoz: Zlatibor &#8211; Aerodrom Nis\"}]},{\"@type\":\"WebSite\",\"@id\":\"https:\/\/flix.rs\/#website\",\"url\":\"https:\/\/flix.rs\/\",\"name\":\"Flix.rs\",\"description\":\"Va\u0161 prevoz do i sa aerodroma\",\"publisher\":{\"@id\":\"https:\/\/flix.rs\/#organization\"},\"potentialAction\":[{\"@type\":\"SearchAction\",\"target\":{\"@type\":\"EntryPoint\",\"urlTemplate\":\"https:\/\/flix.rs\/?s={search_term_string}\"},\"query-input\":{\"@type\":\"PropertyValueSpecification\",\"valueRequired\":true,\"valueName\":\"search_term_string\"}}],\"inLanguage\":\"en-GB\"},{\"@type\":\"Organization\",\"@id\":\"https:\/\/flix.rs\/#organization\",\"name\":\"Flix\",\"url\":\"https:\/\/flix.rs\/\",\"logo\":{\"@type\":\"ImageObject\",\"inLanguage\":\"en-GB\",\"@id\":\"https:\/\/flix.rs\/#\/schema\/logo\/image\/\",\"url\":\"https:\/\/flix.rs\/wp-content\/uploads\/2019\/12\/80805004_454427318816809_4019161238033399808_n.png\",\"contentUrl\":\"https:\/\/flix.rs\/wp-content\/uploads\/2019\/12\/80805004_454427318816809_4019161238033399808_n.png\",\"width\":120,\"height\":54,\"caption\":\"Flix\"},\"image\":{\"@id\":\"https:\/\/flix.rs\/#\/schema\/logo\/image\/\"},\"sameAs\":[\"https:\/\/www.facebook.com\/prevoz.putnika.nis\",\"https:\/\/x.com\/Prevozputnika1\"]}]}<\/script>\n<!-- \/ Yoast SEO plugin. -->","yoast_head_json":{"title":"Prevoz Aerodrom Nis Zlatibor","description":"Prevoz od Aerodroma Nis do Zlatibora i nazad. Udobno, povoljno, sigurno. +381 63 456 515","robots":{"index":"index","follow":"follow","max-snippet":"max-snippet:-1","max-image-preview":"max-image-preview:large","max-video-preview":"max-video-preview:-1"},"canonical":"https:\/\/flix.rs\/en\/prevoz-aerodrom-nis-zlatibor-prevoz-zlatibor-aerodrom-nis\/","og_locale":"en_GB","og_type":"article","og_title":"Prevoz Aerodrom Nis Zlatibor","og_description":"Prevoz od Aerodroma Nis do Zlatibora i nazad. Udobno, povoljno, sigurno. +381 63 456 515","og_url":"https:\/\/flix.rs\/en\/prevoz-aerodrom-nis-zlatibor-prevoz-zlatibor-aerodrom-nis\/","og_site_name":"Flix.rs","article_publisher":"https:\/\/www.facebook.com\/prevoz.putnika.nis","article_modified_time":"2023-04-10T18:35:51+00:00","og_image":[{"width":1280,"height":849,"url":"https:\/\/flix.rs\/wp-content\/uploads\/2022\/12\/-Petkovic-Boris-\u0421\u043e\u043f\u0441\u0442\u0432\u0435\u043d\u043e-\u0434\u0435\u043b\u043e-CC-BY-SA-4.0-scaled-e1670155061679.jpg","type":"image\/jpeg"}],"twitter_card":"summary_large_image","twitter_site":"@Prevozputnika1","twitter_misc":{"Estimated reading time":"5 minutes"},"schema":{"@context":"https:\/\/schema.org","@graph":[{"@type":"WebPage","@id":"https:\/\/flix.rs\/prevoz-aerodrom-nis-zlatibor-prevoz-zlatibor-aerodrom-nis\/","url":"https:\/\/flix.rs\/prevoz-aerodrom-nis-zlatibor-prevoz-zlatibor-aerodrom-nis\/","name":"Prevoz Aerodrom Nis Zlatibor","isPartOf":{"@id":"https:\/\/flix.rs\/#website"},"primaryImageOfPage":{"@id":"https:\/\/flix.rs\/prevoz-aerodrom-nis-zlatibor-prevoz-zlatibor-aerodrom-nis\/#primaryimage"},"image":{"@id":"https:\/\/flix.rs\/prevoz-aerodrom-nis-zlatibor-prevoz-zlatibor-aerodrom-nis\/#primaryimage"},"thumbnailUrl":"https:\/\/flix.rs\/wp-content\/uploads\/2022\/12\/-Petkovic-Boris-\u0421\u043e\u043f\u0441\u0442\u0432\u0435\u043d\u043e-\u0434\u0435\u043b\u043e-CC-BY-SA-4.0-scaled-e1670155061679.jpg","datePublished":"2022-12-04T12:27:54+00:00","dateModified":"2023-04-10T18:35:51+00:00","description":"Prevoz od Aerodroma Nis do Zlatibora i nazad. Udobno, povoljno, sigurno. +381 63 456 515","breadcrumb":{"@id":"https:\/\/flix.rs\/prevoz-aerodrom-nis-zlatibor-prevoz-zlatibor-aerodrom-nis\/#breadcrumb"},"inLanguage":"en-GB","potentialAction":[{"@type":"ReadAction","target":["https:\/\/flix.rs\/prevoz-aerodrom-nis-zlatibor-prevoz-zlatibor-aerodrom-nis\/"]}]},{"@type":"ImageObject","inLanguage":"en-GB","@id":"https:\/\/flix.rs\/prevoz-aerodrom-nis-zlatibor-prevoz-zlatibor-aerodrom-nis\/#primaryimage","url":"https:\/\/flix.rs\/wp-content\/uploads\/2022\/12\/-Petkovic-Boris-\u0421\u043e\u043f\u0441\u0442\u0432\u0435\u043d\u043e-\u0434\u0435\u043b\u043e-CC-BY-SA-4.0-scaled-e1670155061679.jpg","contentUrl":"https:\/\/flix.rs\/wp-content\/uploads\/2022\/12\/-Petkovic-Boris-\u0421\u043e\u043f\u0441\u0442\u0432\u0435\u043d\u043e-\u0434\u0435\u043b\u043e-CC-BY-SA-4.0-scaled-e1670155061679.jpg","width":1280,"height":849,"caption":"Prevoz Nis Zlatibor"},{"@type":"BreadcrumbList","@id":"https:\/\/flix.rs\/prevoz-aerodrom-nis-zlatibor-prevoz-zlatibor-aerodrom-nis\/#breadcrumb","itemListElement":[{"@type":"ListItem","position":1,"name":"Home","item":"https:\/\/flix.rs\/"},{"@type":"ListItem","position":2,"name":"Prevoz: Aerodrom Nis &#8211; Zlatibor | Prevoz: Zlatibor &#8211; Aerodrom Nis"}]},{"@type":"WebSite","@id":"https:\/\/flix.rs\/#website","url":"https:\/\/flix.rs\/","name":"Flix.rs","description":"Va\u0161 prevoz do i sa aerodroma","publisher":{"@id":"https:\/\/flix.rs\/#organization"},"potentialAction":[{"@type":"SearchAction","target":{"@type":"EntryPoint","urlTemplate":"https:\/\/flix.rs\/?s={search_term_string}"},"query-input":{"@type":"PropertyValueSpecification","valueRequired":true,"valueName":"search_term_string"}}],"inLanguage":"en-GB"},{"@type":"Organization","@id":"https:\/\/flix.rs\/#organization","name":"Flix","url":"https:\/\/flix.rs\/","logo":{"@type":"ImageObject","inLanguage":"en-GB","@id":"https:\/\/flix.rs\/#\/schema\/logo\/image\/","url":"https:\/\/flix.rs\/wp-content\/uploads\/2019\/12\/80805004_454427318816809_4019161238033399808_n.png","contentUrl":"https:\/\/flix.rs\/wp-content\/uploads\/2019\/12\/80805004_454427318816809_4019161238033399808_n.png","width":120,"height":54,"caption":"Flix"},"image":{"@id":"https:\/\/flix.rs\/#\/schema\/logo\/image\/"},"sameAs":["https:\/\/www.facebook.com\/prevoz.putnika.nis","https:\/\/x.com\/Prevozputnika1"]}]}},"_links":{"self":[{"href":"https:\/\/flix.rs\/en\/wp-json\/wp\/v2\/pages\/13518"}],"collection":[{"href":"https:\/\/flix.rs\/en\/wp-json\/wp\/v2\/pages"}],"about":[{"href":"https:\/\/flix.rs\/en\/wp-json\/wp\/v2\/types\/page"}],"author":[{"embeddable":true,"href":"https:\/\/flix.rs\/en\/wp-json\/wp\/v2\/users\/3"}],"replies":[{"embeddable":true,"href":"https:\/\/flix.rs\/en\/wp-json\/wp\/v2\/comments?post=13518"}],"version-history":[{"count":3,"href":"https:\/\/flix.rs\/en\/wp-json\/wp\/v2\/pages\/13518\/revisions"}],"predecessor-version":[{"id":13774,"href":"https:\/\/flix.rs\/en\/wp-json\/wp\/v2\/pages\/13518\/revisions\/13774"}],"wp:featuredmedia":[{"embeddable":true,"href":"https:\/\/flix.rs\/en\/wp-json\/wp\/v2\/media\/13519"}],"wp:attachment":[{"href":"https:\/\/flix.rs\/en\/wp-json\/wp\/v2\/media?parent=13518"}],"curies":[{"name":"wp","href":"https:\/\/api.w.org\/{rel}","templated":true}]}}