{"id":13500,"date":"2022-11-27T12:59:58","date_gmt":"2022-11-27T11:59:58","guid":{"rendered":"https:\/\/flix.rs\/?page_id=13500"},"modified":"2023-10-15T10:34:21","modified_gmt":"2023-10-15T09:34:21","slug":"prevoz-aerodrom-beograd-pristina-prevoz-aerodrom-pristina-nis","status":"publish","type":"page","link":"https:\/\/flix.rs\/en\/transfer-belgrade-airport-pristina-transfer-pristina-airport-nis\/","title":{"rendered":"Transfer: Belgrade Airport &#8211; Pristina  | Transfer: Pristina Airport &#8211; Nis"},"content":{"rendered":"<div  class=\"wpb_row vc_row-fluid content-wrapper content-wrapper-standard clearfix\" style=\"padding-left: 0px; padding-right: 0px; \"><div class=\"col span_12\"><div class=\"wpb_column vc_column_container vc_col-sm-12\"><div class=\"vc_column-inner\"><div class=\"wpb_wrapper\">\n\t<div class=\"wpb_text_column wpb_content_element\" >\n\t\t<div class=\"wpb_wrapper\">\n\t\t\t<p><\/p>\n\n\t\t<\/div>\n\t<\/div>\n<\/div><\/div><\/div><\/div><\/div><div  class=\"wpb_row vc_row-fluid content-wrapper content-wrapper-standard clearfix\" style=\"padding-left: 0px; padding-right: 0px; \"><div class=\"col span_12\"><div class=\"wpb_column vc_column_container vc_col-sm-12\"><div class=\"vc_column-inner\"><div class=\"wpb_wrapper\">\n\t<div class=\"wpb_text_column wpb_content_element\" >\n\t\t<div class=\"wpb_wrapper\">\n\t\t\t<h3>Transfer: Belgrade Airport &#8211; Pristina<\/h3>\n<h3>Transfer: Pristina Airport &#8211; Nis<\/h3>\n\n\t\t<\/div>\n\t<\/div>\n<\/div><\/div><\/div><\/div><\/div><div  class=\"wpb_row vc_row-fluid content-wrapper content-wrapper-standard clearfix\" style=\"padding-left: 0px; padding-right: 0px; \"><div class=\"col span_12\"><div class=\"wpb_column vc_column_container vc_col-sm-12\"><div class=\"vc_column-inner\"><div class=\"wpb_wrapper\"><h3 class=\"center-title\"><\/h3><div class=\"title-block2\"><\/div><\/div><\/div><\/div><\/div><\/div><div  class=\"wpb_row vc_row-fluid content-wrapper content-wrapper-standard clearfix\" style=\"padding-left: 0px; padding-right: 0px; \"><div class=\"col span_12\"><div class=\"wpb_column vc_column_container vc_col-sm-12\"><div class=\"vc_column-inner\"><div class=\"wpb_wrapper\">\n\t<div  class=\"wpb_single_image wpb_content_element vc_align_left\">\n\t\t\n\t\t<figure class=\"wpb_wrapper vc_figure\">\n\t\t\t<div class=\"vc_single_image-wrapper   vc_box_border_grey\"><img loading=\"lazy\" decoding=\"async\" class=\"vc_single_image-img\" src=\"https:\/\/flix.rs\/wp-content\/uploads\/2022\/11\/IMG_20190525_164437-scaled-1280x854.jpg\" width=\"1280\" height=\"854\" alt=\"Transfer Belgrade Pristina\" title=\"PHOTO | FLIX.RS\" \/><\/div>\n\t\t<\/figure>\n\t<\/div>\n<\/div><\/div><\/div><\/div><\/div><div  class=\"wpb_row vc_row-fluid content-wrapper content-wrapper-standard clearfix\" style=\"padding-left: 0px; padding-right: 0px; \"><div class=\"col span_12\"><div class=\"wpb_column vc_column_container vc_col-sm-12\"><div class=\"vc_column-inner\"><div class=\"wpb_wrapper\">\n\t<div class=\"wpb_text_column wpb_content_element\" >\n\t\t<div class=\"wpb_wrapper\">\n\t\t\t<p><a href=\"https:\/\/flix.rs\/en\/airport-belgrade-shuttle-transfer\/\">Transfer Belgrade Airport &#8211; Pristina<\/a>, <a href=\"https:\/\/flix.rs\/en\/airport-nis-shuttle-transfer\/\">Transfer Pristina Airport &#8211; Nis<\/a>. Also possible transfers to the <strong>Merdare<\/strong> crossing or any other destination.<br \/>\nWe provide <strong>transfers<\/strong> to and from <strong>Pristina airport<\/strong> to <strong>Ni\u0161<\/strong>, Kragujevac, Aleksinac, Kru\u0161evac, Lapovo, Velika Plana, Mihajlovec, Markovac, Mladenovac, Po\u017earevac, Smederevo, <strong>Belgrade<\/strong>, Novi Sad, Subotica and other cities in <strong>Serbia<\/strong> and abroad.<\/p>\n<p>Number for info and booking\u00a0<a href=\"tel:+38163456515\">+381 63 456 515<\/a><\/p>\n<p>Online booking\u00a0<a href=\"https:\/\/flix.rs\/en\/rezervacija\/\">https:\/\/flix.rs\/rezervacija\/\u00a0<\/a><\/p>\n<p><strong>Transfers<\/strong> can be scheduled in economy and business class, with vehicles registered for transportation of up to 3, up to 4, up to 6, up to 8 or more passengers.<br \/>\nThe largest number of inquiries when it comes to the <strong>airport in Pristina<\/strong> come related to the transfer from the <em>Serbian capital &#8211; Belgrade<\/em>.<\/p>\n<p><strong>Travel<\/strong><br \/>\nImmediately after leaving the <a href=\"https:\/\/www.beg.aero\/eng\">Nikola Tesla airport terminal in Belgrade<\/a>, we start along the E-75 corridor in the direction of <strong>Ni\u0161<\/strong>. It takes us 2.5 hours of comfortable driving to get to this city, under normal circumstances, without stopping on the road.<br \/>\nFrom <strong>Nis<\/strong> to the administrative crossing of <strong>Merdare<\/strong>, the trip is made on a regional road located on the route of the European corridor E-80. It takes less than 2 hours of driving. After entering <em>Kosovo and Metohija<\/em>, we are at the<strong> Adem Ja\u0161ari International Airport<\/strong> in 50 minutes.<br \/>\nDuring the summer months, along all highways in Serbia, there are big crowds as well as traffic jams, so it is necessary to take into account that additional time in order not to be late if you are going to the <strong>airport<\/strong>.<\/p>\n<p><strong>Pristina Airport<\/strong><br \/>\nIt is located 15 km from Pristina and has the status of an international airport. It can be reached via the main road E851. Companies that fly from this airport are Eurowings, EasyJet, Turkish Airlines, SwissAir, WizzAir, Anadolu Jet and others. It is possible to fly directly to Geneva, Oslo, Vienna, Zurich, Istanbul, Munich, Stockholm, etc.<br \/>\nThe record year for the number of passengers at this airport is 2019. When the services of this airport were used by almost 2.5 million passengers.<br \/>\nThe IATA code for this airport is PRN. The length of the runway is 3.000 meters, so all small and medium-sized aircraft can take off and land from this airport.<\/p>\n\n\t\t<\/div>\n\t<\/div>\n<\/div><\/div><\/div><\/div><\/div>","protected":false},"excerpt":{"rendered":"[:sr] Prevoz Aerodrom Beograd - Pristina Prevoz Aerodrom Pristina - Nis Prevoz Aerodrom Beograd \u00a0- Pri\u0161tina, Prevoz Aerodrom Pri\u0161tina - Ni\u0161. Mogu\u0107 prevoz i do prelaza Merdare ili bilo koje druge destinacije. Vr\u0161imo prevoz\u00a0 do i sa aerodroma Pri\u0161tina do Ni\u0161a, Kragujevca, Aleksinca, Kru\u0161evca, Lapova, Velike Plane, Mihajlovca, Markovca, Mladenovca, Po\u017earevca, Smedereva, Beograda, Novog Sada,","protected":false},"author":3,"featured_media":13501,"parent":0,"menu_order":0,"comment_status":"closed","ping_status":"closed","template":"","meta":{"footnotes":""},"yoast_head":"<!-- This site is optimized with the Yoast SEO plugin v24.5 - https:\/\/yoast.com\/wordpress\/plugins\/seo\/ -->\n<title>Transfer Nis to Pristina Airport<\/title>\n<meta name=\"description\" content=\"Transfer from Nis to Pristina Airport nd back. Reliable, comfortable and favorable. No cancelation +381 63 456 515\" \/>\n<meta name=\"robots\" content=\"index, follow, max-snippet:-1, max-image-preview:large, max-video-preview:-1\" \/>\n<link rel=\"canonical\" href=\"https:\/\/flix.rs\/en\/prevoz-aerodrom-beograd-pristina-prevoz-aerodrom-pristina-nis\/\" \/>\n<meta property=\"og:locale\" content=\"en_GB\" \/>\n<meta property=\"og:type\" content=\"article\" \/>\n<meta property=\"og:title\" content=\"Transfer Nis to Pristina Airport\" \/>\n<meta property=\"og:description\" content=\"Transfer from Nis to Pristina Airport nd back. Reliable, comfortable and favorable. No cancelation +381 63 456 515\" \/>\n<meta property=\"og:url\" content=\"https:\/\/flix.rs\/en\/prevoz-aerodrom-beograd-pristina-prevoz-aerodrom-pristina-nis\/\" \/>\n<meta property=\"og:site_name\" content=\"Flix.rs\" \/>\n<meta property=\"article:publisher\" content=\"https:\/\/www.facebook.com\/prevoz.putnika.nis\" \/>\n<meta property=\"article:modified_time\" content=\"2023-10-15T09:34:21+00:00\" \/>\n<meta property=\"og:image\" content=\"https:\/\/flix.rs\/wp-content\/uploads\/2022\/11\/IMG_6591-scaled-e1669548832715.jpg\" \/>\n\t<meta property=\"og:image:width\" content=\"1280\" \/>\n\t<meta property=\"og:image:height\" content=\"854\" \/>\n\t<meta property=\"og:image:type\" content=\"image\/jpeg\" \/>\n<meta name=\"twitter:card\" content=\"summary_large_image\" \/>\n<meta name=\"twitter:site\" content=\"@Prevozputnika1\" \/>\n<meta name=\"twitter:label1\" content=\"Estimated reading time\" \/>\n\t<meta name=\"twitter:data1\" content=\"4 minutes\" \/>\n<script type=\"application\/ld+json\" class=\"yoast-schema-graph\">{\"@context\":\"https:\/\/schema.org\",\"@graph\":[{\"@type\":\"WebPage\",\"@id\":\"https:\/\/flix.rs\/prevoz-aerodrom-beograd-pristina-prevoz-aerodrom-pristina-nis\/\",\"url\":\"https:\/\/flix.rs\/prevoz-aerodrom-beograd-pristina-prevoz-aerodrom-pristina-nis\/\",\"name\":\"Transfer Nis to Pristina Airport\",\"isPartOf\":{\"@id\":\"https:\/\/flix.rs\/#website\"},\"primaryImageOfPage\":{\"@id\":\"https:\/\/flix.rs\/prevoz-aerodrom-beograd-pristina-prevoz-aerodrom-pristina-nis\/#primaryimage\"},\"image\":{\"@id\":\"https:\/\/flix.rs\/prevoz-aerodrom-beograd-pristina-prevoz-aerodrom-pristina-nis\/#primaryimage\"},\"thumbnailUrl\":\"https:\/\/flix.rs\/wp-content\/uploads\/2022\/11\/IMG_6591-scaled-e1669548832715.jpg\",\"datePublished\":\"2022-11-27T11:59:58+00:00\",\"dateModified\":\"2023-10-15T09:34:21+00:00\",\"description\":\"Transfer from Nis to Pristina Airport nd back. Reliable, comfortable and favorable. No cancelation +381 63 456 515\",\"breadcrumb\":{\"@id\":\"https:\/\/flix.rs\/prevoz-aerodrom-beograd-pristina-prevoz-aerodrom-pristina-nis\/#breadcrumb\"},\"inLanguage\":\"en-GB\",\"potentialAction\":[{\"@type\":\"ReadAction\",\"target\":[\"https:\/\/flix.rs\/prevoz-aerodrom-beograd-pristina-prevoz-aerodrom-pristina-nis\/\"]}]},{\"@type\":\"ImageObject\",\"inLanguage\":\"en-GB\",\"@id\":\"https:\/\/flix.rs\/prevoz-aerodrom-beograd-pristina-prevoz-aerodrom-pristina-nis\/#primaryimage\",\"url\":\"https:\/\/flix.rs\/wp-content\/uploads\/2022\/11\/IMG_6591-scaled-e1669548832715.jpg\",\"contentUrl\":\"https:\/\/flix.rs\/wp-content\/uploads\/2022\/11\/IMG_6591-scaled-e1669548832715.jpg\",\"width\":1280,\"height\":854,\"caption\":\"Prevoz Beograd Pristina\"},{\"@type\":\"BreadcrumbList\",\"@id\":\"https:\/\/flix.rs\/prevoz-aerodrom-beograd-pristina-prevoz-aerodrom-pristina-nis\/#breadcrumb\",\"itemListElement\":[{\"@type\":\"ListItem\",\"position\":1,\"name\":\"Home\",\"item\":\"https:\/\/flix.rs\/\"},{\"@type\":\"ListItem\",\"position\":2,\"name\":\"Prevoz: Aerodrom Beograd &#8211; Pristina | Prevoz: Aerodrom Pristina &#8211; Nis\"}]},{\"@type\":\"WebSite\",\"@id\":\"https:\/\/flix.rs\/#website\",\"url\":\"https:\/\/flix.rs\/\",\"name\":\"Flix.rs\",\"description\":\"Va\u0161 prevoz do i sa aerodroma\",\"publisher\":{\"@id\":\"https:\/\/flix.rs\/#organization\"},\"potentialAction\":[{\"@type\":\"SearchAction\",\"target\":{\"@type\":\"EntryPoint\",\"urlTemplate\":\"https:\/\/flix.rs\/?s={search_term_string}\"},\"query-input\":{\"@type\":\"PropertyValueSpecification\",\"valueRequired\":true,\"valueName\":\"search_term_string\"}}],\"inLanguage\":\"en-GB\"},{\"@type\":\"Organization\",\"@id\":\"https:\/\/flix.rs\/#organization\",\"name\":\"Flix\",\"url\":\"https:\/\/flix.rs\/\",\"logo\":{\"@type\":\"ImageObject\",\"inLanguage\":\"en-GB\",\"@id\":\"https:\/\/flix.rs\/#\/schema\/logo\/image\/\",\"url\":\"https:\/\/flix.rs\/wp-content\/uploads\/2019\/12\/80805004_454427318816809_4019161238033399808_n.png\",\"contentUrl\":\"https:\/\/flix.rs\/wp-content\/uploads\/2019\/12\/80805004_454427318816809_4019161238033399808_n.png\",\"width\":120,\"height\":54,\"caption\":\"Flix\"},\"image\":{\"@id\":\"https:\/\/flix.rs\/#\/schema\/logo\/image\/\"},\"sameAs\":[\"https:\/\/www.facebook.com\/prevoz.putnika.nis\",\"https:\/\/x.com\/Prevozputnika1\"]}]}<\/script>\n<!-- \/ Yoast SEO plugin. -->","yoast_head_json":{"title":"Transfer Nis to Pristina Airport","description":"Transfer from Nis to Pristina Airport nd back. Reliable, comfortable and favorable. No cancelation +381 63 456 515","robots":{"index":"index","follow":"follow","max-snippet":"max-snippet:-1","max-image-preview":"max-image-preview:large","max-video-preview":"max-video-preview:-1"},"canonical":"https:\/\/flix.rs\/en\/prevoz-aerodrom-beograd-pristina-prevoz-aerodrom-pristina-nis\/","og_locale":"en_GB","og_type":"article","og_title":"Transfer Nis to Pristina Airport","og_description":"Transfer from Nis to Pristina Airport nd back. Reliable, comfortable and favorable. No cancelation +381 63 456 515","og_url":"https:\/\/flix.rs\/en\/prevoz-aerodrom-beograd-pristina-prevoz-aerodrom-pristina-nis\/","og_site_name":"Flix.rs","article_publisher":"https:\/\/www.facebook.com\/prevoz.putnika.nis","article_modified_time":"2023-10-15T09:34:21+00:00","og_image":[{"width":1280,"height":854,"url":"https:\/\/flix.rs\/wp-content\/uploads\/2022\/11\/IMG_6591-scaled-e1669548832715.jpg","type":"image\/jpeg"}],"twitter_card":"summary_large_image","twitter_site":"@Prevozputnika1","twitter_misc":{"Estimated reading time":"4 minutes"},"schema":{"@context":"https:\/\/schema.org","@graph":[{"@type":"WebPage","@id":"https:\/\/flix.rs\/prevoz-aerodrom-beograd-pristina-prevoz-aerodrom-pristina-nis\/","url":"https:\/\/flix.rs\/prevoz-aerodrom-beograd-pristina-prevoz-aerodrom-pristina-nis\/","name":"Transfer Nis to Pristina Airport","isPartOf":{"@id":"https:\/\/flix.rs\/#website"},"primaryImageOfPage":{"@id":"https:\/\/flix.rs\/prevoz-aerodrom-beograd-pristina-prevoz-aerodrom-pristina-nis\/#primaryimage"},"image":{"@id":"https:\/\/flix.rs\/prevoz-aerodrom-beograd-pristina-prevoz-aerodrom-pristina-nis\/#primaryimage"},"thumbnailUrl":"https:\/\/flix.rs\/wp-content\/uploads\/2022\/11\/IMG_6591-scaled-e1669548832715.jpg","datePublished":"2022-11-27T11:59:58+00:00","dateModified":"2023-10-15T09:34:21+00:00","description":"Transfer from Nis to Pristina Airport nd back. Reliable, comfortable and favorable. No cancelation +381 63 456 515","breadcrumb":{"@id":"https:\/\/flix.rs\/prevoz-aerodrom-beograd-pristina-prevoz-aerodrom-pristina-nis\/#breadcrumb"},"inLanguage":"en-GB","potentialAction":[{"@type":"ReadAction","target":["https:\/\/flix.rs\/prevoz-aerodrom-beograd-pristina-prevoz-aerodrom-pristina-nis\/"]}]},{"@type":"ImageObject","inLanguage":"en-GB","@id":"https:\/\/flix.rs\/prevoz-aerodrom-beograd-pristina-prevoz-aerodrom-pristina-nis\/#primaryimage","url":"https:\/\/flix.rs\/wp-content\/uploads\/2022\/11\/IMG_6591-scaled-e1669548832715.jpg","contentUrl":"https:\/\/flix.rs\/wp-content\/uploads\/2022\/11\/IMG_6591-scaled-e1669548832715.jpg","width":1280,"height":854,"caption":"Prevoz Beograd Pristina"},{"@type":"BreadcrumbList","@id":"https:\/\/flix.rs\/prevoz-aerodrom-beograd-pristina-prevoz-aerodrom-pristina-nis\/#breadcrumb","itemListElement":[{"@type":"ListItem","position":1,"name":"Home","item":"https:\/\/flix.rs\/"},{"@type":"ListItem","position":2,"name":"Prevoz: Aerodrom Beograd &#8211; Pristina | Prevoz: Aerodrom Pristina &#8211; Nis"}]},{"@type":"WebSite","@id":"https:\/\/flix.rs\/#website","url":"https:\/\/flix.rs\/","name":"Flix.rs","description":"Va\u0161 prevoz do i sa aerodroma","publisher":{"@id":"https:\/\/flix.rs\/#organization"},"potentialAction":[{"@type":"SearchAction","target":{"@type":"EntryPoint","urlTemplate":"https:\/\/flix.rs\/?s={search_term_string}"},"query-input":{"@type":"PropertyValueSpecification","valueRequired":true,"valueName":"search_term_string"}}],"inLanguage":"en-GB"},{"@type":"Organization","@id":"https:\/\/flix.rs\/#organization","name":"Flix","url":"https:\/\/flix.rs\/","logo":{"@type":"ImageObject","inLanguage":"en-GB","@id":"https:\/\/flix.rs\/#\/schema\/logo\/image\/","url":"https:\/\/flix.rs\/wp-content\/uploads\/2019\/12\/80805004_454427318816809_4019161238033399808_n.png","contentUrl":"https:\/\/flix.rs\/wp-content\/uploads\/2019\/12\/80805004_454427318816809_4019161238033399808_n.png","width":120,"height":54,"caption":"Flix"},"image":{"@id":"https:\/\/flix.rs\/#\/schema\/logo\/image\/"},"sameAs":["https:\/\/www.facebook.com\/prevoz.putnika.nis","https:\/\/x.com\/Prevozputnika1"]}]}},"_links":{"self":[{"href":"https:\/\/flix.rs\/en\/wp-json\/wp\/v2\/pages\/13500"}],"collection":[{"href":"https:\/\/flix.rs\/en\/wp-json\/wp\/v2\/pages"}],"about":[{"href":"https:\/\/flix.rs\/en\/wp-json\/wp\/v2\/types\/page"}],"author":[{"embeddable":true,"href":"https:\/\/flix.rs\/en\/wp-json\/wp\/v2\/users\/3"}],"replies":[{"embeddable":true,"href":"https:\/\/flix.rs\/en\/wp-json\/wp\/v2\/comments?post=13500"}],"version-history":[{"count":4,"href":"https:\/\/flix.rs\/en\/wp-json\/wp\/v2\/pages\/13500\/revisions"}],"predecessor-version":[{"id":13506,"href":"https:\/\/flix.rs\/en\/wp-json\/wp\/v2\/pages\/13500\/revisions\/13506"}],"wp:featuredmedia":[{"embeddable":true,"href":"https:\/\/flix.rs\/en\/wp-json\/wp\/v2\/media\/13501"}],"wp:attachment":[{"href":"https:\/\/flix.rs\/en\/wp-json\/wp\/v2\/media?parent=13500"}],"curies":[{"name":"wp","href":"https:\/\/api.w.org\/{rel}","templated":true}]}}