{"id":13493,"date":"2022-11-20T16:30:15","date_gmt":"2022-11-20T15:30:15","guid":{"rendered":"https:\/\/flix.rs\/?page_id=13493"},"modified":"2022-11-20T16:35:03","modified_gmt":"2022-11-20T15:35:03","slug":"prevoz-aerodrom-nis-stara-planina-prevoz-stara-planina-aerodrom-beograd","status":"publish","type":"page","link":"https:\/\/flix.rs\/en\/transfer-nis-airport-stara-planina-transfer-stara-planina-belgrade-airport\/","title":{"rendered":"Transfer: Nis Airport &#8211; Stara Planina | Transfer: Stara Planina- Belgrade Airport"},"content":{"rendered":"<div  class=\"wpb_row vc_row-fluid content-wrapper content-wrapper-standard clearfix\" style=\"padding-left: 0px; padding-right: 0px; \"><div class=\"col span_12\"><div class=\"wpb_column vc_column_container vc_col-sm-12\"><div class=\"vc_column-inner\"><div class=\"wpb_wrapper\">\n\t<div class=\"wpb_text_column wpb_content_element\" >\n\t\t<div class=\"wpb_wrapper\">\n\t\t\t<p><\/p>\n\n\t\t<\/div>\n\t<\/div>\n<\/div><\/div><\/div><\/div><\/div><div  class=\"wpb_row vc_row-fluid content-wrapper content-wrapper-standard clearfix\" style=\"padding-left: 0px; padding-right: 0px; \"><div class=\"col span_12\"><div class=\"wpb_column vc_column_container vc_col-sm-12\"><div class=\"vc_column-inner\"><div class=\"wpb_wrapper\">\n\t<div class=\"wpb_text_column wpb_content_element\" >\n\t\t<div class=\"wpb_wrapper\">\n\t\t\t<p>Transfer: Nis Airport &#8211; Stara Planina<\/p>\n<p>Transfer: Stara Planina &#8211; Belgrade Airport<\/p>\n\n\t\t<\/div>\n\t<\/div>\n<\/div><\/div><\/div><\/div><\/div><div  class=\"wpb_row vc_row-fluid content-wrapper content-wrapper-standard clearfix\" style=\"padding-left: 0px; padding-right: 0px; \"><div class=\"col span_12\"><div class=\"wpb_column vc_column_container vc_col-sm-12\"><div class=\"vc_column-inner\"><div class=\"wpb_wrapper\"><h3 class=\"center-title\"><\/h3><div class=\"title-block2\"><\/div><\/div><\/div><\/div><\/div><\/div><div  class=\"wpb_row vc_row-fluid content-wrapper content-wrapper-standard clearfix\" style=\"padding-left: 0px; padding-right: 0px; \"><div class=\"col span_12\"><div class=\"wpb_column vc_column_container vc_col-sm-12\"><div class=\"vc_column-inner\"><div class=\"wpb_wrapper\">\n\t<div  class=\"wpb_single_image wpb_content_element vc_align_left\">\n\t\t\n\t\t<figure class=\"wpb_wrapper vc_figure\">\n\t\t\t<div class=\"vc_single_image-wrapper   vc_box_border_grey\"><img loading=\"lazy\" decoding=\"async\" class=\"vc_single_image-img\" src=\"https:\/\/flix.rs\/wp-content\/uploads\/2022\/10\/WP_20180404_14_21_02_Pro-scaled-e1665339884573.jpg\" width=\"1280\" height=\"722\" alt=\"Transfer Nis Airport Stara Planina\" title=\"PHOTO | FLIX.RS\" \/><\/div>\n\t\t<\/figure>\n\t<\/div>\n<\/div><\/div><\/div><\/div><\/div><div  class=\"wpb_row vc_row-fluid content-wrapper content-wrapper-standard clearfix\" style=\"padding-left: 0px; padding-right: 0px; \"><div class=\"col span_12\"><div class=\"wpb_column vc_column_container vc_col-sm-12\"><div class=\"vc_column-inner\"><div class=\"wpb_wrapper\">\n\t<div class=\"wpb_text_column wpb_content_element\" >\n\t\t<div class=\"wpb_wrapper\">\n\t\t\t<p><a href=\"https:\/\/flix.rs\/en\/airport-nis-shuttle-transfer\/\">Transfer Nis Airport &#8211; Stara Planina<\/a>, <a href=\"https:\/\/flix.rs\/en\/airport-belgrade-shuttle-transfer\/\">Transfer Stara Planina &#8211; Belgrade Airport<\/a>. The possibility of organizing transportation in opposite directions as well.<br \/>\nAlso transportation to <strong>Stara Planina<\/strong> and from cities Novi Sad, Smederevo, Po\u017earevac, Mladenovac, Kragujevac, Jagodina, Para\u0107in, Kru\u0161evac and other cities.<\/p>\n<p>Phone number for info and booking <a href=\"tel:+38163456515\">+381 63 456 515<\/a><\/p>\n<p>Online booking <a href=\"https:\/\/flix.rs\/en\/rezervacija\/\">https:\/\/flix.rs\/rezervacija\/<\/a><\/p>\n<p><strong>Stara Planina<\/strong>, of which only 10% of the area is located in Serbia, has become an increasingly interesting destination for fans of winter sports in recent years, i.e. skiing. The peaks of Stara Planina &#8211; <strong>Babin Zub<\/strong> and <strong>Mid\u017eor<\/strong> are under snow for almost six months, so this ski center is increasingly attractive to skiers. Over 13 kilometers of landscaped trails are covered by cable cars.<br \/>\nThe largest number of transfers we make to <strong>Stara Palnin<\/strong>a are <em>from Ni\u0161 and Belgrade<\/em>.<\/p>\n<p><strong>Travel<\/strong><br \/>\nIt is 340 kilometers from the <strong>Belgrade Airport Nikola Tesla<\/strong> to the Stara Planina ski center. About 4 hours of your time should be set aside for this trip. During the summer season, due to crowds and regular road maintenance works on the <strong>Belgrade-Nis highway<\/strong>, the journey itself can take up to an hour longer.<br \/>\nLeaving Belgrade airport, we join the highway, <strong>corridor E-75<\/strong> in the direction of Ni\u0161. We continue to drive all the way to <strong>Ni\u0161<\/strong>, more precisely, to the Mal\u010da junction, where we exit the highway and take the road to Svrljig and Knja\u017eevac. We travel to our final destination on regional and local roads. After climbing the Granada pass, when descending towards Svrljig, a wonderful view of the Svrljig Mountains opens up.<\/p>\n<p><strong>Where we pass<\/strong><\/p>\n<p>It is only 80 km from Ni\u0161 airport to the Stara planina hotel, which takes less than two hours to reach.<\/p>\n<p>In <strong>Svrljig<\/strong>, if you haven&#8217;t had the chance to try a half-meter long pork hanger, we suggest stopping by the legendary Kamiond\u017eija restaurant. After the break, we start the road to <strong>Kalna<\/strong>, on a narrow but newly built road. There you can\u00a0 see the highlands that are located above the <strong>Si\u0107evo gorge<\/strong>. Beautiful landscapes.<br \/>\nFrom Kalna to the ski center, it takes another half hour of driving through the authentic villages of eastern Serbia.<\/p>\n<p><strong>Students<\/strong><\/p>\n<p>A very large number of students of the <a href=\"https:\/\/www.ni.ac.rs\/en\/\"><strong>University of Ni\u0161<\/strong><\/a> use the proximity of the Stara Planina ski resort, both because of the proximity to this regional center. Favorable price of ski passes, also.\u00a0 In addition to the Hotel Stara Planina, at the foot of the mountain there is a large number of private accommodations, which in most cases offer full board, with local homemade food.<\/p>\n\n\t\t<\/div>\n\t<\/div>\n<\/div><\/div><\/div><\/div><\/div>","protected":false},"excerpt":{"rendered":"[:sr] Prevoz \u00a0Aerodrom Nis - Stara Planina Prevoz Stara Planina - Aerodrom Beograd Prevoz \u00a0Aerodrom Nis - Stara Planina, Prevoz Stara Planina - Aerodrom Beograd. Mogu\u0107nost organizovanja prevoza i u suprotnim smerovima. Tako\u0111e prevoz do Stare Planine i iz Novog Sada, Smedereva, Po\u017earevca, Mladenovca, Kragujevca, Jagodine, Para\u0107ina, Kru\u0161evca i drugih gradova. Broj za informacije i","protected":false},"author":3,"featured_media":13494,"parent":0,"menu_order":0,"comment_status":"closed","ping_status":"closed","template":"","meta":{"footnotes":""},"yoast_head":"<!-- This site is optimized with the Yoast SEO plugin v24.5 - https:\/\/yoast.com\/wordpress\/plugins\/seo\/ -->\n<title>Prevoz Nis Stara Planina<\/title>\n<meta name=\"description\" content=\"Prevoz od Aerodroma Nis do Stare Planine. Mogu\u0107 prevoz i iz Beograda. Pouzdano, udobno, povoljno tel. 063 456 515\" \/>\n<meta name=\"robots\" content=\"index, follow, max-snippet:-1, max-image-preview:large, max-video-preview:-1\" \/>\n<link rel=\"canonical\" href=\"https:\/\/flix.rs\/en\/prevoz-aerodrom-nis-stara-planina-prevoz-stara-planina-aerodrom-beograd\/\" \/>\n<meta property=\"og:locale\" content=\"en_GB\" \/>\n<meta property=\"og:type\" content=\"article\" \/>\n<meta property=\"og:title\" content=\"Prevoz Nis Stara Planina\" \/>\n<meta property=\"og:description\" content=\"Prevoz od Aerodroma Nis do Stare Planine. Mogu\u0107 prevoz i iz Beograda. Pouzdano, udobno, povoljno tel. 063 456 515\" \/>\n<meta property=\"og:url\" content=\"https:\/\/flix.rs\/en\/prevoz-aerodrom-nis-stara-planina-prevoz-stara-planina-aerodrom-beograd\/\" \/>\n<meta property=\"og:site_name\" content=\"Flix.rs\" \/>\n<meta property=\"article:publisher\" content=\"https:\/\/www.facebook.com\/prevoz.putnika.nis\" \/>\n<meta property=\"article:modified_time\" content=\"2022-11-20T15:35:03+00:00\" \/>\n<meta property=\"og:image\" content=\"https:\/\/flix.rs\/wp-content\/uploads\/2022\/11\/WP_20180404_14_11_47_Pro-scaled-e1668956362681.jpg\" \/>\n\t<meta property=\"og:image:width\" content=\"1280\" \/>\n\t<meta property=\"og:image:height\" content=\"722\" \/>\n\t<meta property=\"og:image:type\" content=\"image\/jpeg\" \/>\n<meta name=\"twitter:card\" content=\"summary_large_image\" \/>\n<meta name=\"twitter:site\" content=\"@Prevozputnika1\" \/>\n<meta name=\"twitter:label1\" content=\"Estimated reading time\" \/>\n\t<meta name=\"twitter:data1\" content=\"5 minutes\" \/>\n<script type=\"application\/ld+json\" class=\"yoast-schema-graph\">{\"@context\":\"https:\/\/schema.org\",\"@graph\":[{\"@type\":\"WebPage\",\"@id\":\"https:\/\/flix.rs\/prevoz-aerodrom-nis-stara-planina-prevoz-stara-planina-aerodrom-beograd\/\",\"url\":\"https:\/\/flix.rs\/prevoz-aerodrom-nis-stara-planina-prevoz-stara-planina-aerodrom-beograd\/\",\"name\":\"Prevoz Nis Stara Planina\",\"isPartOf\":{\"@id\":\"https:\/\/flix.rs\/#website\"},\"primaryImageOfPage\":{\"@id\":\"https:\/\/flix.rs\/prevoz-aerodrom-nis-stara-planina-prevoz-stara-planina-aerodrom-beograd\/#primaryimage\"},\"image\":{\"@id\":\"https:\/\/flix.rs\/prevoz-aerodrom-nis-stara-planina-prevoz-stara-planina-aerodrom-beograd\/#primaryimage\"},\"thumbnailUrl\":\"https:\/\/flix.rs\/wp-content\/uploads\/2022\/11\/WP_20180404_14_11_47_Pro-scaled-e1668956362681.jpg\",\"datePublished\":\"2022-11-20T15:30:15+00:00\",\"dateModified\":\"2022-11-20T15:35:03+00:00\",\"description\":\"Prevoz od Aerodroma Nis do Stare Planine. Mogu\u0107 prevoz i iz Beograda. Pouzdano, udobno, povoljno tel. 063 456 515\",\"breadcrumb\":{\"@id\":\"https:\/\/flix.rs\/prevoz-aerodrom-nis-stara-planina-prevoz-stara-planina-aerodrom-beograd\/#breadcrumb\"},\"inLanguage\":\"en-GB\",\"potentialAction\":[{\"@type\":\"ReadAction\",\"target\":[\"https:\/\/flix.rs\/prevoz-aerodrom-nis-stara-planina-prevoz-stara-planina-aerodrom-beograd\/\"]}]},{\"@type\":\"ImageObject\",\"inLanguage\":\"en-GB\",\"@id\":\"https:\/\/flix.rs\/prevoz-aerodrom-nis-stara-planina-prevoz-stara-planina-aerodrom-beograd\/#primaryimage\",\"url\":\"https:\/\/flix.rs\/wp-content\/uploads\/2022\/11\/WP_20180404_14_11_47_Pro-scaled-e1668956362681.jpg\",\"contentUrl\":\"https:\/\/flix.rs\/wp-content\/uploads\/2022\/11\/WP_20180404_14_11_47_Pro-scaled-e1668956362681.jpg\",\"width\":1280,\"height\":722,\"caption\":\"Prevoz Nis Stara Planina\"},{\"@type\":\"BreadcrumbList\",\"@id\":\"https:\/\/flix.rs\/prevoz-aerodrom-nis-stara-planina-prevoz-stara-planina-aerodrom-beograd\/#breadcrumb\",\"itemListElement\":[{\"@type\":\"ListItem\",\"position\":1,\"name\":\"Home\",\"item\":\"https:\/\/flix.rs\/\"},{\"@type\":\"ListItem\",\"position\":2,\"name\":\"Prevoz: Aerodrom Nis &#8211; Stara Planina | Prevoz: Stara Planina &#8211; Aerodrom Beograd\"}]},{\"@type\":\"WebSite\",\"@id\":\"https:\/\/flix.rs\/#website\",\"url\":\"https:\/\/flix.rs\/\",\"name\":\"Flix.rs\",\"description\":\"Va\u0161 prevoz do i sa aerodroma\",\"publisher\":{\"@id\":\"https:\/\/flix.rs\/#organization\"},\"potentialAction\":[{\"@type\":\"SearchAction\",\"target\":{\"@type\":\"EntryPoint\",\"urlTemplate\":\"https:\/\/flix.rs\/?s={search_term_string}\"},\"query-input\":{\"@type\":\"PropertyValueSpecification\",\"valueRequired\":true,\"valueName\":\"search_term_string\"}}],\"inLanguage\":\"en-GB\"},{\"@type\":\"Organization\",\"@id\":\"https:\/\/flix.rs\/#organization\",\"name\":\"Flix\",\"url\":\"https:\/\/flix.rs\/\",\"logo\":{\"@type\":\"ImageObject\",\"inLanguage\":\"en-GB\",\"@id\":\"https:\/\/flix.rs\/#\/schema\/logo\/image\/\",\"url\":\"https:\/\/flix.rs\/wp-content\/uploads\/2019\/12\/80805004_454427318816809_4019161238033399808_n.png\",\"contentUrl\":\"https:\/\/flix.rs\/wp-content\/uploads\/2019\/12\/80805004_454427318816809_4019161238033399808_n.png\",\"width\":120,\"height\":54,\"caption\":\"Flix\"},\"image\":{\"@id\":\"https:\/\/flix.rs\/#\/schema\/logo\/image\/\"},\"sameAs\":[\"https:\/\/www.facebook.com\/prevoz.putnika.nis\",\"https:\/\/x.com\/Prevozputnika1\"]}]}<\/script>\n<!-- \/ Yoast SEO plugin. -->","yoast_head_json":{"title":"Prevoz Nis Stara Planina","description":"Prevoz od Aerodroma Nis do Stare Planine. Mogu\u0107 prevoz i iz Beograda. Pouzdano, udobno, povoljno tel. 063 456 515","robots":{"index":"index","follow":"follow","max-snippet":"max-snippet:-1","max-image-preview":"max-image-preview:large","max-video-preview":"max-video-preview:-1"},"canonical":"https:\/\/flix.rs\/en\/prevoz-aerodrom-nis-stara-planina-prevoz-stara-planina-aerodrom-beograd\/","og_locale":"en_GB","og_type":"article","og_title":"Prevoz Nis Stara Planina","og_description":"Prevoz od Aerodroma Nis do Stare Planine. Mogu\u0107 prevoz i iz Beograda. Pouzdano, udobno, povoljno tel. 063 456 515","og_url":"https:\/\/flix.rs\/en\/prevoz-aerodrom-nis-stara-planina-prevoz-stara-planina-aerodrom-beograd\/","og_site_name":"Flix.rs","article_publisher":"https:\/\/www.facebook.com\/prevoz.putnika.nis","article_modified_time":"2022-11-20T15:35:03+00:00","og_image":[{"width":1280,"height":722,"url":"https:\/\/flix.rs\/wp-content\/uploads\/2022\/11\/WP_20180404_14_11_47_Pro-scaled-e1668956362681.jpg","type":"image\/jpeg"}],"twitter_card":"summary_large_image","twitter_site":"@Prevozputnika1","twitter_misc":{"Estimated reading time":"5 minutes"},"schema":{"@context":"https:\/\/schema.org","@graph":[{"@type":"WebPage","@id":"https:\/\/flix.rs\/prevoz-aerodrom-nis-stara-planina-prevoz-stara-planina-aerodrom-beograd\/","url":"https:\/\/flix.rs\/prevoz-aerodrom-nis-stara-planina-prevoz-stara-planina-aerodrom-beograd\/","name":"Prevoz Nis Stara Planina","isPartOf":{"@id":"https:\/\/flix.rs\/#website"},"primaryImageOfPage":{"@id":"https:\/\/flix.rs\/prevoz-aerodrom-nis-stara-planina-prevoz-stara-planina-aerodrom-beograd\/#primaryimage"},"image":{"@id":"https:\/\/flix.rs\/prevoz-aerodrom-nis-stara-planina-prevoz-stara-planina-aerodrom-beograd\/#primaryimage"},"thumbnailUrl":"https:\/\/flix.rs\/wp-content\/uploads\/2022\/11\/WP_20180404_14_11_47_Pro-scaled-e1668956362681.jpg","datePublished":"2022-11-20T15:30:15+00:00","dateModified":"2022-11-20T15:35:03+00:00","description":"Prevoz od Aerodroma Nis do Stare Planine. Mogu\u0107 prevoz i iz Beograda. Pouzdano, udobno, povoljno tel. 063 456 515","breadcrumb":{"@id":"https:\/\/flix.rs\/prevoz-aerodrom-nis-stara-planina-prevoz-stara-planina-aerodrom-beograd\/#breadcrumb"},"inLanguage":"en-GB","potentialAction":[{"@type":"ReadAction","target":["https:\/\/flix.rs\/prevoz-aerodrom-nis-stara-planina-prevoz-stara-planina-aerodrom-beograd\/"]}]},{"@type":"ImageObject","inLanguage":"en-GB","@id":"https:\/\/flix.rs\/prevoz-aerodrom-nis-stara-planina-prevoz-stara-planina-aerodrom-beograd\/#primaryimage","url":"https:\/\/flix.rs\/wp-content\/uploads\/2022\/11\/WP_20180404_14_11_47_Pro-scaled-e1668956362681.jpg","contentUrl":"https:\/\/flix.rs\/wp-content\/uploads\/2022\/11\/WP_20180404_14_11_47_Pro-scaled-e1668956362681.jpg","width":1280,"height":722,"caption":"Prevoz Nis Stara Planina"},{"@type":"BreadcrumbList","@id":"https:\/\/flix.rs\/prevoz-aerodrom-nis-stara-planina-prevoz-stara-planina-aerodrom-beograd\/#breadcrumb","itemListElement":[{"@type":"ListItem","position":1,"name":"Home","item":"https:\/\/flix.rs\/"},{"@type":"ListItem","position":2,"name":"Prevoz: Aerodrom Nis &#8211; Stara Planina | Prevoz: Stara Planina &#8211; Aerodrom Beograd"}]},{"@type":"WebSite","@id":"https:\/\/flix.rs\/#website","url":"https:\/\/flix.rs\/","name":"Flix.rs","description":"Va\u0161 prevoz do i sa aerodroma","publisher":{"@id":"https:\/\/flix.rs\/#organization"},"potentialAction":[{"@type":"SearchAction","target":{"@type":"EntryPoint","urlTemplate":"https:\/\/flix.rs\/?s={search_term_string}"},"query-input":{"@type":"PropertyValueSpecification","valueRequired":true,"valueName":"search_term_string"}}],"inLanguage":"en-GB"},{"@type":"Organization","@id":"https:\/\/flix.rs\/#organization","name":"Flix","url":"https:\/\/flix.rs\/","logo":{"@type":"ImageObject","inLanguage":"en-GB","@id":"https:\/\/flix.rs\/#\/schema\/logo\/image\/","url":"https:\/\/flix.rs\/wp-content\/uploads\/2019\/12\/80805004_454427318816809_4019161238033399808_n.png","contentUrl":"https:\/\/flix.rs\/wp-content\/uploads\/2019\/12\/80805004_454427318816809_4019161238033399808_n.png","width":120,"height":54,"caption":"Flix"},"image":{"@id":"https:\/\/flix.rs\/#\/schema\/logo\/image\/"},"sameAs":["https:\/\/www.facebook.com\/prevoz.putnika.nis","https:\/\/x.com\/Prevozputnika1"]}]}},"_links":{"self":[{"href":"https:\/\/flix.rs\/en\/wp-json\/wp\/v2\/pages\/13493"}],"collection":[{"href":"https:\/\/flix.rs\/en\/wp-json\/wp\/v2\/pages"}],"about":[{"href":"https:\/\/flix.rs\/en\/wp-json\/wp\/v2\/types\/page"}],"author":[{"embeddable":true,"href":"https:\/\/flix.rs\/en\/wp-json\/wp\/v2\/users\/3"}],"replies":[{"embeddable":true,"href":"https:\/\/flix.rs\/en\/wp-json\/wp\/v2\/comments?post=13493"}],"version-history":[{"count":2,"href":"https:\/\/flix.rs\/en\/wp-json\/wp\/v2\/pages\/13493\/revisions"}],"predecessor-version":[{"id":13497,"href":"https:\/\/flix.rs\/en\/wp-json\/wp\/v2\/pages\/13493\/revisions\/13497"}],"wp:featuredmedia":[{"embeddable":true,"href":"https:\/\/flix.rs\/en\/wp-json\/wp\/v2\/media\/13494"}],"wp:attachment":[{"href":"https:\/\/flix.rs\/en\/wp-json\/wp\/v2\/media?parent=13493"}],"curies":[{"name":"wp","href":"https:\/\/api.w.org\/{rel}","templated":true}]}}