{"id":13486,"date":"2022-11-14T19:11:14","date_gmt":"2022-11-14T18:11:14","guid":{"rendered":"https:\/\/flix.rs\/?page_id=13486"},"modified":"2023-04-16T17:45:01","modified_gmt":"2023-04-16T16:45:01","slug":"prevoz-aerodrom-beograd-leskovac-prevoz-leskovac-aerodrom-beograd","status":"publish","type":"page","link":"https:\/\/flix.rs\/en\/transfer-belgrade-airport-leskovac-transfer-leskovac-belgrade-airport\/","title":{"rendered":"Transfer: Belgrade Airport &#8211; Leskovac  | Transfer: Leskovac &#8211; Belgrade Airport"},"content":{"rendered":"<div  class=\"wpb_row vc_row-fluid content-wrapper content-wrapper-standard clearfix\" style=\"padding-left: 0px; padding-right: 0px; \"><div class=\"col span_12\"><div class=\"wpb_column vc_column_container vc_col-sm-12\"><div class=\"vc_column-inner\"><div class=\"wpb_wrapper\">\n\t<div class=\"wpb_text_column wpb_content_element\" >\n\t\t<div class=\"wpb_wrapper\">\n\t\t\t<p><\/p>\n\n\t\t<\/div>\n\t<\/div>\n<\/div><\/div><\/div><\/div><\/div><div  class=\"wpb_row vc_row-fluid content-wrapper content-wrapper-standard clearfix\" style=\"padding-left: 0px; padding-right: 0px; \"><div class=\"col span_12\"><div class=\"wpb_column vc_column_container vc_col-sm-12\"><div class=\"vc_column-inner\"><div class=\"wpb_wrapper\">\n\t<div class=\"wpb_text_column wpb_content_element\" >\n\t\t<div class=\"wpb_wrapper\">\n\t\t\t<h3>Transfer:\u00a0Belgrade Airport\u00a0&#8211; Leskovac<\/h3>\n<h3>Transfer: Leskovac &#8211;\u00a0Belgrade\u00a0Airport<\/h3>\n\n\t\t<\/div>\n\t<\/div>\n<\/div><\/div><\/div><\/div><\/div><div  class=\"wpb_row vc_row-fluid content-wrapper content-wrapper-standard clearfix\" style=\"padding-left: 0px; padding-right: 0px; \"><div class=\"col span_12\"><div class=\"wpb_column vc_column_container vc_col-sm-12\"><div class=\"vc_column-inner\"><div class=\"wpb_wrapper\">\n\t<div  class=\"wpb_single_image wpb_content_element vc_align_left\">\n\t\t\n\t\t<figure class=\"wpb_wrapper vc_figure\">\n\t\t\t<div class=\"vc_single_image-wrapper   vc_box_border_grey\"><img loading=\"lazy\" decoding=\"async\" class=\"vc_single_image-img\" src=\"https:\/\/flix.rs\/wp-content\/uploads\/2022\/11\/1280px-CentarGradaLeskovac.jpg\" width=\"1280\" height=\"960\" alt=\"Prevoz Beograd Leskovac\" title=\"PHOTO | WIKIPEDIA.ORG\" \/><\/div>\n\t\t<\/figure>\n\t<\/div>\n<\/div><\/div><\/div><\/div><\/div><div  class=\"wpb_row vc_row-fluid content-wrapper content-wrapper-standard clearfix\" style=\"padding-left: 0px; padding-right: 0px; \"><div class=\"col span_12\"><div class=\"wpb_column vc_column_container vc_col-sm-12\"><div class=\"vc_column-inner\"><div class=\"wpb_wrapper\">\n\t<div class=\"wpb_text_column wpb_content_element\" >\n\t\t<div class=\"wpb_wrapper\">\n\t\t\t<p>We provide <a href=\"https:\/\/flix.rs\/en\/airport-belgrade-shuttle-transfer\/\">transfer\u00a0 Belgrade Airport &#8211; Leskovac<\/a>, <a href=\"https:\/\/flix.rs\/en\/airport-belgrade-shuttle-transfer\/\">transfer\u00a0 Leskovac &#8211; Belgrade Airport<\/a>. Also possible transportation to Kragujevac, Kru\u0161evac, Aleksinac, Ni\u0161, Prokuplje, Vranje, Bujanovac, Pre\u0161evo, Pristina, Skopje<\/p>\n<p>Number for info and booking <a href=\"tel:+38163456515\">+381 63 456 515<\/a><\/p>\n<p>Online booking\u00a0<a href=\"https:\/\/flix.rs\/en\/rezervacija\/\">https:\/\/flix.rs\/rezervacija\/\u00a0<\/a><\/p>\n<p><strong>Belgrade Airport<\/strong>, as the largest in the country, is the most common choice of travelers from <strong>Serbia<\/strong>. Whether you are from the north, south, west or east of the country, the first association is &#8211; <strong>Belgrade<\/strong>. Although <strong>Ni\u0161 Airport<\/strong> has become an important regional airport in the last few years, most people from <strong>Leskovac<\/strong> and its surroundings prefer to travel from the <em>Serbian capital.<\/em><\/p>\n<p><strong>Travel<\/strong><br \/>\nFor the past fifty years, people from the Jablanica administrative district have been using the Ni\u0161-Belgrade highway, which was built up to Leskovac itself in 2007, in order to get to <strong>Belgrade<\/strong>. Although the toll ramp itself is some ten kilometers away from Leskovac, the connection to the E75 Leskovac-Belgrade highway can be reached in ten minutes.<br \/>\nFrom the Leskovac toll booth to the Vr\u010din toll booth in front of Belgrade, you need to allocate 1,000 dinars\u00a0 for toll and two and a half hours of your time.<\/p>\n<p><strong>Where we pass<\/strong><br \/>\nAlong the way, you pass by larger towns: Ni\u0161, Aleksinac, Pojate, Kru\u0161evac, Para\u0107in, \u0106uprija, Jagodina. A short break and possible refueling are recommended here. The best coffee is drunk at <a href=\"https:\/\/www.omv.com\/en\">OMV<\/a> gas stations. The journey continues, passing Bato\u010dina, Velika Plana, Lapovo, Mihajlovac. We leave \u0160umadija and slowly start descending towards Belgrade, leaving <em>Mount Avala<\/em> on the left.<\/p>\n<p><strong>In Belgrade<\/strong><\/p>\n<p>At the very entrance to Belgrade, on the right side you can see all the beauty of socialist realism embodied in the building called the <em>Eastern Gate of Belgrade<\/em>. Pay attention to the time of arrival at the airports, because of rush hours, in the morning between 8 and 10 a.m., as well as when citizens of Belgrade return from work, after 4 p.m. Also, it very often happens that even one small, insignificant <strong>traffic<\/strong> accident on the highway that passes literally through the city itself, causes huge crowds and traffic jams that can cause problems for you to get to the airport on time.<\/p>\n\n\t\t<\/div>\n\t<\/div>\n<\/div><\/div><\/div><\/div><\/div>","protected":false},"excerpt":{"rendered":"[:sr] Prevoz: Aerodrom Beograd - Leskovac Prevoz: Leskovac - Aerodrom Beograd Obavljamo prevoz Aerodrom Beograd - Leskovac, prevoz Leskovac - Aerodrom Beograd . Tako\u0111e mogu\u0107 prevoz do Kragujevca, Kru\u0161evca, Aleksinca, Ni\u0161a, Prokuplja, Vranja, Bujanovca, Pre\u0161eva, Pri\u0161tine, Skoplja Broj za informacije i zakazivanje\u00a0+381 63 456 515 Online zakazivanje\u00a0https:\/\/flix.rs\/rezervacija\/ Aerodrom Aerodrom Beograd, kao najve\u0107i u zemlji, je","protected":false},"author":3,"featured_media":13487,"parent":0,"menu_order":0,"comment_status":"closed","ping_status":"closed","template":"","meta":{"footnotes":""},"yoast_head":"<!-- This site is optimized with the Yoast SEO plugin v24.5 - https:\/\/yoast.com\/wordpress\/plugins\/seo\/ -->\n<title>Prevoz Aerodrom Beograd - Leskovac<\/title>\n<meta name=\"description\" content=\"Prevoz: Aerodrom Beograd - Leskovac. Prevoz od Leskovca do aerodroma Beograd . Pouzdano, povoljno Tel +381 63 456 515\" \/>\n<meta name=\"robots\" content=\"index, follow, max-snippet:-1, max-image-preview:large, max-video-preview:-1\" \/>\n<link rel=\"canonical\" href=\"https:\/\/flix.rs\/en\/prevoz-aerodrom-beograd-leskovac-prevoz-leskovac-aerodrom-beograd\/\" \/>\n<meta property=\"og:locale\" content=\"en_GB\" \/>\n<meta property=\"og:type\" content=\"article\" \/>\n<meta property=\"og:title\" content=\"Prevoz Aerodrom Beograd - Leskovac\" \/>\n<meta property=\"og:description\" content=\"Prevoz: Aerodrom Beograd - Leskovac. Prevoz od Leskovca do aerodroma Beograd . Pouzdano, povoljno Tel +381 63 456 515\" \/>\n<meta property=\"og:url\" content=\"https:\/\/flix.rs\/en\/prevoz-aerodrom-beograd-leskovac-prevoz-leskovac-aerodrom-beograd\/\" \/>\n<meta property=\"og:site_name\" content=\"Flix.rs\" \/>\n<meta property=\"article:publisher\" content=\"https:\/\/www.facebook.com\/prevoz.putnika.nis\" \/>\n<meta property=\"article:modified_time\" content=\"2023-04-16T16:45:01+00:00\" \/>\n<meta property=\"og:image\" content=\"https:\/\/flix.rs\/wp-content\/uploads\/2022\/11\/1280px-CentarGradaLeskovac.jpg\" \/>\n\t<meta property=\"og:image:width\" content=\"1280\" \/>\n\t<meta property=\"og:image:height\" content=\"960\" \/>\n\t<meta property=\"og:image:type\" content=\"image\/jpeg\" \/>\n<meta name=\"twitter:card\" content=\"summary_large_image\" \/>\n<meta name=\"twitter:site\" content=\"@Prevozputnika1\" \/>\n<meta name=\"twitter:label1\" content=\"Estimated reading time\" \/>\n\t<meta name=\"twitter:data1\" content=\"4 minutes\" \/>\n<script type=\"application\/ld+json\" class=\"yoast-schema-graph\">{\"@context\":\"https:\/\/schema.org\",\"@graph\":[{\"@type\":\"WebPage\",\"@id\":\"https:\/\/flix.rs\/prevoz-aerodrom-beograd-leskovac-prevoz-leskovac-aerodrom-beograd\/\",\"url\":\"https:\/\/flix.rs\/prevoz-aerodrom-beograd-leskovac-prevoz-leskovac-aerodrom-beograd\/\",\"name\":\"Prevoz Aerodrom Beograd - Leskovac\",\"isPartOf\":{\"@id\":\"https:\/\/flix.rs\/#website\"},\"primaryImageOfPage\":{\"@id\":\"https:\/\/flix.rs\/prevoz-aerodrom-beograd-leskovac-prevoz-leskovac-aerodrom-beograd\/#primaryimage\"},\"image\":{\"@id\":\"https:\/\/flix.rs\/prevoz-aerodrom-beograd-leskovac-prevoz-leskovac-aerodrom-beograd\/#primaryimage\"},\"thumbnailUrl\":\"https:\/\/flix.rs\/wp-content\/uploads\/2022\/11\/1280px-CentarGradaLeskovac.jpg\",\"datePublished\":\"2022-11-14T18:11:14+00:00\",\"dateModified\":\"2023-04-16T16:45:01+00:00\",\"description\":\"Prevoz: Aerodrom Beograd - Leskovac. Prevoz od Leskovca do aerodroma Beograd . Pouzdano, povoljno Tel +381 63 456 515\",\"breadcrumb\":{\"@id\":\"https:\/\/flix.rs\/prevoz-aerodrom-beograd-leskovac-prevoz-leskovac-aerodrom-beograd\/#breadcrumb\"},\"inLanguage\":\"en-GB\",\"potentialAction\":[{\"@type\":\"ReadAction\",\"target\":[\"https:\/\/flix.rs\/prevoz-aerodrom-beograd-leskovac-prevoz-leskovac-aerodrom-beograd\/\"]}]},{\"@type\":\"ImageObject\",\"inLanguage\":\"en-GB\",\"@id\":\"https:\/\/flix.rs\/prevoz-aerodrom-beograd-leskovac-prevoz-leskovac-aerodrom-beograd\/#primaryimage\",\"url\":\"https:\/\/flix.rs\/wp-content\/uploads\/2022\/11\/1280px-CentarGradaLeskovac.jpg\",\"contentUrl\":\"https:\/\/flix.rs\/wp-content\/uploads\/2022\/11\/1280px-CentarGradaLeskovac.jpg\",\"width\":1280,\"height\":960,\"caption\":\"Prevoz Beograd Leskovac\"},{\"@type\":\"BreadcrumbList\",\"@id\":\"https:\/\/flix.rs\/prevoz-aerodrom-beograd-leskovac-prevoz-leskovac-aerodrom-beograd\/#breadcrumb\",\"itemListElement\":[{\"@type\":\"ListItem\",\"position\":1,\"name\":\"Home\",\"item\":\"https:\/\/flix.rs\/\"},{\"@type\":\"ListItem\",\"position\":2,\"name\":\"Prevoz: Aerodrom Beograd-Leskovac | Prevoz: Leskovac &#8211; Aerodrom Beograd\"}]},{\"@type\":\"WebSite\",\"@id\":\"https:\/\/flix.rs\/#website\",\"url\":\"https:\/\/flix.rs\/\",\"name\":\"Flix.rs\",\"description\":\"Va\u0161 prevoz do i sa aerodroma\",\"publisher\":{\"@id\":\"https:\/\/flix.rs\/#organization\"},\"potentialAction\":[{\"@type\":\"SearchAction\",\"target\":{\"@type\":\"EntryPoint\",\"urlTemplate\":\"https:\/\/flix.rs\/?s={search_term_string}\"},\"query-input\":{\"@type\":\"PropertyValueSpecification\",\"valueRequired\":true,\"valueName\":\"search_term_string\"}}],\"inLanguage\":\"en-GB\"},{\"@type\":\"Organization\",\"@id\":\"https:\/\/flix.rs\/#organization\",\"name\":\"Flix\",\"url\":\"https:\/\/flix.rs\/\",\"logo\":{\"@type\":\"ImageObject\",\"inLanguage\":\"en-GB\",\"@id\":\"https:\/\/flix.rs\/#\/schema\/logo\/image\/\",\"url\":\"https:\/\/flix.rs\/wp-content\/uploads\/2019\/12\/80805004_454427318816809_4019161238033399808_n.png\",\"contentUrl\":\"https:\/\/flix.rs\/wp-content\/uploads\/2019\/12\/80805004_454427318816809_4019161238033399808_n.png\",\"width\":120,\"height\":54,\"caption\":\"Flix\"},\"image\":{\"@id\":\"https:\/\/flix.rs\/#\/schema\/logo\/image\/\"},\"sameAs\":[\"https:\/\/www.facebook.com\/prevoz.putnika.nis\",\"https:\/\/x.com\/Prevozputnika1\"]}]}<\/script>\n<!-- \/ Yoast SEO plugin. -->","yoast_head_json":{"title":"Prevoz Aerodrom Beograd - Leskovac","description":"Prevoz: Aerodrom Beograd - Leskovac. Prevoz od Leskovca do aerodroma Beograd . Pouzdano, povoljno Tel +381 63 456 515","robots":{"index":"index","follow":"follow","max-snippet":"max-snippet:-1","max-image-preview":"max-image-preview:large","max-video-preview":"max-video-preview:-1"},"canonical":"https:\/\/flix.rs\/en\/prevoz-aerodrom-beograd-leskovac-prevoz-leskovac-aerodrom-beograd\/","og_locale":"en_GB","og_type":"article","og_title":"Prevoz Aerodrom Beograd - Leskovac","og_description":"Prevoz: Aerodrom Beograd - Leskovac. Prevoz od Leskovca do aerodroma Beograd . Pouzdano, povoljno Tel +381 63 456 515","og_url":"https:\/\/flix.rs\/en\/prevoz-aerodrom-beograd-leskovac-prevoz-leskovac-aerodrom-beograd\/","og_site_name":"Flix.rs","article_publisher":"https:\/\/www.facebook.com\/prevoz.putnika.nis","article_modified_time":"2023-04-16T16:45:01+00:00","og_image":[{"width":1280,"height":960,"url":"https:\/\/flix.rs\/wp-content\/uploads\/2022\/11\/1280px-CentarGradaLeskovac.jpg","type":"image\/jpeg"}],"twitter_card":"summary_large_image","twitter_site":"@Prevozputnika1","twitter_misc":{"Estimated reading time":"4 minutes"},"schema":{"@context":"https:\/\/schema.org","@graph":[{"@type":"WebPage","@id":"https:\/\/flix.rs\/prevoz-aerodrom-beograd-leskovac-prevoz-leskovac-aerodrom-beograd\/","url":"https:\/\/flix.rs\/prevoz-aerodrom-beograd-leskovac-prevoz-leskovac-aerodrom-beograd\/","name":"Prevoz Aerodrom Beograd - Leskovac","isPartOf":{"@id":"https:\/\/flix.rs\/#website"},"primaryImageOfPage":{"@id":"https:\/\/flix.rs\/prevoz-aerodrom-beograd-leskovac-prevoz-leskovac-aerodrom-beograd\/#primaryimage"},"image":{"@id":"https:\/\/flix.rs\/prevoz-aerodrom-beograd-leskovac-prevoz-leskovac-aerodrom-beograd\/#primaryimage"},"thumbnailUrl":"https:\/\/flix.rs\/wp-content\/uploads\/2022\/11\/1280px-CentarGradaLeskovac.jpg","datePublished":"2022-11-14T18:11:14+00:00","dateModified":"2023-04-16T16:45:01+00:00","description":"Prevoz: Aerodrom Beograd - Leskovac. Prevoz od Leskovca do aerodroma Beograd . Pouzdano, povoljno Tel +381 63 456 515","breadcrumb":{"@id":"https:\/\/flix.rs\/prevoz-aerodrom-beograd-leskovac-prevoz-leskovac-aerodrom-beograd\/#breadcrumb"},"inLanguage":"en-GB","potentialAction":[{"@type":"ReadAction","target":["https:\/\/flix.rs\/prevoz-aerodrom-beograd-leskovac-prevoz-leskovac-aerodrom-beograd\/"]}]},{"@type":"ImageObject","inLanguage":"en-GB","@id":"https:\/\/flix.rs\/prevoz-aerodrom-beograd-leskovac-prevoz-leskovac-aerodrom-beograd\/#primaryimage","url":"https:\/\/flix.rs\/wp-content\/uploads\/2022\/11\/1280px-CentarGradaLeskovac.jpg","contentUrl":"https:\/\/flix.rs\/wp-content\/uploads\/2022\/11\/1280px-CentarGradaLeskovac.jpg","width":1280,"height":960,"caption":"Prevoz Beograd Leskovac"},{"@type":"BreadcrumbList","@id":"https:\/\/flix.rs\/prevoz-aerodrom-beograd-leskovac-prevoz-leskovac-aerodrom-beograd\/#breadcrumb","itemListElement":[{"@type":"ListItem","position":1,"name":"Home","item":"https:\/\/flix.rs\/"},{"@type":"ListItem","position":2,"name":"Prevoz: Aerodrom Beograd-Leskovac | Prevoz: Leskovac &#8211; Aerodrom Beograd"}]},{"@type":"WebSite","@id":"https:\/\/flix.rs\/#website","url":"https:\/\/flix.rs\/","name":"Flix.rs","description":"Va\u0161 prevoz do i sa aerodroma","publisher":{"@id":"https:\/\/flix.rs\/#organization"},"potentialAction":[{"@type":"SearchAction","target":{"@type":"EntryPoint","urlTemplate":"https:\/\/flix.rs\/?s={search_term_string}"},"query-input":{"@type":"PropertyValueSpecification","valueRequired":true,"valueName":"search_term_string"}}],"inLanguage":"en-GB"},{"@type":"Organization","@id":"https:\/\/flix.rs\/#organization","name":"Flix","url":"https:\/\/flix.rs\/","logo":{"@type":"ImageObject","inLanguage":"en-GB","@id":"https:\/\/flix.rs\/#\/schema\/logo\/image\/","url":"https:\/\/flix.rs\/wp-content\/uploads\/2019\/12\/80805004_454427318816809_4019161238033399808_n.png","contentUrl":"https:\/\/flix.rs\/wp-content\/uploads\/2019\/12\/80805004_454427318816809_4019161238033399808_n.png","width":120,"height":54,"caption":"Flix"},"image":{"@id":"https:\/\/flix.rs\/#\/schema\/logo\/image\/"},"sameAs":["https:\/\/www.facebook.com\/prevoz.putnika.nis","https:\/\/x.com\/Prevozputnika1"]}]}},"_links":{"self":[{"href":"https:\/\/flix.rs\/en\/wp-json\/wp\/v2\/pages\/13486"}],"collection":[{"href":"https:\/\/flix.rs\/en\/wp-json\/wp\/v2\/pages"}],"about":[{"href":"https:\/\/flix.rs\/en\/wp-json\/wp\/v2\/types\/page"}],"author":[{"embeddable":true,"href":"https:\/\/flix.rs\/en\/wp-json\/wp\/v2\/users\/3"}],"replies":[{"embeddable":true,"href":"https:\/\/flix.rs\/en\/wp-json\/wp\/v2\/comments?post=13486"}],"version-history":[{"count":3,"href":"https:\/\/flix.rs\/en\/wp-json\/wp\/v2\/pages\/13486\/revisions"}],"predecessor-version":[{"id":13490,"href":"https:\/\/flix.rs\/en\/wp-json\/wp\/v2\/pages\/13486\/revisions\/13490"}],"wp:featuredmedia":[{"embeddable":true,"href":"https:\/\/flix.rs\/en\/wp-json\/wp\/v2\/media\/13487"}],"wp:attachment":[{"href":"https:\/\/flix.rs\/en\/wp-json\/wp\/v2\/media?parent=13486"}],"curies":[{"name":"wp","href":"https:\/\/api.w.org\/{rel}","templated":true}]}}