{"id":13465,"date":"2022-10-30T12:56:52","date_gmt":"2022-10-30T11:56:52","guid":{"rendered":"https:\/\/flix.rs\/?page_id=13465"},"modified":"2022-10-30T13:02:17","modified_gmt":"2022-10-30T12:02:17","slug":"prevoz-aerodrom-nis-vrnjacka-banja-prevoz-vrnjacka-banja-aerodrom-nis","status":"publish","type":"page","link":"https:\/\/flix.rs\/en\/transfer-nis-airport-vrnjacka-banja-transfer-vrnjacka-banja-nis-airport\/","title":{"rendered":"Transfer: Nis Airport &#8211; Vrnjacka Banja | Transfer: Vrnjacka Banja &#8211; Nis Airport"},"content":{"rendered":"<div  class=\"wpb_row vc_row-fluid content-wrapper content-wrapper-standard clearfix\" style=\"padding-left: 0px; padding-right: 0px; \"><div class=\"col span_12\"><div class=\"wpb_column vc_column_container vc_col-sm-12\"><div class=\"vc_column-inner\"><div class=\"wpb_wrapper\">\n\t<div class=\"wpb_text_column wpb_content_element\" >\n\t\t<div class=\"wpb_wrapper\">\n\t\t\t<p><\/p>\n\n\t\t<\/div>\n\t<\/div>\n<\/div><\/div><\/div><\/div><\/div><div  class=\"wpb_row vc_row-fluid content-wrapper content-wrapper-standard clearfix\" style=\"padding-left: 0px; padding-right: 0px; \"><div class=\"col span_12\"><div class=\"wpb_column vc_column_container vc_col-sm-12\"><div class=\"vc_column-inner\"><div class=\"wpb_wrapper\">\n\t<div class=\"wpb_text_column wpb_content_element\" >\n\t\t<div class=\"wpb_wrapper\">\n\t\t\t<h3>Transfer: Airport Nis &#8211; Vrnjacka Banja<\/h3>\n<h3>Transfer: Vrnjacka Banja &#8211; Nis\u00a0Airport<\/h3>\n\n\t\t<\/div>\n\t<\/div>\n<\/div><\/div><\/div><\/div><\/div><div  class=\"wpb_row vc_row-fluid content-wrapper content-wrapper-standard clearfix\" style=\"padding-left: 0px; padding-right: 0px; \"><div class=\"col span_12\"><div class=\"wpb_column vc_column_container vc_col-sm-12\"><div class=\"vc_column-inner\"><div class=\"wpb_wrapper\">\n\t<div  class=\"wpb_single_image wpb_content_element vc_align_left\">\n\t\t\n\t\t<figure class=\"wpb_wrapper vc_figure\">\n\t\t\t<div class=\"vc_single_image-wrapper   vc_box_border_grey\"><img loading=\"lazy\" decoding=\"async\" class=\"vc_single_image-img\" src=\"https:\/\/flix.rs\/wp-content\/uploads\/2022\/10\/Most_Ljubavi_overview-e1667129329271.jpg\" width=\"1280\" height=\"960\" alt=\"Prevoz Nis Vrnjacka Banja\" title=\"PHOTO | WIKIPEDIA.ORG\" \/><\/div>\n\t\t<\/figure>\n\t<\/div>\n<\/div><\/div><\/div><\/div><\/div><div  class=\"wpb_row vc_row-fluid content-wrapper content-wrapper-standard clearfix\" style=\"padding-left: 0px; padding-right: 0px; \"><div class=\"col span_12\"><div class=\"wpb_column vc_column_container vc_col-sm-12\"><div class=\"vc_column-inner\"><div class=\"wpb_wrapper\">\n\t<div class=\"wpb_text_column wpb_content_element\" >\n\t\t<div class=\"wpb_wrapper\">\n\t\t\t<p>We provide <a href=\"https:\/\/flix.rs\/en\/airport-nis-shuttle-transfer\/\">transfer Ni\u0161 Airport &#8211; Vrnja\u010dka Banja<\/a>, <a href=\"https:\/\/flix.rs\/en\/airport-nis-shuttle-transfer\/\">transportation Vrnja\u010dka Banja &#8211; Ni\u0161 Airport<\/a>. It is also possible to transfer to other destinations of your choice, at a time that suits you.<\/p>\n<p>Phone number for info and booking\u00a0<a href=\"tel:+38163456515\">+381 63 456 515<\/a><\/p>\n<p>Online booking\u00a0<a href=\"https:\/\/flix.rs\/en\/rezervacija\/\">https:\/\/flix.rs\/rezervacija\/\u00a0<\/a><\/p>\n<p><strong>About Vrnjacka banja<\/strong><\/p>\n<p><strong>Vrnja\u010dka banja<\/strong>, as the most visited spa in Serbia, is a frequent choice of our travelers. It abounds with a large selection of different types of accommodation, from hotels in the highest class to private accommodation, tourist attractions, festivals, etc.<br \/>\nOf course, the main reason for visiting this wonderful spa is the mineral water springs. The most famous are:<\/p>\n<ul>\n<li>Sne\u017enik<\/li>\n<li>Jezero<\/li>\n<li>Topla Voda<\/li>\n<li>Borjak<\/li>\n<li>Vrnja\u010dko Vrelo<\/li>\n<\/ul>\n<p>Even during the Roman Empire, the <strong>Vrnja\u010dka spa<\/strong> was known for its sources of healing water, its fertile land. It is located in the valley of Morava river, near the Go\u010d mountain. In the Middle Ages, many monasteries were built in these regions, among which the most visited are <strong>Ljubostinja<\/strong>, the monastery of St. Petke,<em> \u017di\u010da monastery<\/em>, etc.<\/p>\n<p><strong>Vrnja\u010dka banja<\/strong> offers a large number of cultural events such as the Vrnja\u010dka carnival and\u00a0 the <strong>Love Fes<\/strong>t. The main attraction is certainly the bridge of love, which is located in the very center of the spa and lies across the Vrnja\u010dka river. Locals say, attach a padlock to this bridge with a loved one and as long as they remain attached to the bridge, that relationship is doomed to eternal happiness.<\/p>\n<p><strong>Travel<\/strong><\/p>\n<p>The distance from<strong> Ni\u0161 to Vrnja\u010dka spa<\/strong> is about 120 km, for which we need less than two hours of driving. We use the <strong>Ni\u0161-Belgrade highway<\/strong>, we move along the <em>E-75 corridor<\/em>, where we exit near the Aleksinack mines, and all the way to the destination &#8211; Vrnja\u010dka spa, we move along the regional roads.<\/p>\n<p><strong>Where we pass<\/strong><\/p>\n<p>Along the way, we pass by two important religious buildings &#8211; the Monastery of St. Roman dating back to the 9th century. It is also known for the fact that there is the grave of Colonel Vronsky, the great love of Anna Karenina, Lav Nikolaevic Tolstoy. Less than ten kilometers away, in the direction of Kru\u0161evac, there is the Monastery of the Protection of the Blessed Virgin Mary, a very important shrine in the entire Orthodox world.<br \/>\nThe road continues towards Kru\u0161evac, which we leave by turning off the road that leads to Ribarska Banja, a well-known rehabilitation center and sanatorium for rheumatological patients. We pass through Kru\u0161evac and continue towards <strong>Vrnja\u010dka banja<\/strong> via E-761, we pass Trstenik, after which we enter <a href=\"https:\/\/www.vrnjackabanja.gov.rs\/\">Vrnja\u010dka banja<\/a> in about twenty minutes.<\/p>\n\n\t\t<\/div>\n\t<\/div>\n<\/div><\/div><\/div><\/div><\/div>","protected":false},"excerpt":{"rendered":"[:sr] Prevoz: Aerodrom Nis - Vrnjacka Banja Prevoz:\u00a0Vrnjacka Banja\u00a0- Aerodrom Nis Obavljamo prevoz Aerodrom Ni\u0161 \u2013 Vrnja\u010dka Banja, prevoz Vrnja\u010dka Banja - Aerodrom Ni\u0161. Mogu\u0107 je i transfer do ostalih destinacija po Va\u0161em izboru, u vreme koje Vama odgovara. Broj za informacije i zakazivanje\u00a0+381 63 456 515 Online zakazivanje\u00a0https:\/\/flix.rs\/rezervacija\/ O Vrnja\u010dkoj banji Vrnja\u010dka banja kao","protected":false},"author":3,"featured_media":13466,"parent":0,"menu_order":0,"comment_status":"closed","ping_status":"closed","template":"","meta":{"footnotes":""},"yoast_head":"<!-- This site is optimized with the Yoast SEO plugin v24.5 - https:\/\/yoast.com\/wordpress\/plugins\/seo\/ -->\n<title>Prevoz: Aerodrom Nis - Vrnjacka Banja - Nis<\/title>\n<meta name=\"description\" content=\"Prevoz: Aerodrom Nis - Vrnjacka banja kao i prevoz u suprotnom smeru. Pouzdano, povoljno Tel +381 63 456 515\" \/>\n<meta name=\"robots\" content=\"index, follow, max-snippet:-1, max-image-preview:large, max-video-preview:-1\" \/>\n<link rel=\"canonical\" href=\"https:\/\/flix.rs\/en\/prevoz-aerodrom-nis-vrnjacka-banja-prevoz-vrnjacka-banja-aerodrom-nis\/\" \/>\n<meta property=\"og:locale\" content=\"en_GB\" \/>\n<meta property=\"og:type\" content=\"article\" \/>\n<meta property=\"og:title\" content=\"Prevoz: Aerodrom Nis - Vrnjacka Banja - Nis\" \/>\n<meta property=\"og:description\" content=\"Prevoz: Aerodrom Nis - Vrnjacka banja kao i prevoz u suprotnom smeru. Pouzdano, povoljno Tel +381 63 456 515\" \/>\n<meta property=\"og:url\" content=\"https:\/\/flix.rs\/en\/prevoz-aerodrom-nis-vrnjacka-banja-prevoz-vrnjacka-banja-aerodrom-nis\/\" \/>\n<meta property=\"og:site_name\" content=\"Flix.rs\" \/>\n<meta property=\"article:publisher\" content=\"https:\/\/www.facebook.com\/prevoz.putnika.nis\" \/>\n<meta property=\"article:modified_time\" content=\"2022-10-30T12:02:17+00:00\" \/>\n<meta property=\"og:image\" content=\"https:\/\/flix.rs\/wp-content\/uploads\/2022\/10\/Popina2-scaled-e1667128226260.jpg\" \/>\n\t<meta property=\"og:image:width\" content=\"1280\" \/>\n\t<meta property=\"og:image:height\" content=\"854\" \/>\n\t<meta property=\"og:image:type\" content=\"image\/jpeg\" \/>\n<meta name=\"twitter:card\" content=\"summary_large_image\" \/>\n<meta name=\"twitter:site\" content=\"@Prevozputnika1\" \/>\n<meta name=\"twitter:label1\" content=\"Estimated reading time\" \/>\n\t<meta name=\"twitter:data1\" content=\"5 minutes\" \/>\n<script type=\"application\/ld+json\" class=\"yoast-schema-graph\">{\"@context\":\"https:\/\/schema.org\",\"@graph\":[{\"@type\":\"WebPage\",\"@id\":\"https:\/\/flix.rs\/prevoz-aerodrom-nis-vrnjacka-banja-prevoz-vrnjacka-banja-aerodrom-nis\/\",\"url\":\"https:\/\/flix.rs\/prevoz-aerodrom-nis-vrnjacka-banja-prevoz-vrnjacka-banja-aerodrom-nis\/\",\"name\":\"Prevoz: Aerodrom Nis - Vrnjacka Banja - Nis\",\"isPartOf\":{\"@id\":\"https:\/\/flix.rs\/#website\"},\"primaryImageOfPage\":{\"@id\":\"https:\/\/flix.rs\/prevoz-aerodrom-nis-vrnjacka-banja-prevoz-vrnjacka-banja-aerodrom-nis\/#primaryimage\"},\"image\":{\"@id\":\"https:\/\/flix.rs\/prevoz-aerodrom-nis-vrnjacka-banja-prevoz-vrnjacka-banja-aerodrom-nis\/#primaryimage\"},\"thumbnailUrl\":\"https:\/\/flix.rs\/wp-content\/uploads\/2022\/10\/Popina2-scaled-e1667128226260.jpg\",\"datePublished\":\"2022-10-30T11:56:52+00:00\",\"dateModified\":\"2022-10-30T12:02:17+00:00\",\"description\":\"Prevoz: Aerodrom Nis - Vrnjacka banja kao i prevoz u suprotnom smeru. Pouzdano, povoljno Tel +381 63 456 515\",\"breadcrumb\":{\"@id\":\"https:\/\/flix.rs\/prevoz-aerodrom-nis-vrnjacka-banja-prevoz-vrnjacka-banja-aerodrom-nis\/#breadcrumb\"},\"inLanguage\":\"en-GB\",\"potentialAction\":[{\"@type\":\"ReadAction\",\"target\":[\"https:\/\/flix.rs\/prevoz-aerodrom-nis-vrnjacka-banja-prevoz-vrnjacka-banja-aerodrom-nis\/\"]}]},{\"@type\":\"ImageObject\",\"inLanguage\":\"en-GB\",\"@id\":\"https:\/\/flix.rs\/prevoz-aerodrom-nis-vrnjacka-banja-prevoz-vrnjacka-banja-aerodrom-nis\/#primaryimage\",\"url\":\"https:\/\/flix.rs\/wp-content\/uploads\/2022\/10\/Popina2-scaled-e1667128226260.jpg\",\"contentUrl\":\"https:\/\/flix.rs\/wp-content\/uploads\/2022\/10\/Popina2-scaled-e1667128226260.jpg\",\"width\":1280,\"height\":854,\"caption\":\"Prevoz Nis Vrnjacka Banja\"},{\"@type\":\"BreadcrumbList\",\"@id\":\"https:\/\/flix.rs\/prevoz-aerodrom-nis-vrnjacka-banja-prevoz-vrnjacka-banja-aerodrom-nis\/#breadcrumb\",\"itemListElement\":[{\"@type\":\"ListItem\",\"position\":1,\"name\":\"Home\",\"item\":\"https:\/\/flix.rs\/\"},{\"@type\":\"ListItem\",\"position\":2,\"name\":\"Prevoz: Aerodrom Nis &#8211; Vrnjacka Banja| Prevoz: Vrnjacka Banja &#8211; Aerodrom Nis\"}]},{\"@type\":\"WebSite\",\"@id\":\"https:\/\/flix.rs\/#website\",\"url\":\"https:\/\/flix.rs\/\",\"name\":\"Flix.rs\",\"description\":\"Va\u0161 prevoz do i sa aerodroma\",\"publisher\":{\"@id\":\"https:\/\/flix.rs\/#organization\"},\"potentialAction\":[{\"@type\":\"SearchAction\",\"target\":{\"@type\":\"EntryPoint\",\"urlTemplate\":\"https:\/\/flix.rs\/?s={search_term_string}\"},\"query-input\":{\"@type\":\"PropertyValueSpecification\",\"valueRequired\":true,\"valueName\":\"search_term_string\"}}],\"inLanguage\":\"en-GB\"},{\"@type\":\"Organization\",\"@id\":\"https:\/\/flix.rs\/#organization\",\"name\":\"Flix\",\"url\":\"https:\/\/flix.rs\/\",\"logo\":{\"@type\":\"ImageObject\",\"inLanguage\":\"en-GB\",\"@id\":\"https:\/\/flix.rs\/#\/schema\/logo\/image\/\",\"url\":\"https:\/\/flix.rs\/wp-content\/uploads\/2019\/12\/80805004_454427318816809_4019161238033399808_n.png\",\"contentUrl\":\"https:\/\/flix.rs\/wp-content\/uploads\/2019\/12\/80805004_454427318816809_4019161238033399808_n.png\",\"width\":120,\"height\":54,\"caption\":\"Flix\"},\"image\":{\"@id\":\"https:\/\/flix.rs\/#\/schema\/logo\/image\/\"},\"sameAs\":[\"https:\/\/www.facebook.com\/prevoz.putnika.nis\",\"https:\/\/x.com\/Prevozputnika1\"]}]}<\/script>\n<!-- \/ Yoast SEO plugin. -->","yoast_head_json":{"title":"Prevoz: Aerodrom Nis - Vrnjacka Banja - Nis","description":"Prevoz: Aerodrom Nis - Vrnjacka banja kao i prevoz u suprotnom smeru. Pouzdano, povoljno Tel +381 63 456 515","robots":{"index":"index","follow":"follow","max-snippet":"max-snippet:-1","max-image-preview":"max-image-preview:large","max-video-preview":"max-video-preview:-1"},"canonical":"https:\/\/flix.rs\/en\/prevoz-aerodrom-nis-vrnjacka-banja-prevoz-vrnjacka-banja-aerodrom-nis\/","og_locale":"en_GB","og_type":"article","og_title":"Prevoz: Aerodrom Nis - Vrnjacka Banja - Nis","og_description":"Prevoz: Aerodrom Nis - Vrnjacka banja kao i prevoz u suprotnom smeru. Pouzdano, povoljno Tel +381 63 456 515","og_url":"https:\/\/flix.rs\/en\/prevoz-aerodrom-nis-vrnjacka-banja-prevoz-vrnjacka-banja-aerodrom-nis\/","og_site_name":"Flix.rs","article_publisher":"https:\/\/www.facebook.com\/prevoz.putnika.nis","article_modified_time":"2022-10-30T12:02:17+00:00","og_image":[{"width":1280,"height":854,"url":"https:\/\/flix.rs\/wp-content\/uploads\/2022\/10\/Popina2-scaled-e1667128226260.jpg","type":"image\/jpeg"}],"twitter_card":"summary_large_image","twitter_site":"@Prevozputnika1","twitter_misc":{"Estimated reading time":"5 minutes"},"schema":{"@context":"https:\/\/schema.org","@graph":[{"@type":"WebPage","@id":"https:\/\/flix.rs\/prevoz-aerodrom-nis-vrnjacka-banja-prevoz-vrnjacka-banja-aerodrom-nis\/","url":"https:\/\/flix.rs\/prevoz-aerodrom-nis-vrnjacka-banja-prevoz-vrnjacka-banja-aerodrom-nis\/","name":"Prevoz: Aerodrom Nis - Vrnjacka Banja - Nis","isPartOf":{"@id":"https:\/\/flix.rs\/#website"},"primaryImageOfPage":{"@id":"https:\/\/flix.rs\/prevoz-aerodrom-nis-vrnjacka-banja-prevoz-vrnjacka-banja-aerodrom-nis\/#primaryimage"},"image":{"@id":"https:\/\/flix.rs\/prevoz-aerodrom-nis-vrnjacka-banja-prevoz-vrnjacka-banja-aerodrom-nis\/#primaryimage"},"thumbnailUrl":"https:\/\/flix.rs\/wp-content\/uploads\/2022\/10\/Popina2-scaled-e1667128226260.jpg","datePublished":"2022-10-30T11:56:52+00:00","dateModified":"2022-10-30T12:02:17+00:00","description":"Prevoz: Aerodrom Nis - Vrnjacka banja kao i prevoz u suprotnom smeru. Pouzdano, povoljno Tel +381 63 456 515","breadcrumb":{"@id":"https:\/\/flix.rs\/prevoz-aerodrom-nis-vrnjacka-banja-prevoz-vrnjacka-banja-aerodrom-nis\/#breadcrumb"},"inLanguage":"en-GB","potentialAction":[{"@type":"ReadAction","target":["https:\/\/flix.rs\/prevoz-aerodrom-nis-vrnjacka-banja-prevoz-vrnjacka-banja-aerodrom-nis\/"]}]},{"@type":"ImageObject","inLanguage":"en-GB","@id":"https:\/\/flix.rs\/prevoz-aerodrom-nis-vrnjacka-banja-prevoz-vrnjacka-banja-aerodrom-nis\/#primaryimage","url":"https:\/\/flix.rs\/wp-content\/uploads\/2022\/10\/Popina2-scaled-e1667128226260.jpg","contentUrl":"https:\/\/flix.rs\/wp-content\/uploads\/2022\/10\/Popina2-scaled-e1667128226260.jpg","width":1280,"height":854,"caption":"Prevoz Nis Vrnjacka Banja"},{"@type":"BreadcrumbList","@id":"https:\/\/flix.rs\/prevoz-aerodrom-nis-vrnjacka-banja-prevoz-vrnjacka-banja-aerodrom-nis\/#breadcrumb","itemListElement":[{"@type":"ListItem","position":1,"name":"Home","item":"https:\/\/flix.rs\/"},{"@type":"ListItem","position":2,"name":"Prevoz: Aerodrom Nis &#8211; Vrnjacka Banja| Prevoz: Vrnjacka Banja &#8211; Aerodrom Nis"}]},{"@type":"WebSite","@id":"https:\/\/flix.rs\/#website","url":"https:\/\/flix.rs\/","name":"Flix.rs","description":"Va\u0161 prevoz do i sa aerodroma","publisher":{"@id":"https:\/\/flix.rs\/#organization"},"potentialAction":[{"@type":"SearchAction","target":{"@type":"EntryPoint","urlTemplate":"https:\/\/flix.rs\/?s={search_term_string}"},"query-input":{"@type":"PropertyValueSpecification","valueRequired":true,"valueName":"search_term_string"}}],"inLanguage":"en-GB"},{"@type":"Organization","@id":"https:\/\/flix.rs\/#organization","name":"Flix","url":"https:\/\/flix.rs\/","logo":{"@type":"ImageObject","inLanguage":"en-GB","@id":"https:\/\/flix.rs\/#\/schema\/logo\/image\/","url":"https:\/\/flix.rs\/wp-content\/uploads\/2019\/12\/80805004_454427318816809_4019161238033399808_n.png","contentUrl":"https:\/\/flix.rs\/wp-content\/uploads\/2019\/12\/80805004_454427318816809_4019161238033399808_n.png","width":120,"height":54,"caption":"Flix"},"image":{"@id":"https:\/\/flix.rs\/#\/schema\/logo\/image\/"},"sameAs":["https:\/\/www.facebook.com\/prevoz.putnika.nis","https:\/\/x.com\/Prevozputnika1"]}]}},"_links":{"self":[{"href":"https:\/\/flix.rs\/en\/wp-json\/wp\/v2\/pages\/13465"}],"collection":[{"href":"https:\/\/flix.rs\/en\/wp-json\/wp\/v2\/pages"}],"about":[{"href":"https:\/\/flix.rs\/en\/wp-json\/wp\/v2\/types\/page"}],"author":[{"embeddable":true,"href":"https:\/\/flix.rs\/en\/wp-json\/wp\/v2\/users\/3"}],"replies":[{"embeddable":true,"href":"https:\/\/flix.rs\/en\/wp-json\/wp\/v2\/comments?post=13465"}],"version-history":[{"count":4,"href":"https:\/\/flix.rs\/en\/wp-json\/wp\/v2\/pages\/13465\/revisions"}],"predecessor-version":[{"id":13472,"href":"https:\/\/flix.rs\/en\/wp-json\/wp\/v2\/pages\/13465\/revisions\/13472"}],"wp:featuredmedia":[{"embeddable":true,"href":"https:\/\/flix.rs\/en\/wp-json\/wp\/v2\/media\/13466"}],"wp:attachment":[{"href":"https:\/\/flix.rs\/en\/wp-json\/wp\/v2\/media?parent=13465"}],"curies":[{"name":"wp","href":"https:\/\/api.w.org\/{rel}","templated":true}]}}