{"id":13443,"date":"2022-10-23T18:53:01","date_gmt":"2022-10-23T17:53:01","guid":{"rendered":"https:\/\/flix.rs\/?page_id=13443"},"modified":"2022-10-29T12:33:53","modified_gmt":"2022-10-29T11:33:53","slug":"prevoz-aerodrom-nis-novi-sad-prevoz-novi-sad-aerodrom-nis","status":"publish","type":"page","link":"https:\/\/flix.rs\/en\/transfer-nis-airport-novi-sad-transfer-novi-sad-nis-airport\/","title":{"rendered":"Transfer: Nis Airport \u2013 Novi Sad | Transfer: Novi Sad \u2013 Nis Airport"},"content":{"rendered":"<div  class=\"wpb_row vc_row-fluid content-wrapper content-wrapper-standard clearfix\" style=\"padding-left: 0px; padding-right: 0px; \"><div class=\"col span_12\"><div class=\"wpb_column vc_column_container vc_col-sm-12\"><div class=\"vc_column-inner\"><div class=\"wpb_wrapper\">\n\t<div class=\"wpb_text_column wpb_content_element\" >\n\t\t<div class=\"wpb_wrapper\">\n\t\t\t<p><\/p>\n\n\t\t<\/div>\n\t<\/div>\n<\/div><\/div><\/div><\/div><\/div><div  class=\"wpb_row vc_row-fluid content-wrapper content-wrapper-standard clearfix\" style=\"padding-left: 0px; padding-right: 0px; \"><div class=\"col span_12\"><div class=\"wpb_column vc_column_container vc_col-sm-12\"><div class=\"vc_column-inner\"><div class=\"wpb_wrapper\">\n\t<div class=\"wpb_text_column wpb_content_element\" >\n\t\t<div class=\"wpb_wrapper\">\n\t\t\t<h3>Transfer: Nis Airport \u2013 Novi Sad<br \/>\nTransfer:\u00a0Novi Sad\u00a0\u2013 Nis Airport<\/h3>\n\n\t\t<\/div>\n\t<\/div>\n<\/div><\/div><\/div><\/div><\/div><div  class=\"wpb_row vc_row-fluid content-wrapper content-wrapper-standard clearfix\" style=\"padding-left: 0px; padding-right: 0px; \"><div class=\"col span_12\"><div class=\"wpb_column vc_column_container vc_col-sm-12\"><div class=\"vc_column-inner\"><div class=\"wpb_wrapper\"><h3 class=\"center-title\"><\/h3><div class=\"title-block2\"><\/div><\/div><\/div><\/div><\/div><\/div><div  class=\"wpb_row vc_row-fluid content-wrapper content-wrapper-standard clearfix\" style=\"padding-left: 0px; padding-right: 0px; \"><div class=\"col span_12\"><div class=\"wpb_column vc_column_container vc_col-sm-12\"><div class=\"vc_column-inner\"><div class=\"wpb_wrapper\">\n\t<div  class=\"wpb_single_image wpb_content_element vc_align_left\">\n\t\t\n\t\t<figure class=\"wpb_wrapper vc_figure\">\n\t\t\t<div class=\"vc_single_image-wrapper   vc_box_border_grey\"><img loading=\"lazy\" decoding=\"async\" class=\"vc_single_image-img\" src=\"https:\/\/flix.rs\/wp-content\/uploads\/2022\/10\/IMG_6627-scaled-1280x960.jpg\" width=\"1280\" height=\"960\" alt=\"Transfer Nis Airport Novi Sad\" title=\"PHOTO | FLIX.RS\" \/><\/div>\n\t\t<\/figure>\n\t<\/div>\n<\/div><\/div><\/div><\/div><\/div><div  class=\"wpb_row vc_row-fluid content-wrapper content-wrapper-standard clearfix\" style=\"padding-left: 0px; padding-right: 0px; \"><div class=\"col span_12\"><div class=\"wpb_column vc_column_container vc_col-sm-12\"><div class=\"vc_column-inner\"><div class=\"wpb_wrapper\">\n\t<div class=\"wpb_text_column wpb_content_element\" >\n\t\t<div class=\"wpb_wrapper\">\n\t\t\t<p>We provide <a href=\"https:\/\/flix.rs\/en\/airport-nis-shuttle-transfer\/\">transfer Nis Airport to Novi Sad<\/a>, <a href=\"https:\/\/flix.rs\/en\/airport-nis-shuttle-transfer\/\">transfer Novi Sad to Nis Airport<\/a>. It is also possible transfers to any other destination in the country and abroad.<\/p>\n<p>Phone number for info and booking\u00a0<a href=\"tel:+38163456515\">+381 63 456 515<\/a><\/p>\n<p>Online booking\u00a0<a href=\"https:\/\/flix.rs\/en\/rezervacija\/\">https:\/\/flix.rs\/rezervacija\/<\/a><\/p>\n<h3>Travel<\/h3>\n<p>We carry out transportation with comfortable and reliable vehicles of the latest generation. From the very start &#8211; <strong>Ni\u0161 Airport<\/strong>, to <strong>Novi Sad<\/strong>, we use the highway that lies on the pan-European corridor <strong>E-75<\/strong>. The journey itself, under normal circumstances, takes about 3.5 hours with a distance of 330 km, so a short break is desirable. On the road from<strong> Ni\u0161 to Novi Sad<\/strong>, there are a large number of gas stations and rest stops, so that segment is not problematic.<br \/>\nIn case of large crowds when passing through <strong>Belgrade<\/strong>, as agreed with the passengers, we use the bypass around Belgrade, which is expected to be fully operational by the end of <em>2023<\/em>.<br \/>\nIf you fly from Ni\u0161 airport during the summer season and travel from <strong>Novi Sad<\/strong>, it is recommended to leave at least one hour earlier than planned. From May to October, there are regular reconstructions of the wearing layers on the roadways, so there are frequent narrowings and traffic slowdowns.<\/p>\n<h3>Reservations<\/h3>\n<p>Due to the large number of inquiries and <strong>transfer reservations<\/strong>, it is preferable to schedule our transportation, either online or by phone, at least 2-3 days before the trip. If you are traveling from <strong>Novi Sad<\/strong> to any other city in central and southern Serbia, you can also use our transportation guidelines.<br \/>\nWe usually carry out transportation in the category of vehicles with up to 4, 6 or 8 passengers, with the additional option of renting a vehicle with a driver for up to 20 and over 50 seats.<br \/>\nThe vehicles are in the economy (standard) class as well as in the business category.<br \/>\nIn these more than 10 years of business, we can boast of the fact, and it is about thousands of transported passengers, that our passengers have always and without exception arrived at their destination at the planned time and that our passenger never missed a flight!<\/p>\n<p><a href=\"https:\/\/www.google.com\/search?q=Transport+passenger+Nis+Sofija+Belgrade+Airport#lrd=0x4755b179e6a76c7b:0xb194a80901667b0f,1,,,\">You can also see what our travelers write about us<\/a><\/p>\n\n\t\t<\/div>\n\t<\/div>\n<\/div><\/div><\/div><\/div><\/div>","protected":false},"excerpt":{"rendered":"[:sr] Prevoz: Aerodrom Nis \u2013 Novi Sad Prevoz: Novi Sad \u2013 Aerodrom Nis Obavljamo prevoz Aerodrom Ni\u0161 \u2013 Novi Sad, prevoz Novi Sad - Aerodrom Ni\u0161. Tako\u0111e mogu\u0107 je prevoz i do bilo koje druge destinacije u zemlji i inostranstvu. Broj za informacije i zakazivanje\u00a0+381 63 456 515 Online zakazivanje\u00a0https:\/\/flix.rs\/rezervacija\/ &nbsp; Putovanje Prevoz obavljamo udobnim","protected":false},"author":3,"featured_media":13425,"parent":0,"menu_order":0,"comment_status":"closed","ping_status":"closed","template":"","meta":{"footnotes":""},"yoast_head":"<!-- This site is optimized with the Yoast SEO plugin v24.5 - https:\/\/yoast.com\/wordpress\/plugins\/seo\/ -->\n<title>Prevoz: Aerodrom Nis\u2013Novi Sad | Prevoz: Novi Sad\u2013Aerodrom Nis<\/title>\n<meta name=\"description\" content=\"Prevoz putnika od Aerodroma Nis do Novog Sada i nazad. Mogu\u0107 prevoz do Beograda, Sofije, Skoplja, Pri\u0161tine. Tel +381 63 456 515\" \/>\n<meta name=\"robots\" content=\"index, follow, max-snippet:-1, max-image-preview:large, max-video-preview:-1\" \/>\n<link rel=\"canonical\" href=\"https:\/\/flix.rs\/en\/prevoz-aerodrom-nis-novi-sad-prevoz-novi-sad-aerodrom-nis\/\" \/>\n<meta property=\"og:locale\" content=\"en_GB\" \/>\n<meta property=\"og:type\" content=\"article\" \/>\n<meta property=\"og:title\" content=\"Prevoz: Aerodrom Nis\u2013Novi Sad | Prevoz: Novi Sad\u2013Aerodrom Nis\" \/>\n<meta property=\"og:description\" content=\"Prevoz putnika od Aerodroma Nis do Novog Sada i nazad. Mogu\u0107 prevoz do Beograda, Sofije, Skoplja, Pri\u0161tine. Tel +381 63 456 515\" \/>\n<meta property=\"og:url\" content=\"https:\/\/flix.rs\/en\/prevoz-aerodrom-nis-novi-sad-prevoz-novi-sad-aerodrom-nis\/\" \/>\n<meta property=\"og:site_name\" content=\"Flix.rs\" \/>\n<meta property=\"article:publisher\" content=\"https:\/\/www.facebook.com\/prevoz.putnika.nis\" \/>\n<meta property=\"article:modified_time\" content=\"2022-10-29T11:33:53+00:00\" \/>\n<meta property=\"og:image\" content=\"https:\/\/flix.rs\/wp-content\/uploads\/2022\/10\/IMG_6625-scaled.jpg\" \/>\n\t<meta property=\"og:image:width\" content=\"2560\" \/>\n\t<meta property=\"og:image:height\" content=\"1707\" \/>\n\t<meta property=\"og:image:type\" content=\"image\/jpeg\" \/>\n<meta name=\"twitter:card\" content=\"summary_large_image\" \/>\n<meta name=\"twitter:site\" content=\"@Prevozputnika1\" \/>\n<meta name=\"twitter:label1\" content=\"Estimated reading time\" \/>\n\t<meta name=\"twitter:data1\" content=\"4 minutes\" \/>\n<script type=\"application\/ld+json\" class=\"yoast-schema-graph\">{\"@context\":\"https:\/\/schema.org\",\"@graph\":[{\"@type\":\"WebPage\",\"@id\":\"https:\/\/flix.rs\/prevoz-aerodrom-nis-novi-sad-prevoz-novi-sad-aerodrom-nis\/\",\"url\":\"https:\/\/flix.rs\/prevoz-aerodrom-nis-novi-sad-prevoz-novi-sad-aerodrom-nis\/\",\"name\":\"Prevoz: Aerodrom Nis\u2013Novi Sad | Prevoz: Novi Sad\u2013Aerodrom Nis\",\"isPartOf\":{\"@id\":\"https:\/\/flix.rs\/#website\"},\"primaryImageOfPage\":{\"@id\":\"https:\/\/flix.rs\/prevoz-aerodrom-nis-novi-sad-prevoz-novi-sad-aerodrom-nis\/#primaryimage\"},\"image\":{\"@id\":\"https:\/\/flix.rs\/prevoz-aerodrom-nis-novi-sad-prevoz-novi-sad-aerodrom-nis\/#primaryimage\"},\"thumbnailUrl\":\"https:\/\/flix.rs\/wp-content\/uploads\/2022\/10\/IMG_6625-scaled-e1681024713860.jpg\",\"datePublished\":\"2022-10-23T17:53:01+00:00\",\"dateModified\":\"2022-10-29T11:33:53+00:00\",\"description\":\"Prevoz putnika od Aerodroma Nis do Novog Sada i nazad. Mogu\u0107 prevoz do Beograda, Sofije, Skoplja, Pri\u0161tine. Tel +381 63 456 515\",\"breadcrumb\":{\"@id\":\"https:\/\/flix.rs\/prevoz-aerodrom-nis-novi-sad-prevoz-novi-sad-aerodrom-nis\/#breadcrumb\"},\"inLanguage\":\"en-GB\",\"potentialAction\":[{\"@type\":\"ReadAction\",\"target\":[\"https:\/\/flix.rs\/prevoz-aerodrom-nis-novi-sad-prevoz-novi-sad-aerodrom-nis\/\"]}]},{\"@type\":\"ImageObject\",\"inLanguage\":\"en-GB\",\"@id\":\"https:\/\/flix.rs\/prevoz-aerodrom-nis-novi-sad-prevoz-novi-sad-aerodrom-nis\/#primaryimage\",\"url\":\"https:\/\/flix.rs\/wp-content\/uploads\/2022\/10\/IMG_6625-scaled-e1681024713860.jpg\",\"contentUrl\":\"https:\/\/flix.rs\/wp-content\/uploads\/2022\/10\/IMG_6625-scaled-e1681024713860.jpg\",\"width\":1280,\"height\":854,\"caption\":\"Transfer Nis Kopaonik\"},{\"@type\":\"BreadcrumbList\",\"@id\":\"https:\/\/flix.rs\/prevoz-aerodrom-nis-novi-sad-prevoz-novi-sad-aerodrom-nis\/#breadcrumb\",\"itemListElement\":[{\"@type\":\"ListItem\",\"position\":1,\"name\":\"Home\",\"item\":\"https:\/\/flix.rs\/\"},{\"@type\":\"ListItem\",\"position\":2,\"name\":\"Prevoz: Aerodrom Nis &#8211; Novi Sad | Prevoz: Novi Sad &#8211; Aerodrom Nis\"}]},{\"@type\":\"WebSite\",\"@id\":\"https:\/\/flix.rs\/#website\",\"url\":\"https:\/\/flix.rs\/\",\"name\":\"Flix.rs\",\"description\":\"Va\u0161 prevoz do i sa aerodroma\",\"publisher\":{\"@id\":\"https:\/\/flix.rs\/#organization\"},\"potentialAction\":[{\"@type\":\"SearchAction\",\"target\":{\"@type\":\"EntryPoint\",\"urlTemplate\":\"https:\/\/flix.rs\/?s={search_term_string}\"},\"query-input\":{\"@type\":\"PropertyValueSpecification\",\"valueRequired\":true,\"valueName\":\"search_term_string\"}}],\"inLanguage\":\"en-GB\"},{\"@type\":\"Organization\",\"@id\":\"https:\/\/flix.rs\/#organization\",\"name\":\"Flix\",\"url\":\"https:\/\/flix.rs\/\",\"logo\":{\"@type\":\"ImageObject\",\"inLanguage\":\"en-GB\",\"@id\":\"https:\/\/flix.rs\/#\/schema\/logo\/image\/\",\"url\":\"https:\/\/flix.rs\/wp-content\/uploads\/2019\/12\/80805004_454427318816809_4019161238033399808_n.png\",\"contentUrl\":\"https:\/\/flix.rs\/wp-content\/uploads\/2019\/12\/80805004_454427318816809_4019161238033399808_n.png\",\"width\":120,\"height\":54,\"caption\":\"Flix\"},\"image\":{\"@id\":\"https:\/\/flix.rs\/#\/schema\/logo\/image\/\"},\"sameAs\":[\"https:\/\/www.facebook.com\/prevoz.putnika.nis\",\"https:\/\/x.com\/Prevozputnika1\"]}]}<\/script>\n<!-- \/ Yoast SEO plugin. -->","yoast_head_json":{"title":"Prevoz: Aerodrom Nis\u2013Novi Sad | Prevoz: Novi Sad\u2013Aerodrom Nis","description":"Prevoz putnika od Aerodroma Nis do Novog Sada i nazad. Mogu\u0107 prevoz do Beograda, Sofije, Skoplja, Pri\u0161tine. Tel +381 63 456 515","robots":{"index":"index","follow":"follow","max-snippet":"max-snippet:-1","max-image-preview":"max-image-preview:large","max-video-preview":"max-video-preview:-1"},"canonical":"https:\/\/flix.rs\/en\/prevoz-aerodrom-nis-novi-sad-prevoz-novi-sad-aerodrom-nis\/","og_locale":"en_GB","og_type":"article","og_title":"Prevoz: Aerodrom Nis\u2013Novi Sad | Prevoz: Novi Sad\u2013Aerodrom Nis","og_description":"Prevoz putnika od Aerodroma Nis do Novog Sada i nazad. Mogu\u0107 prevoz do Beograda, Sofije, Skoplja, Pri\u0161tine. Tel +381 63 456 515","og_url":"https:\/\/flix.rs\/en\/prevoz-aerodrom-nis-novi-sad-prevoz-novi-sad-aerodrom-nis\/","og_site_name":"Flix.rs","article_publisher":"https:\/\/www.facebook.com\/prevoz.putnika.nis","article_modified_time":"2022-10-29T11:33:53+00:00","og_image":[{"width":2560,"height":1707,"url":"https:\/\/flix.rs\/wp-content\/uploads\/2022\/10\/IMG_6625-scaled.jpg","type":"image\/jpeg"}],"twitter_card":"summary_large_image","twitter_site":"@Prevozputnika1","twitter_misc":{"Estimated reading time":"4 minutes"},"schema":{"@context":"https:\/\/schema.org","@graph":[{"@type":"WebPage","@id":"https:\/\/flix.rs\/prevoz-aerodrom-nis-novi-sad-prevoz-novi-sad-aerodrom-nis\/","url":"https:\/\/flix.rs\/prevoz-aerodrom-nis-novi-sad-prevoz-novi-sad-aerodrom-nis\/","name":"Prevoz: Aerodrom Nis\u2013Novi Sad | Prevoz: Novi Sad\u2013Aerodrom Nis","isPartOf":{"@id":"https:\/\/flix.rs\/#website"},"primaryImageOfPage":{"@id":"https:\/\/flix.rs\/prevoz-aerodrom-nis-novi-sad-prevoz-novi-sad-aerodrom-nis\/#primaryimage"},"image":{"@id":"https:\/\/flix.rs\/prevoz-aerodrom-nis-novi-sad-prevoz-novi-sad-aerodrom-nis\/#primaryimage"},"thumbnailUrl":"https:\/\/flix.rs\/wp-content\/uploads\/2022\/10\/IMG_6625-scaled-e1681024713860.jpg","datePublished":"2022-10-23T17:53:01+00:00","dateModified":"2022-10-29T11:33:53+00:00","description":"Prevoz putnika od Aerodroma Nis do Novog Sada i nazad. Mogu\u0107 prevoz do Beograda, Sofije, Skoplja, Pri\u0161tine. Tel +381 63 456 515","breadcrumb":{"@id":"https:\/\/flix.rs\/prevoz-aerodrom-nis-novi-sad-prevoz-novi-sad-aerodrom-nis\/#breadcrumb"},"inLanguage":"en-GB","potentialAction":[{"@type":"ReadAction","target":["https:\/\/flix.rs\/prevoz-aerodrom-nis-novi-sad-prevoz-novi-sad-aerodrom-nis\/"]}]},{"@type":"ImageObject","inLanguage":"en-GB","@id":"https:\/\/flix.rs\/prevoz-aerodrom-nis-novi-sad-prevoz-novi-sad-aerodrom-nis\/#primaryimage","url":"https:\/\/flix.rs\/wp-content\/uploads\/2022\/10\/IMG_6625-scaled-e1681024713860.jpg","contentUrl":"https:\/\/flix.rs\/wp-content\/uploads\/2022\/10\/IMG_6625-scaled-e1681024713860.jpg","width":1280,"height":854,"caption":"Transfer Nis Kopaonik"},{"@type":"BreadcrumbList","@id":"https:\/\/flix.rs\/prevoz-aerodrom-nis-novi-sad-prevoz-novi-sad-aerodrom-nis\/#breadcrumb","itemListElement":[{"@type":"ListItem","position":1,"name":"Home","item":"https:\/\/flix.rs\/"},{"@type":"ListItem","position":2,"name":"Prevoz: Aerodrom Nis &#8211; Novi Sad | Prevoz: Novi Sad &#8211; Aerodrom Nis"}]},{"@type":"WebSite","@id":"https:\/\/flix.rs\/#website","url":"https:\/\/flix.rs\/","name":"Flix.rs","description":"Va\u0161 prevoz do i sa aerodroma","publisher":{"@id":"https:\/\/flix.rs\/#organization"},"potentialAction":[{"@type":"SearchAction","target":{"@type":"EntryPoint","urlTemplate":"https:\/\/flix.rs\/?s={search_term_string}"},"query-input":{"@type":"PropertyValueSpecification","valueRequired":true,"valueName":"search_term_string"}}],"inLanguage":"en-GB"},{"@type":"Organization","@id":"https:\/\/flix.rs\/#organization","name":"Flix","url":"https:\/\/flix.rs\/","logo":{"@type":"ImageObject","inLanguage":"en-GB","@id":"https:\/\/flix.rs\/#\/schema\/logo\/image\/","url":"https:\/\/flix.rs\/wp-content\/uploads\/2019\/12\/80805004_454427318816809_4019161238033399808_n.png","contentUrl":"https:\/\/flix.rs\/wp-content\/uploads\/2019\/12\/80805004_454427318816809_4019161238033399808_n.png","width":120,"height":54,"caption":"Flix"},"image":{"@id":"https:\/\/flix.rs\/#\/schema\/logo\/image\/"},"sameAs":["https:\/\/www.facebook.com\/prevoz.putnika.nis","https:\/\/x.com\/Prevozputnika1"]}]}},"_links":{"self":[{"href":"https:\/\/flix.rs\/en\/wp-json\/wp\/v2\/pages\/13443"}],"collection":[{"href":"https:\/\/flix.rs\/en\/wp-json\/wp\/v2\/pages"}],"about":[{"href":"https:\/\/flix.rs\/en\/wp-json\/wp\/v2\/types\/page"}],"author":[{"embeddable":true,"href":"https:\/\/flix.rs\/en\/wp-json\/wp\/v2\/users\/3"}],"replies":[{"embeddable":true,"href":"https:\/\/flix.rs\/en\/wp-json\/wp\/v2\/comments?post=13443"}],"version-history":[{"count":4,"href":"https:\/\/flix.rs\/en\/wp-json\/wp\/v2\/pages\/13443\/revisions"}],"predecessor-version":[{"id":13462,"href":"https:\/\/flix.rs\/en\/wp-json\/wp\/v2\/pages\/13443\/revisions\/13462"}],"wp:featuredmedia":[{"embeddable":true,"href":"https:\/\/flix.rs\/en\/wp-json\/wp\/v2\/media\/13425"}],"wp:attachment":[{"href":"https:\/\/flix.rs\/en\/wp-json\/wp\/v2\/media?parent=13443"}],"curies":[{"name":"wp","href":"https:\/\/api.w.org\/{rel}","templated":true}]}}