{"id":13423,"date":"2022-10-16T19:22:25","date_gmt":"2022-10-16T18:22:25","guid":{"rendered":"https:\/\/flix.rs\/?page_id=13423"},"modified":"2022-10-29T12:31:34","modified_gmt":"2022-10-29T11:31:34","slug":"prevoz-aerodrom-nis-kopaonik-prevoz-kopaonik-aerodrom-nis","status":"publish","type":"page","link":"https:\/\/flix.rs\/en\/transfer-nis-airport-kopaonik-transfer-kopaonik-nis-airport\/","title":{"rendered":"Transfer: Nis Airport \u2013 Kopaonik  | Transfer: Kopaonik \u2013 Nis Airport"},"content":{"rendered":"<div  class=\"wpb_row vc_row-fluid content-wrapper content-wrapper-standard clearfix\" style=\"padding-left: 0px; padding-right: 0px; \"><div class=\"col span_12\"><div class=\"wpb_column vc_column_container vc_col-sm-12\"><div class=\"vc_column-inner\"><div class=\"wpb_wrapper\">\n\t<div class=\"wpb_text_column wpb_content_element\" >\n\t\t<div class=\"wpb_wrapper\">\n\t\t\t<p><\/p>\n\n\t\t<\/div>\n\t<\/div>\n<\/div><\/div><\/div><\/div><\/div><div  class=\"wpb_row vc_row-fluid content-wrapper content-wrapper-standard clearfix\" style=\"padding-left: 0px; padding-right: 0px; \"><div class=\"col span_12\"><div class=\"wpb_column vc_column_container vc_col-sm-12\"><div class=\"vc_column-inner\"><div class=\"wpb_wrapper\">\n\t<div class=\"wpb_text_column wpb_content_element\" >\n\t\t<div class=\"wpb_wrapper\">\n\t\t\t<h3>Transfer: Nis Airport \u2013 Kopaonik<br \/>\nTransfer: Kopaonik \u2013 Nis Airport<\/h3>\n\n\t\t<\/div>\n\t<\/div>\n<\/div><\/div><\/div><\/div><\/div><div  class=\"wpb_row vc_row-fluid content-wrapper content-wrapper-standard clearfix\" style=\"padding-left: 0px; padding-right: 0px; \"><div class=\"col span_12\"><div class=\"wpb_column vc_column_container vc_col-sm-12\"><div class=\"vc_column-inner\"><div class=\"wpb_wrapper\"><h3 class=\"center-title\"><\/h3><div class=\"title-block2\"><\/div><\/div><\/div><\/div><\/div><\/div><div  class=\"wpb_row vc_row-fluid content-wrapper content-wrapper-standard clearfix\" style=\"padding-left: 0px; padding-right: 0px; \"><div class=\"col span_12\"><div class=\"wpb_column vc_column_container vc_col-sm-12\"><div class=\"vc_column-inner\"><div class=\"wpb_wrapper\">\n\t<div  class=\"wpb_single_image wpb_content_element vc_align_left\">\n\t\t\n\t\t<figure class=\"wpb_wrapper vc_figure\">\n\t\t\t<div class=\"vc_single_image-wrapper   vc_box_border_grey\"><img loading=\"lazy\" decoding=\"async\" class=\"vc_single_image-img\" src=\"https:\/\/flix.rs\/wp-content\/uploads\/2022\/10\/IMG_6625-scaled-e1681024713860.jpg\" width=\"1280\" height=\"854\" alt=\"Transfer Nis Kopaonik\" title=\"PHOTO | FLIX.RS\" \/><\/div>\n\t\t<\/figure>\n\t<\/div>\n<\/div><\/div><\/div><\/div><\/div><div  class=\"wpb_row vc_row-fluid content-wrapper content-wrapper-standard clearfix\" style=\"padding-left: 0px; padding-right: 0px; \"><div class=\"col span_12\"><div class=\"wpb_column vc_column_container vc_col-sm-12\"><div class=\"vc_column-inner\"><div class=\"wpb_wrapper\">\n\t<div class=\"wpb_text_column wpb_content_element\" >\n\t\t<div class=\"wpb_wrapper\">\n\t\t\t<p>We provide<a href=\"https:\/\/flix.rs\/en\/airport-nis-shuttle-transfer\/\"> transfer Nis Airport &#8211; Kopaonik<\/a>, <a href=\"https:\/\/flix.rs\/en\/airport-nis-shuttle-transfer\/\">transfer Kopaonik &#8211; Nis Airport<\/a>. It is also possible to arrange transfers for destinations of your choice, at a time that suits you.<\/p>\n<p>Phone number for info and booking <a href=\"tel:+38163456515\">+381 63 456 515<\/a><\/p>\n<p>Online booking <a href=\"https:\/\/flix.rs\/en\/rezervacija\/\">https:\/\/flix.rs\/rezervacija\/<\/a><\/p>\n<h3>Travel<\/h3>\n<p>The road from <strong>Ni\u0161 airport to Kopaonik<\/strong> would be considered fast and short based on the mileage. But we have an interesting 120 km journey ahead of us and some, depending on the time of year, two to two and a half hours of pleasant driving. From the airport, which is in the immediate vicinity of the Nis Sever toll station, we join the highway and head along the <em>E-75<\/em> corridor in the direction of <strong>Skopje<\/strong>. Soon, after about ten minutes of driving, we get off the highway and go to Kopaonik exclusively on regional roads.<\/p>\n<h3>Where we pass<\/h3>\n<p>It is interesting that until Kopaonik itself, and after getting off the highway, we will pass through populated areas. The municipality of Mero\u0161ina is the first, in the vicinity of which there is a small but well-known <em>Obla\u010dinsko jezero<\/em>. We continue to <strong>Prokuplje<\/strong>, through which we wind until we leave the city, after which we continue in order towards Mala Plana and Blac. After turning right from this regional road that leads to the integrated crossing of <strong>Merdare<\/strong> and <strong>Kosovo and Metohija.<\/strong> It is near the town of Beloljin, we move along a beautiful, straight section of road located at the foot of the western part of the Mali Jastrebac mountain.<br \/>\nBlace, a typical place in the south of Serbia, which can be passed through literally in 1 minute, after which the landscape slowly begins to take on hilly and mountainous outlines. After about thirty minutes, we reach the crossroads near Razbojina, right in front of the \u010celije lake, where we turn left and continue towards Brus.<\/p>\n<h3>Landscape<\/h3>\n<p>It gets more and more beautiful, we move along the river Rasina with beautiful pastures and mini gorges. We enter <strong>Brus<\/strong>, from where we can choose from which side we will approach <strong>Kopaonik<\/strong>. If we continue straight, towards Jo\u0161ani\u010dka banja, we would take a more beautiful, but rather longer route, so we choose to turn left and continue towards Brze\u0107e. You can already feel that we are getting closer to the mountain, in front of every house along the way you can buy <em>homemade fruit and vegetable products<\/em>.<\/p>\n<h3>Final<\/h3>\n<p>From the turn from <strong>Brze\u0107e<\/strong> to the peaks of <strong>Kopaonik<\/strong>, in winter conditions,\u00a0 we are always supplied with equipment for moving on the road.\u00a0 It is is necessary during the whole season, from December to the end of April. After about twenty minutes from Brze\u0107e, and two hours from Ni\u0161, we arrive at Kopaonik, the most visited mountain in <a href=\"https:\/\/mtt.gov.rs\/\">Serbia<\/a>.<\/p>\n\n\t\t<\/div>\n\t<\/div>\n<\/div><\/div><\/div><\/div><\/div>","protected":false},"excerpt":{"rendered":"[:sr] Prevoz: Aerodrom Nis - Kopaonik Prevoz:\u00a0Kopaonik - Aerodrom Nis Obavljamo prevoz Aerodrom Ni\u0161 - Kopaonik, prevoz Kopaonik - Aerodrom Ni\u0161. Tako\u0111e je mogu\u0107 prevoz do destinacija po Va\u0161em izboru, u vreme koje Vama odgovara. Broj za informacije i zakazivanje\u00a0+381 63 456 515 Online zakazivanje\u00a0https:\/\/flix.rs\/rezervacija\/ &nbsp; Putovanje Put od aerodroma Ni\u0161 do Kopaonika bi se","protected":false},"author":3,"featured_media":13424,"parent":0,"menu_order":0,"comment_status":"closed","ping_status":"closed","template":"","meta":{"footnotes":""},"yoast_head":"<!-- This site is optimized with the Yoast SEO plugin v24.5 - https:\/\/yoast.com\/wordpress\/plugins\/seo\/ -->\n<title>Prevoz: Aerodrom Nis - Kopaonik | Prevoz: Kopaonik-Aerodrom Nis<\/title>\n<meta name=\"description\" content=\"Prevoz: Aerodrom Nis - Kopaonik i nazad. Prevoz do Beograda, Sofije, Skoplja, Pri\u0161tine. Tel +381 63 456 515\" \/>\n<meta name=\"robots\" content=\"index, follow, max-snippet:-1, max-image-preview:large, max-video-preview:-1\" \/>\n<link rel=\"canonical\" href=\"https:\/\/flix.rs\/en\/prevoz-aerodrom-nis-kopaonik-prevoz-kopaonik-aerodrom-nis\/\" \/>\n<meta property=\"og:locale\" content=\"en_GB\" \/>\n<meta property=\"og:type\" content=\"article\" \/>\n<meta property=\"og:title\" content=\"Prevoz: Aerodrom Nis - Kopaonik | Prevoz: Kopaonik-Aerodrom Nis\" \/>\n<meta property=\"og:description\" content=\"Prevoz: Aerodrom Nis - Kopaonik i nazad. Prevoz do Beograda, Sofije, Skoplja, Pri\u0161tine. Tel +381 63 456 515\" \/>\n<meta property=\"og:url\" content=\"https:\/\/flix.rs\/en\/prevoz-aerodrom-nis-kopaonik-prevoz-kopaonik-aerodrom-nis\/\" \/>\n<meta property=\"og:site_name\" content=\"Flix.rs\" \/>\n<meta property=\"article:publisher\" content=\"https:\/\/www.facebook.com\/prevoz.putnika.nis\" \/>\n<meta property=\"article:modified_time\" content=\"2022-10-29T11:31:34+00:00\" \/>\n<meta property=\"og:image\" content=\"https:\/\/flix.rs\/wp-content\/uploads\/2022\/10\/viber_image_2022-03-12_07-23-09-050-e1665943613486.jpg\" \/>\n\t<meta property=\"og:image:width\" content=\"1280\" \/>\n\t<meta property=\"og:image:height\" content=\"960\" \/>\n\t<meta property=\"og:image:type\" content=\"image\/jpeg\" \/>\n<meta name=\"twitter:card\" content=\"summary_large_image\" \/>\n<meta name=\"twitter:site\" content=\"@Prevozputnika1\" \/>\n<meta name=\"twitter:label1\" content=\"Estimated reading time\" \/>\n\t<meta name=\"twitter:data1\" content=\"5 minutes\" \/>\n<script type=\"application\/ld+json\" class=\"yoast-schema-graph\">{\"@context\":\"https:\/\/schema.org\",\"@graph\":[{\"@type\":\"WebPage\",\"@id\":\"https:\/\/flix.rs\/prevoz-aerodrom-nis-kopaonik-prevoz-kopaonik-aerodrom-nis\/\",\"url\":\"https:\/\/flix.rs\/prevoz-aerodrom-nis-kopaonik-prevoz-kopaonik-aerodrom-nis\/\",\"name\":\"Prevoz: Aerodrom Nis - Kopaonik | Prevoz: Kopaonik-Aerodrom Nis\",\"isPartOf\":{\"@id\":\"https:\/\/flix.rs\/#website\"},\"primaryImageOfPage\":{\"@id\":\"https:\/\/flix.rs\/prevoz-aerodrom-nis-kopaonik-prevoz-kopaonik-aerodrom-nis\/#primaryimage\"},\"image\":{\"@id\":\"https:\/\/flix.rs\/prevoz-aerodrom-nis-kopaonik-prevoz-kopaonik-aerodrom-nis\/#primaryimage\"},\"thumbnailUrl\":\"https:\/\/flix.rs\/wp-content\/uploads\/2022\/10\/viber_image_2022-03-12_07-23-09-050-e1665943613486.jpg\",\"datePublished\":\"2022-10-16T18:22:25+00:00\",\"dateModified\":\"2022-10-29T11:31:34+00:00\",\"description\":\"Prevoz: Aerodrom Nis - Kopaonik i nazad. Prevoz do Beograda, Sofije, Skoplja, Pri\u0161tine. Tel +381 63 456 515\",\"breadcrumb\":{\"@id\":\"https:\/\/flix.rs\/prevoz-aerodrom-nis-kopaonik-prevoz-kopaonik-aerodrom-nis\/#breadcrumb\"},\"inLanguage\":\"en-GB\",\"potentialAction\":[{\"@type\":\"ReadAction\",\"target\":[\"https:\/\/flix.rs\/prevoz-aerodrom-nis-kopaonik-prevoz-kopaonik-aerodrom-nis\/\"]}]},{\"@type\":\"ImageObject\",\"inLanguage\":\"en-GB\",\"@id\":\"https:\/\/flix.rs\/prevoz-aerodrom-nis-kopaonik-prevoz-kopaonik-aerodrom-nis\/#primaryimage\",\"url\":\"https:\/\/flix.rs\/wp-content\/uploads\/2022\/10\/viber_image_2022-03-12_07-23-09-050-e1665943613486.jpg\",\"contentUrl\":\"https:\/\/flix.rs\/wp-content\/uploads\/2022\/10\/viber_image_2022-03-12_07-23-09-050-e1665943613486.jpg\",\"width\":1280,\"height\":960,\"caption\":\"Prevoz Nis Kopaonik\"},{\"@type\":\"BreadcrumbList\",\"@id\":\"https:\/\/flix.rs\/prevoz-aerodrom-nis-kopaonik-prevoz-kopaonik-aerodrom-nis\/#breadcrumb\",\"itemListElement\":[{\"@type\":\"ListItem\",\"position\":1,\"name\":\"Home\",\"item\":\"https:\/\/flix.rs\/\"},{\"@type\":\"ListItem\",\"position\":2,\"name\":\"Prevoz: Aerodrom Nis &#8211; Kopaonik | Prevoz: Kopaonik &#8211; Aerodrom Nis\"}]},{\"@type\":\"WebSite\",\"@id\":\"https:\/\/flix.rs\/#website\",\"url\":\"https:\/\/flix.rs\/\",\"name\":\"Flix.rs\",\"description\":\"Va\u0161 prevoz do i sa aerodroma\",\"publisher\":{\"@id\":\"https:\/\/flix.rs\/#organization\"},\"potentialAction\":[{\"@type\":\"SearchAction\",\"target\":{\"@type\":\"EntryPoint\",\"urlTemplate\":\"https:\/\/flix.rs\/?s={search_term_string}\"},\"query-input\":{\"@type\":\"PropertyValueSpecification\",\"valueRequired\":true,\"valueName\":\"search_term_string\"}}],\"inLanguage\":\"en-GB\"},{\"@type\":\"Organization\",\"@id\":\"https:\/\/flix.rs\/#organization\",\"name\":\"Flix\",\"url\":\"https:\/\/flix.rs\/\",\"logo\":{\"@type\":\"ImageObject\",\"inLanguage\":\"en-GB\",\"@id\":\"https:\/\/flix.rs\/#\/schema\/logo\/image\/\",\"url\":\"https:\/\/flix.rs\/wp-content\/uploads\/2019\/12\/80805004_454427318816809_4019161238033399808_n.png\",\"contentUrl\":\"https:\/\/flix.rs\/wp-content\/uploads\/2019\/12\/80805004_454427318816809_4019161238033399808_n.png\",\"width\":120,\"height\":54,\"caption\":\"Flix\"},\"image\":{\"@id\":\"https:\/\/flix.rs\/#\/schema\/logo\/image\/\"},\"sameAs\":[\"https:\/\/www.facebook.com\/prevoz.putnika.nis\",\"https:\/\/x.com\/Prevozputnika1\"]}]}<\/script>\n<!-- \/ Yoast SEO plugin. -->","yoast_head_json":{"title":"Prevoz: Aerodrom Nis - Kopaonik | Prevoz: Kopaonik-Aerodrom Nis","description":"Prevoz: Aerodrom Nis - Kopaonik i nazad. Prevoz do Beograda, Sofije, Skoplja, Pri\u0161tine. Tel +381 63 456 515","robots":{"index":"index","follow":"follow","max-snippet":"max-snippet:-1","max-image-preview":"max-image-preview:large","max-video-preview":"max-video-preview:-1"},"canonical":"https:\/\/flix.rs\/en\/prevoz-aerodrom-nis-kopaonik-prevoz-kopaonik-aerodrom-nis\/","og_locale":"en_GB","og_type":"article","og_title":"Prevoz: Aerodrom Nis - Kopaonik | Prevoz: Kopaonik-Aerodrom Nis","og_description":"Prevoz: Aerodrom Nis - Kopaonik i nazad. Prevoz do Beograda, Sofije, Skoplja, Pri\u0161tine. Tel +381 63 456 515","og_url":"https:\/\/flix.rs\/en\/prevoz-aerodrom-nis-kopaonik-prevoz-kopaonik-aerodrom-nis\/","og_site_name":"Flix.rs","article_publisher":"https:\/\/www.facebook.com\/prevoz.putnika.nis","article_modified_time":"2022-10-29T11:31:34+00:00","og_image":[{"width":1280,"height":960,"url":"https:\/\/flix.rs\/wp-content\/uploads\/2022\/10\/viber_image_2022-03-12_07-23-09-050-e1665943613486.jpg","type":"image\/jpeg"}],"twitter_card":"summary_large_image","twitter_site":"@Prevozputnika1","twitter_misc":{"Estimated reading time":"5 minutes"},"schema":{"@context":"https:\/\/schema.org","@graph":[{"@type":"WebPage","@id":"https:\/\/flix.rs\/prevoz-aerodrom-nis-kopaonik-prevoz-kopaonik-aerodrom-nis\/","url":"https:\/\/flix.rs\/prevoz-aerodrom-nis-kopaonik-prevoz-kopaonik-aerodrom-nis\/","name":"Prevoz: Aerodrom Nis - Kopaonik | Prevoz: Kopaonik-Aerodrom Nis","isPartOf":{"@id":"https:\/\/flix.rs\/#website"},"primaryImageOfPage":{"@id":"https:\/\/flix.rs\/prevoz-aerodrom-nis-kopaonik-prevoz-kopaonik-aerodrom-nis\/#primaryimage"},"image":{"@id":"https:\/\/flix.rs\/prevoz-aerodrom-nis-kopaonik-prevoz-kopaonik-aerodrom-nis\/#primaryimage"},"thumbnailUrl":"https:\/\/flix.rs\/wp-content\/uploads\/2022\/10\/viber_image_2022-03-12_07-23-09-050-e1665943613486.jpg","datePublished":"2022-10-16T18:22:25+00:00","dateModified":"2022-10-29T11:31:34+00:00","description":"Prevoz: Aerodrom Nis - Kopaonik i nazad. Prevoz do Beograda, Sofije, Skoplja, Pri\u0161tine. Tel +381 63 456 515","breadcrumb":{"@id":"https:\/\/flix.rs\/prevoz-aerodrom-nis-kopaonik-prevoz-kopaonik-aerodrom-nis\/#breadcrumb"},"inLanguage":"en-GB","potentialAction":[{"@type":"ReadAction","target":["https:\/\/flix.rs\/prevoz-aerodrom-nis-kopaonik-prevoz-kopaonik-aerodrom-nis\/"]}]},{"@type":"ImageObject","inLanguage":"en-GB","@id":"https:\/\/flix.rs\/prevoz-aerodrom-nis-kopaonik-prevoz-kopaonik-aerodrom-nis\/#primaryimage","url":"https:\/\/flix.rs\/wp-content\/uploads\/2022\/10\/viber_image_2022-03-12_07-23-09-050-e1665943613486.jpg","contentUrl":"https:\/\/flix.rs\/wp-content\/uploads\/2022\/10\/viber_image_2022-03-12_07-23-09-050-e1665943613486.jpg","width":1280,"height":960,"caption":"Prevoz Nis Kopaonik"},{"@type":"BreadcrumbList","@id":"https:\/\/flix.rs\/prevoz-aerodrom-nis-kopaonik-prevoz-kopaonik-aerodrom-nis\/#breadcrumb","itemListElement":[{"@type":"ListItem","position":1,"name":"Home","item":"https:\/\/flix.rs\/"},{"@type":"ListItem","position":2,"name":"Prevoz: Aerodrom Nis &#8211; Kopaonik | Prevoz: Kopaonik &#8211; Aerodrom Nis"}]},{"@type":"WebSite","@id":"https:\/\/flix.rs\/#website","url":"https:\/\/flix.rs\/","name":"Flix.rs","description":"Va\u0161 prevoz do i sa aerodroma","publisher":{"@id":"https:\/\/flix.rs\/#organization"},"potentialAction":[{"@type":"SearchAction","target":{"@type":"EntryPoint","urlTemplate":"https:\/\/flix.rs\/?s={search_term_string}"},"query-input":{"@type":"PropertyValueSpecification","valueRequired":true,"valueName":"search_term_string"}}],"inLanguage":"en-GB"},{"@type":"Organization","@id":"https:\/\/flix.rs\/#organization","name":"Flix","url":"https:\/\/flix.rs\/","logo":{"@type":"ImageObject","inLanguage":"en-GB","@id":"https:\/\/flix.rs\/#\/schema\/logo\/image\/","url":"https:\/\/flix.rs\/wp-content\/uploads\/2019\/12\/80805004_454427318816809_4019161238033399808_n.png","contentUrl":"https:\/\/flix.rs\/wp-content\/uploads\/2019\/12\/80805004_454427318816809_4019161238033399808_n.png","width":120,"height":54,"caption":"Flix"},"image":{"@id":"https:\/\/flix.rs\/#\/schema\/logo\/image\/"},"sameAs":["https:\/\/www.facebook.com\/prevoz.putnika.nis","https:\/\/x.com\/Prevozputnika1"]}]}},"_links":{"self":[{"href":"https:\/\/flix.rs\/en\/wp-json\/wp\/v2\/pages\/13423"}],"collection":[{"href":"https:\/\/flix.rs\/en\/wp-json\/wp\/v2\/pages"}],"about":[{"href":"https:\/\/flix.rs\/en\/wp-json\/wp\/v2\/types\/page"}],"author":[{"embeddable":true,"href":"https:\/\/flix.rs\/en\/wp-json\/wp\/v2\/users\/3"}],"replies":[{"embeddable":true,"href":"https:\/\/flix.rs\/en\/wp-json\/wp\/v2\/comments?post=13423"}],"version-history":[{"count":7,"href":"https:\/\/flix.rs\/en\/wp-json\/wp\/v2\/pages\/13423\/revisions"}],"predecessor-version":[{"id":13461,"href":"https:\/\/flix.rs\/en\/wp-json\/wp\/v2\/pages\/13423\/revisions\/13461"}],"wp:featuredmedia":[{"embeddable":true,"href":"https:\/\/flix.rs\/en\/wp-json\/wp\/v2\/media\/13424"}],"wp:attachment":[{"href":"https:\/\/flix.rs\/en\/wp-json\/wp\/v2\/media?parent=13423"}],"curies":[{"name":"wp","href":"https:\/\/api.w.org\/{rel}","templated":true}]}}