{"id":129,"date":"2017-02-01T09:31:49","date_gmt":"2017-02-01T09:31:49","guid":{"rendered":"http:\/\/themes.quitenicestuff2.com\/chauffeurwp\/demo\/?page_id=129"},"modified":"2023-04-17T13:43:19","modified_gmt":"2023-04-17T12:43:19","slug":"flix-prevoz-putnika-do-aerodroma","status":"publish","type":"page","link":"https:\/\/flix.rs\/en\/about-us\/","title":{"rendered":"About us"},"content":{"rendered":"<div  class=\"wpb_row vc_row-fluid content-wrapper content-wrapper-standard clearfix\" style=\"padding-left: 0px; padding-right: 0px; \"><div class=\"col span_12\"><div class=\"wpb_column vc_column_container vc_col-sm-12\"><div class=\"vc_column-inner\"><div class=\"wpb_wrapper\">\n\t<div class=\"wpb_text_column wpb_content_element\" >\n\t\t<div class=\"wpb_wrapper\">\n\t\t\t<p><\/p>\n\n\t\t<\/div>\n\t<\/div>\n<\/div><\/div><\/div><\/div><\/div><div  class=\"wpb_row vc_row-fluid content-wrapper content-wrapper-standard clearfix\" style=\"padding-left: 0px; padding-right: 0px; \"><div class=\"col span_12\"><div class=\"wpb_column vc_column_container vc_col-sm-12\"><div class=\"vc_column-inner\"><div class=\"wpb_wrapper\">\n\t<div class=\"wpb_text_column wpb_content_element\" >\n\t\t<div class=\"wpb_wrapper\">\n\t\t\t<h2><\/h2>\n<h2><img decoding=\"async\" class=\"alignnone size-full wp-image-12298\" src=\"https:\/\/flix.rs\/wp-content\/uploads\/2019\/12\/naslovna-flix-prvaaa.jpg\" alt=\"\" \/><\/h2>\n<h2><strong>Transfers to Airport Belgrade, Nis, Sofia, Skopje <\/strong><\/h2>\n<p><strong>FLiX!\u00a0<\/strong>is a long-term business, which gained a new look and raised the passengers transportation service to even higher level.<\/p>\n<p>The concept of our service implies \u201cdoor to door\u201d transportation, which means that in case you decide to give us a trust, we will arrive to the desired address and enable your departure, literally from your doorstep, or take you from the airport directly to the required location.<\/p>\n<p>In the first place, we perform the transportation services to the local airports Sofia, Belgrade, Ni\u0161 and Skopje, with the information that it is possible to organize transportation, both to the tourist centers in the country and the region and to the destinations required by our esteemed clients, respectively.<\/p>\n<p>We provide the <strong>transfer<\/strong> services by our vehicles of the latest generation, which guarantee safe and comfortable drive, adjusted to transportation of passengers and their baggage in the following categories 1-2 passengers, 3-4 and 5-6 passengers.<\/p>\n<p>All our vehicles are air conditioned in a number of various zones, provided with wireless Internet telephone chargers and other additional means to make your travel to the desired destination comfortable. Upon request, we may also provide child seats, in order to offer maximum safety to our youngest passengers.<\/p>\n<p>Our drivers are professionals with multi-decade international driving experience, educated to communicate in English, who will do their best to make you reach the desired destination safely and in due time.<\/p>\n<p>Your transportation to the local airport, <strong>FLiX!<\/strong><\/p>\n\n\t\t<\/div>\n\t<\/div>\n<\/div><\/div><\/div><\/div><\/div><div  class=\"wpb_row vc_row-fluid content-wrapper content-wrapper-standard clearfix\" style=\"padding-left: 0px; padding-right: 0px; \"><div class=\"col span_12\"><div class=\"wpb_column vc_column_container vc_col-sm-12\"><div class=\"vc_column-inner\"><div class=\"wpb_wrapper\"><div class=\"vc_empty_space\"   style=\"height: 32px\" ><span class=\"vc_empty_space_inner\"><\/span><\/div>\n<\/div><\/div><\/div><\/div><\/div><div  class=\"wpb_row vc_row-fluid content-wrapper content-wrapper-standard clearfix\" style=\"padding-left: 0px; padding-right: 0px; \"><div class=\"col span_12\"><div class=\"wpb_column vc_column_container vc_col-sm-12\"><div class=\"vc_column-inner\"><div class=\"wpb_wrapper\">\n\t<div class=\"wpb_text_column wpb_content_element\" >\n\t\t<div class=\"wpb_wrapper\">\n\t\t\t<p><\/p>\n\n\t\t<\/div>\n\t<\/div>\n<\/div><\/div><\/div><\/div><\/div>","protected":false},"excerpt":{"rendered":"[:sr] Prevoz do aerodroma Beograd, Ni\u0161, Sofija, Skoplje FLiX !\u00a0je vi\u0161egodi\u0161nji biznis koji je dobio novo ruho a uslugu prevoza putnika podigao na jo\u0161 vi\u0161i nivo. Koncept na\u0161e usluge je prevoz \u201eod vrata do vrata\u201c, \u0161to zna\u010di da ukoliko se re\u0161ite da nam uka\u017eete poverenje. da \u0107emo do\u0107i do \u017eeljene adrese i omogu\u0107iti Vam polazak","protected":false},"author":1,"featured_media":0,"parent":0,"menu_order":0,"comment_status":"closed","ping_status":"closed","template":"","meta":{"footnotes":""},"yoast_head":"<!-- This site is optimized with the Yoast SEO plugin v24.5 - https:\/\/yoast.com\/wordpress\/plugins\/seo\/ -->\n<title>Prevoz do Aerodroma Beograd - Ni\u0161 - Sofija - Skoplje.<\/title>\n<meta name=\"description\" content=\"Prevoz do aerodroma Beograd, Ni\u0161, Sofija, Skoplje. Zaka\u017eite Va\u0161 privatni prevoz online. Pouzdano, bezbedno, povoljno.\" \/>\n<meta name=\"robots\" content=\"index, follow, max-snippet:-1, max-image-preview:large, max-video-preview:-1\" \/>\n<link rel=\"canonical\" href=\"https:\/\/flix.rs\/en\/flix-prevoz-putnika-do-aerodroma\/\" \/>\n<meta property=\"og:locale\" content=\"en_GB\" \/>\n<meta property=\"og:type\" content=\"article\" \/>\n<meta property=\"og:title\" content=\"Prevoz do Aerodroma Beograd - Ni\u0161 - Sofija - Skoplje.\" \/>\n<meta property=\"og:description\" content=\"Prevoz do aerodroma Beograd, Ni\u0161, Sofija, Skoplje. Zaka\u017eite Va\u0161 privatni prevoz online. Pouzdano, bezbedno, povoljno.\" \/>\n<meta property=\"og:url\" content=\"https:\/\/flix.rs\/en\/flix-prevoz-putnika-do-aerodroma\/\" \/>\n<meta property=\"og:site_name\" content=\"Flix.rs\" \/>\n<meta property=\"article:publisher\" content=\"https:\/\/www.facebook.com\/prevoz.putnika.nis\" \/>\n<meta property=\"article:modified_time\" content=\"2023-04-17T12:43:19+00:00\" \/>\n<meta property=\"og:image\" content=\"https:\/\/flix.rs\/wp-content\/uploads\/2019\/12\/naslovna-flix-prvaaa.jpg\" \/>\n<meta name=\"twitter:card\" content=\"summary_large_image\" \/>\n<meta name=\"twitter:site\" content=\"@Prevozputnika1\" \/>\n<meta name=\"twitter:label1\" content=\"Estimated reading time\" \/>\n\t<meta name=\"twitter:data1\" content=\"3 minutes\" \/>\n<script type=\"application\/ld+json\" class=\"yoast-schema-graph\">{\"@context\":\"https:\/\/schema.org\",\"@graph\":[{\"@type\":\"WebPage\",\"@id\":\"https:\/\/flix.rs\/flix-prevoz-putnika-do-aerodroma\/\",\"url\":\"https:\/\/flix.rs\/flix-prevoz-putnika-do-aerodroma\/\",\"name\":\"Prevoz do Aerodroma Beograd - Ni\u0161 - Sofija - Skoplje.\",\"isPartOf\":{\"@id\":\"https:\/\/flix.rs\/#website\"},\"primaryImageOfPage\":{\"@id\":\"https:\/\/flix.rs\/flix-prevoz-putnika-do-aerodroma\/#primaryimage\"},\"image\":{\"@id\":\"https:\/\/flix.rs\/flix-prevoz-putnika-do-aerodroma\/#primaryimage\"},\"thumbnailUrl\":\"https:\/\/flix.rs\/wp-content\/uploads\/2019\/12\/naslovna-flix-prvaaa.jpg\",\"datePublished\":\"2017-02-01T09:31:49+00:00\",\"dateModified\":\"2023-04-17T12:43:19+00:00\",\"description\":\"Prevoz do aerodroma Beograd, Ni\u0161, Sofija, Skoplje. Zaka\u017eite Va\u0161 privatni prevoz online. Pouzdano, bezbedno, povoljno.\",\"breadcrumb\":{\"@id\":\"https:\/\/flix.rs\/flix-prevoz-putnika-do-aerodroma\/#breadcrumb\"},\"inLanguage\":\"en-GB\",\"potentialAction\":[{\"@type\":\"ReadAction\",\"target\":[\"https:\/\/flix.rs\/flix-prevoz-putnika-do-aerodroma\/\"]}]},{\"@type\":\"ImageObject\",\"inLanguage\":\"en-GB\",\"@id\":\"https:\/\/flix.rs\/flix-prevoz-putnika-do-aerodroma\/#primaryimage\",\"url\":\"https:\/\/flix.rs\/wp-content\/uploads\/2019\/12\/naslovna-flix-prvaaa.jpg\",\"contentUrl\":\"https:\/\/flix.rs\/wp-content\/uploads\/2019\/12\/naslovna-flix-prvaaa.jpg\"},{\"@type\":\"BreadcrumbList\",\"@id\":\"https:\/\/flix.rs\/flix-prevoz-putnika-do-aerodroma\/#breadcrumb\",\"itemListElement\":[{\"@type\":\"ListItem\",\"position\":1,\"name\":\"Home\",\"item\":\"https:\/\/flix.rs\/\"},{\"@type\":\"ListItem\",\"position\":2,\"name\":\"FLiX &#8211; prevoz putnika do aerodroma\"}]},{\"@type\":\"WebSite\",\"@id\":\"https:\/\/flix.rs\/#website\",\"url\":\"https:\/\/flix.rs\/\",\"name\":\"Flix.rs\",\"description\":\"Va\u0161 prevoz do i sa aerodroma\",\"publisher\":{\"@id\":\"https:\/\/flix.rs\/#organization\"},\"potentialAction\":[{\"@type\":\"SearchAction\",\"target\":{\"@type\":\"EntryPoint\",\"urlTemplate\":\"https:\/\/flix.rs\/?s={search_term_string}\"},\"query-input\":{\"@type\":\"PropertyValueSpecification\",\"valueRequired\":true,\"valueName\":\"search_term_string\"}}],\"inLanguage\":\"en-GB\"},{\"@type\":\"Organization\",\"@id\":\"https:\/\/flix.rs\/#organization\",\"name\":\"Flix\",\"url\":\"https:\/\/flix.rs\/\",\"logo\":{\"@type\":\"ImageObject\",\"inLanguage\":\"en-GB\",\"@id\":\"https:\/\/flix.rs\/#\/schema\/logo\/image\/\",\"url\":\"https:\/\/flix.rs\/wp-content\/uploads\/2019\/12\/80805004_454427318816809_4019161238033399808_n.png\",\"contentUrl\":\"https:\/\/flix.rs\/wp-content\/uploads\/2019\/12\/80805004_454427318816809_4019161238033399808_n.png\",\"width\":120,\"height\":54,\"caption\":\"Flix\"},\"image\":{\"@id\":\"https:\/\/flix.rs\/#\/schema\/logo\/image\/\"},\"sameAs\":[\"https:\/\/www.facebook.com\/prevoz.putnika.nis\",\"https:\/\/x.com\/Prevozputnika1\"]}]}<\/script>\n<!-- \/ Yoast SEO plugin. -->","yoast_head_json":{"title":"Prevoz do Aerodroma Beograd - Ni\u0161 - Sofija - Skoplje.","description":"Prevoz do aerodroma Beograd, Ni\u0161, Sofija, Skoplje. Zaka\u017eite Va\u0161 privatni prevoz online. Pouzdano, bezbedno, povoljno.","robots":{"index":"index","follow":"follow","max-snippet":"max-snippet:-1","max-image-preview":"max-image-preview:large","max-video-preview":"max-video-preview:-1"},"canonical":"https:\/\/flix.rs\/en\/flix-prevoz-putnika-do-aerodroma\/","og_locale":"en_GB","og_type":"article","og_title":"Prevoz do Aerodroma Beograd - Ni\u0161 - Sofija - Skoplje.","og_description":"Prevoz do aerodroma Beograd, Ni\u0161, Sofija, Skoplje. Zaka\u017eite Va\u0161 privatni prevoz online. Pouzdano, bezbedno, povoljno.","og_url":"https:\/\/flix.rs\/en\/flix-prevoz-putnika-do-aerodroma\/","og_site_name":"Flix.rs","article_publisher":"https:\/\/www.facebook.com\/prevoz.putnika.nis","article_modified_time":"2023-04-17T12:43:19+00:00","og_image":[{"url":"https:\/\/flix.rs\/wp-content\/uploads\/2019\/12\/naslovna-flix-prvaaa.jpg","type":"","width":"","height":""}],"twitter_card":"summary_large_image","twitter_site":"@Prevozputnika1","twitter_misc":{"Estimated reading time":"3 minutes"},"schema":{"@context":"https:\/\/schema.org","@graph":[{"@type":"WebPage","@id":"https:\/\/flix.rs\/flix-prevoz-putnika-do-aerodroma\/","url":"https:\/\/flix.rs\/flix-prevoz-putnika-do-aerodroma\/","name":"Prevoz do Aerodroma Beograd - Ni\u0161 - Sofija - Skoplje.","isPartOf":{"@id":"https:\/\/flix.rs\/#website"},"primaryImageOfPage":{"@id":"https:\/\/flix.rs\/flix-prevoz-putnika-do-aerodroma\/#primaryimage"},"image":{"@id":"https:\/\/flix.rs\/flix-prevoz-putnika-do-aerodroma\/#primaryimage"},"thumbnailUrl":"https:\/\/flix.rs\/wp-content\/uploads\/2019\/12\/naslovna-flix-prvaaa.jpg","datePublished":"2017-02-01T09:31:49+00:00","dateModified":"2023-04-17T12:43:19+00:00","description":"Prevoz do aerodroma Beograd, Ni\u0161, Sofija, Skoplje. Zaka\u017eite Va\u0161 privatni prevoz online. Pouzdano, bezbedno, povoljno.","breadcrumb":{"@id":"https:\/\/flix.rs\/flix-prevoz-putnika-do-aerodroma\/#breadcrumb"},"inLanguage":"en-GB","potentialAction":[{"@type":"ReadAction","target":["https:\/\/flix.rs\/flix-prevoz-putnika-do-aerodroma\/"]}]},{"@type":"ImageObject","inLanguage":"en-GB","@id":"https:\/\/flix.rs\/flix-prevoz-putnika-do-aerodroma\/#primaryimage","url":"https:\/\/flix.rs\/wp-content\/uploads\/2019\/12\/naslovna-flix-prvaaa.jpg","contentUrl":"https:\/\/flix.rs\/wp-content\/uploads\/2019\/12\/naslovna-flix-prvaaa.jpg"},{"@type":"BreadcrumbList","@id":"https:\/\/flix.rs\/flix-prevoz-putnika-do-aerodroma\/#breadcrumb","itemListElement":[{"@type":"ListItem","position":1,"name":"Home","item":"https:\/\/flix.rs\/"},{"@type":"ListItem","position":2,"name":"FLiX &#8211; prevoz putnika do aerodroma"}]},{"@type":"WebSite","@id":"https:\/\/flix.rs\/#website","url":"https:\/\/flix.rs\/","name":"Flix.rs","description":"Va\u0161 prevoz do i sa aerodroma","publisher":{"@id":"https:\/\/flix.rs\/#organization"},"potentialAction":[{"@type":"SearchAction","target":{"@type":"EntryPoint","urlTemplate":"https:\/\/flix.rs\/?s={search_term_string}"},"query-input":{"@type":"PropertyValueSpecification","valueRequired":true,"valueName":"search_term_string"}}],"inLanguage":"en-GB"},{"@type":"Organization","@id":"https:\/\/flix.rs\/#organization","name":"Flix","url":"https:\/\/flix.rs\/","logo":{"@type":"ImageObject","inLanguage":"en-GB","@id":"https:\/\/flix.rs\/#\/schema\/logo\/image\/","url":"https:\/\/flix.rs\/wp-content\/uploads\/2019\/12\/80805004_454427318816809_4019161238033399808_n.png","contentUrl":"https:\/\/flix.rs\/wp-content\/uploads\/2019\/12\/80805004_454427318816809_4019161238033399808_n.png","width":120,"height":54,"caption":"Flix"},"image":{"@id":"https:\/\/flix.rs\/#\/schema\/logo\/image\/"},"sameAs":["https:\/\/www.facebook.com\/prevoz.putnika.nis","https:\/\/x.com\/Prevozputnika1"]}]}},"_links":{"self":[{"href":"https:\/\/flix.rs\/en\/wp-json\/wp\/v2\/pages\/129"}],"collection":[{"href":"https:\/\/flix.rs\/en\/wp-json\/wp\/v2\/pages"}],"about":[{"href":"https:\/\/flix.rs\/en\/wp-json\/wp\/v2\/types\/page"}],"author":[{"embeddable":true,"href":"https:\/\/flix.rs\/en\/wp-json\/wp\/v2\/users\/1"}],"replies":[{"embeddable":true,"href":"https:\/\/flix.rs\/en\/wp-json\/wp\/v2\/comments?post=129"}],"version-history":[{"count":46,"href":"https:\/\/flix.rs\/en\/wp-json\/wp\/v2\/pages\/129\/revisions"}],"predecessor-version":[{"id":13790,"href":"https:\/\/flix.rs\/en\/wp-json\/wp\/v2\/pages\/129\/revisions\/13790"}],"wp:attachment":[{"href":"https:\/\/flix.rs\/en\/wp-json\/wp\/v2\/media?parent=129"}],"curies":[{"name":"wp","href":"https:\/\/api.w.org\/{rel}","templated":true}]}}