{"id":11550,"date":"2019-12-12T00:14:00","date_gmt":"2019-12-12T00:14:00","guid":{"rendered":"http:\/\/flix.rs\/?page_id=11550"},"modified":"2023-01-15T15:38:36","modified_gmt":"2023-01-15T14:38:36","slug":"aerodrom-sofija","status":"publish","type":"page","link":"https:\/\/flix.rs\/en\/airport-sofija-shuttle-transfer\/","title":{"rendered":"Airport Sofia &#8211; airport shuttle transfers"},"content":{"rendered":"<div  class=\"wpb_row vc_row-fluid content-wrapper content-wrapper-standard clearfix\" style=\"padding-left: 0px; padding-right: 0px; \"><div class=\"col span_12\"><div class=\"wpb_column vc_column_container vc_col-sm-12\"><div class=\"vc_column-inner\"><div class=\"wpb_wrapper\">\n\t<div class=\"wpb_text_column wpb_content_element\" >\n\t\t<div class=\"wpb_wrapper\">\n\t\t\t<p><\/p>\n\n\t\t<\/div>\n\t<\/div>\n<\/div><\/div><\/div><\/div><\/div><div  class=\"wpb_row vc_row-fluid content-wrapper content-wrapper-standard clearfix\" style=\"padding-left: 0px; padding-right: 0px; \"><div class=\"col span_12\"><div class=\"wpb_column vc_column_container vc_col-sm-12\"><div class=\"vc_column-inner\"><div class=\"wpb_wrapper\">\n\t<div class=\"wpb_text_column wpb_content_element\" >\n\t\t<div class=\"wpb_wrapper\">\n\t\t\t<h2 style=\"text-align: center;\">Airport Sofia<\/h2>\n\n\t\t<\/div>\n\t<\/div>\n<h3 class=\"center-title\"><\/h3><div class=\"title-block2\"><\/div>\n\t<div  class=\"wpb_single_image wpb_content_element vc_align_center\">\n\t\t\n\t\t<figure class=\"wpb_wrapper vc_figure\">\n\t\t\t<div class=\"vc_single_image-wrapper   vc_box_border_grey\"><img loading=\"lazy\" decoding=\"async\" width=\"640\" height=\"427\" src=\"https:\/\/flix.rs\/wp-content\/uploads\/2020\/02\/aerodrom-sofija.jpg\" class=\"vc_single_image-img attachment-large\" alt=\"Aerodrom Sofija\" srcset=\"https:\/\/flix.rs\/wp-content\/uploads\/2020\/02\/aerodrom-sofija.jpg 768w, https:\/\/flix.rs\/wp-content\/uploads\/2020\/02\/aerodrom-sofija-300x200.jpg 300w, https:\/\/flix.rs\/wp-content\/uploads\/2020\/02\/aerodrom-sofija-100x67.jpg 100w\" sizes=\"(max-width: 640px) 100vw, 640px\" \/><\/div>\n\t\t<\/figure>\n\t<\/div>\n\n\t<div class=\"wpb_text_column wpb_content_element\" >\n\t\t<div class=\"wpb_wrapper\">\n\t\t\t<p><strong>Transfer Nis Sofia Airport<\/strong><\/p>\n<p>Number for info and booking\u00a0<a href=\"tel:+38163456515\">+381 63 456 515<\/a><br \/>\nOnline booking\u00a0\u00a0<a href=\"https:\/\/flix.rs\/en\/booking\/\">https:\/\/flix.rs\/en\/booking\/<\/a><\/p>\n<h2>The airport Sofia, one of more crowded airports in our closer environment, managed to provide transportation services for more than 6.000.000 passengers during the last year.<\/h2>\n<p>It consists of two, physically separated terminals, in that, the old Terminal 1, the designing and construction of which started far in 1937, is nowadays used for flights covered by Hungarian low-cost company <a href=\"https:\/\/wizzair.com\/\" target=\"_blank\" rel=\"noopener noreferrer\">WizzAir<\/a>. Terminal 2, constructed later and finally put into operation in 2006, was done according to the highest world standards, with VIP terminal, is used by both the Bulgarian National Company Air Bulgaria, and the low-coast companies <a href=\"https:\/\/www.ryanair.com\/\" target=\"_blank\" rel=\"noopener noreferrer\">RyanAir<\/a>, <a href=\"https:\/\/www.transavia.com\" target=\"_blank\" rel=\"noopener noreferrer\">Transavia Holland<\/a> , <a href=\"https:\/\/www.eurowings.com\" target=\"_blank\" rel=\"noopener noreferrer\">Eurowings<\/a>, <a href=\"https:\/\/www.easyjet.com\" target=\"_blank\" rel=\"noopener noreferrer\">EasyJet<\/a>, as well as the major \u00a0air transporters, flying in this part of the world: <a href=\"https:\/\/www.turkishairlines.com\/\" target=\"_blank\" rel=\"noopener noreferrer\">TurkishAirlines<\/a>, <a href=\"https:\/\/www.qatarairways.com\" target=\"_blank\" rel=\"noopener noreferrer\">CatarAirways<\/a>, <a href=\"https:\/\/www.lufthansa.com\" target=\"_blank\" rel=\"noopener noreferrer\">Lufthansa<\/a>, <a href=\"https:\/\/www.airfrance.com\/\" target=\"_blank\" rel=\"noopener noreferrer\">Air France<\/a>, <a href=\"https:\/\/www.aeroflot.ru\" target=\"_blank\" rel=\"noopener noreferrer\">Aeroflot<\/a> etc.<\/p>\n<p>Every half an hour, there is the airport Shuttle bus, driving passengers from the Terminal 1 to Terminal 2 and vice-versa.<\/p>\n<p><strong>The last section of the eastern side of the corridor 10, opened on 8<sup>th<\/sup> November 2019, made the transportation to the Sofia Airport easier, faster and more comfortable.<\/strong><\/p>\n<h3>Airport Sofia<\/h3>\n<p><img loading=\"lazy\" decoding=\"async\" width=\"1200\" height=\"800\" class=\"alignnone size-full wp-image-12651\" src=\"https:\/\/flix.rs\/wp-content\/uploads\/2020\/02\/aerodrom-sofija-bugarska.jpg\" alt=\"Aerodrom Sofija\" srcset=\"https:\/\/flix.rs\/wp-content\/uploads\/2020\/02\/aerodrom-sofija-bugarska.jpg 1200w, https:\/\/flix.rs\/wp-content\/uploads\/2020\/02\/aerodrom-sofija-bugarska-300x200.jpg 300w, https:\/\/flix.rs\/wp-content\/uploads\/2020\/02\/aerodrom-sofija-bugarska-1024x683.jpg 1024w, https:\/\/flix.rs\/wp-content\/uploads\/2020\/02\/aerodrom-sofija-bugarska-768x512.jpg 768w, https:\/\/flix.rs\/wp-content\/uploads\/2020\/02\/aerodrom-sofija-bugarska-100x67.jpg 100w\" sizes=\"(max-width: 1200px) 100vw, 1200px\" \/>The very drive from Ni\u0161 to the airport in Sofia lasts two hours, with a note that during the summer season and holidays, there is a possibility of delay at the border crossing Gradina.<\/p>\n<p>Due to the crowd at the very airport, it is recommended, to reach the terminals at least 2 hours before the very flight (departure).<\/p>\n<p>From Sofia you may fly to destinations, as follows:<\/p>\n<p>London, Vienna, Frankfurt, Istanbul, Munich, Varna, Athens, Milano, Brussels, Warsaw, Tel Aviv, Bucharest, Paris, Roma, Doha, Amsterdam, Berlin, Madrid, Moscow, Barcelona, Belgrade, Dubai, Eindhoven, Kiev, Dortmund, Memmingen, Larnaca, Manchester, Birmingham, Prague, Zurich, Bratislava, Budapest, Koln, Oslo, Stockholm, Copenhagen, Dublin, Dusseldorf, Malta, Aqaba, Bologna, Bari, Edinburg, Eilat, Karlsruhe, Geneva, Hamburg, Liverpool, Marseilles, Napoli, Nice, Nurnberg, Odessa, Stuttgart, Venice, Valencia, Majorca, Catania, Malaga.<\/p>\n<p>It is also the practice during the summer season to introduce additional flights to the most visited tourist destinations in Europe, such as Rhodes, Alicante, Burgas, Crete, Paphos, etc.<\/p>\n<p>The very City of Sofia is the junction of roads, leading to the Black Sea and winter centers Bansko, Borovec and Pamporovo, to which we also provide our transportation services.<\/p>\n<h3><strong>This airport\u2019s IATA is SOF<\/strong><\/h3>\n\n\t\t<\/div>\n\t<\/div>\n<\/div><\/div><\/div><\/div><\/div><div  class=\"wpb_row vc_row-fluid content-wrapper content-wrapper-standard clearfix\" style=\"padding-left: 0px; padding-right: 0px; \"><div class=\"col span_12\"><div class=\"wpb_column vc_column_container vc_col-sm-12\"><div class=\"vc_column-inner\"><div class=\"wpb_wrapper\">\n\t<div class=\"wpb_text_column wpb_content_element\" >\n\t\t<div class=\"wpb_wrapper\">\n\t\t\t<p><\/p>\n\n\t\t<\/div>\n\t<\/div>\n<\/div><\/div><\/div><\/div><\/div>","protected":false},"excerpt":{"rendered":"[:sr] Aerodrom Sofija Prevoz od Ni\u0161a do Aerodroma u Sofiji i nazad Broj za informacije i zakazivanje\u00a0+381 63 456 515 Online zakazivanje\u00a0https:\/\/flix.rs\/rezervacija\/ Jedan od prometnijih aerodroma u na\u0161em bli\u017eem okru\u017eenju, aerodrom Sofija je uspeo da pro\u0161le godine servisira prevoz vi\u0161e od 6.000.000 putnika. Sastoji se od dva fizi\u010dki odvojena terminala, pri kome se stari terminal,","protected":false},"author":1,"featured_media":12651,"parent":0,"menu_order":0,"comment_status":"closed","ping_status":"closed","template":"","meta":{"footnotes":""},"yoast_head":"<!-- This site is optimized with the Yoast SEO plugin v24.5 - https:\/\/yoast.com\/wordpress\/plugins\/seo\/ -->\n<title>Airport Sofia \u2013 Passenger transportation to the airport<\/title>\n<meta name=\"description\" content=\"The airport Sofia, one of more crowded airports in our closer environment, managed to provide transportation services for more than 6.000.000 passengers\" \/>\n<meta name=\"robots\" content=\"index, follow, max-snippet:-1, max-image-preview:large, max-video-preview:-1\" \/>\n<link rel=\"canonical\" href=\"https:\/\/flix.rs\/en\/aerodrom-sofija-prevoz-putnika-do-aerodroma\/\" \/>\n<meta property=\"og:locale\" content=\"en_GB\" \/>\n<meta property=\"og:type\" content=\"article\" \/>\n<meta property=\"og:title\" content=\"Airport Sofia \u2013 Passenger transportation to the airport\" \/>\n<meta property=\"og:description\" content=\"The airport Sofia, one of more crowded airports in our closer environment, managed to provide transportation services for more than 6.000.000 passengers\" \/>\n<meta property=\"og:url\" content=\"https:\/\/flix.rs\/en\/aerodrom-sofija-prevoz-putnika-do-aerodroma\/\" \/>\n<meta property=\"og:site_name\" content=\"Flix.rs\" \/>\n<meta property=\"article:publisher\" content=\"https:\/\/www.facebook.com\/prevoz.putnika.nis\" \/>\n<meta property=\"article:modified_time\" content=\"2023-01-15T14:38:36+00:00\" \/>\n<meta property=\"og:image\" content=\"https:\/\/flix.rs\/wp-content\/uploads\/2020\/02\/aerodrom-sofija-bugarska.jpg\" \/>\n\t<meta property=\"og:image:width\" content=\"1200\" \/>\n\t<meta property=\"og:image:height\" content=\"800\" \/>\n\t<meta property=\"og:image:type\" content=\"image\/jpeg\" \/>\n<meta name=\"twitter:card\" content=\"summary_large_image\" \/>\n<meta name=\"twitter:site\" content=\"@Prevozputnika1\" \/>\n<meta name=\"twitter:label1\" content=\"Estimated reading time\" \/>\n\t<meta name=\"twitter:data1\" content=\"5 minutes\" \/>\n<script type=\"application\/ld+json\" class=\"yoast-schema-graph\">{\"@context\":\"https:\/\/schema.org\",\"@graph\":[{\"@type\":\"WebPage\",\"@id\":\"https:\/\/flix.rs\/aerodrom-sofija-prevoz-putnika-do-aerodroma\/\",\"url\":\"https:\/\/flix.rs\/aerodrom-sofija-prevoz-putnika-do-aerodroma\/\",\"name\":\"Airport Sofia \u2013 Passenger transportation to the airport\",\"isPartOf\":{\"@id\":\"https:\/\/flix.rs\/#website\"},\"primaryImageOfPage\":{\"@id\":\"https:\/\/flix.rs\/aerodrom-sofija-prevoz-putnika-do-aerodroma\/#primaryimage\"},\"image\":{\"@id\":\"https:\/\/flix.rs\/aerodrom-sofija-prevoz-putnika-do-aerodroma\/#primaryimage\"},\"thumbnailUrl\":\"https:\/\/flix.rs\/wp-content\/uploads\/2020\/02\/aerodrom-sofija-bugarska.jpg\",\"datePublished\":\"2019-12-12T00:14:00+00:00\",\"dateModified\":\"2023-01-15T14:38:36+00:00\",\"description\":\"The airport Sofia, one of more crowded airports in our closer environment, managed to provide transportation services for more than 6.000.000 passengers\",\"breadcrumb\":{\"@id\":\"https:\/\/flix.rs\/aerodrom-sofija-prevoz-putnika-do-aerodroma\/#breadcrumb\"},\"inLanguage\":\"en-GB\",\"potentialAction\":[{\"@type\":\"ReadAction\",\"target\":[\"https:\/\/flix.rs\/aerodrom-sofija-prevoz-putnika-do-aerodroma\/\"]}]},{\"@type\":\"ImageObject\",\"inLanguage\":\"en-GB\",\"@id\":\"https:\/\/flix.rs\/aerodrom-sofija-prevoz-putnika-do-aerodroma\/#primaryimage\",\"url\":\"https:\/\/flix.rs\/wp-content\/uploads\/2020\/02\/aerodrom-sofija-bugarska.jpg\",\"contentUrl\":\"https:\/\/flix.rs\/wp-content\/uploads\/2020\/02\/aerodrom-sofija-bugarska.jpg\",\"width\":1200,\"height\":800,\"caption\":\"Aerodrom Sofija\"},{\"@type\":\"BreadcrumbList\",\"@id\":\"https:\/\/flix.rs\/aerodrom-sofija-prevoz-putnika-do-aerodroma\/#breadcrumb\",\"itemListElement\":[{\"@type\":\"ListItem\",\"position\":1,\"name\":\"Home\",\"item\":\"https:\/\/flix.rs\/\"},{\"@type\":\"ListItem\",\"position\":2,\"name\":\"Aerodrom Sofija &#8211; Prevoz putnika do aerodroma\"}]},{\"@type\":\"WebSite\",\"@id\":\"https:\/\/flix.rs\/#website\",\"url\":\"https:\/\/flix.rs\/\",\"name\":\"Flix.rs\",\"description\":\"Va\u0161 prevoz do i sa aerodroma\",\"publisher\":{\"@id\":\"https:\/\/flix.rs\/#organization\"},\"potentialAction\":[{\"@type\":\"SearchAction\",\"target\":{\"@type\":\"EntryPoint\",\"urlTemplate\":\"https:\/\/flix.rs\/?s={search_term_string}\"},\"query-input\":{\"@type\":\"PropertyValueSpecification\",\"valueRequired\":true,\"valueName\":\"search_term_string\"}}],\"inLanguage\":\"en-GB\"},{\"@type\":\"Organization\",\"@id\":\"https:\/\/flix.rs\/#organization\",\"name\":\"Flix\",\"url\":\"https:\/\/flix.rs\/\",\"logo\":{\"@type\":\"ImageObject\",\"inLanguage\":\"en-GB\",\"@id\":\"https:\/\/flix.rs\/#\/schema\/logo\/image\/\",\"url\":\"https:\/\/flix.rs\/wp-content\/uploads\/2019\/12\/80805004_454427318816809_4019161238033399808_n.png\",\"contentUrl\":\"https:\/\/flix.rs\/wp-content\/uploads\/2019\/12\/80805004_454427318816809_4019161238033399808_n.png\",\"width\":120,\"height\":54,\"caption\":\"Flix\"},\"image\":{\"@id\":\"https:\/\/flix.rs\/#\/schema\/logo\/image\/\"},\"sameAs\":[\"https:\/\/www.facebook.com\/prevoz.putnika.nis\",\"https:\/\/x.com\/Prevozputnika1\"]}]}<\/script>\n<!-- \/ Yoast SEO plugin. -->","yoast_head_json":{"title":"Airport Sofia \u2013 Passenger transportation to the airport","description":"The airport Sofia, one of more crowded airports in our closer environment, managed to provide transportation services for more than 6.000.000 passengers","robots":{"index":"index","follow":"follow","max-snippet":"max-snippet:-1","max-image-preview":"max-image-preview:large","max-video-preview":"max-video-preview:-1"},"canonical":"https:\/\/flix.rs\/en\/aerodrom-sofija-prevoz-putnika-do-aerodroma\/","og_locale":"en_GB","og_type":"article","og_title":"Airport Sofia \u2013 Passenger transportation to the airport","og_description":"The airport Sofia, one of more crowded airports in our closer environment, managed to provide transportation services for more than 6.000.000 passengers","og_url":"https:\/\/flix.rs\/en\/aerodrom-sofija-prevoz-putnika-do-aerodroma\/","og_site_name":"Flix.rs","article_publisher":"https:\/\/www.facebook.com\/prevoz.putnika.nis","article_modified_time":"2023-01-15T14:38:36+00:00","og_image":[{"width":1200,"height":800,"url":"https:\/\/flix.rs\/wp-content\/uploads\/2020\/02\/aerodrom-sofija-bugarska.jpg","type":"image\/jpeg"}],"twitter_card":"summary_large_image","twitter_site":"@Prevozputnika1","twitter_misc":{"Estimated reading time":"5 minutes"},"schema":{"@context":"https:\/\/schema.org","@graph":[{"@type":"WebPage","@id":"https:\/\/flix.rs\/aerodrom-sofija-prevoz-putnika-do-aerodroma\/","url":"https:\/\/flix.rs\/aerodrom-sofija-prevoz-putnika-do-aerodroma\/","name":"Airport Sofia \u2013 Passenger transportation to the airport","isPartOf":{"@id":"https:\/\/flix.rs\/#website"},"primaryImageOfPage":{"@id":"https:\/\/flix.rs\/aerodrom-sofija-prevoz-putnika-do-aerodroma\/#primaryimage"},"image":{"@id":"https:\/\/flix.rs\/aerodrom-sofija-prevoz-putnika-do-aerodroma\/#primaryimage"},"thumbnailUrl":"https:\/\/flix.rs\/wp-content\/uploads\/2020\/02\/aerodrom-sofija-bugarska.jpg","datePublished":"2019-12-12T00:14:00+00:00","dateModified":"2023-01-15T14:38:36+00:00","description":"The airport Sofia, one of more crowded airports in our closer environment, managed to provide transportation services for more than 6.000.000 passengers","breadcrumb":{"@id":"https:\/\/flix.rs\/aerodrom-sofija-prevoz-putnika-do-aerodroma\/#breadcrumb"},"inLanguage":"en-GB","potentialAction":[{"@type":"ReadAction","target":["https:\/\/flix.rs\/aerodrom-sofija-prevoz-putnika-do-aerodroma\/"]}]},{"@type":"ImageObject","inLanguage":"en-GB","@id":"https:\/\/flix.rs\/aerodrom-sofija-prevoz-putnika-do-aerodroma\/#primaryimage","url":"https:\/\/flix.rs\/wp-content\/uploads\/2020\/02\/aerodrom-sofija-bugarska.jpg","contentUrl":"https:\/\/flix.rs\/wp-content\/uploads\/2020\/02\/aerodrom-sofija-bugarska.jpg","width":1200,"height":800,"caption":"Aerodrom Sofija"},{"@type":"BreadcrumbList","@id":"https:\/\/flix.rs\/aerodrom-sofija-prevoz-putnika-do-aerodroma\/#breadcrumb","itemListElement":[{"@type":"ListItem","position":1,"name":"Home","item":"https:\/\/flix.rs\/"},{"@type":"ListItem","position":2,"name":"Aerodrom Sofija &#8211; Prevoz putnika do aerodroma"}]},{"@type":"WebSite","@id":"https:\/\/flix.rs\/#website","url":"https:\/\/flix.rs\/","name":"Flix.rs","description":"Va\u0161 prevoz do i sa aerodroma","publisher":{"@id":"https:\/\/flix.rs\/#organization"},"potentialAction":[{"@type":"SearchAction","target":{"@type":"EntryPoint","urlTemplate":"https:\/\/flix.rs\/?s={search_term_string}"},"query-input":{"@type":"PropertyValueSpecification","valueRequired":true,"valueName":"search_term_string"}}],"inLanguage":"en-GB"},{"@type":"Organization","@id":"https:\/\/flix.rs\/#organization","name":"Flix","url":"https:\/\/flix.rs\/","logo":{"@type":"ImageObject","inLanguage":"en-GB","@id":"https:\/\/flix.rs\/#\/schema\/logo\/image\/","url":"https:\/\/flix.rs\/wp-content\/uploads\/2019\/12\/80805004_454427318816809_4019161238033399808_n.png","contentUrl":"https:\/\/flix.rs\/wp-content\/uploads\/2019\/12\/80805004_454427318816809_4019161238033399808_n.png","width":120,"height":54,"caption":"Flix"},"image":{"@id":"https:\/\/flix.rs\/#\/schema\/logo\/image\/"},"sameAs":["https:\/\/www.facebook.com\/prevoz.putnika.nis","https:\/\/x.com\/Prevozputnika1"]}]}},"_links":{"self":[{"href":"https:\/\/flix.rs\/en\/wp-json\/wp\/v2\/pages\/11550"}],"collection":[{"href":"https:\/\/flix.rs\/en\/wp-json\/wp\/v2\/pages"}],"about":[{"href":"https:\/\/flix.rs\/en\/wp-json\/wp\/v2\/types\/page"}],"author":[{"embeddable":true,"href":"https:\/\/flix.rs\/en\/wp-json\/wp\/v2\/users\/1"}],"replies":[{"embeddable":true,"href":"https:\/\/flix.rs\/en\/wp-json\/wp\/v2\/comments?post=11550"}],"version-history":[{"count":24,"href":"https:\/\/flix.rs\/en\/wp-json\/wp\/v2\/pages\/11550\/revisions"}],"predecessor-version":[{"id":13614,"href":"https:\/\/flix.rs\/en\/wp-json\/wp\/v2\/pages\/11550\/revisions\/13614"}],"wp:featuredmedia":[{"embeddable":true,"href":"https:\/\/flix.rs\/en\/wp-json\/wp\/v2\/media\/12651"}],"wp:attachment":[{"href":"https:\/\/flix.rs\/en\/wp-json\/wp\/v2\/media?parent=11550"}],"curies":[{"name":"wp","href":"https:\/\/api.w.org\/{rel}","templated":true}]}}