{"id":11548,"date":"2019-12-12T00:13:52","date_gmt":"2019-12-11T23:13:52","guid":{"rendered":"http:\/\/flix.rs\/?page_id=11548"},"modified":"2022-11-17T11:48:38","modified_gmt":"2022-11-17T10:48:38","slug":"prevoz-aerodrom-beograd-nis","status":"publish","type":"page","link":"https:\/\/flix.rs\/en\/airport-belgrade-shuttle-transfer\/","title":{"rendered":"Airport Nikola Tesla Belgrade &#8211; airport shuttle transfers"},"content":{"rendered":"<div  class=\"wpb_row vc_row-fluid content-wrapper content-wrapper-standard clearfix\" style=\"padding-left: 0px; padding-right: 0px; \"><div class=\"col span_12\"><div class=\"wpb_column vc_column_container vc_col-sm-12\"><div class=\"vc_column-inner\"><div class=\"wpb_wrapper\">\n\t<div class=\"wpb_text_column wpb_content_element\" >\n\t\t<div class=\"wpb_wrapper\">\n\t\t\t<p><\/p>\n\n\t\t<\/div>\n\t<\/div>\n<\/div><\/div><\/div><\/div><\/div><div  class=\"wpb_row vc_row-fluid content-wrapper content-wrapper-standard clearfix\" style=\"padding-left: 0px; padding-right: 0px; \"><div class=\"col span_12\"><div class=\"wpb_column vc_column_container vc_col-sm-12\"><div class=\"vc_column-inner\"><div class=\"wpb_wrapper\">\n\t<div class=\"wpb_text_column wpb_content_element\" >\n\t\t<div class=\"wpb_wrapper\">\n\t\t\t<h3>Transfer Belgrade Airport Nis<\/h3>\n<h3>Transfer Nis Belgrade Airport<\/h3>\n\n\t\t<\/div>\n\t<\/div>\n<h3 class=\"center-title\"><\/h3><div class=\"title-block2\"><\/div>\n\t<div  class=\"wpb_single_image wpb_content_element vc_align_center\">\n\t\t\n\t\t<figure class=\"wpb_wrapper vc_figure\">\n\t\t\t<div class=\"vc_single_image-wrapper   vc_box_border_grey\"><img loading=\"lazy\" decoding=\"async\" width=\"640\" height=\"427\" src=\"https:\/\/flix.rs\/wp-content\/uploads\/2020\/02\/flix-prevoz-1024x683.jpg\" class=\"vc_single_image-img attachment-large\" alt=\"Prevoz Ni\u0161 Sofija Beograd Aerodrom\" srcset=\"https:\/\/flix.rs\/wp-content\/uploads\/2020\/02\/flix-prevoz-1024x683.jpg 1024w, https:\/\/flix.rs\/wp-content\/uploads\/2020\/02\/flix-prevoz-300x200.jpg 300w, https:\/\/flix.rs\/wp-content\/uploads\/2020\/02\/flix-prevoz-768x512.jpg 768w, https:\/\/flix.rs\/wp-content\/uploads\/2020\/02\/flix-prevoz-100x67.jpg 100w, https:\/\/flix.rs\/wp-content\/uploads\/2020\/02\/flix-prevoz.jpg 1500w\" sizes=\"(max-width: 640px) 100vw, 640px\" \/><\/div>\n\t\t<\/figure>\n\t<\/div>\n\n\t<div class=\"wpb_text_column wpb_content_element\" >\n\t\t<div class=\"wpb_wrapper\">\n\t\t\t<p><strong>Direct transfers: Belgrade, Ni\u0161, Skopje, Sofia airports to the destination.<\/strong><\/p>\n<p>No cancellation, accurate and safe.<\/p>\n<p>We organize fast, comfortable and safe <strong>transfers Ni\u0161-Belgrade<\/strong>, <strong>Belgrade-Ni\u0161<\/strong> or to the desired destination in Serbia and <a href=\"https:\/\/flix.rs\/en\/airport-sofija-shuttle-transfer\/\">abroad<\/a>. Transfer to Belgrade airport from Ni\u0161 or transportation to Ni\u0161 airport from Belgrade, so that it fits into your schedule or flight schedule.<\/p>\n<p>We have comfortable and safe vehicles of the latest generation and Wi-Fi connection.<\/p>\n<p>Number for information or appointment 00-24h:<\/p>\n<p>Phone number for info and booking\u00a0<a href=\"tel:+38163456515\">+381 63 456 515<\/a><\/p>\n<p>Online booking\u00a0<a href=\"https:\/\/flix.rs\/en\/rezervacija\/\">https:\/\/flix.rs\/rezervacija\/<\/a><\/p>\n\n\t\t<\/div>\n\t<\/div>\n\n\t<div class=\"wpb_text_column wpb_content_element\" >\n\t\t<div class=\"wpb_wrapper\">\n\t\t\t<h2>Nikola Tesla Airport &#8211; Beograd is the airport with the biggest number of direct flights in West Balkans Region.<\/h2>\n<p>The beginning of Serbian air transport dates back more than 100 years ago, in that, the main Serbian air port was changing locations a couple of times. In the period between the two world wars, the airport in the Serbian capital used to be the junction for the most significant European air transport companies of that time, flying to Asia and Africa. In the beginning of 30\u2019 of the last century, there were also direct flights to the biggest European cities, like London, Paris, Prague, Berlin, Vienna, Budapest, Madrid, Cologne, Athens, Warsaw, Istanbul, etc, as well as connection to Karachi in India and Cairo in Egypt.<\/p>\n<p>Unfortunately, the airport was completely destroyed, due to huge bombardments during II World War, both by the Allies and the Third Reich units, respectively.<\/p>\n<p>After all these changes of locations in Belgrade, following its construction in 1910, this air port finally settled, 18 km away from the Serbian capital, in the planes of Srem, in the very vicinity of Sur\u010din. The airport obtained its final look for its opening in 1962, in that, it has been extended and expanded several times up to date.<\/p>\n<p>In 2006 it was named after Nikola Tesla, the biggest Serbian and one of the biggest scientists in the history of human kind. Since 2010, there have been recorded significant investments in infrastructure and equipment of the very airport, so that the number of passengers has been exponentially increasing from year to year, reaching almost the number of 6.000.000 transported passengers in 2018.<\/p>\n<p>The seat of Serbian national transporter Air Serbia is at this airport, which is, at the same time, the biggest beneficiary of this airport.<\/p>\n<p>From the Airport Nikola Tesla it is possible to fly to many cities: New York, Madrid, Athens, Barcelona, Istanbul, Doha, Abu Dhabi, Zurich, Dubai, Tehran, Paris, Hurgada, Frankfurt, Cairo, Moscow, Tel Aviv, Beirut, Larnaca, Tunisia, Malta, Thessaloniki, Tirana, Nice, Roma, Krasnodar, Sofia, Skopje, Bucharest, Dubrovnik, Split, Sarajevo, Banja Luka, Ljubljana, Vienna, Venice, Milano, Lion, Geneva, Basel, Karlsruhe, Memmingen, Budapest, Prague, Warsaw, Berlin, Dortmund, Dusseldorf, Hague, Eindhoven, Hannover, Hamburg, Kiev, Minsk, St. Petersburg, Helsinki, Copenhagen, Malmo, Stockholm, Oslo.<\/p>\n<p>Since all key air transporters have direct lines or connections to Belgrade, such as <a href=\"https:\/\/www.airserbia.com\/\" target=\"_blank\" rel=\"noopener noreferrer\">AirSerbia<\/a> , <a href=\"https:\/\/www.etihad.com\/en\/\" target=\"_blank\" rel=\"noopener noreferrer\">Etihad Airways<\/a> , <a href=\"https:\/\/www.turkishairlines.com\/\" target=\"_blank\" rel=\"noopener noreferrer\">Turkish Airlines<\/a> , <a href=\"https:\/\/www.swissair.com\/\" target=\"_blank\" rel=\"noopener noreferrer\">SwissAir<\/a> , <a href=\"https:\/\/www.qatarairways.com\/\" target=\"_blank\" rel=\"noopener noreferrer\">Qatar Airways<\/a> , <a href=\"https:\/\/www.lufthansa.com\/\" target=\"_blank\" rel=\"noopener noreferrer\">Lufthansa<\/a> , <a href=\"https:\/\/www.airfrance.com\/\" target=\"_blank\" rel=\"noopener noreferrer\">Air France<\/a> , <a href=\"https:\/\/www.aeroflot.ru\/etc\" target=\"_blank\" rel=\"noopener noreferrer\">Aeroflot<\/a> , there is also an interest of minor air transporters to be present in Serbia: <a href=\"https:\/\/www.alitalia.com\/\" target=\"_blank\" rel=\"noopener noreferrer\">Alitalia<\/a>, <a href=\"https:\/\/en.aegeanair.com\/\" target=\"_blank\" rel=\"noopener noreferrer\">Aegean<\/a> , <a href=\"https:\/\/www.austrian.com\/\" target=\"_blank\" rel=\"noopener noreferrer\">Austrian<\/a> , <a href=\"https:\/\/en.belavia.by\/\" target=\"_blank\" rel=\"noopener noreferrer\">Belavia<\/a>, <a href=\"https:\/\/www.lot.com\/\" target=\"_blank\" rel=\"noopener noreferrer\">LOT<\/a> , etc.<\/p>\n<p>&nbsp;<\/p>\n<div id=\"attachment_12656\" style=\"width: 1010px\" class=\"wp-caption alignnone\"><img loading=\"lazy\" decoding=\"async\" aria-describedby=\"caption-attachment-12656\" class=\"wp-image-12656 size-full\" src=\"https:\/\/flix.rs\/wp-content\/uploads\/2020\/02\/beograd-druga.jpg\" alt=\"Direct airport transfers: Belgrade, Ni\u0161, Skopje, Sofia\" width=\"1000\" height=\"667\" srcset=\"https:\/\/flix.rs\/wp-content\/uploads\/2020\/02\/beograd-druga.jpg 1000w, https:\/\/flix.rs\/wp-content\/uploads\/2020\/02\/beograd-druga-300x200.jpg 300w, https:\/\/flix.rs\/wp-content\/uploads\/2020\/02\/beograd-druga-768x512.jpg 768w, https:\/\/flix.rs\/wp-content\/uploads\/2020\/02\/beograd-druga-100x67.jpg 100w\" sizes=\"(max-width: 1000px) 100vw, 1000px\" \/><p id=\"caption-attachment-12656\" class=\"wp-caption-text\">Direct airport transfers: Belgrade, Ni\u0161, Skopje, Sofia<\/p><\/div>\n<p>The presence of, so called, Low-Coasters is also evident: <a href=\"https:\/\/wizzair.com\/\" target=\"_blank\" rel=\"noopener noreferrer\">WizzAir<\/a>, <a href=\"https:\/\/www.easyjet.com\/\" target=\"_blank\" rel=\"noopener noreferrer\">EasyJet<\/a>, <a href=\"https:\/\/www.flydubai.com\/\" target=\"_blank\" rel=\"noopener noreferrer\">FlyDubai<\/a>, <a href=\"https:\/\/www.flypgs.com\/\" target=\"_blank\" rel=\"noopener noreferrer\">Pegasus Airlines<\/a>, <a href=\"https:\/\/www.transavia.com\/\" target=\"_blank\" rel=\"noopener noreferrer\">Transavia<\/a>.<\/p>\n<p>During the summer season, there are introduced additional flights to the tourist destinations, as follows: Zadar, Pula, Rijeka, Rhodes, Podgorica, Tivat, etc.<\/p>\n<h3>IATA of this airport is BEG<\/h3>\n\n\t\t<\/div>\n\t<\/div>\n<\/div><\/div><\/div><\/div><\/div><div  class=\"wpb_row vc_row-fluid content-wrapper content-wrapper-standard clearfix\" style=\"padding-left: 0px; padding-right: 0px; \"><div class=\"col span_12\"><div class=\"wpb_column vc_column_container vc_col-sm-12\"><div class=\"vc_column-inner\"><div class=\"wpb_wrapper\">\n\t<div class=\"wpb_text_column wpb_content_element\" >\n\t\t<div class=\"wpb_wrapper\">\n\t\t\t<p><\/p>\n\n\t\t<\/div>\n\t<\/div>\n<\/div><\/div><\/div><\/div><\/div>","protected":false},"excerpt":{"rendered":"[:sr] Prevoz Aerodrom Beograd Ni\u0161 Prevoz\u00a0Ni\u0161 Aerodrom Beograd Organizujemo brz, udoban i siguran prevoz Ni\u0161-Beograd, Beograd-Ni\u0161 ili do \u017eeljenog odredi\u0161ta u Srbiji i inostranstvu. Prevoz do aerodroma Beograd iz Ni\u0161a ili prevoz do aerodroma Ni\u0161 iz Beograda, tako da se uklopi u Va\u0161 raspored obaveza ili red letenja. Raspola\u017eemo komfornim i bezbednim vozilima najnovije generacije","protected":false},"author":1,"featured_media":12642,"parent":0,"menu_order":0,"comment_status":"closed","ping_status":"closed","template":"","meta":{"footnotes":""},"yoast_head":"<!-- This site is optimized with the Yoast SEO plugin v24.5 - https:\/\/yoast.com\/wordpress\/plugins\/seo\/ -->\n<title>Prevoz Aerodrom Ni\u0161 Beograd | Prevoz Aerodrom Beograd Ni\u0161<\/title>\n<meta name=\"description\" content=\"Direktan prevoz putnika sa i do aerodroma Beograd, Ni\u0161, Skoplje, Sofija do odredi\u0161ta. Bez otkazivanja, precizno i sigurno. +381 63 456515\" \/>\n<meta name=\"robots\" content=\"index, follow, max-snippet:-1, max-image-preview:large, max-video-preview:-1\" \/>\n<link rel=\"canonical\" href=\"https:\/\/flix.rs\/en\/aerodrom-beograd-prevoz-putnika-do-aerodroma\/\" \/>\n<meta property=\"og:locale\" content=\"en_GB\" \/>\n<meta property=\"og:type\" content=\"article\" \/>\n<meta property=\"og:title\" content=\"Prevoz Ni\u0161 Beograd Aerodrom\" \/>\n<meta property=\"og:description\" content=\"Prevoz putnika do aerodroma Sofija, Beograd, Nis, Skoplje, Solun ili bilo koje druge destinacije.\" \/>\n<meta property=\"og:url\" content=\"https:\/\/flix.rs\/en\/aerodrom-beograd-prevoz-putnika-do-aerodroma\/\" \/>\n<meta property=\"og:site_name\" content=\"Flix.rs\" \/>\n<meta property=\"article:publisher\" content=\"https:\/\/www.facebook.com\/prevoz.putnika.nis\" \/>\n<meta property=\"article:modified_time\" content=\"2022-11-17T10:48:38+00:00\" \/>\n<meta property=\"og:image\" content=\"https:\/\/flix.rs\/wp-content\/uploads\/2020\/02\/flix-06.jpg\" \/>\n\t<meta property=\"og:image:width\" content=\"1000\" \/>\n\t<meta property=\"og:image:height\" content=\"637\" \/>\n\t<meta property=\"og:image:type\" content=\"image\/jpeg\" \/>\n<meta name=\"twitter:card\" content=\"summary_large_image\" \/>\n<meta name=\"twitter:title\" content=\"Prevoz Ni\u0161 Beograd Aerodrom\" \/>\n<meta name=\"twitter:description\" content=\"Prevoz putnika do aerodroma Sofija, Beograd, Nis, Skoplje, Solun ili bilo koje druge destinacije.\" \/>\n<meta name=\"twitter:image\" content=\"https:\/\/flix.rs\/wp-content\/uploads\/2020\/02\/flix-06.jpg\" \/>\n<meta name=\"twitter:site\" content=\"@Prevozputnika1\" \/>\n<meta name=\"twitter:label1\" content=\"Estimated reading time\" \/>\n\t<meta name=\"twitter:data1\" content=\"7 minutes\" \/>\n<script type=\"application\/ld+json\" class=\"yoast-schema-graph\">{\"@context\":\"https:\/\/schema.org\",\"@graph\":[{\"@type\":\"WebPage\",\"@id\":\"https:\/\/flix.rs\/aerodrom-beograd-prevoz-putnika-do-aerodroma\/\",\"url\":\"https:\/\/flix.rs\/aerodrom-beograd-prevoz-putnika-do-aerodroma\/\",\"name\":\"Prevoz Aerodrom Ni\u0161 Beograd | Prevoz Aerodrom Beograd Ni\u0161\",\"isPartOf\":{\"@id\":\"https:\/\/flix.rs\/#website\"},\"primaryImageOfPage\":{\"@id\":\"https:\/\/flix.rs\/aerodrom-beograd-prevoz-putnika-do-aerodroma\/#primaryimage\"},\"image\":{\"@id\":\"https:\/\/flix.rs\/aerodrom-beograd-prevoz-putnika-do-aerodroma\/#primaryimage\"},\"thumbnailUrl\":\"https:\/\/flix.rs\/wp-content\/uploads\/2020\/02\/flix-prevoz.jpg\",\"datePublished\":\"2019-12-11T23:13:52+00:00\",\"dateModified\":\"2022-11-17T10:48:38+00:00\",\"description\":\"Direktan prevoz putnika sa i do aerodroma Beograd, Ni\u0161, Skoplje, Sofija do odredi\u0161ta. Bez otkazivanja, precizno i sigurno. +381 63 456515\",\"breadcrumb\":{\"@id\":\"https:\/\/flix.rs\/aerodrom-beograd-prevoz-putnika-do-aerodroma\/#breadcrumb\"},\"inLanguage\":\"en-GB\",\"potentialAction\":[{\"@type\":\"ReadAction\",\"target\":[\"https:\/\/flix.rs\/aerodrom-beograd-prevoz-putnika-do-aerodroma\/\"]}]},{\"@type\":\"ImageObject\",\"inLanguage\":\"en-GB\",\"@id\":\"https:\/\/flix.rs\/aerodrom-beograd-prevoz-putnika-do-aerodroma\/#primaryimage\",\"url\":\"https:\/\/flix.rs\/wp-content\/uploads\/2020\/02\/flix-prevoz.jpg\",\"contentUrl\":\"https:\/\/flix.rs\/wp-content\/uploads\/2020\/02\/flix-prevoz.jpg\",\"width\":1500,\"height\":1000,\"caption\":\"FLiX prevoz putnika\"},{\"@type\":\"BreadcrumbList\",\"@id\":\"https:\/\/flix.rs\/aerodrom-beograd-prevoz-putnika-do-aerodroma\/#breadcrumb\",\"itemListElement\":[{\"@type\":\"ListItem\",\"position\":1,\"name\":\"Home\",\"item\":\"https:\/\/flix.rs\/\"},{\"@type\":\"ListItem\",\"position\":2,\"name\":\"Prevoz: Aerodrom Beograd &#8211; Ni\u0161 | Prevoz: Aerodrom Ni\u0161 &#8211; Beograd\"}]},{\"@type\":\"WebSite\",\"@id\":\"https:\/\/flix.rs\/#website\",\"url\":\"https:\/\/flix.rs\/\",\"name\":\"Flix.rs\",\"description\":\"Va\u0161 prevoz do i sa aerodroma\",\"publisher\":{\"@id\":\"https:\/\/flix.rs\/#organization\"},\"potentialAction\":[{\"@type\":\"SearchAction\",\"target\":{\"@type\":\"EntryPoint\",\"urlTemplate\":\"https:\/\/flix.rs\/?s={search_term_string}\"},\"query-input\":{\"@type\":\"PropertyValueSpecification\",\"valueRequired\":true,\"valueName\":\"search_term_string\"}}],\"inLanguage\":\"en-GB\"},{\"@type\":\"Organization\",\"@id\":\"https:\/\/flix.rs\/#organization\",\"name\":\"Flix\",\"url\":\"https:\/\/flix.rs\/\",\"logo\":{\"@type\":\"ImageObject\",\"inLanguage\":\"en-GB\",\"@id\":\"https:\/\/flix.rs\/#\/schema\/logo\/image\/\",\"url\":\"https:\/\/flix.rs\/wp-content\/uploads\/2019\/12\/80805004_454427318816809_4019161238033399808_n.png\",\"contentUrl\":\"https:\/\/flix.rs\/wp-content\/uploads\/2019\/12\/80805004_454427318816809_4019161238033399808_n.png\",\"width\":120,\"height\":54,\"caption\":\"Flix\"},\"image\":{\"@id\":\"https:\/\/flix.rs\/#\/schema\/logo\/image\/\"},\"sameAs\":[\"https:\/\/www.facebook.com\/prevoz.putnika.nis\",\"https:\/\/x.com\/Prevozputnika1\"]}]}<\/script>\n<!-- \/ Yoast SEO plugin. -->","yoast_head_json":{"title":"Prevoz Aerodrom Ni\u0161 Beograd | Prevoz Aerodrom Beograd Ni\u0161","description":"Direktan prevoz putnika sa i do aerodroma Beograd, Ni\u0161, Skoplje, Sofija do odredi\u0161ta. Bez otkazivanja, precizno i sigurno. +381 63 456515","robots":{"index":"index","follow":"follow","max-snippet":"max-snippet:-1","max-image-preview":"max-image-preview:large","max-video-preview":"max-video-preview:-1"},"canonical":"https:\/\/flix.rs\/en\/aerodrom-beograd-prevoz-putnika-do-aerodroma\/","og_locale":"en_GB","og_type":"article","og_title":"Prevoz Ni\u0161 Beograd Aerodrom","og_description":"Prevoz putnika do aerodroma Sofija, Beograd, Nis, Skoplje, Solun ili bilo koje druge destinacije.","og_url":"https:\/\/flix.rs\/en\/aerodrom-beograd-prevoz-putnika-do-aerodroma\/","og_site_name":"Flix.rs","article_publisher":"https:\/\/www.facebook.com\/prevoz.putnika.nis","article_modified_time":"2022-11-17T10:48:38+00:00","og_image":[{"width":1000,"height":637,"url":"https:\/\/flix.rs\/wp-content\/uploads\/2020\/02\/flix-06.jpg","type":"image\/jpeg"}],"twitter_card":"summary_large_image","twitter_title":"Prevoz Ni\u0161 Beograd Aerodrom","twitter_description":"Prevoz putnika do aerodroma Sofija, Beograd, Nis, Skoplje, Solun ili bilo koje druge destinacije.","twitter_image":"https:\/\/flix.rs\/wp-content\/uploads\/2020\/02\/flix-06.jpg","twitter_site":"@Prevozputnika1","twitter_misc":{"Estimated reading time":"7 minutes"},"schema":{"@context":"https:\/\/schema.org","@graph":[{"@type":"WebPage","@id":"https:\/\/flix.rs\/aerodrom-beograd-prevoz-putnika-do-aerodroma\/","url":"https:\/\/flix.rs\/aerodrom-beograd-prevoz-putnika-do-aerodroma\/","name":"Prevoz Aerodrom Ni\u0161 Beograd | Prevoz Aerodrom Beograd Ni\u0161","isPartOf":{"@id":"https:\/\/flix.rs\/#website"},"primaryImageOfPage":{"@id":"https:\/\/flix.rs\/aerodrom-beograd-prevoz-putnika-do-aerodroma\/#primaryimage"},"image":{"@id":"https:\/\/flix.rs\/aerodrom-beograd-prevoz-putnika-do-aerodroma\/#primaryimage"},"thumbnailUrl":"https:\/\/flix.rs\/wp-content\/uploads\/2020\/02\/flix-prevoz.jpg","datePublished":"2019-12-11T23:13:52+00:00","dateModified":"2022-11-17T10:48:38+00:00","description":"Direktan prevoz putnika sa i do aerodroma Beograd, Ni\u0161, Skoplje, Sofija do odredi\u0161ta. Bez otkazivanja, precizno i sigurno. +381 63 456515","breadcrumb":{"@id":"https:\/\/flix.rs\/aerodrom-beograd-prevoz-putnika-do-aerodroma\/#breadcrumb"},"inLanguage":"en-GB","potentialAction":[{"@type":"ReadAction","target":["https:\/\/flix.rs\/aerodrom-beograd-prevoz-putnika-do-aerodroma\/"]}]},{"@type":"ImageObject","inLanguage":"en-GB","@id":"https:\/\/flix.rs\/aerodrom-beograd-prevoz-putnika-do-aerodroma\/#primaryimage","url":"https:\/\/flix.rs\/wp-content\/uploads\/2020\/02\/flix-prevoz.jpg","contentUrl":"https:\/\/flix.rs\/wp-content\/uploads\/2020\/02\/flix-prevoz.jpg","width":1500,"height":1000,"caption":"FLiX prevoz putnika"},{"@type":"BreadcrumbList","@id":"https:\/\/flix.rs\/aerodrom-beograd-prevoz-putnika-do-aerodroma\/#breadcrumb","itemListElement":[{"@type":"ListItem","position":1,"name":"Home","item":"https:\/\/flix.rs\/"},{"@type":"ListItem","position":2,"name":"Prevoz: Aerodrom Beograd &#8211; Ni\u0161 | Prevoz: Aerodrom Ni\u0161 &#8211; Beograd"}]},{"@type":"WebSite","@id":"https:\/\/flix.rs\/#website","url":"https:\/\/flix.rs\/","name":"Flix.rs","description":"Va\u0161 prevoz do i sa aerodroma","publisher":{"@id":"https:\/\/flix.rs\/#organization"},"potentialAction":[{"@type":"SearchAction","target":{"@type":"EntryPoint","urlTemplate":"https:\/\/flix.rs\/?s={search_term_string}"},"query-input":{"@type":"PropertyValueSpecification","valueRequired":true,"valueName":"search_term_string"}}],"inLanguage":"en-GB"},{"@type":"Organization","@id":"https:\/\/flix.rs\/#organization","name":"Flix","url":"https:\/\/flix.rs\/","logo":{"@type":"ImageObject","inLanguage":"en-GB","@id":"https:\/\/flix.rs\/#\/schema\/logo\/image\/","url":"https:\/\/flix.rs\/wp-content\/uploads\/2019\/12\/80805004_454427318816809_4019161238033399808_n.png","contentUrl":"https:\/\/flix.rs\/wp-content\/uploads\/2019\/12\/80805004_454427318816809_4019161238033399808_n.png","width":120,"height":54,"caption":"Flix"},"image":{"@id":"https:\/\/flix.rs\/#\/schema\/logo\/image\/"},"sameAs":["https:\/\/www.facebook.com\/prevoz.putnika.nis","https:\/\/x.com\/Prevozputnika1"]}]}},"_links":{"self":[{"href":"https:\/\/flix.rs\/en\/wp-json\/wp\/v2\/pages\/11548"}],"collection":[{"href":"https:\/\/flix.rs\/en\/wp-json\/wp\/v2\/pages"}],"about":[{"href":"https:\/\/flix.rs\/en\/wp-json\/wp\/v2\/types\/page"}],"author":[{"embeddable":true,"href":"https:\/\/flix.rs\/en\/wp-json\/wp\/v2\/users\/1"}],"replies":[{"embeddable":true,"href":"https:\/\/flix.rs\/en\/wp-json\/wp\/v2\/comments?post=11548"}],"version-history":[{"count":33,"href":"https:\/\/flix.rs\/en\/wp-json\/wp\/v2\/pages\/11548\/revisions"}],"predecessor-version":[{"id":13491,"href":"https:\/\/flix.rs\/en\/wp-json\/wp\/v2\/pages\/11548\/revisions\/13491"}],"wp:featuredmedia":[{"embeddable":true,"href":"https:\/\/flix.rs\/en\/wp-json\/wp\/v2\/media\/12642"}],"wp:attachment":[{"href":"https:\/\/flix.rs\/en\/wp-json\/wp\/v2\/media?parent=11548"}],"curies":[{"name":"wp","href":"https:\/\/api.w.org\/{rel}","templated":true}]}}