{"id":11546,"date":"2019-12-12T00:13:43","date_gmt":"2019-12-12T00:13:43","guid":{"rendered":"http:\/\/flix.rs\/?page_id=11546"},"modified":"2023-01-15T15:41:00","modified_gmt":"2023-01-15T14:41:00","slug":"aerodrom-nis","status":"publish","type":"page","link":"https:\/\/flix.rs\/en\/airport-nis-shuttle-transfer\/","title":{"rendered":"Airport Constantine The Great Nis &#8211; airport shuttle transfers"},"content":{"rendered":"<div  class=\"wpb_row vc_row-fluid content-wrapper content-wrapper-standard clearfix\" style=\"padding-left: 0px; padding-right: 0px; \"><div class=\"col span_12\"><div class=\"wpb_column vc_column_container vc_col-sm-12\"><div class=\"vc_column-inner\"><div class=\"wpb_wrapper\">\n\t<div class=\"wpb_text_column wpb_content_element\" >\n\t\t<div class=\"wpb_wrapper\">\n\t\t\t<p><\/p>\n\n\t\t<\/div>\n\t<\/div>\n<\/div><\/div><\/div><\/div><\/div><div  class=\"wpb_row vc_row-fluid content-wrapper content-wrapper-standard clearfix\" style=\"padding-left: 0px; padding-right: 0px; \"><div class=\"col span_12\"><div class=\"wpb_column vc_column_container vc_col-sm-12\"><div class=\"vc_column-inner\"><div class=\"wpb_wrapper\">\n\t<div class=\"wpb_text_column wpb_content_element\" >\n\t\t<div class=\"wpb_wrapper\">\n\t\t\t<h2 style=\"text-align: center;\">Airport Nis<\/h2>\n\n\t\t<\/div>\n\t<\/div>\n<h3 class=\"center-title\"><\/h3><div class=\"title-block2\"><\/div>\n\t<div  class=\"wpb_single_image wpb_content_element vc_align_center\">\n\t\t\n\t\t<figure class=\"wpb_wrapper vc_figure\">\n\t\t\t<div class=\"vc_single_image-wrapper   vc_box_border_grey\"><img loading=\"lazy\" decoding=\"async\" width=\"640\" height=\"427\" src=\"https:\/\/flix.rs\/wp-content\/uploads\/2020\/02\/nis-prva-new-1.jpg\" class=\"vc_single_image-img attachment-large\" alt=\"Aerodrom Konstantin Veliki Ni\u0161\" srcset=\"https:\/\/flix.rs\/wp-content\/uploads\/2020\/02\/nis-prva-new-1.jpg 768w, https:\/\/flix.rs\/wp-content\/uploads\/2020\/02\/nis-prva-new-1-300x200.jpg 300w, https:\/\/flix.rs\/wp-content\/uploads\/2020\/02\/nis-prva-new-1-100x67.jpg 100w\" sizes=\"(max-width: 640px) 100vw, 640px\" \/><\/div>\n\t\t<\/figure>\n\t<\/div>\n\n\t<div class=\"wpb_text_column wpb_content_element\" >\n\t\t<div class=\"wpb_wrapper\">\n\t\t\t<p>Transfers to and from Nis Airport<\/p>\n<p>Number for info and booking\u00a0<a href=\"tel:+38163456515\">+381 63 456 515<\/a><br \/>\nOnline booking\u00a0\u00a0<a href=\"https:\/\/flix.rs\/en\/booking\/\">https:\/\/flix.rs\/en\/booking\/<\/a><\/p>\n<p>Although there were plans in the Kingdom of Serbia to construct the airport in Ni\u0161, a couple of years before I World War broke, based on the Decision, personally signed by the Duke Radomir Putnik, which specified formation of the Air Command, seated in Ni\u0161, the first commercial flight from the Airport of Ni\u0161, situated near the Forests of Trupale, at that time, took place in 1936 on the line Belgrade-Ni\u0161-Skopje-Bitola-Thessaloniki. Till 1939, there was established a regular line to the Serbian capital, which was cancelled before the beginning of II World War.<\/p>\n<p style=\"text-align: center;\">More than thirty years had to pass after the end of II World War to see the civil airplanes, finally flying from Ni\u0161 again, from locations which are used nowadays to fly to Tivat, Split and Dubrovnik. In the subsequent years, regular lines were to Belgrade, London, Zurich, Ljubljana, Split and in the year two thousand and some years after, there were sporadically introduced lines to Podgorica, Antalya, Trieste.<\/p>\n<p><img loading=\"lazy\" decoding=\"async\" width=\"1000\" height=\"667\" class=\"alignnone size-full wp-image-12659\" src=\"https:\/\/flix.rs\/wp-content\/uploads\/2020\/02\/nis-druga-new-1.jpg\" alt=\"Aerodrom Konstantin Veliki Ni\u0161\" srcset=\"https:\/\/flix.rs\/wp-content\/uploads\/2020\/02\/nis-druga-new-1.jpg 1000w, https:\/\/flix.rs\/wp-content\/uploads\/2020\/02\/nis-druga-new-1-300x200.jpg 300w, https:\/\/flix.rs\/wp-content\/uploads\/2020\/02\/nis-druga-new-1-768x512.jpg 768w, https:\/\/flix.rs\/wp-content\/uploads\/2020\/02\/nis-druga-new-1-100x67.jpg 100w\" sizes=\"(max-width: 1000px) 100vw, 1000px\" \/><\/p>\n<p>It was after 2014 that some more serious acquisitions with Low-Cost companies <a href=\"https:\/\/wizzair.com\/\" target=\"_blank\" rel=\"noopener noreferrer\">WizzAir<\/a> and <a href=\"https:\/\/www.ryanair.com\/\" target=\"_blank\" rel=\"noopener noreferrer\">RyanAir<\/a> , resulted in introducing lines to the following cities: Malmo, Basel, Milano, Berlin, Bratislava, Dusseldorf, Dortmund, Eindhoven, Memmingen, Zurich, Stockholm, Malta, Vienna, while in 2019, the national air transporter <a href=\"https:\/\/www.airserbia.com\/\" target=\"_blank\" rel=\"noopener noreferrer\">Air Serbia<\/a>, introduced lines to \u00a0the cities, as follows: Bologna, Fridrihshafen, Goteborg, Frankfurt, Hanover, Karlsruhe, Ljubljana, Nurnberg, Roma, Salzburg and Tivat.<\/p>\n<p>In 2018, the services of the Airport of Ni\u0161 were used by more than 300.000 passengers, while the number of passengers, transported in 2019, would exceed 400.000.<\/p>\n<h3><strong>IATA of this airport is INI. <\/strong><\/h3>\n<p><strong>It is interesting that the airport is only 5 km away from the downtown.<\/strong><\/p>\n\n\t\t<\/div>\n\t<\/div>\n<\/div><\/div><\/div><\/div><\/div><div  class=\"wpb_row vc_row-fluid content-wrapper content-wrapper-standard clearfix\" style=\"padding-left: 0px; padding-right: 0px; \"><div class=\"col span_12\"><div class=\"wpb_column vc_column_container vc_col-sm-12\"><div class=\"vc_column-inner\"><div class=\"wpb_wrapper\">\n\t<div class=\"wpb_text_column wpb_content_element\" >\n\t\t<div class=\"wpb_wrapper\">\n\t\t\t<p><\/p>\n\n\t\t<\/div>\n\t<\/div>\n<\/div><\/div><\/div><\/div><\/div>","protected":false},"excerpt":{"rendered":"[:sr] Aerodrom Ni\u0161 Aerodrom Konstantin Veliki Ni\u0161 Prevoz do i sa Aerodroma u Ni\u0161u Broj za informacije i zakazivanje\u00a0+381 63 456 515 Online zakazivanje\u00a0https:\/\/flix.rs\/rezervacija\/ Iako je bilo planova da se jo\u0161 u Kraljevini Srbiji, par godina pred po\u010detak prvog svetskog rata, napravi aerodrom u Ni\u0161u, re\u0161enjem koje potpisao li\u010dno Vojvoda Radomir Putnik koje je definisalo","protected":false},"author":1,"featured_media":12659,"parent":0,"menu_order":0,"comment_status":"closed","ping_status":"closed","template":"","meta":{"footnotes":""},"yoast_head":"<!-- This site is optimized with the Yoast SEO plugin v24.5 - https:\/\/yoast.com\/wordpress\/plugins\/seo\/ -->\n<title>Aerodrom Ni\u0161 prevoz do aerodroma. Airport Nis - Shuttle transfers<\/title>\n<meta name=\"description\" content=\"Nudimo direktan prevoz sa Va\u0161e lokacije do aerodroma Ni\u0161 ili sa aerodroma Ni\u0161 do \u017eeljene lokacije. Informacije i rezervacije: + 381 63 456 515.\" \/>\n<meta name=\"robots\" content=\"index, follow, max-snippet:-1, max-image-preview:large, max-video-preview:-1\" \/>\n<link rel=\"canonical\" href=\"https:\/\/flix.rs\/en\/aerodrom-nis-prevoz-putnika-do-aerodroma\/\" \/>\n<meta property=\"og:locale\" content=\"en_GB\" \/>\n<meta property=\"og:type\" content=\"article\" \/>\n<meta property=\"og:title\" content=\"Aerodrom Ni\u0161 prevoz do aerodroma. Airport Nis - Shuttle transfers\" \/>\n<meta property=\"og:description\" content=\"Nudimo direktan prevoz sa Va\u0161e lokacije do aerodroma Ni\u0161 ili sa aerodroma Ni\u0161 do \u017eeljene lokacije. Informacije i rezervacije: + 381 63 456 515.\" \/>\n<meta property=\"og:url\" content=\"https:\/\/flix.rs\/en\/aerodrom-nis-prevoz-putnika-do-aerodroma\/\" \/>\n<meta property=\"og:site_name\" content=\"Flix.rs\" \/>\n<meta property=\"article:publisher\" content=\"https:\/\/www.facebook.com\/prevoz.putnika.nis\" \/>\n<meta property=\"article:modified_time\" content=\"2023-01-15T14:41:00+00:00\" \/>\n<meta property=\"og:image\" content=\"https:\/\/flix.rs\/wp-content\/uploads\/2020\/02\/nis-druga-new-1.jpg\" \/>\n\t<meta property=\"og:image:width\" content=\"1000\" \/>\n\t<meta property=\"og:image:height\" content=\"667\" \/>\n\t<meta property=\"og:image:type\" content=\"image\/jpeg\" \/>\n<meta name=\"twitter:card\" content=\"summary_large_image\" \/>\n<meta name=\"twitter:site\" content=\"@Prevozputnika1\" \/>\n<meta name=\"twitter:label1\" content=\"Estimated reading time\" \/>\n\t<meta name=\"twitter:data1\" content=\"4 minutes\" \/>\n<script type=\"application\/ld+json\" class=\"yoast-schema-graph\">{\"@context\":\"https:\/\/schema.org\",\"@graph\":[{\"@type\":\"WebPage\",\"@id\":\"https:\/\/flix.rs\/aerodrom-nis-prevoz-putnika-do-aerodroma\/\",\"url\":\"https:\/\/flix.rs\/aerodrom-nis-prevoz-putnika-do-aerodroma\/\",\"name\":\"Aerodrom Ni\u0161 prevoz do aerodroma. Airport Nis - Shuttle transfers\",\"isPartOf\":{\"@id\":\"https:\/\/flix.rs\/#website\"},\"primaryImageOfPage\":{\"@id\":\"https:\/\/flix.rs\/aerodrom-nis-prevoz-putnika-do-aerodroma\/#primaryimage\"},\"image\":{\"@id\":\"https:\/\/flix.rs\/aerodrom-nis-prevoz-putnika-do-aerodroma\/#primaryimage\"},\"thumbnailUrl\":\"https:\/\/flix.rs\/wp-content\/uploads\/2020\/02\/nis-druga-new-1.jpg\",\"datePublished\":\"2019-12-12T00:13:43+00:00\",\"dateModified\":\"2023-01-15T14:41:00+00:00\",\"description\":\"Nudimo direktan prevoz sa Va\u0161e lokacije do aerodroma Ni\u0161 ili sa aerodroma Ni\u0161 do \u017eeljene lokacije. Informacije i rezervacije: + 381 63 456 515.\",\"breadcrumb\":{\"@id\":\"https:\/\/flix.rs\/aerodrom-nis-prevoz-putnika-do-aerodroma\/#breadcrumb\"},\"inLanguage\":\"en-GB\",\"potentialAction\":[{\"@type\":\"ReadAction\",\"target\":[\"https:\/\/flix.rs\/aerodrom-nis-prevoz-putnika-do-aerodroma\/\"]}]},{\"@type\":\"ImageObject\",\"inLanguage\":\"en-GB\",\"@id\":\"https:\/\/flix.rs\/aerodrom-nis-prevoz-putnika-do-aerodroma\/#primaryimage\",\"url\":\"https:\/\/flix.rs\/wp-content\/uploads\/2020\/02\/nis-druga-new-1.jpg\",\"contentUrl\":\"https:\/\/flix.rs\/wp-content\/uploads\/2020\/02\/nis-druga-new-1.jpg\",\"width\":1000,\"height\":667,\"caption\":\"Aerodrom Konstantin Veliki Ni\u0161\"},{\"@type\":\"BreadcrumbList\",\"@id\":\"https:\/\/flix.rs\/aerodrom-nis-prevoz-putnika-do-aerodroma\/#breadcrumb\",\"itemListElement\":[{\"@type\":\"ListItem\",\"position\":1,\"name\":\"Home\",\"item\":\"https:\/\/flix.rs\/\"},{\"@type\":\"ListItem\",\"position\":2,\"name\":\"Aerodrom Ni\u0161 &#8211; prevoz putnika do aerodroma\"}]},{\"@type\":\"WebSite\",\"@id\":\"https:\/\/flix.rs\/#website\",\"url\":\"https:\/\/flix.rs\/\",\"name\":\"Flix.rs\",\"description\":\"Va\u0161 prevoz do i sa aerodroma\",\"publisher\":{\"@id\":\"https:\/\/flix.rs\/#organization\"},\"potentialAction\":[{\"@type\":\"SearchAction\",\"target\":{\"@type\":\"EntryPoint\",\"urlTemplate\":\"https:\/\/flix.rs\/?s={search_term_string}\"},\"query-input\":{\"@type\":\"PropertyValueSpecification\",\"valueRequired\":true,\"valueName\":\"search_term_string\"}}],\"inLanguage\":\"en-GB\"},{\"@type\":\"Organization\",\"@id\":\"https:\/\/flix.rs\/#organization\",\"name\":\"Flix\",\"url\":\"https:\/\/flix.rs\/\",\"logo\":{\"@type\":\"ImageObject\",\"inLanguage\":\"en-GB\",\"@id\":\"https:\/\/flix.rs\/#\/schema\/logo\/image\/\",\"url\":\"https:\/\/flix.rs\/wp-content\/uploads\/2019\/12\/80805004_454427318816809_4019161238033399808_n.png\",\"contentUrl\":\"https:\/\/flix.rs\/wp-content\/uploads\/2019\/12\/80805004_454427318816809_4019161238033399808_n.png\",\"width\":120,\"height\":54,\"caption\":\"Flix\"},\"image\":{\"@id\":\"https:\/\/flix.rs\/#\/schema\/logo\/image\/\"},\"sameAs\":[\"https:\/\/www.facebook.com\/prevoz.putnika.nis\",\"https:\/\/x.com\/Prevozputnika1\"]}]}<\/script>\n<!-- \/ Yoast SEO plugin. -->","yoast_head_json":{"title":"Aerodrom Ni\u0161 prevoz do aerodroma. Airport Nis - Shuttle transfers","description":"Nudimo direktan prevoz sa Va\u0161e lokacije do aerodroma Ni\u0161 ili sa aerodroma Ni\u0161 do \u017eeljene lokacije. Informacije i rezervacije: + 381 63 456 515.","robots":{"index":"index","follow":"follow","max-snippet":"max-snippet:-1","max-image-preview":"max-image-preview:large","max-video-preview":"max-video-preview:-1"},"canonical":"https:\/\/flix.rs\/en\/aerodrom-nis-prevoz-putnika-do-aerodroma\/","og_locale":"en_GB","og_type":"article","og_title":"Aerodrom Ni\u0161 prevoz do aerodroma. Airport Nis - Shuttle transfers","og_description":"Nudimo direktan prevoz sa Va\u0161e lokacije do aerodroma Ni\u0161 ili sa aerodroma Ni\u0161 do \u017eeljene lokacije. Informacije i rezervacije: + 381 63 456 515.","og_url":"https:\/\/flix.rs\/en\/aerodrom-nis-prevoz-putnika-do-aerodroma\/","og_site_name":"Flix.rs","article_publisher":"https:\/\/www.facebook.com\/prevoz.putnika.nis","article_modified_time":"2023-01-15T14:41:00+00:00","og_image":[{"width":1000,"height":667,"url":"https:\/\/flix.rs\/wp-content\/uploads\/2020\/02\/nis-druga-new-1.jpg","type":"image\/jpeg"}],"twitter_card":"summary_large_image","twitter_site":"@Prevozputnika1","twitter_misc":{"Estimated reading time":"4 minutes"},"schema":{"@context":"https:\/\/schema.org","@graph":[{"@type":"WebPage","@id":"https:\/\/flix.rs\/aerodrom-nis-prevoz-putnika-do-aerodroma\/","url":"https:\/\/flix.rs\/aerodrom-nis-prevoz-putnika-do-aerodroma\/","name":"Aerodrom Ni\u0161 prevoz do aerodroma. Airport Nis - Shuttle transfers","isPartOf":{"@id":"https:\/\/flix.rs\/#website"},"primaryImageOfPage":{"@id":"https:\/\/flix.rs\/aerodrom-nis-prevoz-putnika-do-aerodroma\/#primaryimage"},"image":{"@id":"https:\/\/flix.rs\/aerodrom-nis-prevoz-putnika-do-aerodroma\/#primaryimage"},"thumbnailUrl":"https:\/\/flix.rs\/wp-content\/uploads\/2020\/02\/nis-druga-new-1.jpg","datePublished":"2019-12-12T00:13:43+00:00","dateModified":"2023-01-15T14:41:00+00:00","description":"Nudimo direktan prevoz sa Va\u0161e lokacije do aerodroma Ni\u0161 ili sa aerodroma Ni\u0161 do \u017eeljene lokacije. Informacije i rezervacije: + 381 63 456 515.","breadcrumb":{"@id":"https:\/\/flix.rs\/aerodrom-nis-prevoz-putnika-do-aerodroma\/#breadcrumb"},"inLanguage":"en-GB","potentialAction":[{"@type":"ReadAction","target":["https:\/\/flix.rs\/aerodrom-nis-prevoz-putnika-do-aerodroma\/"]}]},{"@type":"ImageObject","inLanguage":"en-GB","@id":"https:\/\/flix.rs\/aerodrom-nis-prevoz-putnika-do-aerodroma\/#primaryimage","url":"https:\/\/flix.rs\/wp-content\/uploads\/2020\/02\/nis-druga-new-1.jpg","contentUrl":"https:\/\/flix.rs\/wp-content\/uploads\/2020\/02\/nis-druga-new-1.jpg","width":1000,"height":667,"caption":"Aerodrom Konstantin Veliki Ni\u0161"},{"@type":"BreadcrumbList","@id":"https:\/\/flix.rs\/aerodrom-nis-prevoz-putnika-do-aerodroma\/#breadcrumb","itemListElement":[{"@type":"ListItem","position":1,"name":"Home","item":"https:\/\/flix.rs\/"},{"@type":"ListItem","position":2,"name":"Aerodrom Ni\u0161 &#8211; prevoz putnika do aerodroma"}]},{"@type":"WebSite","@id":"https:\/\/flix.rs\/#website","url":"https:\/\/flix.rs\/","name":"Flix.rs","description":"Va\u0161 prevoz do i sa aerodroma","publisher":{"@id":"https:\/\/flix.rs\/#organization"},"potentialAction":[{"@type":"SearchAction","target":{"@type":"EntryPoint","urlTemplate":"https:\/\/flix.rs\/?s={search_term_string}"},"query-input":{"@type":"PropertyValueSpecification","valueRequired":true,"valueName":"search_term_string"}}],"inLanguage":"en-GB"},{"@type":"Organization","@id":"https:\/\/flix.rs\/#organization","name":"Flix","url":"https:\/\/flix.rs\/","logo":{"@type":"ImageObject","inLanguage":"en-GB","@id":"https:\/\/flix.rs\/#\/schema\/logo\/image\/","url":"https:\/\/flix.rs\/wp-content\/uploads\/2019\/12\/80805004_454427318816809_4019161238033399808_n.png","contentUrl":"https:\/\/flix.rs\/wp-content\/uploads\/2019\/12\/80805004_454427318816809_4019161238033399808_n.png","width":120,"height":54,"caption":"Flix"},"image":{"@id":"https:\/\/flix.rs\/#\/schema\/logo\/image\/"},"sameAs":["https:\/\/www.facebook.com\/prevoz.putnika.nis","https:\/\/x.com\/Prevozputnika1"]}]}},"_links":{"self":[{"href":"https:\/\/flix.rs\/en\/wp-json\/wp\/v2\/pages\/11546"}],"collection":[{"href":"https:\/\/flix.rs\/en\/wp-json\/wp\/v2\/pages"}],"about":[{"href":"https:\/\/flix.rs\/en\/wp-json\/wp\/v2\/types\/page"}],"author":[{"embeddable":true,"href":"https:\/\/flix.rs\/en\/wp-json\/wp\/v2\/users\/1"}],"replies":[{"embeddable":true,"href":"https:\/\/flix.rs\/en\/wp-json\/wp\/v2\/comments?post=11546"}],"version-history":[{"count":24,"href":"https:\/\/flix.rs\/en\/wp-json\/wp\/v2\/pages\/11546\/revisions"}],"predecessor-version":[{"id":13615,"href":"https:\/\/flix.rs\/en\/wp-json\/wp\/v2\/pages\/11546\/revisions\/13615"}],"wp:featuredmedia":[{"embeddable":true,"href":"https:\/\/flix.rs\/en\/wp-json\/wp\/v2\/media\/12659"}],"wp:attachment":[{"href":"https:\/\/flix.rs\/en\/wp-json\/wp\/v2\/media?parent=11546"}],"curies":[{"name":"wp","href":"https:\/\/api.w.org\/{rel}","templated":true}]}}